{"id":4414,"date":"2023-11-17T11:06:01","date_gmt":"2023-11-17T09:06:01","guid":{"rendered":"https:\/\/bahsjourney.com\/?page_id=4414"},"modified":"2024-01-17T16:55:17","modified_gmt":"2024-01-17T14:55:17","slug":"cookiepolicy","status":"publish","type":"page","link":"https:\/\/bahsjourney.com\/sv\/cookiepolicy\/","title":{"rendered":"Cookie policy"},"content":{"rendered":"<div id=\"cookie-page\" data-block-id=\"958f5280-79be-4ec8-890f-884351e1ac02\" data-section-title=\"\" style=\"\" class=\"haj-section haj-relative block-editor-block-list__block wp-block block-editor-block-list__block wp-block has-child-selected wp-block-haj-main-section-dynamic has-white-background-color haj-height-auto offset-menu haj-w-small haj-flex-wrap haj-flex-middle haj-height-expand haj-height-expand@m haj-height-expand@s\">\n      \n\n<div class=\"wp-block-columns is-layout-flex wp-container-core-columns-is-layout-1 wp-block-columns-is-layout-flex\" style=\"padding-top:var(--wp--preset--spacing--50);padding-bottom:var(--wp--preset--spacing--50)\">\n<div class=\"wp-block-column is-layout-flow wp-block-column-is-layout-flow\">\n<h1 class=\"wp-block-heading has-text-align-center\">Cookie policy<\/h1>\n\n\n\n<p><strong><strong>Denna webbplats tillhandah\u00e5lls och kontrolleras av Oticon Medical AB, Datav\u00e4gen 37B, 436 32 Askim, Sverige<\/strong><\/strong><\/p>\n\n\n\n<p><\/p>\n\n\n\n<p>Denna policy g\u00e4ller cookies som anv\u00e4nds p\u00e5 v\u00e5ra webbplatser. Om du inte accepterar dessa villkor ska du inte anv\u00e4nda denna webbplats och radera cookies fr\u00e5n webbplatsen.<\/p>\n\n\n\n<p><\/p>\n\n\n\n<p>Informationen i denna cookiepolicy tillhandah\u00e5lls p\u00e5 ett \u00f6ppet och transparent s\u00e4tt f\u00f6r att du ska veta hur vi anv\u00e4nder cookies f\u00f6r att berika din bes\u00f6karupplevelse och besluta om du vill till\u00e5ta anv\u00e4ndningen av dem. Du kan radera cookies via inst\u00e4llningarna i din webbl\u00e4sare. Nedan kan du l\u00e4sa mer om hur v\u00e5ra webbplatser anv\u00e4nder cookies.<\/p>\n\n\n\n<p><\/p>\n\n\n\n<h2 class=\"wp-block-heading\">Cookies<\/h2>\n\n\n\n<p>N\u00e4r du bes\u00f6ker denna webbplats kommer din onlineenhet automatiskt att ta emot en eller flera cookies som \u00f6verf\u00f6rs fr\u00e5n denna webbplats eller tredjepartsdom\u00e4ner till din webbl\u00e4sare.<\/p>\n\n\n\n<p><\/p>\n\n\n\n<h2 class=\"wp-block-heading\">Vad \u00e4r en cookie?<\/h2>\n\n\n\n<p>En cookie \u00e4r en liten datafil som sparas p\u00e5 din dator, surfplatta eller mobiltelefon. En cookie \u00e4r inte ett program som kan inneh\u00e5lla skadliga program eller virus.<\/p>\n\n\n\n<p><\/p>\n\n\n\n<h2 class=\"wp-block-heading\">Hemsidans anv\u00e4ndning cookies<\/h2>\n\n\n\n<p>Cookies \u00e4r n\u00f6dv\u00e4ndiga f\u00f6r att f\u00e5 hemsidan att fungera Cookies hj\u00e4lper oss att f\u00e5 \u00f6verblick \u00f6ver ditt bes\u00f6k p\u00e5 hemsidan, s\u00e5 att vi l\u00f6pande kan optimera och m\u00e5linrikta hemsidan efter dina behov och intressen. Cookies minns t.ex. vad du har gjort i en eventuell kundkorg, om du tidigare bes\u00f6kt sidan, om du \u00e4r inloggat och vilket spr\u00e5k och vilken valuta du \u00f6nskar se p\u00e5 hemsidan. Vi anv\u00e4nder ocks\u00e5 cookies f\u00f6r att m\u00e5linrikta v\u00e5ra annonser f\u00f6r dig p\u00e5 andra hemsidor. \u00d6vergripande anv\u00e4nds cookies allts\u00e5 som en del av v\u00e5r service f\u00f6r att visa inneh\u00e5ll som \u00e4r s\u00e5 relevant som m\u00f6jligt f\u00f6r dig.<\/p>\n\n\n\n<p><\/p>\n\n\n\n<h2 class=\"wp-block-heading\">Hur l\u00e4nge sparas cookies?<\/h2>\n\n\n\n<p>Det varierar hur l\u00e4nge cookies sparas p\u00e5 din enhet. Tiden r\u00e4knas fr\u00e5n det att du senaste g\u00e5ngen varit inne p\u00e5 hemsidan. Efter utg\u00e5ngen kommer cookies automatiskt att raderas. Du kan se en fullst\u00e4ndig lista \u00f6ver cookies nedan.<\/p>\n\n\n\n<p><\/p>\n\n\n\n<h2 class=\"wp-block-heading\">S\u00e5 nekar du eller raderar du dina cookies<\/h2>\n\n\n\n<p>Du kan alltid neka cookies p\u00e5 din dator, surfplatta eller telefon genom att \u00e4ndra inst\u00e4llningarna i din webbl\u00e4sare. Hur du hittar dessa inst\u00e4llningar beror p\u00e5 vilken webbl\u00e4sare du anv\u00e4nder. Om du \u00e4ndrar inst\u00e4llningarna, ska du vara uppm\u00e4rksam p\u00e5 att det finns funktioner och tj\u00e4nster som du inte kan anv\u00e4nda, eftersom de f\u00f6ruts\u00e4tter att hemsidan kan komma ih\u00e5g de val du g\u00f6r.<br>Du kan ocks\u00e5 v\u00e4lja bort cookies fr\u00e5n Google Analytics&nbsp;<a href=\"https:\/\/tools.google.com\/dlpage\/gaoptout\" target=\"_blank\" rel=\"noreferrer noopener\">h\u00e4r<\/a>.<br>Det \u00e4r m\u00f6jligt att v\u00e4lja bort n\u00e5gra annonsn\u00e4tverk, som delar uppgifter \u00f6ver olika n\u00e4tverk&nbsp;<a href=\"http:\/\/www.youronlinechoices.com\/uk\/your-ad-choices\" target=\"_blank\" rel=\"noreferrer noopener\">h\u00e4r<\/a>.<\/p>\n\n\n\n<h2 class=\"wp-block-heading\">Radering av cookies<\/h2>\n\n\n\n<p>Cookies som du tidigare har godk\u00e4nt, kan d\u00e4refter raderas. Om du anv\u00e4nder en PC med en nyare webbl\u00e4sare, kan du radera dina cookies genom att anv\u00e4nda genv\u00e4gsknapparna: CTRL + SHIFT + Delete.<\/p>\n\n\n\n<p>Fungerar inte genv\u00e4gsknapparna och\/eller du anv\u00e4nder en MAC, ska du ta reda p\u00e5 vilken webbl\u00e4sare du anv\u00e4nder och d\u00e4refter klicka p\u00e5 motsvarande l\u00e4nk:<\/p>\n\n\n\n<ul class=\"wp-block-list\">\n<li><a href=\"https:\/\/support.microsoft.com\/en-us\/help\/17442\/windows-internet-explorer-delete-manage-cookies#ie=ie-11\" target=\"_blank\" rel=\"noreferrer noopener\">Internet Explorer<\/a><\/li>\n\n\n\n<li><a href=\"https:\/\/support.mozilla.org\/en-US\/kb\/delete-cookies-remove-info-websites-stored\" target=\"_blank\" rel=\"noreferrer noopener\">Mozilla Firefox<\/a><\/li>\n\n\n\n<li><a href=\"https:\/\/support.google.com\/chrome\/answer\/95647?hl=en\" target=\"_blank\" rel=\"noreferrer noopener\">Google Chrome<\/a><\/li>\n\n\n\n<li><a href=\"https:\/\/www.opera.com\/help\/tutorials\/security\/cookies\" target=\"_blank\" rel=\"noreferrer noopener\">Opera<\/a><\/li>\n\n\n\n<li><a href=\"https:\/\/support.apple.com\/en-us\/HT201265\" target=\"_blank\" rel=\"noreferrer noopener\">Safari<\/a><\/li>\n\n\n\n<li><a href=\"https:\/\/www.macromedia.com\/support\/documentation\/en\/flashplayer\/help\/settings_manager07.html\" target=\"_blank\" rel=\"noreferrer noopener\">Flash cookies<\/a><\/li>\n\n\n\n<li><a href=\"https:\/\/support.apple.com\/en-us\/HT1677\" target=\"_blank\" rel=\"noreferrer noopener\">Apple<\/a><\/li>\n\n\n\n<li><a href=\"https:\/\/timeread.hubpages.com\/hub\/How-to-delete-internet-cookies-on-your-Droid-or-any-Android-device\" target=\"_blank\" rel=\"noreferrer noopener\">Android<\/a><\/li>\n\n\n\n<li><a href=\"https:\/\/support.microsoft.com\/en-us\/help\/11696\/windows-phone-7\" target=\"_blank\" rel=\"noreferrer noopener\">Windows 7<\/a><\/li>\n<\/ul>\n\n\n\n<p>Kom ih\u00e5g: Anv\u00e4nder du flera webbl\u00e4sare, ska du radera cookies fr\u00e5n alla.<\/p>\n\n\n\n<p><\/p>\n\n\n\n<h2 class=\"wp-block-heading\">Har du fr\u00e5gor?<\/h2>\n\n\n\n<p class=\"has-link-color wp-elements-00918b6bde90793d32cc6a2e382210a5\">Har du kommentarer eller om v\u00e5r information och\/eller behandling av personuppgifter, \u00e4r du v\u00e4lkommen att kontakta oss. Sj\u00e4lva cookiedeklarationen uppdateras varje m\u00e5nad&nbsp;<a href=\"https:\/\/cookieinformation.com\/\" target=\"_blank\" rel=\"noreferrer noopener\">Cookie Information<\/a>. Om du har fr\u00e5gor om den, kan du skriva till info@cookieinformation.com.<\/p>\n\n\n\n<div class= \"cky-audit-table-element\"><\/div>\n<\/div>\n<\/div>\n\n<\/div>","protected":false},"excerpt":{"rendered":"","protected":false},"author":5,"featured_media":0,"parent":0,"menu_order":0,"comment_status":"closed","ping_status":"closed","template":"wp-custom-template-professional-pages","meta":{"_acf_changed":false,"footnotes":""},"class_list":["post-4414","page","type-page","status-publish","hentry"],"acf":[],"yoast_head":"<!-- This site is optimized with the Yoast SEO plugin v24.7 - https:\/\/yoast.com\/wordpress\/plugins\/seo\/ -->\n<title>Cookie policy - BAHS Journey<\/title>\n<meta name=\"robots\" content=\"index, follow, max-snippet:-1, max-image-preview:large, max-video-preview:-1\" \/>\n<link rel=\"canonical\" href=\"https:\/\/bahsjourney.com\/sv\/cookiepolicy\/\" \/>\n<meta property=\"og:locale\" content=\"sv_SE\" \/>\n<meta property=\"og:type\" content=\"article\" \/>\n<meta property=\"og:title\" content=\"Cookie policy - BAHS Journey\" \/>\n<meta property=\"og:url\" content=\"https:\/\/bahsjourney.com\/sv\/cookiepolicy\/\" \/>\n<meta property=\"og:site_name\" content=\"BAHS Journey\" \/>\n<meta property=\"article:modified_time\" content=\"2024-01-17T14:55:17+00:00\" \/>\n<meta name=\"twitter:card\" content=\"summary_large_image\" \/>\n<meta name=\"twitter:label1\" content=\"Ber\u00e4knad l\u00e4stid\" \/>\n\t<meta name=\"twitter:data1\" content=\"3 minuter\" \/>\n<script type=\"application\/ld+json\" class=\"yoast-schema-graph\">{\"@context\":\"https:\/\/schema.org\",\"@graph\":[{\"@type\":\"WebPage\",\"@id\":\"https:\/\/bahsjourney.com\/sv\/cookiepolicy\/\",\"url\":\"https:\/\/bahsjourney.com\/sv\/cookiepolicy\/\",\"name\":\"Cookie policy - BAHS Journey\",\"isPartOf\":{\"@id\":\"https:\/\/bahsjourney.com\/#website\"},\"datePublished\":\"2023-11-17T09:06:01+00:00\",\"dateModified\":\"2024-01-17T14:55:17+00:00\",\"breadcrumb\":{\"@id\":\"https:\/\/bahsjourney.com\/sv\/cookiepolicy\/#breadcrumb\"},\"inLanguage\":\"sv-SE\",\"potentialAction\":[{\"@type\":\"ReadAction\",\"target\":[\"https:\/\/bahsjourney.com\/sv\/cookiepolicy\/\"]}]},{\"@type\":\"BreadcrumbList\",\"@id\":\"https:\/\/bahsjourney.com\/sv\/cookiepolicy\/#breadcrumb\",\"itemListElement\":[{\"@type\":\"ListItem\",\"position\":1,\"name\":\"Home\",\"item\":\"https:\/\/bahsjourney.com\/sv\/\"},{\"@type\":\"ListItem\",\"position\":2,\"name\":\"Cookie policy\"}]},{\"@type\":\"WebSite\",\"@id\":\"https:\/\/bahsjourney.com\/#website\",\"url\":\"https:\/\/bahsjourney.com\/\",\"name\":\"BAHS Journey\",\"description\":\"\",\"publisher\":{\"@id\":\"https:\/\/bahsjourney.com\/#organization\"},\"potentialAction\":[{\"@type\":\"SearchAction\",\"target\":{\"@type\":\"EntryPoint\",\"urlTemplate\":\"https:\/\/bahsjourney.com\/?s={search_term_string}\"},\"query-input\":{\"@type\":\"PropertyValueSpecification\",\"valueRequired\":true,\"valueName\":\"search_term_string\"}}],\"inLanguage\":\"sv-SE\"},{\"@type\":\"Organization\",\"@id\":\"https:\/\/bahsjourney.com\/#organization\",\"name\":\"BAHS Journey\",\"url\":\"https:\/\/bahsjourney.com\/\",\"logo\":{\"@type\":\"ImageObject\",\"inLanguage\":\"sv-SE\",\"@id\":\"https:\/\/bahsjourney.com\/#\/schema\/logo\/image\/\",\"url\":\"https:\/\/bahsjourney.com\/wp-content\/uploads\/2023\/11\/oticon-Logo.svg\",\"contentUrl\":\"https:\/\/bahsjourney.com\/wp-content\/uploads\/2023\/11\/oticon-Logo.svg\",\"width\":1,\"height\":1,\"caption\":\"BAHS Journey\"},\"image\":{\"@id\":\"https:\/\/bahsjourney.com\/#\/schema\/logo\/image\/\"}}]}<\/script>\n<!-- \/ Yoast SEO plugin. -->","yoast_head_json":{"title":"Cookie policy - BAHS Journey","robots":{"index":"index","follow":"follow","max-snippet":"max-snippet:-1","max-image-preview":"max-image-preview:large","max-video-preview":"max-video-preview:-1"},"canonical":"https:\/\/bahsjourney.com\/sv\/cookiepolicy\/","og_locale":"sv_SE","og_type":"article","og_title":"Cookie policy - BAHS Journey","og_url":"https:\/\/bahsjourney.com\/sv\/cookiepolicy\/","og_site_name":"BAHS Journey","article_modified_time":"2024-01-17T14:55:17+00:00","twitter_card":"summary_large_image","twitter_misc":{"Ber\u00e4knad l\u00e4stid":"3 minuter"},"schema":{"@context":"https:\/\/schema.org","@graph":[{"@type":"WebPage","@id":"https:\/\/bahsjourney.com\/sv\/cookiepolicy\/","url":"https:\/\/bahsjourney.com\/sv\/cookiepolicy\/","name":"Cookie policy - BAHS Journey","isPartOf":{"@id":"https:\/\/bahsjourney.com\/#website"},"datePublished":"2023-11-17T09:06:01+00:00","dateModified":"2024-01-17T14:55:17+00:00","breadcrumb":{"@id":"https:\/\/bahsjourney.com\/sv\/cookiepolicy\/#breadcrumb"},"inLanguage":"sv-SE","potentialAction":[{"@type":"ReadAction","target":["https:\/\/bahsjourney.com\/sv\/cookiepolicy\/"]}]},{"@type":"BreadcrumbList","@id":"https:\/\/bahsjourney.com\/sv\/cookiepolicy\/#breadcrumb","itemListElement":[{"@type":"ListItem","position":1,"name":"Home","item":"https:\/\/bahsjourney.com\/sv\/"},{"@type":"ListItem","position":2,"name":"Cookie policy"}]},{"@type":"WebSite","@id":"https:\/\/bahsjourney.com\/#website","url":"https:\/\/bahsjourney.com\/","name":"BAHS Journey","description":"","publisher":{"@id":"https:\/\/bahsjourney.com\/#organization"},"potentialAction":[{"@type":"SearchAction","target":{"@type":"EntryPoint","urlTemplate":"https:\/\/bahsjourney.com\/?s={search_term_string}"},"query-input":{"@type":"PropertyValueSpecification","valueRequired":true,"valueName":"search_term_string"}}],"inLanguage":"sv-SE"},{"@type":"Organization","@id":"https:\/\/bahsjourney.com\/#organization","name":"BAHS Journey","url":"https:\/\/bahsjourney.com\/","logo":{"@type":"ImageObject","inLanguage":"sv-SE","@id":"https:\/\/bahsjourney.com\/#\/schema\/logo\/image\/","url":"https:\/\/bahsjourney.com\/wp-content\/uploads\/2023\/11\/oticon-Logo.svg","contentUrl":"https:\/\/bahsjourney.com\/wp-content\/uploads\/2023\/11\/oticon-Logo.svg","width":1,"height":1,"caption":"BAHS Journey"},"image":{"@id":"https:\/\/bahsjourney.com\/#\/schema\/logo\/image\/"}}]}},"_links":{"self":[{"href":"https:\/\/bahsjourney.com\/sv\/wp-json\/wp\/v2\/pages\/4414"}],"collection":[{"href":"https:\/\/bahsjourney.com\/sv\/wp-json\/wp\/v2\/pages"}],"about":[{"href":"https:\/\/bahsjourney.com\/sv\/wp-json\/wp\/v2\/types\/page"}],"author":[{"embeddable":true,"href":"https:\/\/bahsjourney.com\/sv\/wp-json\/wp\/v2\/users\/5"}],"replies":[{"embeddable":true,"href":"https:\/\/bahsjourney.com\/sv\/wp-json\/wp\/v2\/comments?post=4414"}],"version-history":[{"count":5,"href":"https:\/\/bahsjourney.com\/sv\/wp-json\/wp\/v2\/pages\/4414\/revisions"}],"predecessor-version":[{"id":4481,"href":"https:\/\/bahsjourney.com\/sv\/wp-json\/wp\/v2\/pages\/4414\/revisions\/4481"}],"wp:attachment":[{"href":"https:\/\/bahsjourney.com\/sv\/wp-json\/wp\/v2\/media?parent=4414"}],"curies":[{"name":"wp","href":"https:\/\/api.w.org\/{rel}","templated":true}]}}