{"id":4259,"date":"2023-10-19T16:11:11","date_gmt":"2023-10-19T14:11:11","guid":{"rendered":"https:\/\/bahsjourney.com\/?page_id=4259"},"modified":"2024-01-17T12:56:10","modified_gmt":"2024-01-17T10:56:10","slug":"vanliga-fragor","status":"publish","type":"page","link":"https:\/\/bahsjourney.com\/sv\/candidate\/vanliga-fragor\/","title":{"rendered":"Vanliga fr\u00e5gor"},"content":{"rendered":"<div id=\"mobile-hero\" data-block-id=\"26608914-038b-44cc-a7dc-d0ed019090b6\" data-section-title=\"\" style=\"\" class=\"haj-section haj-relative block-editor-block-list__block wp-block block-editor-block-list__block wp-block wp-block-haj-main-section-dynamic haj-hidden haj-block@m haj-p-0 has-white-background-color haj-height-auto offset-menu haj-w-full haj-flex-wrap haj-flex-middle haj-height-expand haj-height-expand@m haj-height-expand@s\">\n      \n\n<div class=\"wp-block-columns is-layout-flex wp-container-core-columns-is-layout-1 wp-block-columns-is-layout-flex\" style=\"padding-top:30px;padding-bottom:30px\">\n<div class=\"wp-block-column is-layout-flow wp-block-column-is-layout-flow\">\n<figure class=\"wp-block-image alignright size-full has-custom-border\"><img loading=\"lazy\" decoding=\"async\" width=\"1003\" height=\"722\" src=\"https:\/\/bahsjourney.com\/wp-content\/uploads\/2023\/12\/Herobild-FAQ-Mobile-1.png\" alt=\"\" class=\"wp-image-2221\" style=\"border-top-left-radius:130px;border-bottom-left-radius:130px;object-fit:cover\" srcset=\"https:\/\/bahsjourney.com\/wp-content\/uploads\/2023\/12\/Herobild-FAQ-Mobile-1.png 1003w, https:\/\/bahsjourney.com\/wp-content\/uploads\/2023\/12\/Herobild-FAQ-Mobile-1-300x216.png 300w, https:\/\/bahsjourney.com\/wp-content\/uploads\/2023\/12\/Herobild-FAQ-Mobile-1-768x553.png 768w\" sizes=\"(max-width: 1003px) 100vw, 1003px\" \/><\/figure>\n<\/div>\n<\/div>\n\n<\/div>\n\n<div id=\"hero-section\" data-block-id=\"187a1365-6fa7-4189-9d9d-cca7d90452f5\" data-section-title=\"\" style=\"\" class=\"haj-section haj-relative block-editor-block-list__block wp-block block-editor-block-list__block wp-block wp-block-haj-main-section-dynamic has-white-background-color haj-height-70vh offset-menu haj-height-auto@m haj-height-auto@xs haj-w-large haj-flex-wrap haj-flex-middle haj-height-expand haj-height-expand@m haj-height-expand@s\">\n         <img loading=\"lazy\" decoding=\"async\"\n         src=\"https:\/\/bahsjourney.com\/wp-content\/uploads\/2023\/12\/Herobild-FAQ-1.png\"\n         alt=\"\"\n         height=\"722\"\n         width=\"1321\"\n         style=\"width:46%; top:5vh; bottom:5vh; height:calc(100% - 10vh);\"\n         class=\"haj-background-image haj-right  haj-hidden@s haj-hidden@m\" \/>\n      \n\n<div class=\"wp-block-columns is-layout-flex wp-container-core-columns-is-layout-2 wp-block-columns-is-layout-flex\" style=\"padding-top:var(--wp--preset--spacing--80);padding-right:0;padding-bottom:var(--wp--preset--spacing--80);padding-left:0\">\n<div class=\"wp-block-column is-vertically-aligned-center hero-content is-layout-flow wp-block-column-is-layout-flow\" style=\"padding-right:0;padding-left:0;flex-basis:40%\">\n<div class=\"wp-block-group is-vertical is-layout-flex wp-container-core-group-is-layout-1 wp-block-group-is-layout-flex\" style=\"padding-right:0;padding-left:0\">\n<h1 class=\"wp-block-heading\" style=\"padding-right:0;padding-left:0\">Prata med din<br>audionom om&#8230;<\/h1>\n<\/div>\n<\/div>\n<\/div>\n\n<\/div>\n\n<div id=\"\" data-block-id=\"f63c4924-ca52-489f-9631-e6fefd6b2766\" data-section-title=\"\" style=\"\" class=\"haj-section haj-relative block-editor-block-list__block wp-block block-editor-block-list__block wp-block wp-block-haj-main-section-dynamic has-white-background-color haj-height-auto offset-menu haj-w-large haj-flex-wrap haj-flex-middle haj-height-expand haj-height-expand@m haj-height-expand@s\">\n      \n\n<div class=\"wp-block-columns faq-wrapper is-layout-flex wp-container-core-columns-is-layout-3 wp-block-columns-is-layout-flex\">\n<div class=\"wp-block-column is-layout-flow wp-block-column-is-layout-flow\">\n<div class=\"wp-block-media-text is-stacked-on-mobile faq-panel\" style=\"margin-top:var(--wp--preset--spacing--30);margin-bottom:var(--wp--preset--spacing--30);padding-right:0;padding-left:0;grid-template-columns:18% auto\"><figure class=\"wp-block-media-text__media\"><img loading=\"lazy\" decoding=\"async\" width=\"200\" height=\"200\" src=\"https:\/\/bahsjourney.com\/wp-content\/uploads\/2023\/11\/faq-1.png\" alt=\"\" class=\"wp-image-528 size-full\" srcset=\"https:\/\/bahsjourney.com\/wp-content\/uploads\/2023\/11\/faq-1.png 200w, https:\/\/bahsjourney.com\/wp-content\/uploads\/2023\/11\/faq-1-150x150.png 150w\" sizes=\"(max-width: 200px) 100vw, 200px\" \/><\/figure><div class=\"wp-block-media-text__content\">\n<h3 class=\"wp-block-heading\" style=\"margin-right:0;margin-left:0\">Vad kan jag f\u00f6rv\u00e4nta mig fr\u00e5n BAHS?<\/h3>\n\n\n\n<p style=\"margin-right:0;margin-left:0\">Med BAHS b\u00e4r du ljudprocessorn bakom \u00f6rat och inte i \u00f6rat. Detta kan vara en bra l\u00f6sning om du tycker att konventionella h\u00f6rapparater \u00e4r obekv\u00e4ma eller om du lider av \u00e5terkommande \u00f6roninflammationer. Vissa m\u00e4nniskor tycker ocks\u00e5 att de f\u00e5r ett naturligare ljud om h\u00f6rselg\u00e5ngen l\u00e4mnas \u00f6ppen j\u00e4mf\u00f6rt med konventionella h\u00f6rapparater.<\/p>\n<\/div><\/div>\n\n\n\n<div class=\"wp-block-media-text has-media-on-the-right is-stacked-on-mobile faq-panel\" style=\"margin-top:var(--wp--preset--spacing--30);margin-bottom:var(--wp--preset--spacing--30);grid-template-columns:auto 18%\"><div class=\"wp-block-media-text__content\">\n<h3 class=\"wp-block-heading has-text-align-right\">Kan jag anv\u00e4nda en BAHS i ena \u00f6rat och ha en vanlig h\u00f6rapparat i det andra \u00f6rat?<\/h3>\n\n\n\n<p class=\"has-text-align-right\">Ja, det kan du. Men i s\u00e5dana fall b\u00f6r du anv\u00e4nda en BAHS och en h\u00f6rapparat med liknande tekniska plattformar f\u00f6r b\u00e4sta resultat.<\/p>\n<\/div><figure class=\"wp-block-media-text__media\"><img loading=\"lazy\" decoding=\"async\" width=\"200\" height=\"200\" src=\"https:\/\/bahsjourney.com\/wp-content\/uploads\/2023\/11\/faq-2.png\" alt=\"\" class=\"wp-image-527 size-full\" srcset=\"https:\/\/bahsjourney.com\/wp-content\/uploads\/2023\/11\/faq-2.png 200w, https:\/\/bahsjourney.com\/wp-content\/uploads\/2023\/11\/faq-2-150x150.png 150w\" sizes=\"(max-width: 200px) 100vw, 200px\" \/><\/figure><\/div>\n\n\n\n<div class=\"wp-block-media-text is-stacked-on-mobile faq-panel\" style=\"margin-top:var(--wp--preset--spacing--30);margin-bottom:var(--wp--preset--spacing--30);grid-template-columns:18% auto\"><figure class=\"wp-block-media-text__media\"><img loading=\"lazy\" decoding=\"async\" width=\"200\" height=\"200\" src=\"https:\/\/bahsjourney.com\/wp-content\/uploads\/2023\/11\/faq-3.png\" alt=\"\" class=\"wp-image-526 size-full\" srcset=\"https:\/\/bahsjourney.com\/wp-content\/uploads\/2023\/11\/faq-3.png 200w, https:\/\/bahsjourney.com\/wp-content\/uploads\/2023\/11\/faq-3-150x150.png 150w\" sizes=\"(max-width: 200px) 100vw, 200px\" \/><\/figure><div class=\"wp-block-media-text__content\">\n<h3 class=\"wp-block-heading\">Kan jag ansluta en BAHS till elektroniska enheter eller telefonen?<\/h3>\n\n\n\n<p>Ja, Oticon Medicals ljudprocessorer ansluter tr\u00e5dl\u00f6st och \u00f6verf\u00f6r ljud fr\u00e5n ett brett utbud av elektroniska enheter, inklusive telefoner, TV-apparater och datorer.<\/p>\n<\/div><\/div>\n\n\n\n<div class=\"wp-block-media-text has-media-on-the-right is-stacked-on-mobile faq-panel\" style=\"margin-top:var(--wp--preset--spacing--30);margin-bottom:var(--wp--preset--spacing--30);grid-template-columns:auto 18%\"><div class=\"wp-block-media-text__content\">\n<h3 class=\"wp-block-heading has-text-align-right\">Hur g\u00e5r det kirurgiska ingreppet till?<\/h3>\n\n\n\n<p class=\"has-text-align-right\">Det \u00e4r ett v\u00e4l bepr\u00f6vat och s\u00e4kert kirurgiskt ingrepp. Om du best\u00e4mmer dig f\u00f6r att skaffa ett perkutant implantat kan en minimalinvasiv procedur (MONO eller MIPS) fungera. Dessa metoder ger det minsta m\u00f6jliga snittet utan suturer, med minimal \u00e4rrbildning och kortare l\u00e4kningstid. Ett s\u00e5dant f\u00f6rfarande tar ofta under 15 minuter. Om du v\u00e4ljer ett aktivt, transkutant implantat \u00e4r operationen n\u00e5got mer omfattande, men tar vanligtvis under en timme.<\/p>\n<\/div><figure class=\"wp-block-media-text__media\"><img loading=\"lazy\" decoding=\"async\" width=\"200\" height=\"200\" src=\"https:\/\/bahsjourney.com\/wp-content\/uploads\/2023\/11\/faq-4.png\" alt=\"\" class=\"wp-image-525 size-full\" srcset=\"https:\/\/bahsjourney.com\/wp-content\/uploads\/2023\/11\/faq-4.png 200w, https:\/\/bahsjourney.com\/wp-content\/uploads\/2023\/11\/faq-4-150x150.png 150w\" sizes=\"(max-width: 200px) 100vw, 200px\" \/><\/figure><\/div>\n\n\n\n<div class=\"wp-block-media-text is-stacked-on-mobile faq-panel\" style=\"margin-top:var(--wp--preset--spacing--30);margin-bottom:var(--wp--preset--spacing--30);grid-template-columns:18% auto\"><figure class=\"wp-block-media-text__media\"><img loading=\"lazy\" decoding=\"async\" width=\"200\" height=\"200\" src=\"https:\/\/bahsjourney.com\/wp-content\/uploads\/2023\/11\/faq-5.png\" alt=\"\" class=\"wp-image-524 size-full\" srcset=\"https:\/\/bahsjourney.com\/wp-content\/uploads\/2023\/11\/faq-5.png 200w, https:\/\/bahsjourney.com\/wp-content\/uploads\/2023\/11\/faq-5-150x150.png 150w\" sizes=\"(max-width: 200px) 100vw, 200px\" \/><\/figure><div class=\"wp-block-media-text__content\">\n<h3 class=\"wp-block-heading\">Vad ska jag t\u00e4nka p\u00e5 n\u00e4r jag v\u00e4ljer BAHS?<\/h3>\n\n\n\n<p>Du b\u00f6r \u00f6verv\u00e4ga faktorer som komfort, anv\u00e4ndarv\u00e4nlighet, storlek och tillf\u00f6rlitlighet. Men viktigast av allt \u00e4r ljudkvaliteten i BAHS ljudprocessor. De ger den tydligaste och mest begripliga talsignalen var du \u00e4n befinner dig. Detta kommer att st\u00f6dja din hj\u00e4rnas f\u00f6rm\u00e5ga att tolka ljud och minska lyssningsanstr\u00e4ngningen. Slutligen b\u00f6r du ocks\u00e5 \u00f6verv\u00e4ga eventuella framtida behov av en MR-huvudskanning.<\/p>\n<\/div><\/div>\n\n\n\n<div class=\"wp-block-media-text has-media-on-the-right is-stacked-on-mobile faq-panel\" style=\"margin-top:var(--wp--preset--spacing--30);margin-bottom:var(--wp--preset--spacing--30);grid-template-columns:auto 18%\"><div class=\"wp-block-media-text__content\">\n<h3 class=\"wp-block-heading has-text-align-right\">Kan jag prova BAHS utan att genomg\u00e5 en operation?<\/h3>\n\n\n\n<p class=\"has-text-align-right\">Ja, du kan pr\u00f6va BAHS p\u00e5 ett\u00a0softband\u00a0eller ett pannband. Genom att b\u00e4ra ljudprocessorn p\u00e5 ett band kan du prova den utan operation. Detta hj\u00e4lper dig att fatta ett v\u00e4lgrundat beslut.<\/p>\n<\/div><figure class=\"wp-block-media-text__media\"><img loading=\"lazy\" decoding=\"async\" width=\"200\" height=\"200\" src=\"https:\/\/bahsjourney.com\/wp-content\/uploads\/2023\/11\/faq-6.png\" alt=\"\" class=\"wp-image-523 size-full\" srcset=\"https:\/\/bahsjourney.com\/wp-content\/uploads\/2023\/11\/faq-6.png 200w, https:\/\/bahsjourney.com\/wp-content\/uploads\/2023\/11\/faq-6-150x150.png 150w\" sizes=\"(max-width: 200px) 100vw, 200px\" \/><\/figure><\/div>\n\n\n\n<p class=\"has-text-align-center has-sand-medium-color has-text-color has-link-color wp-elements-52810ff6520a9f08ce67f2a1920b335e\" style=\"margin-top:var(--wp--preset--spacing--40);margin-bottom:var(--wp--preset--spacing--30);font-size:14px;font-style:italic;font-weight:100\">*Val av l\u00e4mpligt kirurgisk ingrepp g\u00f6rs av din audionom. Produkternas tillg\u00e4nglighet samt l\u00e4mplighet kommer an p\u00e5 reglerade godk\u00e4nnanden p\u00e5 respektive marknad.<\/p>\n<\/div>\n<\/div>\n\n<\/div>\n\n<div id=\"\" data-block-id=\"c2116d6a-1a14-4642-99cf-c25ecf523a27\" data-section-title=\"banner-section\" style=\"\" class=\"haj-section haj-relative block-editor-block-list__block wp-block block-editor-block-list__block wp-block wp-block-haj-main-section-dynamic has-light-grey-background-color haj-height-30vh offset-menu haj-w-large haj-flex-wrap haj-flex-middle haj-height-expand haj-height-expand@m haj-height-expand@s\">\n      \n\n<div class=\"wp-block-columns is-layout-flex wp-container-core-columns-is-layout-4 wp-block-columns-is-layout-flex\" style=\"padding-top:50px;padding-bottom:50px\">\n<div class=\"wp-block-column is-layout-flow wp-block-column-is-layout-flow\">\n<h3 class=\"wp-block-heading has-text-align-center\" style=\"margin-bottom:var(--wp--preset--spacing--30)\">Har du fler fr\u00e5gor?<\/h3>\n\n\n\n<div class=\"wp-block-buttons is-content-justification-center is-layout-flex wp-container-core-buttons-is-layout-1 wp-block-buttons-is-layout-flex\">\n<div class=\"wp-block-button\"><a class=\"wp-block-button__link has-white-color has-text-color has-link-color wp-element-button\" href=\"https:\/\/www.oticonmedical.com\/se\/about-oticon-medical\/contact-us?\" target=\"_blank\" rel=\"noreferrer noopener\">Kontakta oss<\/a><\/div>\n<\/div>\n<\/div>\n<\/div>\n\n<\/div>","protected":false},"excerpt":{"rendered":"","protected":false},"author":5,"featured_media":0,"parent":4247,"menu_order":0,"comment_status":"closed","ping_status":"closed","template":"wp-custom-template-candidate-pages","meta":{"_acf_changed":false,"footnotes":""},"class_list":["post-4259","page","type-page","status-publish","hentry"],"acf":[],"yoast_head":"<!-- This site is optimized with the Yoast SEO plugin v24.7 - https:\/\/yoast.com\/wordpress\/plugins\/seo\/ -->\n<title>Vanliga fr\u00e5gor - BAHS Journey<\/title>\n<meta name=\"robots\" content=\"index, follow, max-snippet:-1, max-image-preview:large, max-video-preview:-1\" \/>\n<link rel=\"canonical\" href=\"https:\/\/bahsjourney.com\/sv\/candidate\/vanliga-fragor\/\" \/>\n<meta property=\"og:locale\" content=\"sv_SE\" \/>\n<meta property=\"og:type\" content=\"article\" \/>\n<meta property=\"og:title\" content=\"Vanliga fr\u00e5gor - BAHS Journey\" \/>\n<meta property=\"og:url\" content=\"https:\/\/bahsjourney.com\/sv\/candidate\/vanliga-fragor\/\" \/>\n<meta property=\"og:site_name\" content=\"BAHS Journey\" \/>\n<meta property=\"article:modified_time\" content=\"2024-01-17T10:56:10+00:00\" \/>\n<meta property=\"og:image\" content=\"https:\/\/bahsjourney.com\/wp-content\/uploads\/2023\/12\/Herobild-FAQ-Mobile-1.png\" \/>\n<meta name=\"twitter:card\" content=\"summary_large_image\" \/>\n<meta name=\"twitter:label1\" content=\"Ber\u00e4knad l\u00e4stid\" \/>\n\t<meta name=\"twitter:data1\" content=\"4 minuter\" \/>\n<script type=\"application\/ld+json\" class=\"yoast-schema-graph\">{\"@context\":\"https:\/\/schema.org\",\"@graph\":[{\"@type\":\"WebPage\",\"@id\":\"https:\/\/bahsjourney.com\/sv\/candidate\/vanliga-fragor\/\",\"url\":\"https:\/\/bahsjourney.com\/sv\/candidate\/vanliga-fragor\/\",\"name\":\"Vanliga fr\u00e5gor - BAHS Journey\",\"isPartOf\":{\"@id\":\"https:\/\/bahsjourney.com\/#website\"},\"primaryImageOfPage\":{\"@id\":\"https:\/\/bahsjourney.com\/sv\/candidate\/vanliga-fragor\/#primaryimage\"},\"image\":{\"@id\":\"https:\/\/bahsjourney.com\/sv\/candidate\/vanliga-fragor\/#primaryimage\"},\"thumbnailUrl\":\"https:\/\/bahsjourney.com\/wp-content\/uploads\/2023\/12\/Herobild-FAQ-Mobile-1.png\",\"datePublished\":\"2023-10-19T14:11:11+00:00\",\"dateModified\":\"2024-01-17T10:56:10+00:00\",\"breadcrumb\":{\"@id\":\"https:\/\/bahsjourney.com\/sv\/candidate\/vanliga-fragor\/#breadcrumb\"},\"inLanguage\":\"sv-SE\",\"potentialAction\":[{\"@type\":\"ReadAction\",\"target\":[\"https:\/\/bahsjourney.com\/sv\/candidate\/vanliga-fragor\/\"]}]},{\"@type\":\"ImageObject\",\"inLanguage\":\"sv-SE\",\"@id\":\"https:\/\/bahsjourney.com\/sv\/candidate\/vanliga-fragor\/#primaryimage\",\"url\":\"https:\/\/bahsjourney.com\/wp-content\/uploads\/2023\/12\/Herobild-FAQ-Mobile-1.png\",\"contentUrl\":\"https:\/\/bahsjourney.com\/wp-content\/uploads\/2023\/12\/Herobild-FAQ-Mobile-1.png\"},{\"@type\":\"BreadcrumbList\",\"@id\":\"https:\/\/bahsjourney.com\/sv\/candidate\/vanliga-fragor\/#breadcrumb\",\"itemListElement\":[{\"@type\":\"ListItem\",\"position\":1,\"name\":\"Home\",\"item\":\"https:\/\/bahsjourney.com\/sv\/\"},{\"@type\":\"ListItem\",\"position\":2,\"name\":\"Kandidat\",\"item\":\"https:\/\/bahsjourney.com\/sv\/candidate\/\"},{\"@type\":\"ListItem\",\"position\":3,\"name\":\"Vanliga fr\u00e5gor\"}]},{\"@type\":\"WebSite\",\"@id\":\"https:\/\/bahsjourney.com\/#website\",\"url\":\"https:\/\/bahsjourney.com\/\",\"name\":\"BAHS Journey\",\"description\":\"\",\"publisher\":{\"@id\":\"https:\/\/bahsjourney.com\/#organization\"},\"potentialAction\":[{\"@type\":\"SearchAction\",\"target\":{\"@type\":\"EntryPoint\",\"urlTemplate\":\"https:\/\/bahsjourney.com\/?s={search_term_string}\"},\"query-input\":{\"@type\":\"PropertyValueSpecification\",\"valueRequired\":true,\"valueName\":\"search_term_string\"}}],\"inLanguage\":\"sv-SE\"},{\"@type\":\"Organization\",\"@id\":\"https:\/\/bahsjourney.com\/#organization\",\"name\":\"BAHS Journey\",\"url\":\"https:\/\/bahsjourney.com\/\",\"logo\":{\"@type\":\"ImageObject\",\"inLanguage\":\"sv-SE\",\"@id\":\"https:\/\/bahsjourney.com\/#\/schema\/logo\/image\/\",\"url\":\"https:\/\/bahsjourney.com\/wp-content\/uploads\/2023\/11\/oticon-Logo.svg\",\"contentUrl\":\"https:\/\/bahsjourney.com\/wp-content\/uploads\/2023\/11\/oticon-Logo.svg\",\"width\":1,\"height\":1,\"caption\":\"BAHS Journey\"},\"image\":{\"@id\":\"https:\/\/bahsjourney.com\/#\/schema\/logo\/image\/\"}}]}<\/script>\n<!-- \/ Yoast SEO plugin. -->","yoast_head_json":{"title":"Vanliga fr\u00e5gor - BAHS Journey","robots":{"index":"index","follow":"follow","max-snippet":"max-snippet:-1","max-image-preview":"max-image-preview:large","max-video-preview":"max-video-preview:-1"},"canonical":"https:\/\/bahsjourney.com\/sv\/candidate\/vanliga-fragor\/","og_locale":"sv_SE","og_type":"article","og_title":"Vanliga fr\u00e5gor - BAHS Journey","og_url":"https:\/\/bahsjourney.com\/sv\/candidate\/vanliga-fragor\/","og_site_name":"BAHS Journey","article_modified_time":"2024-01-17T10:56:10+00:00","og_image":[{"url":"https:\/\/bahsjourney.com\/wp-content\/uploads\/2023\/12\/Herobild-FAQ-Mobile-1.png","type":"","width":"","height":""}],"twitter_card":"summary_large_image","twitter_misc":{"Ber\u00e4knad l\u00e4stid":"4 minuter"},"schema":{"@context":"https:\/\/schema.org","@graph":[{"@type":"WebPage","@id":"https:\/\/bahsjourney.com\/sv\/candidate\/vanliga-fragor\/","url":"https:\/\/bahsjourney.com\/sv\/candidate\/vanliga-fragor\/","name":"Vanliga fr\u00e5gor - BAHS Journey","isPartOf":{"@id":"https:\/\/bahsjourney.com\/#website"},"primaryImageOfPage":{"@id":"https:\/\/bahsjourney.com\/sv\/candidate\/vanliga-fragor\/#primaryimage"},"image":{"@id":"https:\/\/bahsjourney.com\/sv\/candidate\/vanliga-fragor\/#primaryimage"},"thumbnailUrl":"https:\/\/bahsjourney.com\/wp-content\/uploads\/2023\/12\/Herobild-FAQ-Mobile-1.png","datePublished":"2023-10-19T14:11:11+00:00","dateModified":"2024-01-17T10:56:10+00:00","breadcrumb":{"@id":"https:\/\/bahsjourney.com\/sv\/candidate\/vanliga-fragor\/#breadcrumb"},"inLanguage":"sv-SE","potentialAction":[{"@type":"ReadAction","target":["https:\/\/bahsjourney.com\/sv\/candidate\/vanliga-fragor\/"]}]},{"@type":"ImageObject","inLanguage":"sv-SE","@id":"https:\/\/bahsjourney.com\/sv\/candidate\/vanliga-fragor\/#primaryimage","url":"https:\/\/bahsjourney.com\/wp-content\/uploads\/2023\/12\/Herobild-FAQ-Mobile-1.png","contentUrl":"https:\/\/bahsjourney.com\/wp-content\/uploads\/2023\/12\/Herobild-FAQ-Mobile-1.png"},{"@type":"BreadcrumbList","@id":"https:\/\/bahsjourney.com\/sv\/candidate\/vanliga-fragor\/#breadcrumb","itemListElement":[{"@type":"ListItem","position":1,"name":"Home","item":"https:\/\/bahsjourney.com\/sv\/"},{"@type":"ListItem","position":2,"name":"Kandidat","item":"https:\/\/bahsjourney.com\/sv\/candidate\/"},{"@type":"ListItem","position":3,"name":"Vanliga fr\u00e5gor"}]},{"@type":"WebSite","@id":"https:\/\/bahsjourney.com\/#website","url":"https:\/\/bahsjourney.com\/","name":"BAHS Journey","description":"","publisher":{"@id":"https:\/\/bahsjourney.com\/#organization"},"potentialAction":[{"@type":"SearchAction","target":{"@type":"EntryPoint","urlTemplate":"https:\/\/bahsjourney.com\/?s={search_term_string}"},"query-input":{"@type":"PropertyValueSpecification","valueRequired":true,"valueName":"search_term_string"}}],"inLanguage":"sv-SE"},{"@type":"Organization","@id":"https:\/\/bahsjourney.com\/#organization","name":"BAHS Journey","url":"https:\/\/bahsjourney.com\/","logo":{"@type":"ImageObject","inLanguage":"sv-SE","@id":"https:\/\/bahsjourney.com\/#\/schema\/logo\/image\/","url":"https:\/\/bahsjourney.com\/wp-content\/uploads\/2023\/11\/oticon-Logo.svg","contentUrl":"https:\/\/bahsjourney.com\/wp-content\/uploads\/2023\/11\/oticon-Logo.svg","width":1,"height":1,"caption":"BAHS Journey"},"image":{"@id":"https:\/\/bahsjourney.com\/#\/schema\/logo\/image\/"}}]}},"_links":{"self":[{"href":"https:\/\/bahsjourney.com\/sv\/wp-json\/wp\/v2\/pages\/4259"}],"collection":[{"href":"https:\/\/bahsjourney.com\/sv\/wp-json\/wp\/v2\/pages"}],"about":[{"href":"https:\/\/bahsjourney.com\/sv\/wp-json\/wp\/v2\/types\/page"}],"author":[{"embeddable":true,"href":"https:\/\/bahsjourney.com\/sv\/wp-json\/wp\/v2\/users\/5"}],"replies":[{"embeddable":true,"href":"https:\/\/bahsjourney.com\/sv\/wp-json\/wp\/v2\/comments?post=4259"}],"version-history":[{"count":1,"href":"https:\/\/bahsjourney.com\/sv\/wp-json\/wp\/v2\/pages\/4259\/revisions"}],"predecessor-version":[{"id":4260,"href":"https:\/\/bahsjourney.com\/sv\/wp-json\/wp\/v2\/pages\/4259\/revisions\/4260"}],"up":[{"embeddable":true,"href":"https:\/\/bahsjourney.com\/sv\/wp-json\/wp\/v2\/pages\/4247"}],"wp:attachment":[{"href":"https:\/\/bahsjourney.com\/sv\/wp-json\/wp\/v2\/media?parent=4259"}],"curies":[{"name":"wp","href":"https:\/\/api.w.org\/{rel}","templated":true}]}}