{"id":4254,"date":"2023-10-31T18:04:34","date_gmt":"2023-10-31T16:04:34","guid":{"rendered":"https:\/\/bahsjourney.com\/?page_id=4254"},"modified":"2024-01-17T15:17:26","modified_gmt":"2024-01-17T13:17:26","slug":"am-i-a-candidate","status":"publish","type":"page","link":"https:\/\/bahsjourney.com\/sv\/candidate\/am-i-a-candidate\/","title":{"rendered":"\u00c4r jag en kandidat?"},"content":{"rendered":"<div id=\"mobile-hero\" data-block-id=\"26608914-038b-44cc-a7dc-d0ed019090b6\" data-section-title=\"\" style=\"\" class=\"haj-section haj-relative block-editor-block-list__block wp-block block-editor-block-list__block wp-block wp-block-haj-main-section-dynamic haj-hidden haj-block@m haj-p-0 has-white-background-color haj-height-auto offset-menu haj-w-full haj-flex-wrap haj-flex-middle haj-height-expand haj-height-expand@m haj-height-expand@s\">\n      \n\n<div class=\"wp-block-columns is-layout-flex wp-container-core-columns-is-layout-1 wp-block-columns-is-layout-flex\" style=\"padding-top:30px;padding-bottom:30px\">\n<div class=\"wp-block-column is-layout-flow wp-block-column-is-layout-flow\">\n<figure class=\"wp-block-image alignright size-full has-custom-border\"><img loading=\"lazy\" decoding=\"async\" width=\"1002\" height=\"722\" src=\"https:\/\/bahsjourney.com\/wp-content\/uploads\/2023\/12\/Herobild-Am-I-a-candidate-mobile.png\" alt=\"\" class=\"wp-image-2215\" style=\"border-top-left-radius:130px;border-bottom-left-radius:130px;object-fit:cover\" srcset=\"https:\/\/bahsjourney.com\/wp-content\/uploads\/2023\/12\/Herobild-Am-I-a-candidate-mobile.png 1002w, https:\/\/bahsjourney.com\/wp-content\/uploads\/2023\/12\/Herobild-Am-I-a-candidate-mobile-300x216.png 300w, https:\/\/bahsjourney.com\/wp-content\/uploads\/2023\/12\/Herobild-Am-I-a-candidate-mobile-768x553.png 768w\" sizes=\"(max-width: 1002px) 100vw, 1002px\" \/><\/figure>\n<\/div>\n<\/div>\n\n<\/div>\n\n<div id=\"hero-section\" data-block-id=\"187a1365-6fa7-4189-9d9d-cca7d90452f5\" data-section-title=\"\" style=\"\" class=\"haj-section haj-relative block-editor-block-list__block wp-block block-editor-block-list__block wp-block wp-block-haj-main-section-dynamic has-white-background-color haj-height-70vh offset-menu haj-height-auto@m haj-height-auto@xs haj-w-large haj-flex-wrap haj-flex-middle haj-height-expand haj-height-expand@m haj-height-expand@s\">\n         <img loading=\"lazy\" decoding=\"async\"\n         src=\"https:\/\/bahsjourney.com\/wp-content\/uploads\/2023\/12\/Herobild-Am-I-a-candidate.png\"\n         alt=\"\"\n         height=\"722\"\n         width=\"1321\"\n         style=\"width:46%; top:5vh; bottom:5vh; height:calc(100% - 10vh);\"\n         class=\"haj-background-image haj-right  haj-hidden@s haj-hidden@m\" \/>\n      \n\n<div class=\"wp-block-columns is-layout-flex wp-container-core-columns-is-layout-2 wp-block-columns-is-layout-flex\" style=\"padding-top:var(--wp--preset--spacing--80);padding-right:0;padding-bottom:var(--wp--preset--spacing--80);padding-left:0\">\n<div class=\"wp-block-column is-vertically-aligned-center hero-content haj-w-1-2 haj-w-full@m is-layout-flow wp-block-column-is-layout-flow\" style=\"padding-right:0;padding-left:0;flex-basis:45%\">\n<div class=\"wp-block-group is-vertical is-layout-flex wp-container-core-group-is-layout-1 wp-block-group-is-layout-flex\" style=\"padding-top:0;padding-right:0;padding-bottom:0;padding-left:0\">\n<h1 class=\"wp-block-heading\" style=\"margin-bottom:16px;font-style:normal;font-weight:300\">\u00c4r jag en BAHS-kandidat?<\/h1>\n\n\n\n<p class=\"has-medium-font-size\" style=\"margin-top:0;margin-right:0;margin-bottom:16px;margin-left:0;font-style:normal;font-weight:300\">Ett benf\u00f6rankrat h\u00f6rselsystem (BAHS) kan vara en bra l\u00f6sning om din h\u00f6rselneds\u00e4ttning beror p\u00e5 problem i ytter- eller mellan\u00f6rat, eller om du \u00e4r d\u00f6v p\u00e5 ena \u00f6rat. Detta beror p\u00e5 att det f\u00f6rbig\u00e5r dessa delar av \u00f6rat och \u00f6verf\u00f6r ljud direkt till inner\u00f6rat.<\/p>\n\n\n\n<p class=\"has-text-align-left haj-flex haj-flex-middle haj-w-max download-link\"><a href=\"https:\/\/bahsjourney.com\/wp-content\/uploads\/2023\/12\/Lorem-Ipsum.pdf\"><\/a><\/p>\n<\/div>\n<\/div>\n<\/div>\n\n<\/div>\n\n<div id=\"ponto-system\" data-block-id=\"2e899858-fd9e-4e41-9d34-5ac74dc41743\" data-section-title=\"\" style=\"\" class=\"haj-section haj-relative block-editor-block-list__block wp-block block-editor-block-list__block wp-block has-child-selected wp-block-haj-main-section-dynamic has-orange-background-color haj-height-40vh offset-menu haj-height-auto@m haj-height-auto@xs haj-w-medium haj-flex-wrap haj-flex-middle haj-height-expand haj-height-expand@m haj-height-expand@s\">\n      \n\n<div class=\"wp-block-columns banner-section is-layout-flex wp-container-core-columns-is-layout-3 wp-block-columns-is-layout-flex\" style=\"margin-top:0;margin-bottom:0;padding-top:0;padding-bottom:0\">\n<div class=\"wp-block-column has-grey-color has-text-color has-global-padding is-layout-constrained wp-container-core-column-is-layout-3 wp-block-column-is-layout-constrained\" style=\"padding-top:0;padding-right:0;padding-bottom:0;padding-left:0\">\n<h3 class=\"wp-block-heading has-text-align-center has-white-color has-text-color has-link-color wp-elements-03bc06145546a19d86f4fc39490b9732\" style=\"margin-bottom:16px\">Utforska kandidatbroschyren<\/h3>\n\n\n\n<p class=\"has-text-align-center has-white-color has-text-color has-link-color has-medium-font-size wp-elements-5e1198cbe8d9eb1116c6167189659d16\" style=\"margin-bottom:22px\">BAHS Candidate-broschyren ger v\u00e4rdefull information om allt du beh\u00f6ver veta om benf\u00f6rankrad h\u00f6rsel och dess f\u00f6rdelar.<\/p>\n\n\n\n<p class=\"has-text-align-left haj-flex haj-flex-middle haj-w-max download-link has-white-color has-text-color has-link-color wp-elements-7d95a4fdf0d3c713ae7190b2731acad2\" style=\"text-decoration:underline\"><img decoding=\"async\" class=\"wp-image-962\" style=\"width: NaNpx;\" src=\"https:\/\/bahsjourney.com\/wp-content\/uploads\/2023\/11\/download-2.svg\" alt=\"download\"><a href=\"https:\/\/bahsjourney.com\/wp-content\/uploads\/2024\/01\/270468SV_CBR_Candidate-brochure_Version-A_2023.11.pdf\" target=\"_blank\" rel=\"noreferrer noopener\">Ladda ner kandidatbroschyren<\/a><\/p>\n<\/div>\n<\/div>\n\n<\/div>\n\n<div id=\"\" data-block-id=\"dab4f32e-0efd-41da-bca6-a4a9b01cd1ca\" data-section-title=\"\" style=\"\" class=\"haj-section haj-relative block-editor-block-list__block wp-block block-editor-block-list__block wp-block wp-block-haj-main-section-dynamic has-white-background-color haj-height-auto offset-menu haj-w-large haj-flex-wrap haj-flex-middle haj-height-expand haj-height-expand@m haj-height-expand@s\">\n      \n\n<div class=\"wp-block-columns is-layout-flex wp-container-core-columns-is-layout-4 wp-block-columns-is-layout-flex\" style=\"padding-top:60px;padding-bottom:60px\">\n<div class=\"wp-block-column is-vertically-aligned-center haj-height-full left-text-column is-layout-flow wp-block-column-is-layout-flow\" style=\"padding-top:0;padding-right:0;padding-bottom:0;padding-left:0\">\n<div class=\"wp-block-group has-global-padding is-content-justification-left is-layout-constrained wp-container-core-group-is-layout-2 wp-block-group-is-layout-constrained\" style=\"padding-top:0;padding-right:0;padding-bottom:0;padding-left:0\">\n<h2 class=\"wp-block-heading\" style=\"margin-bottom:16px\">Ta reda p\u00e5 om du \u00e4r en kandidat<\/h2>\n\n\n\n<p>BAHS-system kan anv\u00e4ndas p\u00e5 b\u00e5de vuxna och barn med <strong>konduktiv och kombinerad h\u00f6rselneds\u00e4ttning<\/strong>, eller med ensidig, grav h\u00f6rselneds\u00e4ttning, \u00e4ven kallad <strong>ensidig d\u00f6vhet (SSD)<\/strong>. Den andra kategorin inkluderar personer som har andra fysiska egenskaper eller medicinska tillst\u00e5nd som om\u00f6jligg\u00f6r anv\u00e4ndning av en konventionell h\u00f6rapparat.<br><br>Barn som antingen \u00e4r f\u00f6r unga f\u00f6r ett implantat eller som har en tillf\u00e4llig h\u00f6rselneds\u00e4ttning kan b\u00e4ra ljudprocessorn med ett softband. Detta \u00e4r ett flexibelt och justerbart band som passar alla huvudstorlekar.<\/p>\n<\/div>\n<\/div>\n\n\n\n<div class=\"wp-block-column is-vertically-aligned-center haj-height-full is-layout-flow wp-block-column-is-layout-flow\">\n<div class=\"wp-block-group bordered-list has-medium-font-size has-global-padding is-layout-constrained wp-container-core-group-is-layout-3 wp-block-group-is-layout-constrained\" style=\"border-left-color:var(--wp--preset--color--orange);border-left-width:4px;padding-left:26px\">\n<h4 class=\"wp-block-heading\" style=\"margin-bottom:16px\">Ett benf\u00f6rankrat h\u00f6rselsystem kan fungera bra b\u00e5de f\u00f6r vuxna och barn* med:<\/h4>\n\n\n\n<ul class=\"wp-block-list\" style=\"line-height:1.6\">\n<li>Konduktiv h\u00f6rselneds\u00e4ttning<\/li>\n\n\n\n<li>Sensorineural h\u00f6rselneds\u00e4ttning<\/li>\n\n\n\n<li>Kombinerad h\u00f6rselneds\u00e4ttning<\/li>\n\n\n\n<li>Ensidig d\u00f6vhet<\/li>\n\n\n\n<li>Problem i h\u00f6rselg\u00e5ngen och mellan\u00f6rat<\/li>\n\n\n\n<li>Missbildningar av ytter\u00f6rat, t.ex. atresi och mikroti<\/li>\n\n\n\n<li>H\u00f6rselneds\u00e4ttning orsakad av kroniska \u00f6roninfektioner<\/li>\n<\/ul>\n<\/div>\n<\/div>\n<\/div>\n\n\n\n<div class=\"wp-block-columns is-layout-flex wp-container-core-columns-is-layout-5 wp-block-columns-is-layout-flex\">\n<div class=\"wp-block-column is-layout-flow wp-block-column-is-layout-flow\">\n<p class=\"has-text-align-center has-sand-medium-color has-text-color has-link-color wp-elements-b237cb9fe50224ecd4d800e088a2a6fb\" style=\"margin-bottom:var(--wp--preset--spacing--30);font-size:14px;font-style:italic;font-weight:300\">*Ins\u00e4ttning av benf\u00f6rankrade implantat \u00e4r kontraindicerad f\u00f6r barn under fem \u00e5r i USA, Kanada och Singapore.<\/p>\n<\/div>\n<\/div>\n\n<\/div>\n\n<div id=\"ponto-system\" data-block-id=\"2e899858-fd9e-4e41-9d34-5ac74dc41743\" data-section-title=\"\" style=\"\" class=\"haj-section haj-relative block-editor-block-list__block wp-block block-editor-block-list__block wp-block wp-block-haj-main-section-dynamic has-light-grey-background-color haj-height-40vh offset-menu haj-height-auto@m haj-height-auto@xs haj-w-medium haj-flex-wrap haj-flex-middle haj-height-expand haj-height-expand@m haj-height-expand@s\">\n      \n\n<div class=\"wp-block-columns banner-section is-layout-flex wp-container-core-columns-is-layout-6 wp-block-columns-is-layout-flex\" style=\"margin-top:0;margin-bottom:0;padding-top:0;padding-bottom:0\">\n<div class=\"wp-block-column has-grey-color has-text-color has-global-padding is-layout-constrained wp-container-core-column-is-layout-7 wp-block-column-is-layout-constrained\" style=\"padding-top:0;padding-right:0;padding-bottom:0;padding-left:0\">\n<h3 class=\"wp-block-heading has-text-align-center\" style=\"margin-bottom:16px\">Hitta en klinik n\u00e4ra dig<\/h3>\n\n\n\n<p class=\"has-text-align-center has-medium-font-size\">Prata med en audionom eller l\u00e4kare f\u00f6r att veta om BAHS \u00e4r r\u00e4tt l\u00f6sning f\u00f6r dig. Du kommer att f\u00e5 din h\u00f6rsel unders\u00f6kt f\u00f6r att veta om du \u00e4r en l\u00e4mplig kandidat. Om du \u00e4r det kan du prova en Ponto 5 ljudprocessor f\u00f6r att fastst\u00e4lla om BAHS \u00e4r r\u00e4tt l\u00f6sning f\u00f6r dig. L\u00e5t oss hj\u00e4lpa dig att hitta r\u00e4tt klinik.<\/p>\n\n\n\n<div class=\"wp-block-buttons is-content-justification-center is-layout-flex wp-container-core-buttons-is-layout-1 wp-block-buttons-is-layout-flex\" style=\"margin-top:27px\">\n<div class=\"wp-block-button\"><a class=\"wp-block-button__link has-white-color has-text-color wp-element-button\" href=\"https:\/\/www.oticonmedical.com\/se\/about-oticon-medical\/contact-us?\" target=\"_blank\" rel=\"noreferrer noopener\">Kontakta oss<\/a><\/div>\n<\/div>\n<\/div>\n<\/div>\n\n<\/div>","protected":false},"excerpt":{"rendered":"","protected":false},"author":5,"featured_media":0,"parent":4247,"menu_order":0,"comment_status":"closed","ping_status":"closed","template":"wp-custom-template-candidate-pages","meta":{"_acf_changed":false,"footnotes":""},"class_list":["post-4254","page","type-page","status-publish","hentry"],"acf":[],"yoast_head":"<!-- This site is optimized with the Yoast SEO plugin v24.7 - https:\/\/yoast.com\/wordpress\/plugins\/seo\/ -->\n<title>\u00c4r jag en kandidat? - BAHS Journey<\/title>\n<meta name=\"robots\" content=\"index, follow, max-snippet:-1, max-image-preview:large, max-video-preview:-1\" \/>\n<link rel=\"canonical\" href=\"https:\/\/bahsjourney.com\/sv\/candidate\/am-i-a-candidate\/\" \/>\n<meta property=\"og:locale\" content=\"sv_SE\" \/>\n<meta property=\"og:type\" content=\"article\" \/>\n<meta property=\"og:title\" content=\"\u00c4r jag en kandidat? - BAHS Journey\" \/>\n<meta property=\"og:url\" content=\"https:\/\/bahsjourney.com\/sv\/candidate\/am-i-a-candidate\/\" \/>\n<meta property=\"og:site_name\" content=\"BAHS Journey\" \/>\n<meta property=\"article:modified_time\" content=\"2024-01-17T13:17:26+00:00\" \/>\n<meta property=\"og:image\" content=\"https:\/\/bahsjourney.com\/wp-content\/uploads\/2023\/12\/Herobild-Am-I-a-candidate-mobile.png\" \/>\n<meta name=\"twitter:card\" content=\"summary_large_image\" \/>\n<meta name=\"twitter:label1\" content=\"Ber\u00e4knad l\u00e4stid\" \/>\n\t<meta name=\"twitter:data1\" content=\"2 minuter\" \/>\n<script type=\"application\/ld+json\" class=\"yoast-schema-graph\">{\"@context\":\"https:\/\/schema.org\",\"@graph\":[{\"@type\":\"WebPage\",\"@id\":\"https:\/\/bahsjourney.com\/sv\/candidate\/am-i-a-candidate\/\",\"url\":\"https:\/\/bahsjourney.com\/sv\/candidate\/am-i-a-candidate\/\",\"name\":\"\u00c4r jag en kandidat? - BAHS Journey\",\"isPartOf\":{\"@id\":\"https:\/\/bahsjourney.com\/#website\"},\"primaryImageOfPage\":{\"@id\":\"https:\/\/bahsjourney.com\/sv\/candidate\/am-i-a-candidate\/#primaryimage\"},\"image\":{\"@id\":\"https:\/\/bahsjourney.com\/sv\/candidate\/am-i-a-candidate\/#primaryimage\"},\"thumbnailUrl\":\"https:\/\/bahsjourney.com\/wp-content\/uploads\/2023\/12\/Herobild-Am-I-a-candidate-mobile.png\",\"datePublished\":\"2023-10-31T16:04:34+00:00\",\"dateModified\":\"2024-01-17T13:17:26+00:00\",\"breadcrumb\":{\"@id\":\"https:\/\/bahsjourney.com\/sv\/candidate\/am-i-a-candidate\/#breadcrumb\"},\"inLanguage\":\"sv-SE\",\"potentialAction\":[{\"@type\":\"ReadAction\",\"target\":[\"https:\/\/bahsjourney.com\/sv\/candidate\/am-i-a-candidate\/\"]}]},{\"@type\":\"ImageObject\",\"inLanguage\":\"sv-SE\",\"@id\":\"https:\/\/bahsjourney.com\/sv\/candidate\/am-i-a-candidate\/#primaryimage\",\"url\":\"https:\/\/bahsjourney.com\/wp-content\/uploads\/2023\/12\/Herobild-Am-I-a-candidate-mobile.png\",\"contentUrl\":\"https:\/\/bahsjourney.com\/wp-content\/uploads\/2023\/12\/Herobild-Am-I-a-candidate-mobile.png\"},{\"@type\":\"BreadcrumbList\",\"@id\":\"https:\/\/bahsjourney.com\/sv\/candidate\/am-i-a-candidate\/#breadcrumb\",\"itemListElement\":[{\"@type\":\"ListItem\",\"position\":1,\"name\":\"Home\",\"item\":\"https:\/\/bahsjourney.com\/sv\/\"},{\"@type\":\"ListItem\",\"position\":2,\"name\":\"Kandidat\",\"item\":\"https:\/\/bahsjourney.com\/sv\/candidate\/\"},{\"@type\":\"ListItem\",\"position\":3,\"name\":\"\u00c4r jag en kandidat?\"}]},{\"@type\":\"WebSite\",\"@id\":\"https:\/\/bahsjourney.com\/#website\",\"url\":\"https:\/\/bahsjourney.com\/\",\"name\":\"BAHS Journey\",\"description\":\"\",\"publisher\":{\"@id\":\"https:\/\/bahsjourney.com\/#organization\"},\"potentialAction\":[{\"@type\":\"SearchAction\",\"target\":{\"@type\":\"EntryPoint\",\"urlTemplate\":\"https:\/\/bahsjourney.com\/?s={search_term_string}\"},\"query-input\":{\"@type\":\"PropertyValueSpecification\",\"valueRequired\":true,\"valueName\":\"search_term_string\"}}],\"inLanguage\":\"sv-SE\"},{\"@type\":\"Organization\",\"@id\":\"https:\/\/bahsjourney.com\/#organization\",\"name\":\"BAHS Journey\",\"url\":\"https:\/\/bahsjourney.com\/\",\"logo\":{\"@type\":\"ImageObject\",\"inLanguage\":\"sv-SE\",\"@id\":\"https:\/\/bahsjourney.com\/#\/schema\/logo\/image\/\",\"url\":\"https:\/\/bahsjourney.com\/wp-content\/uploads\/2023\/11\/oticon-Logo.svg\",\"contentUrl\":\"https:\/\/bahsjourney.com\/wp-content\/uploads\/2023\/11\/oticon-Logo.svg\",\"width\":1,\"height\":1,\"caption\":\"BAHS Journey\"},\"image\":{\"@id\":\"https:\/\/bahsjourney.com\/#\/schema\/logo\/image\/\"}}]}<\/script>\n<!-- \/ Yoast SEO plugin. -->","yoast_head_json":{"title":"\u00c4r jag en kandidat? - BAHS Journey","robots":{"index":"index","follow":"follow","max-snippet":"max-snippet:-1","max-image-preview":"max-image-preview:large","max-video-preview":"max-video-preview:-1"},"canonical":"https:\/\/bahsjourney.com\/sv\/candidate\/am-i-a-candidate\/","og_locale":"sv_SE","og_type":"article","og_title":"\u00c4r jag en kandidat? - BAHS Journey","og_url":"https:\/\/bahsjourney.com\/sv\/candidate\/am-i-a-candidate\/","og_site_name":"BAHS Journey","article_modified_time":"2024-01-17T13:17:26+00:00","og_image":[{"url":"https:\/\/bahsjourney.com\/wp-content\/uploads\/2023\/12\/Herobild-Am-I-a-candidate-mobile.png","type":"","width":"","height":""}],"twitter_card":"summary_large_image","twitter_misc":{"Ber\u00e4knad l\u00e4stid":"2 minuter"},"schema":{"@context":"https:\/\/schema.org","@graph":[{"@type":"WebPage","@id":"https:\/\/bahsjourney.com\/sv\/candidate\/am-i-a-candidate\/","url":"https:\/\/bahsjourney.com\/sv\/candidate\/am-i-a-candidate\/","name":"\u00c4r jag en kandidat? - BAHS Journey","isPartOf":{"@id":"https:\/\/bahsjourney.com\/#website"},"primaryImageOfPage":{"@id":"https:\/\/bahsjourney.com\/sv\/candidate\/am-i-a-candidate\/#primaryimage"},"image":{"@id":"https:\/\/bahsjourney.com\/sv\/candidate\/am-i-a-candidate\/#primaryimage"},"thumbnailUrl":"https:\/\/bahsjourney.com\/wp-content\/uploads\/2023\/12\/Herobild-Am-I-a-candidate-mobile.png","datePublished":"2023-10-31T16:04:34+00:00","dateModified":"2024-01-17T13:17:26+00:00","breadcrumb":{"@id":"https:\/\/bahsjourney.com\/sv\/candidate\/am-i-a-candidate\/#breadcrumb"},"inLanguage":"sv-SE","potentialAction":[{"@type":"ReadAction","target":["https:\/\/bahsjourney.com\/sv\/candidate\/am-i-a-candidate\/"]}]},{"@type":"ImageObject","inLanguage":"sv-SE","@id":"https:\/\/bahsjourney.com\/sv\/candidate\/am-i-a-candidate\/#primaryimage","url":"https:\/\/bahsjourney.com\/wp-content\/uploads\/2023\/12\/Herobild-Am-I-a-candidate-mobile.png","contentUrl":"https:\/\/bahsjourney.com\/wp-content\/uploads\/2023\/12\/Herobild-Am-I-a-candidate-mobile.png"},{"@type":"BreadcrumbList","@id":"https:\/\/bahsjourney.com\/sv\/candidate\/am-i-a-candidate\/#breadcrumb","itemListElement":[{"@type":"ListItem","position":1,"name":"Home","item":"https:\/\/bahsjourney.com\/sv\/"},{"@type":"ListItem","position":2,"name":"Kandidat","item":"https:\/\/bahsjourney.com\/sv\/candidate\/"},{"@type":"ListItem","position":3,"name":"\u00c4r jag en kandidat?"}]},{"@type":"WebSite","@id":"https:\/\/bahsjourney.com\/#website","url":"https:\/\/bahsjourney.com\/","name":"BAHS Journey","description":"","publisher":{"@id":"https:\/\/bahsjourney.com\/#organization"},"potentialAction":[{"@type":"SearchAction","target":{"@type":"EntryPoint","urlTemplate":"https:\/\/bahsjourney.com\/?s={search_term_string}"},"query-input":{"@type":"PropertyValueSpecification","valueRequired":true,"valueName":"search_term_string"}}],"inLanguage":"sv-SE"},{"@type":"Organization","@id":"https:\/\/bahsjourney.com\/#organization","name":"BAHS Journey","url":"https:\/\/bahsjourney.com\/","logo":{"@type":"ImageObject","inLanguage":"sv-SE","@id":"https:\/\/bahsjourney.com\/#\/schema\/logo\/image\/","url":"https:\/\/bahsjourney.com\/wp-content\/uploads\/2023\/11\/oticon-Logo.svg","contentUrl":"https:\/\/bahsjourney.com\/wp-content\/uploads\/2023\/11\/oticon-Logo.svg","width":1,"height":1,"caption":"BAHS Journey"},"image":{"@id":"https:\/\/bahsjourney.com\/#\/schema\/logo\/image\/"}}]}},"_links":{"self":[{"href":"https:\/\/bahsjourney.com\/sv\/wp-json\/wp\/v2\/pages\/4254"}],"collection":[{"href":"https:\/\/bahsjourney.com\/sv\/wp-json\/wp\/v2\/pages"}],"about":[{"href":"https:\/\/bahsjourney.com\/sv\/wp-json\/wp\/v2\/types\/page"}],"author":[{"embeddable":true,"href":"https:\/\/bahsjourney.com\/sv\/wp-json\/wp\/v2\/users\/5"}],"replies":[{"embeddable":true,"href":"https:\/\/bahsjourney.com\/sv\/wp-json\/wp\/v2\/comments?post=4254"}],"version-history":[{"count":3,"href":"https:\/\/bahsjourney.com\/sv\/wp-json\/wp\/v2\/pages\/4254\/revisions"}],"predecessor-version":[{"id":4416,"href":"https:\/\/bahsjourney.com\/sv\/wp-json\/wp\/v2\/pages\/4254\/revisions\/4416"}],"up":[{"embeddable":true,"href":"https:\/\/bahsjourney.com\/sv\/wp-json\/wp\/v2\/pages\/4247"}],"wp:attachment":[{"href":"https:\/\/bahsjourney.com\/sv\/wp-json\/wp\/v2\/media?parent=4254"}],"curies":[{"name":"wp","href":"https:\/\/api.w.org\/{rel}","templated":true}]}}