{"id":7704,"date":"2023-11-17T11:06:01","date_gmt":"2023-11-17T09:06:01","guid":{"rendered":"https:\/\/bahsjourney.com\/?page_id=7704"},"modified":"2024-01-24T16:39:40","modified_gmt":"2024-01-24T14:39:40","slug":"politica-de-cookies","status":"publish","type":"page","link":"https:\/\/bahsjourney.com\/pt-br\/politica-de-cookies\/","title":{"rendered":"Pol\u00edtica de Cookies"},"content":{"rendered":"<div id=\"cookie-page\" data-block-id=\"958f5280-79be-4ec8-890f-884351e1ac02\" data-section-title=\"\" style=\"\" class=\"haj-section haj-relative block-editor-block-list__block wp-block block-editor-block-list__block wp-block has-child-selected wp-block-haj-main-section-dynamic has-white-background-color haj-height-auto offset-menu haj-w-small haj-flex-wrap haj-flex-middle haj-height-expand haj-height-expand@m haj-height-expand@s\">\n      \n\n<div class=\"wp-block-columns is-layout-flex wp-container-core-columns-is-layout-1 wp-block-columns-is-layout-flex\" style=\"padding-top:var(--wp--preset--spacing--50);padding-bottom:var(--wp--preset--spacing--50)\">\n<div class=\"wp-block-column is-layout-flow wp-block-column-is-layout-flow\">\n<h1 class=\"wp-block-heading has-text-align-center\">Pol\u00edtica de Cookies<\/h1>\n\n\n\n<p><strong><strong>Este site \u00e9 fornecido e controlado pela Oticon Medical AB, Datav\u00e4gen 37B, 436 32 Askim, Sweden<\/strong><\/strong>.<\/p>\n\n\n\n<p><\/p>\n\n\n\n<p>Esta pol\u00edtica considera cookies e outros mecanismos semelhantes usados em nossos sites. Caso voc\u00ea n\u00e3o concorde com os termos estabelecidos aqui, n\u00e3o utilize este site e exclua os cookies enviados pelo site.<\/p>\n\n\n\n<p><\/p>\n\n\n\n<p>As informa\u00e7\u00f5es contidas nesta Pol\u00edtica de Cookies s\u00e3o fornecidas a voc\u00ea de forma aberta e transparente, para que voc\u00ea possa ver como os cookies s\u00e3o usados para enriquecer a experi\u00eancia do visitante e fazer uma escolha embasada para permitir seu uso. No entanto, se desejar excluir os cookies, isso pode ser feito por meio das configura\u00e7\u00f5es do seu navegador da Web. Abaixo, voc\u00ea pode ler mais sobre o uso de cookies em nossos sites.<\/p>\n\n\n\n<p><\/p>\n\n\n\n<h2 class=\"wp-block-heading\">Cookies<\/h2>\n\n\n\n<p>Ao visitar este site, seu dispositivo online receber\u00e1 automaticamente um ou v\u00e1rios cookies, que s\u00e3o transferidos deste site ou de dom\u00ednios de terceiros para seu navegador da Internet.<\/p>\n\n\n\n<p><\/p>\n\n\n\n<h2 class=\"wp-block-heading\">O que \u00e9 um cookie?<\/h2>\n\n\n\n<p>Um cookie \u00e9 um pequeno ficheiro que \u00e9 armazenado no seu computador, tablet ou telem\u00f3vel. Um cookie n\u00e3o \u00e9 um programa que pode conter v\u00edrus ou programas nocivos.<\/p>\n\n\n\n<p><\/p>\n\n\n\n<h2 class=\"wp-block-heading\">Por que raz\u00e3o a p\u00e1gina inicial utiliza cookie<\/h2>\n\n\n\n<p>Os cookies s\u00e3o necess\u00e1rios para a p\u00e1gina inicial funcionar. Os cookies ajudam-nos a obter uma vis\u00e3o geral da sua visita \u00e0 p\u00e1gina inicial para que possamos otimizar e personalizar continuamente a p\u00e1gina inicial \u00e0s suas necessidades e interesses. Por exemplo, os cookies recordam o que pode ter adicionado a um carrinho de compras, no caso de j\u00e1 ter visitado a p\u00e1gina anteriormente, se iniciou a sess\u00e3o e que idiomas e moeda deseja que sejam exibidos na p\u00e1gina inicial. Tamb\u00e9m usamos cookies para direcionar publicidade para si noutras p\u00e1ginas iniciais. Em termos muito gerais, os cookies s\u00e3o usados como parte dos nossos servi\u00e7os para mostrar conte\u00fados que sejam o mais relevante poss\u00edvel para si.<\/p>\n\n\n\n<p><\/p>\n\n\n\n<h2 class=\"wp-block-heading\">Por quanto tempo s\u00e3o os cookies armazenados?<\/h2>\n\n\n\n<p>O per\u00edodo tempo em que os cookies s\u00e3o armazenados no seu dispositivo pode variar. A sua validade \u00e9 calculada a partir da data da sua \u00faltima visita \u00e0 p\u00e1gina inicial. Quando os cookies expiram, s\u00e3o automaticamente eliminados. Pode consultar a lista completa de cookies abaixo.<\/p>\n\n\n\n<p><\/p>\n\n\n\n<h2 class=\"wp-block-heading\">\u00c9 desta formar que poder\u00e1 rejeitar ou eliminar os seus cookies<\/h2>\n\n\n\n<p>Poder\u00e1 eliminar os cookies do seu computador, tablet ou telem\u00f3vel sempre que desejar, alterando as defini\u00e7\u00f5es do seu navegador. A localiza\u00e7\u00e3o dessas defini\u00e7\u00f5es varia dependendo do tipo de navegador que estiver a utilizar. Se alterar as defini\u00e7\u00f5es, queiram ter em aten\u00e7\u00e3o de que n\u00e3o poder\u00e1 utilizar algumas fun\u00e7\u00f5es e servi\u00e7os, pois estes dependem da capacidade da p\u00e1gina inicial em recordar as escolhas que fez.<br>Pode optar por n\u00e3o receber cookies do Google Analytics\u00a0<a href=\"https:\/\/tools.google.com\/dlpage\/gaoptout\" target=\"_blank\" rel=\"noreferrer noopener\">aqui<\/a>.<br>\u00c9 poss\u00edvel optar por n\u00e3o aceitar cookies de algumas redes de an\u00fancios que partilham informa\u00e7\u00f5es em v\u00e1rias redes\u00a0<a href=\"http:\/\/www.youronlinechoices.com\/uk\/your-ad-choices\" target=\"_blank\" rel=\"noreferrer noopener\">aqui<\/a>.<\/p>\n\n\n\n<p><\/p>\n\n\n\n<h2 class=\"wp-block-heading\">Elimina\u00e7\u00e3o de cookies<\/h2>\n\n\n\n<p>Pode eliminar os cookies que aceitou anteriormente. Se estiver a utilizar um PC com uma vers\u00e3o recente de um navegador, poder\u00e1 eliminar os seus cookies utilizando os seguintes atalhos de teclado: CTRL + SHIFT + Delete.<\/p>\n\n\n\n<p>Se os atalhos de teclado n\u00e3o funcionarem e\/ou se estiver a utilizar um computador da Apple, ter\u00e1 de descobrir o navegador que est\u00e1 a usar e, em seguida, clicar no link relevante:<\/p>\n\n\n\n<ul class=\"wp-block-list\">\n<li><a href=\"https:\/\/support.microsoft.com\/en-us\/help\/17442\/windows-internet-explorer-delete-manage-cookies#ie=ie-11\" target=\"_blank\" rel=\"noreferrer noopener\">Internet Explorer<\/a><\/li>\n\n\n\n<li><a href=\"https:\/\/support.mozilla.org\/en-US\/kb\/delete-cookies-remove-info-websites-stored\" target=\"_blank\" rel=\"noreferrer noopener\">Mozilla Firefox<\/a><\/li>\n\n\n\n<li><a href=\"https:\/\/support.google.com\/chrome\/answer\/95647?hl=en\" target=\"_blank\" rel=\"noreferrer noopener\">Google Chrome<\/a><\/li>\n\n\n\n<li><a href=\"https:\/\/www.opera.com\/help\/tutorials\/security\/cookies\" target=\"_blank\" rel=\"noreferrer noopener\">Opera<\/a><\/li>\n\n\n\n<li><a href=\"https:\/\/support.apple.com\/en-us\/HT201265\" target=\"_blank\" rel=\"noreferrer noopener\">Safari<\/a><\/li>\n\n\n\n<li><a href=\"https:\/\/www.macromedia.com\/support\/documentation\/en\/flashplayer\/help\/settings_manager07.html\" target=\"_blank\" rel=\"noreferrer noopener\">Flash cookies<\/a><\/li>\n\n\n\n<li><a href=\"https:\/\/support.apple.com\/en-us\/HT1677\" target=\"_blank\" rel=\"noreferrer noopener\">Apple<\/a><\/li>\n\n\n\n<li><a href=\"https:\/\/timeread.hubpages.com\/hub\/How-to-delete-internet-cookies-on-your-Droid-or-any-Android-device\" target=\"_blank\" rel=\"noreferrer noopener\">Android<\/a><\/li>\n\n\n\n<li><a href=\"https:\/\/support.microsoft.com\/en-us\/help\/11696\/windows-phone-7\" target=\"_blank\" rel=\"noreferrer noopener\">Windows 7<\/a><\/li>\n<\/ul>\n\n\n\n<p>Lembre-se: se estiver a utilizar v\u00e1rios navegadores diferentes, dever\u00e1 eliminar os cookies em todos eles.<\/p>\n\n\n\n<p><\/p>\n\n\n\n<h2 class=\"wp-block-heading\">Tem alguma quest\u00e3o?<\/h2>\n\n\n\n<p>Se tiver d\u00favidas ou coment\u00e1rios em rela\u00e7\u00e3o a esta informa\u00e7\u00e3o e\/ou ao tratamento de dados pessoais, entre em contacto connosco. A declara\u00e7\u00e3o de cookies \u00e9 atualizada todos os meses atrav\u00e9s de\u00a0<a href=\"https:\/\/cookieinformation.com\/\" target=\"_blank\" rel=\"noreferrer noopener\">Cookie Information<\/a>. Se tiver alguma d\u00favida em rela\u00e7\u00e3o \u00e0s Informa\u00e7\u00f5es sobre cookies, envie um email para info@cookieinformation.com.<\/p>\n\n\n\n<div class= \"cky-audit-table-element\"><\/div>\n\n\n\n<h2 class=\"wp-block-heading\">Change cookie settings<\/h2>\n\n\n\n<p>You can click the button in the bottom left corner if you have previously accepted marketing cookies on this site, but would like to only accept the cookies that are required for the website to function.<\/p>\n<\/div>\n<\/div>\n\n<\/div>","protected":false},"excerpt":{"rendered":"","protected":false},"author":5,"featured_media":0,"parent":0,"menu_order":0,"comment_status":"closed","ping_status":"closed","template":"wp-custom-template-professional-pages","meta":{"_acf_changed":false,"footnotes":""},"class_list":["post-7704","page","type-page","status-publish","hentry"],"acf":[],"yoast_head":"<!-- This site is optimized with the Yoast SEO plugin v24.7 - https:\/\/yoast.com\/wordpress\/plugins\/seo\/ -->\n<title>Pol\u00edtica de Cookies - BAHS Journey<\/title>\n<meta name=\"robots\" content=\"index, follow, max-snippet:-1, max-image-preview:large, max-video-preview:-1\" \/>\n<link rel=\"canonical\" href=\"https:\/\/bahsjourney.com\/pt-br\/politica-de-cookies\/\" \/>\n<meta property=\"og:locale\" content=\"pt_BR\" \/>\n<meta property=\"og:type\" content=\"article\" \/>\n<meta property=\"og:title\" content=\"Pol\u00edtica de Cookies - BAHS Journey\" \/>\n<meta property=\"og:url\" content=\"https:\/\/bahsjourney.com\/pt-br\/politica-de-cookies\/\" \/>\n<meta property=\"og:site_name\" content=\"BAHS Journey\" \/>\n<meta property=\"article:modified_time\" content=\"2024-01-24T14:39:40+00:00\" \/>\n<meta name=\"twitter:card\" content=\"summary_large_image\" \/>\n<meta name=\"twitter:label1\" content=\"Est. tempo de leitura\" \/>\n\t<meta name=\"twitter:data1\" content=\"4 minutos\" \/>\n<script type=\"application\/ld+json\" class=\"yoast-schema-graph\">{\"@context\":\"https:\/\/schema.org\",\"@graph\":[{\"@type\":\"WebPage\",\"@id\":\"https:\/\/bahsjourney.com\/pt-br\/politica-de-cookies\/\",\"url\":\"https:\/\/bahsjourney.com\/pt-br\/politica-de-cookies\/\",\"name\":\"Pol\u00edtica de Cookies - BAHS Journey\",\"isPartOf\":{\"@id\":\"https:\/\/bahsjourney.com\/#website\"},\"datePublished\":\"2023-11-17T09:06:01+00:00\",\"dateModified\":\"2024-01-24T14:39:40+00:00\",\"breadcrumb\":{\"@id\":\"https:\/\/bahsjourney.com\/pt-br\/politica-de-cookies\/#breadcrumb\"},\"inLanguage\":\"pt-BR\",\"potentialAction\":[{\"@type\":\"ReadAction\",\"target\":[\"https:\/\/bahsjourney.com\/pt-br\/politica-de-cookies\/\"]}]},{\"@type\":\"BreadcrumbList\",\"@id\":\"https:\/\/bahsjourney.com\/pt-br\/politica-de-cookies\/#breadcrumb\",\"itemListElement\":[{\"@type\":\"ListItem\",\"position\":1,\"name\":\"Home\",\"item\":\"https:\/\/bahsjourney.com\/pt-br\/\"},{\"@type\":\"ListItem\",\"position\":2,\"name\":\"Pol\u00edtica de Cookies\"}]},{\"@type\":\"WebSite\",\"@id\":\"https:\/\/bahsjourney.com\/#website\",\"url\":\"https:\/\/bahsjourney.com\/\",\"name\":\"BAHS Journey\",\"description\":\"\",\"publisher\":{\"@id\":\"https:\/\/bahsjourney.com\/#organization\"},\"potentialAction\":[{\"@type\":\"SearchAction\",\"target\":{\"@type\":\"EntryPoint\",\"urlTemplate\":\"https:\/\/bahsjourney.com\/?s={search_term_string}\"},\"query-input\":{\"@type\":\"PropertyValueSpecification\",\"valueRequired\":true,\"valueName\":\"search_term_string\"}}],\"inLanguage\":\"pt-BR\"},{\"@type\":\"Organization\",\"@id\":\"https:\/\/bahsjourney.com\/#organization\",\"name\":\"BAHS Journey\",\"url\":\"https:\/\/bahsjourney.com\/\",\"logo\":{\"@type\":\"ImageObject\",\"inLanguage\":\"pt-BR\",\"@id\":\"https:\/\/bahsjourney.com\/#\/schema\/logo\/image\/\",\"url\":\"https:\/\/bahsjourney.com\/wp-content\/uploads\/2023\/11\/oticon-Logo.svg\",\"contentUrl\":\"https:\/\/bahsjourney.com\/wp-content\/uploads\/2023\/11\/oticon-Logo.svg\",\"width\":1,\"height\":1,\"caption\":\"BAHS Journey\"},\"image\":{\"@id\":\"https:\/\/bahsjourney.com\/#\/schema\/logo\/image\/\"}}]}<\/script>\n<!-- \/ Yoast SEO plugin. -->","yoast_head_json":{"title":"Pol\u00edtica de Cookies - BAHS Journey","robots":{"index":"index","follow":"follow","max-snippet":"max-snippet:-1","max-image-preview":"max-image-preview:large","max-video-preview":"max-video-preview:-1"},"canonical":"https:\/\/bahsjourney.com\/pt-br\/politica-de-cookies\/","og_locale":"pt_BR","og_type":"article","og_title":"Pol\u00edtica de Cookies - BAHS Journey","og_url":"https:\/\/bahsjourney.com\/pt-br\/politica-de-cookies\/","og_site_name":"BAHS Journey","article_modified_time":"2024-01-24T14:39:40+00:00","twitter_card":"summary_large_image","twitter_misc":{"Est. tempo de leitura":"4 minutos"},"schema":{"@context":"https:\/\/schema.org","@graph":[{"@type":"WebPage","@id":"https:\/\/bahsjourney.com\/pt-br\/politica-de-cookies\/","url":"https:\/\/bahsjourney.com\/pt-br\/politica-de-cookies\/","name":"Pol\u00edtica de Cookies - BAHS Journey","isPartOf":{"@id":"https:\/\/bahsjourney.com\/#website"},"datePublished":"2023-11-17T09:06:01+00:00","dateModified":"2024-01-24T14:39:40+00:00","breadcrumb":{"@id":"https:\/\/bahsjourney.com\/pt-br\/politica-de-cookies\/#breadcrumb"},"inLanguage":"pt-BR","potentialAction":[{"@type":"ReadAction","target":["https:\/\/bahsjourney.com\/pt-br\/politica-de-cookies\/"]}]},{"@type":"BreadcrumbList","@id":"https:\/\/bahsjourney.com\/pt-br\/politica-de-cookies\/#breadcrumb","itemListElement":[{"@type":"ListItem","position":1,"name":"Home","item":"https:\/\/bahsjourney.com\/pt-br\/"},{"@type":"ListItem","position":2,"name":"Pol\u00edtica de Cookies"}]},{"@type":"WebSite","@id":"https:\/\/bahsjourney.com\/#website","url":"https:\/\/bahsjourney.com\/","name":"BAHS Journey","description":"","publisher":{"@id":"https:\/\/bahsjourney.com\/#organization"},"potentialAction":[{"@type":"SearchAction","target":{"@type":"EntryPoint","urlTemplate":"https:\/\/bahsjourney.com\/?s={search_term_string}"},"query-input":{"@type":"PropertyValueSpecification","valueRequired":true,"valueName":"search_term_string"}}],"inLanguage":"pt-BR"},{"@type":"Organization","@id":"https:\/\/bahsjourney.com\/#organization","name":"BAHS Journey","url":"https:\/\/bahsjourney.com\/","logo":{"@type":"ImageObject","inLanguage":"pt-BR","@id":"https:\/\/bahsjourney.com\/#\/schema\/logo\/image\/","url":"https:\/\/bahsjourney.com\/wp-content\/uploads\/2023\/11\/oticon-Logo.svg","contentUrl":"https:\/\/bahsjourney.com\/wp-content\/uploads\/2023\/11\/oticon-Logo.svg","width":1,"height":1,"caption":"BAHS Journey"},"image":{"@id":"https:\/\/bahsjourney.com\/#\/schema\/logo\/image\/"}}]}},"_links":{"self":[{"href":"https:\/\/bahsjourney.com\/pt-br\/wp-json\/wp\/v2\/pages\/7704"}],"collection":[{"href":"https:\/\/bahsjourney.com\/pt-br\/wp-json\/wp\/v2\/pages"}],"about":[{"href":"https:\/\/bahsjourney.com\/pt-br\/wp-json\/wp\/v2\/types\/page"}],"author":[{"embeddable":true,"href":"https:\/\/bahsjourney.com\/pt-br\/wp-json\/wp\/v2\/users\/5"}],"replies":[{"embeddable":true,"href":"https:\/\/bahsjourney.com\/pt-br\/wp-json\/wp\/v2\/comments?post=7704"}],"version-history":[{"count":1,"href":"https:\/\/bahsjourney.com\/pt-br\/wp-json\/wp\/v2\/pages\/7704\/revisions"}],"predecessor-version":[{"id":7705,"href":"https:\/\/bahsjourney.com\/pt-br\/wp-json\/wp\/v2\/pages\/7704\/revisions\/7705"}],"wp:attachment":[{"href":"https:\/\/bahsjourney.com\/pt-br\/wp-json\/wp\/v2\/media?parent=7704"}],"curies":[{"name":"wp","href":"https:\/\/api.w.org\/{rel}","templated":true}]}}