{"id":7033,"date":"2023-11-03T16:40:49","date_gmt":"2023-11-03T14:40:49","guid":{"rendered":"https:\/\/bahsjourney.com\/?page_id=7033"},"modified":"2024-09-17T10:50:17","modified_gmt":"2024-09-17T08:50:17","slug":"professional","status":"publish","type":"page","link":"https:\/\/bahsjourney.com\/pt-br\/professional\/","title":{"rendered":"Profissional"},"content":{"rendered":"<div id=\"mobile-hero\" data-block-id=\"26608914-038b-44cc-a7dc-d0ed019090b6\" data-section-title=\"\" style=\"\" class=\"haj-section haj-relative block-editor-block-list__block wp-block block-editor-block-list__block wp-block haj-hidden haj-block@m haj-p-0 wp-block-haj-main-section-dynamic has-white-background-color haj-height-auto offset-menu haj-w-full haj-flex-wrap haj-flex-middle haj-height-expand haj-height-expand@m haj-height-expand@s\">\n      \n\n<div class=\"wp-block-columns is-layout-flex wp-container-core-columns-is-layout-1 wp-block-columns-is-layout-flex\" style=\"padding-top:30px;padding-bottom:30px\">\n<div class=\"wp-block-column is-layout-flow wp-block-column-is-layout-flow\">\n<figure class=\"wp-block-image alignright size-full has-custom-border\"><img loading=\"lazy\" decoding=\"async\" width=\"1002\" height=\"722\" src=\"https:\/\/bahsjourney.com\/wp-content\/uploads\/2023\/12\/Herobild-Professional-Mobile.png\" alt=\"\" class=\"wp-image-2207\" style=\"border-top-left-radius:130px;border-bottom-left-radius:130px;object-fit:cover\" srcset=\"https:\/\/bahsjourney.com\/wp-content\/uploads\/2023\/12\/Herobild-Professional-Mobile.png 1002w, https:\/\/bahsjourney.com\/wp-content\/uploads\/2023\/12\/Herobild-Professional-Mobile-300x216.png 300w, https:\/\/bahsjourney.com\/wp-content\/uploads\/2023\/12\/Herobild-Professional-Mobile-768x553.png 768w\" sizes=\"(max-width: 1002px) 100vw, 1002px\" \/><\/figure>\n<\/div>\n<\/div>\n\n<\/div>\n\n<div id=\"hero-section\" data-block-id=\"187a1365-6fa7-4189-9d9d-cca7d90452f5\" data-section-title=\"\" style=\"\" class=\"haj-section haj-relative block-editor-block-list__block wp-block block-editor-block-list__block wp-block wp-block-haj-main-section-dynamic has-white-background-color haj-height-70vh offset-menu haj-height-auto@m haj-height-auto@xs haj-w-large haj-flex-wrap haj-flex-middle haj-height-expand haj-height-expand@m haj-height-expand@s\">\n         <img loading=\"lazy\" decoding=\"async\"\n         src=\"https:\/\/bahsjourney.com\/wp-content\/uploads\/2023\/12\/Herobild-Professional.png\"\n         alt=\"\"\n         height=\"722\"\n         width=\"1321\"\n         style=\"width:46%; top:5vh; bottom:5vh; height:calc(100% - 10vh);\"\n         class=\"haj-background-image haj-right  haj-hidden@s haj-hidden@m\" \/>\n      \n\n<div class=\"wp-block-columns is-layout-flex wp-container-core-columns-is-layout-2 wp-block-columns-is-layout-flex\" style=\"padding-top:var(--wp--preset--spacing--80);padding-right:0;padding-bottom:var(--wp--preset--spacing--80);padding-left:0\">\n<div class=\"wp-block-column is-vertically-aligned-center is-layout-flow wp-block-column-is-layout-flow\" style=\"padding-right:0;padding-left:0;flex-basis:45%\">\n<div class=\"wp-block-group is-vertical is-layout-flex wp-container-core-group-is-layout-1 wp-block-group-is-layout-flex\" style=\"padding-right:0;padding-left:0\">\n<h1 class=\"wp-block-heading\" style=\"margin-bottom:22px\">Apoie a jornada para <br>uma audi\u00e7\u00e3o melhor<\/h1>\n\n\n\n<p style=\"margin-bottom:22px\">Essa ferramenta online ajuda voc\u00ea a orientar seus pacientes na jornada para uma melhor audi\u00e7\u00e3o com um dispositivo BAHS. Use nossa ferramenta para apresentar toda a jornada ou concentre-se em apenas uma ou duas etapas, com materiais de apoio e leituras adicionais prontamente dispon\u00edveis ao seu alcance.<\/p>\n\n\n\n<div class=\"wp-block-buttons is-layout-flex wp-block-buttons-is-layout-flex\">\n<div class=\"wp-block-button has-custom-font-size open-journey\" style=\"font-size:clamp(14.642px, 0.915rem + ((1vw - 3.2px) * 0.575), 22px);\"><a class=\"wp-block-button__link wp-element-button\">Iniciar o aconselhamento<\/a><\/div>\n<\/div>\n<\/div>\n<\/div>\n<\/div>\n\n<\/div>\n\n<div id=\"\" data-block-id=\"2e899858-fd9e-4e41-9d34-5ac74dc41743\" data-section-title=\"\" style=\"\" class=\"haj-section haj-relative block-editor-block-list__block wp-block block-editor-block-list__block wp-block haj-hidden wp-block-haj-main-section-dynamic has-orange-background-color haj-height-30vh offset-menu haj-w-full haj-flex-wrap haj-flex-middle haj-height-expand haj-height-expand@m haj-height-expand@s\">\n      \n\n<div class=\"wp-block-columns banner-section is-layout-flex wp-container-core-columns-is-layout-3 wp-block-columns-is-layout-flex\" style=\"padding-top:99px;padding-bottom:99px\">\n<div class=\"wp-block-column has-global-padding is-layout-constrained wp-container-core-column-is-layout-3 wp-block-column-is-layout-constrained\" style=\"padding-top:0px;padding-right:0;padding-bottom:0px;padding-left:0\">\n<h2 class=\"wp-block-heading has-text-align-center has-white-color has-text-color\" style=\"margin-top:0px;margin-bottom:6px;font-style:normal;font-weight:500\">400 000+<\/h2>\n\n\n\n<p class=\"has-text-align-center has-white-color has-text-color has-medium-font-size\">Users around the world benefit from a bone anchored hearing system like the Ponto sound processor.<\/p>\n<\/div>\n<\/div>\n\n<\/div>\n\n<div id=\"mobile-hero\" data-block-id=\"26608914-038b-44cc-a7dc-d0ed019090b6\" data-section-title=\"\" style=\"\" class=\"haj-section haj-relative block-editor-block-list__block wp-block block-editor-block-list__block wp-block haj-hidden haj-block@m haj-p-0 wp-block-haj-main-section-dynamic has-white-background-color haj-height-auto offset-menu haj-w-full haj-flex-wrap haj-flex-middle haj-height-expand haj-height-expand@m haj-height-expand@s\">\n      \n\n<div class=\"wp-block-columns is-layout-flex wp-container-core-columns-is-layout-4 wp-block-columns-is-layout-flex\" style=\"padding-top:0;padding-bottom:0\">\n<div class=\"wp-block-column is-layout-flow wp-block-column-is-layout-flow\">\n<figure class=\"wp-block-image alignright size-full has-custom-border haj-w-full\"><img decoding=\"async\" src=\"https:\/\/bahsjourney.com\/wp-content\/uploads\/2023\/11\/Frame-sdfasdfs319.png\" alt=\"\" class=\"wp-image-1663\" style=\"border-top-left-radius:130px;border-bottom-left-radius:130px;object-fit:cover\"\/><\/figure>\n<\/div>\n<\/div>\n\n<\/div>\n\n<div id=\"start-journey-section\" data-block-id=\"187a1365-6fa7-4189-9d9d-cca7d90452f5\" data-section-title=\"\" style=\"\" class=\"haj-section haj-relative block-editor-block-list__block wp-block block-editor-block-list__block wp-block haj-hidden wp-block-haj-main-section-dynamic has-white-background-color haj-height-50vh offset-menu haj-height-auto@m haj-height-auto@xs haj-w-large haj-flex-wrap haj-flex-middle haj-height-expand haj-height-expand@m haj-height-expand@s\">\n         <img loading=\"lazy\" decoding=\"async\"\n         src=\"https:\/\/bahsjourney.com\/wp-content\/uploads\/2023\/11\/Frame-sdfasdfs319-e1701701784296.png\"\n         alt=\"\"\n         height=\"1497\"\n         width=\"5760\"\n         style=\"   \"\n         class=\"haj-background-image   haj-hidden@s haj-hidden@m\" \/>\n      \n\n<div class=\"wp-block-columns are-vertically-aligned-center haj-height-full mobile-reverse is-layout-flex wp-container-core-columns-is-layout-5 wp-block-columns-is-layout-flex\" style=\"padding-top:80px;padding-right:0;padding-bottom:60px\">\n<div class=\"wp-block-column is-vertically-aligned-center is-layout-flow wp-block-column-is-layout-flow\" style=\"padding-top:var(--wp--preset--spacing--30);padding-right:0;padding-bottom:var(--wp--preset--spacing--30);padding-left:0\">\n<div class=\"wp-block-group is-vertical is-layout-flex wp-container-core-group-is-layout-2 wp-block-group-is-layout-flex\">\n<h2 class=\"wp-block-heading\" style=\"margin-bottom:16px\">Start the journey to <br>better hearing with BAHS<\/h2>\n\n\n\n<p class=\"has-medium-font-size\" style=\"margin-top:0;margin-bottom:22px\">Lorem ipsum dolor sit amet consectetur. Malesuada felis odio at volutpat libero maecenas. Pretium amet quis etiam a nulla sem tincidunt diam.<\/p>\n\n\n\n<div class=\"wp-block-buttons is-layout-flex wp-block-buttons-is-layout-flex\">\n<div class=\"wp-block-button open-journey\"><a class=\"wp-block-button__link wp-element-button\">Explore the Hearing Journey<\/a><\/div>\n<\/div>\n<\/div>\n<\/div>\n\n\n\n<div class=\"wp-block-column is-vertically-aligned-center right-image-column is-layout-flow wp-block-column-is-layout-flow\"><\/div>\n<\/div>\n\n<\/div>\n\n<div id=\"ponto-system\" data-block-id=\"2e899858-fd9e-4e41-9d34-5ac74dc41743\" data-section-title=\"\" style=\"\" class=\"haj-section haj-relative block-editor-block-list__block wp-block block-editor-block-list__block wp-block wp-block-haj-main-section-dynamic has-light-grey-background-color haj-height-30vh offset-menu haj-w-medium haj-flex-wrap haj-flex-middle haj-height-expand haj-height-expand@m haj-height-expand@s\">\n      \n\n<div class=\"wp-block-columns banner-section is-layout-flex wp-container-core-columns-is-layout-6 wp-block-columns-is-layout-flex\" style=\"padding-top:90px;padding-bottom:90px\">\n<div class=\"wp-block-column has-grey-color has-text-color has-global-padding is-layout-constrained wp-container-core-column-is-layout-7 wp-block-column-is-layout-constrained\" style=\"padding-top:0;padding-right:0;padding-bottom:0;padding-left:0\">\n<h3 class=\"wp-block-heading has-text-align-center\" style=\"margin-bottom:16px\">Pois sabemos como o som \u00e9 importante<\/h3>\n\n\n\n<p class=\"has-text-align-center\">Na Oticon Medical, acreditamos que os pacientes e os fonoaudi\u00f3logos devem ser capazes de escolher a melhor solu\u00e7\u00e3o poss\u00edvel a qualquer momento ao longo da jornada do paciente. Chamamos isso de &#8220;Liberdade de escolha&#8221; e \u00e9 algo que sempre foi fundamental para a Oticon Medical. Essa \u00e9 a raz\u00e3o pela qual nossas solu\u00e7\u00f5es s\u00e3o projetadas para serem compat\u00edveis sempre que poss\u00edvel. Como resultado, um implante da Oticon Medical \u00e9 um verdadeiro testemunho de nosso apoio inabal\u00e1vel por toda a vida.<\/p>\n<\/div>\n<\/div>\n\n<\/div>\n\n<div id=\"\" data-block-id=\"6c6b7c1f-4c5e-432e-aa6d-617c4f6c9d59\" data-section-title=\"\" style=\"\" class=\"haj-section haj-relative block-editor-block-list__block wp-block block-editor-block-list__block wp-block has-child-selected wp-block-haj-main-section-dynamic has-white-background-color haj-height-auto offset-menu haj-w-small haj-flex-wrap haj-flex-middle haj-height-expand haj-height-expand@m haj-height-expand@s\">\n      \n\n<div class=\"wp-block-columns is-layout-flex wp-container-core-columns-is-layout-7 wp-block-columns-is-layout-flex\" style=\"padding-top:0px;padding-bottom:60px\">\n<div class=\"wp-block-column is-layout-flow wp-block-column-is-layout-flow\"><div id=\"6620169f-0d94-449d-a94e-872a3d44edd8\" class=\"panel-slider frontend-panel-slider\">\n   <swiper-container class=\"item-slider\" init=\"false\" autoplay=\"true\" autoplay-delay=\"5000\" slides-per-view=\"1\" space-between=\"0\" loop=\"true\" speed=\"1000\" pagination=\"true\" pagination-bullet-class=\"swiper-pagination-bullet\" pagination-clickable=\"true\">\n               <swiper-slide index=\"0\" class=\"swiper-slide\">\n            <div class=\"slide-item-container\">\n               <div>\n                                       <img loading=\"lazy\" decoding=\"async\" src=\"https:\/\/bahsjourney.com\/wp-content\/uploads\/2024\/09\/Sentio-System_Soundprocessor_with_implant.png\" alt=\"The soundprocessor Sentio Mini and implant Sentio Ti\" width=\"1920\" height=\"1920\" \/>\n                                    <div class=\"panel-item-type-wrapper\">\n                     <span class=\"panel-item-type\">\n                        Condu\u00e7\u00e3o \u00f3ssea                     <\/span>\n                  <\/div>\n                  <div class=\"panel-item-title-wrapper\">\n                     <h3 class=\"panel-item-title\">\n                        Sentio\u2122 System                     <\/h3>\n                  <\/div>\n                  <div class=\"panel-item-desc-wrapper\">\n                     <p class=\"panel-item-desc\">\n                        Sistema transcut\u00e2neo pequeno, leve e potente com qualidade sonora not\u00e1vel.                     <\/p>\n                  <\/div>\n                  <div class=\"panel-item-button-wrapper\">\n                     <div class=\"panel-item-button\">\n                        <a href=\"https:\/\/sentio.oticonmedical.com\/pt\" target=\"_blank\" rel=\"noreferrer noopener\">Saiba mais<\/a>                     <\/div>\n                  <\/div>\n               <\/div>\n            <\/div>\n         <\/swiper-slide>\n               <swiper-slide index=\"1\" class=\"swiper-slide\">\n            <div class=\"slide-item-container\">\n               <div>\n                                       <img loading=\"lazy\" decoding=\"async\" src=\"https:\/\/bahsjourney.com\/wp-content\/uploads\/2023\/12\/Ponto-5.png\" alt=\"Two sound processors next to each other. Ponto 5 Superpower and Ponto 5 Mini.\" width=\"514\" height=\"514\" \/>\n                                    <div class=\"panel-item-type-wrapper\">\n                     <span class=\"panel-item-type\">\n                        Condu\u00e7\u00e3o \u00f3ssea                     <\/span>\n                  <\/div>\n                  <div class=\"panel-item-title-wrapper\">\n                     <h3 class=\"panel-item-title\">\n                        Sons poderosos para o c\u00e9rebro                     <\/h3>\n                  <\/div>\n                  <div class=\"panel-item-desc-wrapper\">\n                     <p class=\"panel-item-desc\">\n                        O menor processador de som do mundo ainda \u00e9 um Ponto.<br>O Ponto 5 est\u00e1 repleto de novas tecnologias que deixam voc\u00ea imerso em um som de alta qualidade.                     <\/p>\n                  <\/div>\n                  <div class=\"panel-item-button-wrapper\">\n                     <div class=\"panel-item-button\">\n                        <a href=\"https:\/\/www.oticonmedical.com\/portuguese\/solutions\/bone-conduction\/ponto-5\" target=\"_blank\" rel=\"noreferrer noopener\">Descubra o Ponto 5<\/a>                     <\/div>\n                  <\/div>\n               <\/div>\n            <\/div>\n         <\/swiper-slide>\n               <swiper-slide index=\"2\" class=\"swiper-slide\">\n            <div class=\"slide-item-container\">\n               <div>\n                                       <img loading=\"lazy\" decoding=\"async\" src=\"https:\/\/bahsjourney.com\/wp-content\/uploads\/2023\/12\/MONO.png\" alt=\"The MONO drill that uses for the one-step drilling procedure.\" width=\"514\" height=\"514\" \/>\n                                    <div class=\"panel-item-type-wrapper\">\n                     <span class=\"panel-item-type\">\n                        Condu\u00e7\u00e3o \u00f3ssea                     <\/span>\n                  <\/div>\n                  <div class=\"panel-item-title-wrapper\">\n                     <h3 class=\"panel-item-title\">\n                        Procedimento MONO                     <\/h3>\n                  <\/div>\n                  <div class=\"panel-item-desc-wrapper\">\n                     <p class=\"panel-item-desc\">\n                        O primeiro procedimento de perfura\u00e7\u00e3o \u00f3ssea em uma s\u00f3 etapa do mundo.                     <\/p>\n                  <\/div>\n                  <div class=\"panel-item-button-wrapper\">\n                     <div class=\"panel-item-button\">\n                        <a href=\"https:\/\/www.oticonmedical.com\/portuguese\/for-professionals\/bone-anchored\/mono-drill-procedure\" target=\"_blank\" rel=\"noreferrer noopener\">Leia mais<\/a>                     <\/div>\n                  <\/div>\n               <\/div>\n            <\/div>\n         <\/swiper-slide>\n         <\/swiper-container>\n<\/div><\/div>\n<\/div>\n\n<\/div>","protected":false},"excerpt":{"rendered":"","protected":false},"author":5,"featured_media":0,"parent":0,"menu_order":0,"comment_status":"closed","ping_status":"closed","template":"wp-custom-template-professional-pages","meta":{"_acf_changed":false,"footnotes":""},"class_list":["post-7033","page","type-page","status-publish","hentry"],"acf":[],"yoast_head":"<!-- This site is optimized with the Yoast SEO plugin v24.7 - https:\/\/yoast.com\/wordpress\/plugins\/seo\/ -->\n<title>Profissional - BAHS Journey<\/title>\n<meta name=\"robots\" content=\"index, follow, max-snippet:-1, max-image-preview:large, max-video-preview:-1\" \/>\n<link rel=\"canonical\" href=\"https:\/\/bahsjourney.com\/pt-br\/professional\/\" \/>\n<meta property=\"og:locale\" content=\"pt_BR\" \/>\n<meta property=\"og:type\" content=\"article\" \/>\n<meta property=\"og:title\" content=\"Profissional - BAHS Journey\" \/>\n<meta property=\"og:url\" content=\"https:\/\/bahsjourney.com\/pt-br\/professional\/\" \/>\n<meta property=\"og:site_name\" content=\"BAHS Journey\" \/>\n<meta property=\"article:modified_time\" content=\"2024-09-17T08:50:17+00:00\" \/>\n<meta property=\"og:image\" content=\"https:\/\/bahsjourney.com\/wp-content\/uploads\/2023\/12\/Herobild-Professional-Mobile.png\" \/>\n<meta name=\"twitter:card\" content=\"summary_large_image\" \/>\n<meta name=\"twitter:label1\" content=\"Est. tempo de leitura\" \/>\n\t<meta name=\"twitter:data1\" content=\"2 minutos\" \/>\n<script type=\"application\/ld+json\" class=\"yoast-schema-graph\">{\"@context\":\"https:\/\/schema.org\",\"@graph\":[{\"@type\":\"WebPage\",\"@id\":\"https:\/\/bahsjourney.com\/pt-br\/professional\/\",\"url\":\"https:\/\/bahsjourney.com\/pt-br\/professional\/\",\"name\":\"Profissional - BAHS Journey\",\"isPartOf\":{\"@id\":\"https:\/\/bahsjourney.com\/#website\"},\"primaryImageOfPage\":{\"@id\":\"https:\/\/bahsjourney.com\/pt-br\/professional\/#primaryimage\"},\"image\":{\"@id\":\"https:\/\/bahsjourney.com\/pt-br\/professional\/#primaryimage\"},\"thumbnailUrl\":\"https:\/\/bahsjourney.com\/wp-content\/uploads\/2023\/12\/Herobild-Professional-Mobile.png\",\"datePublished\":\"2023-11-03T14:40:49+00:00\",\"dateModified\":\"2024-09-17T08:50:17+00:00\",\"breadcrumb\":{\"@id\":\"https:\/\/bahsjourney.com\/pt-br\/professional\/#breadcrumb\"},\"inLanguage\":\"pt-BR\",\"potentialAction\":[{\"@type\":\"ReadAction\",\"target\":[\"https:\/\/bahsjourney.com\/pt-br\/professional\/\"]}]},{\"@type\":\"ImageObject\",\"inLanguage\":\"pt-BR\",\"@id\":\"https:\/\/bahsjourney.com\/pt-br\/professional\/#primaryimage\",\"url\":\"https:\/\/bahsjourney.com\/wp-content\/uploads\/2023\/12\/Herobild-Professional-Mobile.png\",\"contentUrl\":\"https:\/\/bahsjourney.com\/wp-content\/uploads\/2023\/12\/Herobild-Professional-Mobile.png\"},{\"@type\":\"BreadcrumbList\",\"@id\":\"https:\/\/bahsjourney.com\/pt-br\/professional\/#breadcrumb\",\"itemListElement\":[{\"@type\":\"ListItem\",\"position\":1,\"name\":\"Home\",\"item\":\"https:\/\/bahsjourney.com\/pt-br\/\"},{\"@type\":\"ListItem\",\"position\":2,\"name\":\"Profissional\"}]},{\"@type\":\"WebSite\",\"@id\":\"https:\/\/bahsjourney.com\/#website\",\"url\":\"https:\/\/bahsjourney.com\/\",\"name\":\"BAHS Journey\",\"description\":\"\",\"publisher\":{\"@id\":\"https:\/\/bahsjourney.com\/#organization\"},\"potentialAction\":[{\"@type\":\"SearchAction\",\"target\":{\"@type\":\"EntryPoint\",\"urlTemplate\":\"https:\/\/bahsjourney.com\/?s={search_term_string}\"},\"query-input\":{\"@type\":\"PropertyValueSpecification\",\"valueRequired\":true,\"valueName\":\"search_term_string\"}}],\"inLanguage\":\"pt-BR\"},{\"@type\":\"Organization\",\"@id\":\"https:\/\/bahsjourney.com\/#organization\",\"name\":\"BAHS Journey\",\"url\":\"https:\/\/bahsjourney.com\/\",\"logo\":{\"@type\":\"ImageObject\",\"inLanguage\":\"pt-BR\",\"@id\":\"https:\/\/bahsjourney.com\/#\/schema\/logo\/image\/\",\"url\":\"https:\/\/bahsjourney.com\/wp-content\/uploads\/2023\/11\/oticon-Logo.svg\",\"contentUrl\":\"https:\/\/bahsjourney.com\/wp-content\/uploads\/2023\/11\/oticon-Logo.svg\",\"width\":1,\"height\":1,\"caption\":\"BAHS Journey\"},\"image\":{\"@id\":\"https:\/\/bahsjourney.com\/#\/schema\/logo\/image\/\"}}]}<\/script>\n<!-- \/ Yoast SEO plugin. -->","yoast_head_json":{"title":"Profissional - BAHS Journey","robots":{"index":"index","follow":"follow","max-snippet":"max-snippet:-1","max-image-preview":"max-image-preview:large","max-video-preview":"max-video-preview:-1"},"canonical":"https:\/\/bahsjourney.com\/pt-br\/professional\/","og_locale":"pt_BR","og_type":"article","og_title":"Profissional - BAHS Journey","og_url":"https:\/\/bahsjourney.com\/pt-br\/professional\/","og_site_name":"BAHS Journey","article_modified_time":"2024-09-17T08:50:17+00:00","og_image":[{"url":"https:\/\/bahsjourney.com\/wp-content\/uploads\/2023\/12\/Herobild-Professional-Mobile.png","type":"","width":"","height":""}],"twitter_card":"summary_large_image","twitter_misc":{"Est. tempo de leitura":"2 minutos"},"schema":{"@context":"https:\/\/schema.org","@graph":[{"@type":"WebPage","@id":"https:\/\/bahsjourney.com\/pt-br\/professional\/","url":"https:\/\/bahsjourney.com\/pt-br\/professional\/","name":"Profissional - BAHS Journey","isPartOf":{"@id":"https:\/\/bahsjourney.com\/#website"},"primaryImageOfPage":{"@id":"https:\/\/bahsjourney.com\/pt-br\/professional\/#primaryimage"},"image":{"@id":"https:\/\/bahsjourney.com\/pt-br\/professional\/#primaryimage"},"thumbnailUrl":"https:\/\/bahsjourney.com\/wp-content\/uploads\/2023\/12\/Herobild-Professional-Mobile.png","datePublished":"2023-11-03T14:40:49+00:00","dateModified":"2024-09-17T08:50:17+00:00","breadcrumb":{"@id":"https:\/\/bahsjourney.com\/pt-br\/professional\/#breadcrumb"},"inLanguage":"pt-BR","potentialAction":[{"@type":"ReadAction","target":["https:\/\/bahsjourney.com\/pt-br\/professional\/"]}]},{"@type":"ImageObject","inLanguage":"pt-BR","@id":"https:\/\/bahsjourney.com\/pt-br\/professional\/#primaryimage","url":"https:\/\/bahsjourney.com\/wp-content\/uploads\/2023\/12\/Herobild-Professional-Mobile.png","contentUrl":"https:\/\/bahsjourney.com\/wp-content\/uploads\/2023\/12\/Herobild-Professional-Mobile.png"},{"@type":"BreadcrumbList","@id":"https:\/\/bahsjourney.com\/pt-br\/professional\/#breadcrumb","itemListElement":[{"@type":"ListItem","position":1,"name":"Home","item":"https:\/\/bahsjourney.com\/pt-br\/"},{"@type":"ListItem","position":2,"name":"Profissional"}]},{"@type":"WebSite","@id":"https:\/\/bahsjourney.com\/#website","url":"https:\/\/bahsjourney.com\/","name":"BAHS Journey","description":"","publisher":{"@id":"https:\/\/bahsjourney.com\/#organization"},"potentialAction":[{"@type":"SearchAction","target":{"@type":"EntryPoint","urlTemplate":"https:\/\/bahsjourney.com\/?s={search_term_string}"},"query-input":{"@type":"PropertyValueSpecification","valueRequired":true,"valueName":"search_term_string"}}],"inLanguage":"pt-BR"},{"@type":"Organization","@id":"https:\/\/bahsjourney.com\/#organization","name":"BAHS Journey","url":"https:\/\/bahsjourney.com\/","logo":{"@type":"ImageObject","inLanguage":"pt-BR","@id":"https:\/\/bahsjourney.com\/#\/schema\/logo\/image\/","url":"https:\/\/bahsjourney.com\/wp-content\/uploads\/2023\/11\/oticon-Logo.svg","contentUrl":"https:\/\/bahsjourney.com\/wp-content\/uploads\/2023\/11\/oticon-Logo.svg","width":1,"height":1,"caption":"BAHS Journey"},"image":{"@id":"https:\/\/bahsjourney.com\/#\/schema\/logo\/image\/"}}]}},"_links":{"self":[{"href":"https:\/\/bahsjourney.com\/pt-br\/wp-json\/wp\/v2\/pages\/7033"}],"collection":[{"href":"https:\/\/bahsjourney.com\/pt-br\/wp-json\/wp\/v2\/pages"}],"about":[{"href":"https:\/\/bahsjourney.com\/pt-br\/wp-json\/wp\/v2\/types\/page"}],"author":[{"embeddable":true,"href":"https:\/\/bahsjourney.com\/pt-br\/wp-json\/wp\/v2\/users\/5"}],"replies":[{"embeddable":true,"href":"https:\/\/bahsjourney.com\/pt-br\/wp-json\/wp\/v2\/comments?post=7033"}],"version-history":[{"count":5,"href":"https:\/\/bahsjourney.com\/pt-br\/wp-json\/wp\/v2\/pages\/7033\/revisions"}],"predecessor-version":[{"id":9660,"href":"https:\/\/bahsjourney.com\/pt-br\/wp-json\/wp\/v2\/pages\/7033\/revisions\/9660"}],"wp:attachment":[{"href":"https:\/\/bahsjourney.com\/pt-br\/wp-json\/wp\/v2\/media?parent=7033"}],"curies":[{"name":"wp","href":"https:\/\/api.w.org\/{rel}","templated":true}]}}