{"id":7029,"date":"2023-10-19T16:11:11","date_gmt":"2023-10-19T14:11:11","guid":{"rendered":"https:\/\/bahsjourney.com\/?page_id=7029"},"modified":"2024-01-24T09:27:03","modified_gmt":"2024-01-24T07:27:03","slug":"perguntas-mais-frequentes","status":"publish","type":"page","link":"https:\/\/bahsjourney.com\/pt-br\/candidate\/perguntas-mais-frequentes\/","title":{"rendered":"Perguntas mais frequentes"},"content":{"rendered":"<div id=\"mobile-hero\" data-block-id=\"26608914-038b-44cc-a7dc-d0ed019090b6\" data-section-title=\"\" style=\"\" class=\"haj-section haj-relative block-editor-block-list__block wp-block block-editor-block-list__block wp-block wp-block-haj-main-section-dynamic haj-hidden haj-block@m haj-p-0 has-white-background-color haj-height-auto offset-menu haj-w-full haj-flex-wrap haj-flex-middle haj-height-expand haj-height-expand@m haj-height-expand@s\">\n      \n\n<div class=\"wp-block-columns is-layout-flex wp-container-core-columns-is-layout-1 wp-block-columns-is-layout-flex\" style=\"padding-top:30px;padding-bottom:30px\">\n<div class=\"wp-block-column is-layout-flow wp-block-column-is-layout-flow\">\n<figure class=\"wp-block-image alignright size-full has-custom-border\"><img loading=\"lazy\" decoding=\"async\" width=\"1003\" height=\"722\" src=\"https:\/\/bahsjourney.com\/wp-content\/uploads\/2023\/12\/Herobild-FAQ-Mobile-1.png\" alt=\"\" class=\"wp-image-2221\" style=\"border-top-left-radius:130px;border-bottom-left-radius:130px;object-fit:cover\" srcset=\"https:\/\/bahsjourney.com\/wp-content\/uploads\/2023\/12\/Herobild-FAQ-Mobile-1.png 1003w, https:\/\/bahsjourney.com\/wp-content\/uploads\/2023\/12\/Herobild-FAQ-Mobile-1-300x216.png 300w, https:\/\/bahsjourney.com\/wp-content\/uploads\/2023\/12\/Herobild-FAQ-Mobile-1-768x553.png 768w\" sizes=\"(max-width: 1003px) 100vw, 1003px\" \/><\/figure>\n<\/div>\n<\/div>\n\n<\/div>\n\n<div id=\"hero-section\" data-block-id=\"187a1365-6fa7-4189-9d9d-cca7d90452f5\" data-section-title=\"\" style=\"\" class=\"haj-section haj-relative block-editor-block-list__block wp-block block-editor-block-list__block wp-block wp-block-haj-main-section-dynamic has-white-background-color haj-height-70vh offset-menu haj-height-auto@m haj-height-auto@xs haj-w-large haj-flex-wrap haj-flex-middle haj-height-expand haj-height-expand@m haj-height-expand@s\">\n         <img loading=\"lazy\" decoding=\"async\"\n         src=\"https:\/\/bahsjourney.com\/wp-content\/uploads\/2023\/12\/Herobild-FAQ-1.png\"\n         alt=\"\"\n         height=\"722\"\n         width=\"1321\"\n         style=\"width:46%; top:5vh; bottom:5vh; height:calc(100% - 10vh);\"\n         class=\"haj-background-image haj-right  haj-hidden@s haj-hidden@m\" \/>\n      \n\n<div class=\"wp-block-columns is-layout-flex wp-container-core-columns-is-layout-2 wp-block-columns-is-layout-flex\" style=\"padding-top:var(--wp--preset--spacing--80);padding-right:0;padding-bottom:var(--wp--preset--spacing--80);padding-left:0\">\n<div class=\"wp-block-column is-vertically-aligned-center hero-content is-layout-flow wp-block-column-is-layout-flow\" style=\"padding-right:0;padding-left:0;flex-basis:40%\">\n<div class=\"wp-block-group is-vertical is-layout-flex wp-container-core-group-is-layout-1 wp-block-group-is-layout-flex\" style=\"padding-right:0;padding-left:0\">\n<h1 class=\"wp-block-heading\" style=\"padding-right:0;padding-left:0\">Converse com seu fonoaudi\u00f3logo sobre\u2026\u2028<\/h1>\n<\/div>\n<\/div>\n<\/div>\n\n<\/div>\n\n<div id=\"\" data-block-id=\"f63c4924-ca52-489f-9631-e6fefd6b2766\" data-section-title=\"\" style=\"\" class=\"haj-section haj-relative block-editor-block-list__block wp-block block-editor-block-list__block wp-block wp-block-haj-main-section-dynamic has-white-background-color haj-height-auto offset-menu haj-w-large haj-flex-wrap haj-flex-middle haj-height-expand haj-height-expand@m haj-height-expand@s\">\n      \n\n<div class=\"wp-block-columns faq-wrapper is-layout-flex wp-container-core-columns-is-layout-3 wp-block-columns-is-layout-flex\">\n<div class=\"wp-block-column is-layout-flow wp-block-column-is-layout-flow\">\n<div class=\"wp-block-media-text is-stacked-on-mobile faq-panel\" style=\"margin-top:var(--wp--preset--spacing--30);margin-bottom:var(--wp--preset--spacing--30);padding-right:0;padding-left:0;grid-template-columns:18% auto\"><figure class=\"wp-block-media-text__media\"><img loading=\"lazy\" decoding=\"async\" width=\"200\" height=\"200\" src=\"https:\/\/bahsjourney.com\/wp-content\/uploads\/2023\/11\/faq-1.png\" alt=\"\" class=\"wp-image-528 size-full\" srcset=\"https:\/\/bahsjourney.com\/wp-content\/uploads\/2023\/11\/faq-1.png 200w, https:\/\/bahsjourney.com\/wp-content\/uploads\/2023\/11\/faq-1-150x150.png 150w\" sizes=\"(max-width: 200px) 100vw, 200px\" \/><\/figure><div class=\"wp-block-media-text__content\">\n<h3 class=\"wp-block-heading\" style=\"margin-right:0;margin-left:0\">O que posso esperar do dispositivo BAHS?<\/h3>\n\n\n\n<p style=\"margin-right:0;margin-left:0\">Com um BAHS, voc\u00ea usa o processador de som atr\u00e1s da orelha e n\u00e3o no ouvido. Isso pode ser mais f\u00e1cil se voc\u00ea achar que os aparelhos auditivos convencionais s\u00e3o desconfort\u00e1veis ou se voc\u00ea tem\u00a0 infec\u00e7\u00f5es de ouvido regularmente. Algumas pessoas tamb\u00e9m acham que deixar o canal auditivo aberto proporciona um som mais natural em compara\u00e7\u00e3o com os aparelhos auditivos convencionais.<\/p>\n<\/div><\/div>\n\n\n\n<div class=\"wp-block-media-text has-media-on-the-right is-stacked-on-mobile faq-panel\" style=\"margin-top:var(--wp--preset--spacing--30);margin-bottom:var(--wp--preset--spacing--30);grid-template-columns:auto 18%\"><div class=\"wp-block-media-text__content\">\n<h3 class=\"wp-block-heading has-text-align-right\">Posso usar um dispositivo BAHS em uma orelha e um aparelho auditivo convencional na outra?<\/h3>\n\n\n\n<p class=\"has-text-align-right\">Sim, pode. Se fizer isso, considere usar uma BAHS e um aparelho auditivo que compartilhem plataformas tecnol\u00f3gicas semelhantes, pois isso pode proporcionar uma experi\u00eancia mais tranquila.<\/p>\n<\/div><figure class=\"wp-block-media-text__media\"><img loading=\"lazy\" decoding=\"async\" width=\"200\" height=\"200\" src=\"https:\/\/bahsjourney.com\/wp-content\/uploads\/2023\/11\/faq-2.png\" alt=\"\" class=\"wp-image-527 size-full\" srcset=\"https:\/\/bahsjourney.com\/wp-content\/uploads\/2023\/11\/faq-2.png 200w, https:\/\/bahsjourney.com\/wp-content\/uploads\/2023\/11\/faq-2-150x150.png 150w\" sizes=\"(max-width: 200px) 100vw, 200px\" \/><\/figure><\/div>\n\n\n\n<div class=\"wp-block-media-text is-stacked-on-mobile faq-panel\" style=\"margin-top:var(--wp--preset--spacing--30);margin-bottom:var(--wp--preset--spacing--30);grid-template-columns:18% auto\"><figure class=\"wp-block-media-text__media\"><img loading=\"lazy\" decoding=\"async\" width=\"200\" height=\"200\" src=\"https:\/\/bahsjourney.com\/wp-content\/uploads\/2023\/11\/faq-3.png\" alt=\"\" class=\"wp-image-526 size-full\" srcset=\"https:\/\/bahsjourney.com\/wp-content\/uploads\/2023\/11\/faq-3.png 200w, https:\/\/bahsjourney.com\/wp-content\/uploads\/2023\/11\/faq-3-150x150.png 150w\" sizes=\"(max-width: 200px) 100vw, 200px\" \/><\/figure><div class=\"wp-block-media-text__content\">\n<h3 class=\"wp-block-heading\">Posso conectar um BAHS a dispositivos eletr\u00f4nicos ou ao telefone?<\/h3>\n\n\n\n<p>Sim, os processadores de som da Oticon Medical podem se conectar sem fio e transmitir o som de uma ampla variedade de dispositivos eletr\u00f4nicos, incluindo telefones, TVs e computadores.<\/p>\n<\/div><\/div>\n\n\n\n<div class=\"wp-block-media-text has-media-on-the-right is-stacked-on-mobile faq-panel\" style=\"margin-top:var(--wp--preset--spacing--30);margin-bottom:var(--wp--preset--spacing--30);grid-template-columns:auto 18%\"><div class=\"wp-block-media-text__content\">\n<h3 class=\"wp-block-heading has-text-align-right\">Como \u00e9 a cirurgia?<\/h3>\n\n\n\n<p class=\"has-text-align-right\">A obten\u00e7\u00e3o de um BAHS \u00e9 um procedimento cir\u00fargico seguro e amplamente comprovado. Se decidir fazer um implante percut\u00e2neo, voc\u00ea poder\u00e1 fazer um procedimento\u00a0 minimamente invasivo Ponto (MONO ou MIPS). Essas t\u00e9cnicas s\u00e3o realizadas com a menor incis\u00e3o poss\u00edvel, sem suturas, com cicatrizes m\u00ednimas e um tempo de cicatriza\u00e7\u00e3o mais curto. Esse procedimento geralmente leva menos de 15 minutos. Se voc\u00ea optar por um implante transcut\u00e2neo ativo, a cirurgia ser\u00e1 um pouco mais extensa, mas geralmente leva menos de uma hora.<\/p>\n<\/div><figure class=\"wp-block-media-text__media\"><img loading=\"lazy\" decoding=\"async\" width=\"200\" height=\"200\" src=\"https:\/\/bahsjourney.com\/wp-content\/uploads\/2023\/11\/faq-4.png\" alt=\"\" class=\"wp-image-525 size-full\" srcset=\"https:\/\/bahsjourney.com\/wp-content\/uploads\/2023\/11\/faq-4.png 200w, https:\/\/bahsjourney.com\/wp-content\/uploads\/2023\/11\/faq-4-150x150.png 150w\" sizes=\"(max-width: 200px) 100vw, 200px\" \/><\/figure><\/div>\n\n\n\n<div class=\"wp-block-media-text is-stacked-on-mobile faq-panel\" style=\"margin-top:var(--wp--preset--spacing--30);margin-bottom:var(--wp--preset--spacing--30);grid-template-columns:18% auto\"><figure class=\"wp-block-media-text__media\"><img loading=\"lazy\" decoding=\"async\" width=\"200\" height=\"200\" src=\"https:\/\/bahsjourney.com\/wp-content\/uploads\/2023\/11\/faq-5.png\" alt=\"\" class=\"wp-image-524 size-full\" srcset=\"https:\/\/bahsjourney.com\/wp-content\/uploads\/2023\/11\/faq-5.png 200w, https:\/\/bahsjourney.com\/wp-content\/uploads\/2023\/11\/faq-5-150x150.png 150w\" sizes=\"(max-width: 200px) 100vw, 200px\" \/><\/figure><div class=\"wp-block-media-text__content\">\n<h3 class=\"wp-block-heading\">O que devo considerar ao escolher um processador de som BAHS?<\/h3>\n\n\n\n<p>Voc\u00ea deve considerar fatores como conforto, facilidade de uso, tamanho e confiabilidade. Por\u00e9m, o mais importante \u00e9 que voc\u00ea considere a qualidade sonora que o processador de som BAHS oferece. Ele foi projetado para lhe proporcionar o sinal de fala mais claro e intelig\u00edvel em qualquer lugar que voc\u00ea v\u00e1. Isso ajudar\u00e1 seu c\u00e9rebro a entender o som e reduzir\u00e1 o esfor\u00e7o auditivo. Por fim, voc\u00ea tamb\u00e9m deve considerar a poss\u00edvel necessidade futura de um exame de resson\u00e2ncia magn\u00e9tica da cabe\u00e7a.<\/p>\n<\/div><\/div>\n\n\n\n<div class=\"wp-block-media-text has-media-on-the-right is-stacked-on-mobile faq-panel\" style=\"margin-top:var(--wp--preset--spacing--30);margin-bottom:var(--wp--preset--spacing--30);grid-template-columns:auto 18%\"><div class=\"wp-block-media-text__content\">\n<h3 class=\"wp-block-heading has-text-align-right\">Posso experimentar um BAHS antes de optar pela cirurgia?<\/h3>\n\n\n\n<p class=\"has-text-align-right\">Sim, voc\u00ea pode experimentar um processador de som BAHS como em uma Softband ou faixa de cabe\u00e7a. Ao usar o processador de som em uma Softband, voc\u00ea pode experiment\u00e1-lo sem precisar de cirurgia. Isso o ajudar\u00e1 a tomar uma decis\u00e3o embasada.<\/p>\n<\/div><figure class=\"wp-block-media-text__media\"><img loading=\"lazy\" decoding=\"async\" width=\"200\" height=\"200\" src=\"https:\/\/bahsjourney.com\/wp-content\/uploads\/2023\/11\/faq-6.png\" alt=\"\" class=\"wp-image-523 size-full\" srcset=\"https:\/\/bahsjourney.com\/wp-content\/uploads\/2023\/11\/faq-6.png 200w, https:\/\/bahsjourney.com\/wp-content\/uploads\/2023\/11\/faq-6-150x150.png 150w\" sizes=\"(max-width: 200px) 100vw, 200px\" \/><\/figure><\/div>\n\n\n\n<p class=\"has-text-align-center has-sand-medium-color has-text-color has-link-color wp-elements-d0965b8994f6537af0ee5a8c373eab2b\" style=\"margin-top:var(--wp--preset--spacing--40);margin-bottom:var(--wp--preset--spacing--30);font-size:14px;font-style:italic;font-weight:100\">*A sele\u00e7\u00e3o do dispositivo adequado \u00e9 feita por seu fonoaudi\u00f3logo. A disponibilidade e indica\u00e7\u00f5es dos produtos est\u00e3o sujeitas \u00e0 aprova\u00e7\u00e3o regulamentar e podem variar dependendo do mercado.<\/p>\n<\/div>\n<\/div>\n\n<\/div>\n\n<div id=\"\" data-block-id=\"c2116d6a-1a14-4642-99cf-c25ecf523a27\" data-section-title=\"banner-section\" style=\"\" class=\"haj-section haj-relative block-editor-block-list__block wp-block block-editor-block-list__block wp-block wp-block-haj-main-section-dynamic has-light-grey-background-color haj-height-30vh offset-menu haj-w-large haj-flex-wrap haj-flex-middle haj-height-expand haj-height-expand@m haj-height-expand@s\">\n      \n\n<div class=\"wp-block-columns is-layout-flex wp-container-core-columns-is-layout-4 wp-block-columns-is-layout-flex\" style=\"padding-top:50px;padding-bottom:50px\">\n<div class=\"wp-block-column is-layout-flow wp-block-column-is-layout-flow\">\n<h3 class=\"wp-block-heading has-text-align-center\" style=\"margin-bottom:var(--wp--preset--spacing--30)\">Ainda tem d\u00favidas?<\/h3>\n\n\n\n<div class=\"wp-block-buttons is-content-justification-center is-layout-flex wp-container-core-buttons-is-layout-1 wp-block-buttons-is-layout-flex\">\n<div class=\"wp-block-button\"><a class=\"wp-block-button__link has-white-color has-text-color has-link-color wp-element-button\" href=\"https:\/\/www.oticonmedical.com\/portuguese\/about-oticon-medical\/contact-us\" target=\"_blank\" rel=\"noreferrer noopener\">Entre em contato conosco<\/a><\/div>\n<\/div>\n<\/div>\n<\/div>\n\n<\/div>","protected":false},"excerpt":{"rendered":"","protected":false},"author":5,"featured_media":0,"parent":7013,"menu_order":0,"comment_status":"closed","ping_status":"closed","template":"wp-custom-template-candidate-pages","meta":{"_acf_changed":false,"footnotes":""},"class_list":["post-7029","page","type-page","status-publish","hentry"],"acf":[],"yoast_head":"<!-- This site is optimized with the Yoast SEO plugin v24.7 - https:\/\/yoast.com\/wordpress\/plugins\/seo\/ -->\n<title>Perguntas mais frequentes - BAHS Journey<\/title>\n<meta name=\"robots\" content=\"index, follow, max-snippet:-1, max-image-preview:large, max-video-preview:-1\" \/>\n<link rel=\"canonical\" href=\"https:\/\/bahsjourney.com\/pt-br\/candidate\/perguntas-mais-frequentes\/\" \/>\n<meta property=\"og:locale\" content=\"pt_BR\" \/>\n<meta property=\"og:type\" content=\"article\" \/>\n<meta property=\"og:title\" content=\"Perguntas mais frequentes - BAHS Journey\" \/>\n<meta property=\"og:url\" content=\"https:\/\/bahsjourney.com\/pt-br\/candidate\/perguntas-mais-frequentes\/\" \/>\n<meta property=\"og:site_name\" content=\"BAHS Journey\" \/>\n<meta property=\"article:modified_time\" content=\"2024-01-24T07:27:03+00:00\" \/>\n<meta property=\"og:image\" content=\"https:\/\/bahsjourney.com\/wp-content\/uploads\/2023\/12\/Herobild-FAQ-Mobile-1.png\" \/>\n<meta name=\"twitter:card\" content=\"summary_large_image\" \/>\n<meta name=\"twitter:label1\" content=\"Est. tempo de leitura\" \/>\n\t<meta name=\"twitter:data1\" content=\"4 minutos\" \/>\n<script type=\"application\/ld+json\" class=\"yoast-schema-graph\">{\"@context\":\"https:\/\/schema.org\",\"@graph\":[{\"@type\":\"WebPage\",\"@id\":\"https:\/\/bahsjourney.com\/pt-br\/candidate\/perguntas-mais-frequentes\/\",\"url\":\"https:\/\/bahsjourney.com\/pt-br\/candidate\/perguntas-mais-frequentes\/\",\"name\":\"Perguntas mais frequentes - BAHS Journey\",\"isPartOf\":{\"@id\":\"https:\/\/bahsjourney.com\/#website\"},\"primaryImageOfPage\":{\"@id\":\"https:\/\/bahsjourney.com\/pt-br\/candidate\/perguntas-mais-frequentes\/#primaryimage\"},\"image\":{\"@id\":\"https:\/\/bahsjourney.com\/pt-br\/candidate\/perguntas-mais-frequentes\/#primaryimage\"},\"thumbnailUrl\":\"https:\/\/bahsjourney.com\/wp-content\/uploads\/2023\/12\/Herobild-FAQ-Mobile-1.png\",\"datePublished\":\"2023-10-19T14:11:11+00:00\",\"dateModified\":\"2024-01-24T07:27:03+00:00\",\"breadcrumb\":{\"@id\":\"https:\/\/bahsjourney.com\/pt-br\/candidate\/perguntas-mais-frequentes\/#breadcrumb\"},\"inLanguage\":\"pt-BR\",\"potentialAction\":[{\"@type\":\"ReadAction\",\"target\":[\"https:\/\/bahsjourney.com\/pt-br\/candidate\/perguntas-mais-frequentes\/\"]}]},{\"@type\":\"ImageObject\",\"inLanguage\":\"pt-BR\",\"@id\":\"https:\/\/bahsjourney.com\/pt-br\/candidate\/perguntas-mais-frequentes\/#primaryimage\",\"url\":\"https:\/\/bahsjourney.com\/wp-content\/uploads\/2023\/12\/Herobild-FAQ-Mobile-1.png\",\"contentUrl\":\"https:\/\/bahsjourney.com\/wp-content\/uploads\/2023\/12\/Herobild-FAQ-Mobile-1.png\"},{\"@type\":\"BreadcrumbList\",\"@id\":\"https:\/\/bahsjourney.com\/pt-br\/candidate\/perguntas-mais-frequentes\/#breadcrumb\",\"itemListElement\":[{\"@type\":\"ListItem\",\"position\":1,\"name\":\"Home\",\"item\":\"https:\/\/bahsjourney.com\/pt-br\/\"},{\"@type\":\"ListItem\",\"position\":2,\"name\":\"Candidato\",\"item\":\"https:\/\/bahsjourney.com\/pt-br\/candidate\/\"},{\"@type\":\"ListItem\",\"position\":3,\"name\":\"Perguntas mais frequentes\"}]},{\"@type\":\"WebSite\",\"@id\":\"https:\/\/bahsjourney.com\/#website\",\"url\":\"https:\/\/bahsjourney.com\/\",\"name\":\"BAHS Journey\",\"description\":\"\",\"publisher\":{\"@id\":\"https:\/\/bahsjourney.com\/#organization\"},\"potentialAction\":[{\"@type\":\"SearchAction\",\"target\":{\"@type\":\"EntryPoint\",\"urlTemplate\":\"https:\/\/bahsjourney.com\/?s={search_term_string}\"},\"query-input\":{\"@type\":\"PropertyValueSpecification\",\"valueRequired\":true,\"valueName\":\"search_term_string\"}}],\"inLanguage\":\"pt-BR\"},{\"@type\":\"Organization\",\"@id\":\"https:\/\/bahsjourney.com\/#organization\",\"name\":\"BAHS Journey\",\"url\":\"https:\/\/bahsjourney.com\/\",\"logo\":{\"@type\":\"ImageObject\",\"inLanguage\":\"pt-BR\",\"@id\":\"https:\/\/bahsjourney.com\/#\/schema\/logo\/image\/\",\"url\":\"https:\/\/bahsjourney.com\/wp-content\/uploads\/2023\/11\/oticon-Logo.svg\",\"contentUrl\":\"https:\/\/bahsjourney.com\/wp-content\/uploads\/2023\/11\/oticon-Logo.svg\",\"width\":1,\"height\":1,\"caption\":\"BAHS Journey\"},\"image\":{\"@id\":\"https:\/\/bahsjourney.com\/#\/schema\/logo\/image\/\"}}]}<\/script>\n<!-- \/ Yoast SEO plugin. -->","yoast_head_json":{"title":"Perguntas mais frequentes - BAHS Journey","robots":{"index":"index","follow":"follow","max-snippet":"max-snippet:-1","max-image-preview":"max-image-preview:large","max-video-preview":"max-video-preview:-1"},"canonical":"https:\/\/bahsjourney.com\/pt-br\/candidate\/perguntas-mais-frequentes\/","og_locale":"pt_BR","og_type":"article","og_title":"Perguntas mais frequentes - BAHS Journey","og_url":"https:\/\/bahsjourney.com\/pt-br\/candidate\/perguntas-mais-frequentes\/","og_site_name":"BAHS Journey","article_modified_time":"2024-01-24T07:27:03+00:00","og_image":[{"url":"https:\/\/bahsjourney.com\/wp-content\/uploads\/2023\/12\/Herobild-FAQ-Mobile-1.png","type":"","width":"","height":""}],"twitter_card":"summary_large_image","twitter_misc":{"Est. tempo de leitura":"4 minutos"},"schema":{"@context":"https:\/\/schema.org","@graph":[{"@type":"WebPage","@id":"https:\/\/bahsjourney.com\/pt-br\/candidate\/perguntas-mais-frequentes\/","url":"https:\/\/bahsjourney.com\/pt-br\/candidate\/perguntas-mais-frequentes\/","name":"Perguntas mais frequentes - BAHS Journey","isPartOf":{"@id":"https:\/\/bahsjourney.com\/#website"},"primaryImageOfPage":{"@id":"https:\/\/bahsjourney.com\/pt-br\/candidate\/perguntas-mais-frequentes\/#primaryimage"},"image":{"@id":"https:\/\/bahsjourney.com\/pt-br\/candidate\/perguntas-mais-frequentes\/#primaryimage"},"thumbnailUrl":"https:\/\/bahsjourney.com\/wp-content\/uploads\/2023\/12\/Herobild-FAQ-Mobile-1.png","datePublished":"2023-10-19T14:11:11+00:00","dateModified":"2024-01-24T07:27:03+00:00","breadcrumb":{"@id":"https:\/\/bahsjourney.com\/pt-br\/candidate\/perguntas-mais-frequentes\/#breadcrumb"},"inLanguage":"pt-BR","potentialAction":[{"@type":"ReadAction","target":["https:\/\/bahsjourney.com\/pt-br\/candidate\/perguntas-mais-frequentes\/"]}]},{"@type":"ImageObject","inLanguage":"pt-BR","@id":"https:\/\/bahsjourney.com\/pt-br\/candidate\/perguntas-mais-frequentes\/#primaryimage","url":"https:\/\/bahsjourney.com\/wp-content\/uploads\/2023\/12\/Herobild-FAQ-Mobile-1.png","contentUrl":"https:\/\/bahsjourney.com\/wp-content\/uploads\/2023\/12\/Herobild-FAQ-Mobile-1.png"},{"@type":"BreadcrumbList","@id":"https:\/\/bahsjourney.com\/pt-br\/candidate\/perguntas-mais-frequentes\/#breadcrumb","itemListElement":[{"@type":"ListItem","position":1,"name":"Home","item":"https:\/\/bahsjourney.com\/pt-br\/"},{"@type":"ListItem","position":2,"name":"Candidato","item":"https:\/\/bahsjourney.com\/pt-br\/candidate\/"},{"@type":"ListItem","position":3,"name":"Perguntas mais frequentes"}]},{"@type":"WebSite","@id":"https:\/\/bahsjourney.com\/#website","url":"https:\/\/bahsjourney.com\/","name":"BAHS Journey","description":"","publisher":{"@id":"https:\/\/bahsjourney.com\/#organization"},"potentialAction":[{"@type":"SearchAction","target":{"@type":"EntryPoint","urlTemplate":"https:\/\/bahsjourney.com\/?s={search_term_string}"},"query-input":{"@type":"PropertyValueSpecification","valueRequired":true,"valueName":"search_term_string"}}],"inLanguage":"pt-BR"},{"@type":"Organization","@id":"https:\/\/bahsjourney.com\/#organization","name":"BAHS Journey","url":"https:\/\/bahsjourney.com\/","logo":{"@type":"ImageObject","inLanguage":"pt-BR","@id":"https:\/\/bahsjourney.com\/#\/schema\/logo\/image\/","url":"https:\/\/bahsjourney.com\/wp-content\/uploads\/2023\/11\/oticon-Logo.svg","contentUrl":"https:\/\/bahsjourney.com\/wp-content\/uploads\/2023\/11\/oticon-Logo.svg","width":1,"height":1,"caption":"BAHS Journey"},"image":{"@id":"https:\/\/bahsjourney.com\/#\/schema\/logo\/image\/"}}]}},"_links":{"self":[{"href":"https:\/\/bahsjourney.com\/pt-br\/wp-json\/wp\/v2\/pages\/7029"}],"collection":[{"href":"https:\/\/bahsjourney.com\/pt-br\/wp-json\/wp\/v2\/pages"}],"about":[{"href":"https:\/\/bahsjourney.com\/pt-br\/wp-json\/wp\/v2\/types\/page"}],"author":[{"embeddable":true,"href":"https:\/\/bahsjourney.com\/pt-br\/wp-json\/wp\/v2\/users\/5"}],"replies":[{"embeddable":true,"href":"https:\/\/bahsjourney.com\/pt-br\/wp-json\/wp\/v2\/comments?post=7029"}],"version-history":[{"count":1,"href":"https:\/\/bahsjourney.com\/pt-br\/wp-json\/wp\/v2\/pages\/7029\/revisions"}],"predecessor-version":[{"id":7030,"href":"https:\/\/bahsjourney.com\/pt-br\/wp-json\/wp\/v2\/pages\/7029\/revisions\/7030"}],"up":[{"embeddable":true,"href":"https:\/\/bahsjourney.com\/pt-br\/wp-json\/wp\/v2\/pages\/7013"}],"wp:attachment":[{"href":"https:\/\/bahsjourney.com\/pt-br\/wp-json\/wp\/v2\/media?parent=7029"}],"curies":[{"name":"wp","href":"https:\/\/api.w.org\/{rel}","templated":true}]}}