{"id":7015,"date":"2023-10-31T18:04:34","date_gmt":"2023-10-31T16:04:34","guid":{"rendered":"https:\/\/bahsjourney.com\/?page_id=7015"},"modified":"2024-01-25T11:44:05","modified_gmt":"2024-01-25T09:44:05","slug":"am-i-a-candidate","status":"publish","type":"page","link":"https:\/\/bahsjourney.com\/pt-br\/candidate\/am-i-a-candidate\/","title":{"rendered":"Sou um candidato?"},"content":{"rendered":"<div id=\"mobile-hero\" data-block-id=\"26608914-038b-44cc-a7dc-d0ed019090b6\" data-section-title=\"\" style=\"\" class=\"haj-section haj-relative block-editor-block-list__block wp-block block-editor-block-list__block wp-block wp-block-haj-main-section-dynamic haj-hidden haj-block@m haj-p-0 has-white-background-color haj-height-auto offset-menu haj-w-full haj-flex-wrap haj-flex-middle haj-height-expand haj-height-expand@m haj-height-expand@s\">\n      \n\n<div class=\"wp-block-columns is-layout-flex wp-container-core-columns-is-layout-1 wp-block-columns-is-layout-flex\" style=\"padding-top:30px;padding-bottom:30px\">\n<div class=\"wp-block-column is-layout-flow wp-block-column-is-layout-flow\">\n<figure class=\"wp-block-image alignright size-full has-custom-border\"><img loading=\"lazy\" decoding=\"async\" width=\"1002\" height=\"722\" src=\"https:\/\/bahsjourney.com\/wp-content\/uploads\/2023\/12\/Herobild-Am-I-a-candidate-mobile.png\" alt=\"\" class=\"wp-image-2215\" style=\"border-top-left-radius:130px;border-bottom-left-radius:130px;object-fit:cover\" srcset=\"https:\/\/bahsjourney.com\/wp-content\/uploads\/2023\/12\/Herobild-Am-I-a-candidate-mobile.png 1002w, https:\/\/bahsjourney.com\/wp-content\/uploads\/2023\/12\/Herobild-Am-I-a-candidate-mobile-300x216.png 300w, https:\/\/bahsjourney.com\/wp-content\/uploads\/2023\/12\/Herobild-Am-I-a-candidate-mobile-768x553.png 768w\" sizes=\"(max-width: 1002px) 100vw, 1002px\" \/><\/figure>\n<\/div>\n<\/div>\n\n<\/div>\n\n<div id=\"hero-section\" data-block-id=\"187a1365-6fa7-4189-9d9d-cca7d90452f5\" data-section-title=\"\" style=\"\" class=\"haj-section haj-relative block-editor-block-list__block wp-block block-editor-block-list__block wp-block wp-block-haj-main-section-dynamic has-white-background-color haj-height-70vh offset-menu haj-height-auto@m haj-height-auto@xs haj-w-large haj-flex-wrap haj-flex-middle haj-height-expand haj-height-expand@m haj-height-expand@s\">\n         <img loading=\"lazy\" decoding=\"async\"\n         src=\"https:\/\/bahsjourney.com\/wp-content\/uploads\/2023\/12\/Herobild-Am-I-a-candidate.png\"\n         alt=\"\"\n         height=\"722\"\n         width=\"1321\"\n         style=\"width:46%; top:5vh; bottom:5vh; height:calc(100% - 10vh);\"\n         class=\"haj-background-image haj-right  haj-hidden@s haj-hidden@m\" \/>\n      \n\n<div class=\"wp-block-columns is-layout-flex wp-container-core-columns-is-layout-2 wp-block-columns-is-layout-flex\" style=\"padding-top:var(--wp--preset--spacing--80);padding-right:0;padding-bottom:var(--wp--preset--spacing--80);padding-left:0\">\n<div class=\"wp-block-column is-vertically-aligned-center hero-content haj-w-1-2 haj-w-full@m is-layout-flow wp-block-column-is-layout-flow\" style=\"padding-right:0;padding-left:0;flex-basis:45%\">\n<div class=\"wp-block-group is-vertical is-layout-flex wp-container-core-group-is-layout-1 wp-block-group-is-layout-flex\" style=\"padding-top:0;padding-right:0;padding-bottom:0;padding-left:0\">\n<h1 class=\"wp-block-heading\" style=\"margin-bottom:16px;font-style:normal;font-weight:300\">Sou um candidato \u00e0 BAHS?<\/h1>\n\n\n\n<p class=\"has-medium-font-size\" style=\"margin-top:0;margin-right:0;margin-bottom:16px;margin-left:0;font-style:normal;font-weight:300\">Uma Pr\u00f3tese Auditiva Ancorada no Osso (BAHS) pode ser uma boa solu\u00e7\u00e3o se sua perda auditiva \u00e9 devido a problemas em seu ouvido externo ou m\u00e9dio, ou se voc\u00ea for surdo em apenas um ouvido. Isso \u00e9 porque ela desvia dessas partes do ouvido e transmite o som diretamente para seu ouvido interno.<\/p>\n\n\n\n<p class=\"has-text-align-left haj-flex haj-flex-middle haj-w-max download-link\"><a href=\"https:\/\/bahsjourney.com\/wp-content\/uploads\/2023\/12\/Lorem-Ipsum.pdf\"><\/a><\/p>\n<\/div>\n<\/div>\n<\/div>\n\n<\/div>\n\n<div id=\"ponto-system\" data-block-id=\"2e899858-fd9e-4e41-9d34-5ac74dc41743\" data-section-title=\"\" style=\"\" class=\"haj-section haj-relative block-editor-block-list__block wp-block block-editor-block-list__block wp-block wp-block-haj-main-section-dynamic has-orange-background-color haj-height-40vh offset-menu haj-height-auto@m haj-height-auto@xs haj-w-medium haj-flex-wrap haj-flex-middle haj-height-expand haj-height-expand@m haj-height-expand@s\">\n      \n\n<div class=\"wp-block-columns banner-section is-layout-flex wp-container-core-columns-is-layout-3 wp-block-columns-is-layout-flex\" style=\"margin-top:0;margin-bottom:0;padding-top:0;padding-bottom:0\">\n<div class=\"wp-block-column has-grey-color has-text-color has-global-padding is-layout-constrained wp-container-core-column-is-layout-3 wp-block-column-is-layout-constrained\" style=\"padding-top:0;padding-right:0;padding-bottom:0;padding-left:0\">\n<h3 class=\"wp-block-heading has-text-align-center has-white-color has-text-color has-link-color wp-elements-308069eff7d4e0d947646a50446b5ab9\" style=\"margin-bottom:16px\">Explore o folheto de candidato<\/h3>\n\n\n\n<p class=\"has-text-align-center has-white-color has-text-color has-link-color has-medium-font-size wp-elements-6f24102116b393efe580a88d98898b08\" style=\"margin-bottom:22px\">O folheto do candidato \u00e0 BAHS fornece informa\u00e7\u00f5es \u00fateis sobre o que voc\u00ea precisa saber a respeito da audi\u00e7\u00e3o por condu\u00e7\u00e3o \u00f3ssea e como ela pode benefici\u00e1-lo.<\/p>\n\n\n\n<p class=\"has-text-align-left haj-flex haj-flex-middle haj-w-max download-link has-white-color has-text-color has-link-color wp-elements-1f4118ddd3c02b7c0fab42a287087c9e\" style=\"text-decoration:none\"><img decoding=\"async\" class=\"wp-image-962\" style=\"width: NaNpx;\" src=\"https:\/\/bahsjourney.com\/wp-content\/uploads\/2023\/11\/download-2.svg\" alt=\"download\"><a href=\"https:\/\/bahsjourney.com\/wp-content\/uploads\/2024\/01\/270475BR-pt_CBR_Candidate-brochure_Version-A_2023.11.pdf\" target=\"_blank\" rel=\"noreferrer noopener\">Fa\u00e7a o download do folheto do candidato<\/a><\/p>\n<\/div>\n<\/div>\n\n<\/div>\n\n<div id=\"\" data-block-id=\"dab4f32e-0efd-41da-bca6-a4a9b01cd1ca\" data-section-title=\"\" style=\"\" class=\"haj-section haj-relative block-editor-block-list__block wp-block block-editor-block-list__block wp-block wp-block-haj-main-section-dynamic has-white-background-color haj-height-auto offset-menu haj-w-large haj-flex-wrap haj-flex-middle haj-height-expand haj-height-expand@m haj-height-expand@s\">\n      \n\n<div class=\"wp-block-columns is-layout-flex wp-container-core-columns-is-layout-4 wp-block-columns-is-layout-flex\" style=\"padding-top:60px;padding-bottom:60px\">\n<div class=\"wp-block-column is-vertically-aligned-center haj-height-full left-text-column is-layout-flow wp-block-column-is-layout-flow\" style=\"padding-top:0;padding-right:0;padding-bottom:0;padding-left:0\">\n<div class=\"wp-block-group has-global-padding is-content-justification-left is-layout-constrained wp-container-core-group-is-layout-2 wp-block-group-is-layout-constrained\" style=\"padding-top:0;padding-right:0;padding-bottom:0;padding-left:0\">\n<h2 class=\"wp-block-heading\" style=\"margin-bottom:16px\">Descubra se voc\u00ea \u00e9 um candidato<\/h2>\n\n\n\n<p style=\"margin-bottom:var(--wp--preset--spacing--30)\">Tanto adultos quanto crian\u00e7as podem receber um sistema BAHS se tiverem&nbsp;<strong>perdas auditivas condutivas e mistas <\/strong>ou&nbsp; uma perda auditiva unilateral profunda, tamb\u00e9m conhecida como&nbsp;<strong>surdez unilateral (SSD).&nbsp;<\/strong>A categoria de indica\u00e7\u00e3o secund\u00e1ria inclui pessoas que t\u00eam outras caracter\u00edsticas f\u00edsicas ou outras condi\u00e7\u00f5es m\u00e9dicas que impossibilitam o uso de um aparelho auditivo convencional.<\/p>\n\n\n\n<p>Crian\u00e7as que ainda s\u00e3o muito pequenas para receber um implante ou que tenham um problema auditivo tempor\u00e1rio podem usar o processador de som acoplado a uma Softband. Softband \u00e9 uma faixa flex\u00edvel e ajust\u00e1vel que se ajusta a todos os tamanhos de cabe\u00e7a.<\/p>\n<\/div>\n<\/div>\n\n\n\n<div class=\"wp-block-column is-vertically-aligned-center haj-height-full is-layout-flow wp-block-column-is-layout-flow\">\n<div class=\"wp-block-group bordered-list has-medium-font-size has-global-padding is-layout-constrained wp-container-core-group-is-layout-3 wp-block-group-is-layout-constrained\" style=\"border-left-color:var(--wp--preset--color--orange);border-left-width:4px;padding-left:26px\">\n<h4 class=\"wp-block-heading\" style=\"margin-bottom:16px\">Uma pr\u00f3tese auditiva de condu\u00e7\u00e3o \u00f3ssea pode ser usada com sucesso por adultos e crian\u00e7as* com:<\/h4>\n\n\n\n<ul class=\"wp-block-list\" style=\"line-height:1.6\">\n<li>Perda auditiva condutiva<\/li>\n\n\n\n<li>Perda auditiva neurossensorial<\/li>\n\n\n\n<li>Perda auditiva mista<\/li>\n\n\n\n<li>Surdez unilateral<\/li>\n\n\n\n<li>Problemas no canal do ouvido e no ouvido m\u00e9dio<\/li>\n\n\n\n<li>Malforma\u00e7\u00f5es da orelha externa, como, por exemplo, atresia e microtia<\/li>\n\n\n\n<li>Perda auditiva causada por infec\u00e7\u00f5es cr\u00f4nicas no ouvido.<\/li>\n<\/ul>\n<\/div>\n<\/div>\n<\/div>\n\n\n\n<div class=\"wp-block-columns is-layout-flex wp-container-core-columns-is-layout-5 wp-block-columns-is-layout-flex\">\n<div class=\"wp-block-column is-layout-flow wp-block-column-is-layout-flow\">\n<p class=\"has-text-align-center has-sand-medium-color has-text-color has-link-color wp-elements-d2d159635db220b0b3e4c0b8d2b23cfa\" style=\"margin-bottom:var(--wp--preset--spacing--30);font-size:14px;font-style:italic;font-weight:300\">*Nos EUA, Canad\u00e1 e Singapura, a coloca\u00e7\u00e3o de um implante de condu\u00e7\u00e3o \u00f3ssea n\u00e3o \u00e9 indicada em crian\u00e7as abaixo de cinco anos de idade.<\/p>\n<\/div>\n<\/div>\n\n<\/div>\n\n<div id=\"ponto-system\" data-block-id=\"2e899858-fd9e-4e41-9d34-5ac74dc41743\" data-section-title=\"\" style=\"\" class=\"haj-section haj-relative block-editor-block-list__block wp-block block-editor-block-list__block wp-block wp-block-haj-main-section-dynamic has-light-grey-background-color haj-height-40vh offset-menu haj-height-auto@m haj-height-auto@xs haj-w-medium haj-flex-wrap haj-flex-middle haj-height-expand haj-height-expand@m haj-height-expand@s\">\n      \n\n<div class=\"wp-block-columns banner-section is-layout-flex wp-container-core-columns-is-layout-6 wp-block-columns-is-layout-flex\" style=\"margin-top:0;margin-bottom:0;padding-top:0;padding-bottom:0\">\n<div class=\"wp-block-column has-grey-color has-text-color has-global-padding is-layout-constrained wp-container-core-column-is-layout-7 wp-block-column-is-layout-constrained\" style=\"padding-top:0;padding-right:0;padding-bottom:0;padding-left:0\">\n<h3 class=\"wp-block-heading has-text-align-center\" style=\"margin-bottom:16px\">Encontre uma cl\u00ednica em seu local<\/h3>\n\n\n\n<p class=\"has-text-align-center has-medium-font-size\">Para saber se um dispositivo &nbsp;BAHS \u00e9 a solu\u00e7\u00e3o certa para voc\u00ea, converse com seu fonoaudi\u00f3logo e m\u00e9dico. Eles testar\u00e3o sua audi\u00e7\u00e3o para verificar se voc\u00ea \u00e9 um candidato adequado. Se for o caso, voc\u00ea pode experimentar um processador de som Ponto 5 para experimentar essa forma de audi\u00e7\u00e3o e ajud\u00e1-lo a decidir sobre o dispositivo BAHS. Deixe-nos ajud\u00e1-lo a encontrar a cl\u00ednica certa.<\/p>\n\n\n\n<div class=\"wp-block-buttons is-content-justification-center is-layout-flex wp-container-core-buttons-is-layout-1 wp-block-buttons-is-layout-flex\" style=\"margin-top:27px\">\n<div class=\"wp-block-button\"><a class=\"wp-block-button__link has-white-color has-text-color wp-element-button\" href=\"https:\/\/www.oticonmedical.com\/portuguese\/about-oticon-medical\/contact-us?\" target=\"_blank\" rel=\"noreferrer noopener\">Entre em contato conosco<\/a><\/div>\n<\/div>\n<\/div>\n<\/div>\n\n<\/div>","protected":false},"excerpt":{"rendered":"","protected":false},"author":5,"featured_media":0,"parent":7013,"menu_order":0,"comment_status":"closed","ping_status":"closed","template":"wp-custom-template-candidate-pages","meta":{"_acf_changed":false,"footnotes":""},"class_list":["post-7015","page","type-page","status-publish","hentry"],"acf":[],"yoast_head":"<!-- This site is optimized with the Yoast SEO plugin v24.7 - https:\/\/yoast.com\/wordpress\/plugins\/seo\/ -->\n<title>Sou um candidato? - BAHS Journey<\/title>\n<meta name=\"robots\" content=\"index, follow, max-snippet:-1, max-image-preview:large, max-video-preview:-1\" \/>\n<link rel=\"canonical\" href=\"https:\/\/bahsjourney.com\/pt-br\/candidate\/am-i-a-candidate\/\" \/>\n<meta property=\"og:locale\" content=\"pt_BR\" \/>\n<meta property=\"og:type\" content=\"article\" \/>\n<meta property=\"og:title\" content=\"Sou um candidato? - BAHS Journey\" \/>\n<meta property=\"og:url\" content=\"https:\/\/bahsjourney.com\/pt-br\/candidate\/am-i-a-candidate\/\" \/>\n<meta property=\"og:site_name\" content=\"BAHS Journey\" \/>\n<meta property=\"article:modified_time\" content=\"2024-01-25T09:44:05+00:00\" \/>\n<meta property=\"og:image\" content=\"https:\/\/bahsjourney.com\/wp-content\/uploads\/2023\/12\/Herobild-Am-I-a-candidate-mobile.png\" \/>\n<meta name=\"twitter:card\" content=\"summary_large_image\" \/>\n<meta name=\"twitter:label1\" content=\"Est. tempo de leitura\" \/>\n\t<meta name=\"twitter:data1\" content=\"3 minutos\" \/>\n<script type=\"application\/ld+json\" class=\"yoast-schema-graph\">{\"@context\":\"https:\/\/schema.org\",\"@graph\":[{\"@type\":\"WebPage\",\"@id\":\"https:\/\/bahsjourney.com\/pt-br\/candidate\/am-i-a-candidate\/\",\"url\":\"https:\/\/bahsjourney.com\/pt-br\/candidate\/am-i-a-candidate\/\",\"name\":\"Sou um candidato? - BAHS Journey\",\"isPartOf\":{\"@id\":\"https:\/\/bahsjourney.com\/#website\"},\"primaryImageOfPage\":{\"@id\":\"https:\/\/bahsjourney.com\/pt-br\/candidate\/am-i-a-candidate\/#primaryimage\"},\"image\":{\"@id\":\"https:\/\/bahsjourney.com\/pt-br\/candidate\/am-i-a-candidate\/#primaryimage\"},\"thumbnailUrl\":\"https:\/\/bahsjourney.com\/wp-content\/uploads\/2023\/12\/Herobild-Am-I-a-candidate-mobile.png\",\"datePublished\":\"2023-10-31T16:04:34+00:00\",\"dateModified\":\"2024-01-25T09:44:05+00:00\",\"breadcrumb\":{\"@id\":\"https:\/\/bahsjourney.com\/pt-br\/candidate\/am-i-a-candidate\/#breadcrumb\"},\"inLanguage\":\"pt-BR\",\"potentialAction\":[{\"@type\":\"ReadAction\",\"target\":[\"https:\/\/bahsjourney.com\/pt-br\/candidate\/am-i-a-candidate\/\"]}]},{\"@type\":\"ImageObject\",\"inLanguage\":\"pt-BR\",\"@id\":\"https:\/\/bahsjourney.com\/pt-br\/candidate\/am-i-a-candidate\/#primaryimage\",\"url\":\"https:\/\/bahsjourney.com\/wp-content\/uploads\/2023\/12\/Herobild-Am-I-a-candidate-mobile.png\",\"contentUrl\":\"https:\/\/bahsjourney.com\/wp-content\/uploads\/2023\/12\/Herobild-Am-I-a-candidate-mobile.png\"},{\"@type\":\"BreadcrumbList\",\"@id\":\"https:\/\/bahsjourney.com\/pt-br\/candidate\/am-i-a-candidate\/#breadcrumb\",\"itemListElement\":[{\"@type\":\"ListItem\",\"position\":1,\"name\":\"Home\",\"item\":\"https:\/\/bahsjourney.com\/pt-br\/\"},{\"@type\":\"ListItem\",\"position\":2,\"name\":\"Candidato\",\"item\":\"https:\/\/bahsjourney.com\/pt-br\/candidate\/\"},{\"@type\":\"ListItem\",\"position\":3,\"name\":\"Sou um candidato?\"}]},{\"@type\":\"WebSite\",\"@id\":\"https:\/\/bahsjourney.com\/#website\",\"url\":\"https:\/\/bahsjourney.com\/\",\"name\":\"BAHS Journey\",\"description\":\"\",\"publisher\":{\"@id\":\"https:\/\/bahsjourney.com\/#organization\"},\"potentialAction\":[{\"@type\":\"SearchAction\",\"target\":{\"@type\":\"EntryPoint\",\"urlTemplate\":\"https:\/\/bahsjourney.com\/?s={search_term_string}\"},\"query-input\":{\"@type\":\"PropertyValueSpecification\",\"valueRequired\":true,\"valueName\":\"search_term_string\"}}],\"inLanguage\":\"pt-BR\"},{\"@type\":\"Organization\",\"@id\":\"https:\/\/bahsjourney.com\/#organization\",\"name\":\"BAHS Journey\",\"url\":\"https:\/\/bahsjourney.com\/\",\"logo\":{\"@type\":\"ImageObject\",\"inLanguage\":\"pt-BR\",\"@id\":\"https:\/\/bahsjourney.com\/#\/schema\/logo\/image\/\",\"url\":\"https:\/\/bahsjourney.com\/wp-content\/uploads\/2023\/11\/oticon-Logo.svg\",\"contentUrl\":\"https:\/\/bahsjourney.com\/wp-content\/uploads\/2023\/11\/oticon-Logo.svg\",\"width\":1,\"height\":1,\"caption\":\"BAHS Journey\"},\"image\":{\"@id\":\"https:\/\/bahsjourney.com\/#\/schema\/logo\/image\/\"}}]}<\/script>\n<!-- \/ Yoast SEO plugin. -->","yoast_head_json":{"title":"Sou um candidato? - BAHS Journey","robots":{"index":"index","follow":"follow","max-snippet":"max-snippet:-1","max-image-preview":"max-image-preview:large","max-video-preview":"max-video-preview:-1"},"canonical":"https:\/\/bahsjourney.com\/pt-br\/candidate\/am-i-a-candidate\/","og_locale":"pt_BR","og_type":"article","og_title":"Sou um candidato? - BAHS Journey","og_url":"https:\/\/bahsjourney.com\/pt-br\/candidate\/am-i-a-candidate\/","og_site_name":"BAHS Journey","article_modified_time":"2024-01-25T09:44:05+00:00","og_image":[{"url":"https:\/\/bahsjourney.com\/wp-content\/uploads\/2023\/12\/Herobild-Am-I-a-candidate-mobile.png","type":"","width":"","height":""}],"twitter_card":"summary_large_image","twitter_misc":{"Est. tempo de leitura":"3 minutos"},"schema":{"@context":"https:\/\/schema.org","@graph":[{"@type":"WebPage","@id":"https:\/\/bahsjourney.com\/pt-br\/candidate\/am-i-a-candidate\/","url":"https:\/\/bahsjourney.com\/pt-br\/candidate\/am-i-a-candidate\/","name":"Sou um candidato? - BAHS Journey","isPartOf":{"@id":"https:\/\/bahsjourney.com\/#website"},"primaryImageOfPage":{"@id":"https:\/\/bahsjourney.com\/pt-br\/candidate\/am-i-a-candidate\/#primaryimage"},"image":{"@id":"https:\/\/bahsjourney.com\/pt-br\/candidate\/am-i-a-candidate\/#primaryimage"},"thumbnailUrl":"https:\/\/bahsjourney.com\/wp-content\/uploads\/2023\/12\/Herobild-Am-I-a-candidate-mobile.png","datePublished":"2023-10-31T16:04:34+00:00","dateModified":"2024-01-25T09:44:05+00:00","breadcrumb":{"@id":"https:\/\/bahsjourney.com\/pt-br\/candidate\/am-i-a-candidate\/#breadcrumb"},"inLanguage":"pt-BR","potentialAction":[{"@type":"ReadAction","target":["https:\/\/bahsjourney.com\/pt-br\/candidate\/am-i-a-candidate\/"]}]},{"@type":"ImageObject","inLanguage":"pt-BR","@id":"https:\/\/bahsjourney.com\/pt-br\/candidate\/am-i-a-candidate\/#primaryimage","url":"https:\/\/bahsjourney.com\/wp-content\/uploads\/2023\/12\/Herobild-Am-I-a-candidate-mobile.png","contentUrl":"https:\/\/bahsjourney.com\/wp-content\/uploads\/2023\/12\/Herobild-Am-I-a-candidate-mobile.png"},{"@type":"BreadcrumbList","@id":"https:\/\/bahsjourney.com\/pt-br\/candidate\/am-i-a-candidate\/#breadcrumb","itemListElement":[{"@type":"ListItem","position":1,"name":"Home","item":"https:\/\/bahsjourney.com\/pt-br\/"},{"@type":"ListItem","position":2,"name":"Candidato","item":"https:\/\/bahsjourney.com\/pt-br\/candidate\/"},{"@type":"ListItem","position":3,"name":"Sou um candidato?"}]},{"@type":"WebSite","@id":"https:\/\/bahsjourney.com\/#website","url":"https:\/\/bahsjourney.com\/","name":"BAHS Journey","description":"","publisher":{"@id":"https:\/\/bahsjourney.com\/#organization"},"potentialAction":[{"@type":"SearchAction","target":{"@type":"EntryPoint","urlTemplate":"https:\/\/bahsjourney.com\/?s={search_term_string}"},"query-input":{"@type":"PropertyValueSpecification","valueRequired":true,"valueName":"search_term_string"}}],"inLanguage":"pt-BR"},{"@type":"Organization","@id":"https:\/\/bahsjourney.com\/#organization","name":"BAHS Journey","url":"https:\/\/bahsjourney.com\/","logo":{"@type":"ImageObject","inLanguage":"pt-BR","@id":"https:\/\/bahsjourney.com\/#\/schema\/logo\/image\/","url":"https:\/\/bahsjourney.com\/wp-content\/uploads\/2023\/11\/oticon-Logo.svg","contentUrl":"https:\/\/bahsjourney.com\/wp-content\/uploads\/2023\/11\/oticon-Logo.svg","width":1,"height":1,"caption":"BAHS Journey"},"image":{"@id":"https:\/\/bahsjourney.com\/#\/schema\/logo\/image\/"}}]}},"_links":{"self":[{"href":"https:\/\/bahsjourney.com\/pt-br\/wp-json\/wp\/v2\/pages\/7015"}],"collection":[{"href":"https:\/\/bahsjourney.com\/pt-br\/wp-json\/wp\/v2\/pages"}],"about":[{"href":"https:\/\/bahsjourney.com\/pt-br\/wp-json\/wp\/v2\/types\/page"}],"author":[{"embeddable":true,"href":"https:\/\/bahsjourney.com\/pt-br\/wp-json\/wp\/v2\/users\/5"}],"replies":[{"embeddable":true,"href":"https:\/\/bahsjourney.com\/pt-br\/wp-json\/wp\/v2\/comments?post=7015"}],"version-history":[{"count":3,"href":"https:\/\/bahsjourney.com\/pt-br\/wp-json\/wp\/v2\/pages\/7015\/revisions"}],"predecessor-version":[{"id":7779,"href":"https:\/\/bahsjourney.com\/pt-br\/wp-json\/wp\/v2\/pages\/7015\/revisions\/7779"}],"up":[{"embeddable":true,"href":"https:\/\/bahsjourney.com\/pt-br\/wp-json\/wp\/v2\/pages\/7013"}],"wp:attachment":[{"href":"https:\/\/bahsjourney.com\/pt-br\/wp-json\/wp\/v2\/media?parent=7015"}],"curies":[{"name":"wp","href":"https:\/\/api.w.org\/{rel}","templated":true}]}}