{"id":6334,"date":"2023-11-17T11:06:01","date_gmt":"2023-11-17T09:06:01","guid":{"rendered":"https:\/\/bahsjourney.com\/?page_id=6334"},"modified":"2024-01-23T11:32:42","modified_gmt":"2024-01-23T09:32:42","slug":"politique-de-cookies","status":"publish","type":"page","link":"https:\/\/bahsjourney.com\/fr\/politique-de-cookies\/","title":{"rendered":"Politique de cookies"},"content":{"rendered":"<div id=\"cookie-page\" data-block-id=\"958f5280-79be-4ec8-890f-884351e1ac02\" data-section-title=\"\" style=\"\" class=\"haj-section haj-relative block-editor-block-list__block wp-block block-editor-block-list__block wp-block wp-block-haj-main-section-dynamic has-white-background-color haj-height-auto offset-menu haj-w-small haj-flex-wrap haj-flex-middle haj-height-expand haj-height-expand@m haj-height-expand@s\">\n      \n\n<div class=\"wp-block-columns is-layout-flex wp-container-core-columns-is-layout-1 wp-block-columns-is-layout-flex\" style=\"padding-top:var(--wp--preset--spacing--50);padding-bottom:var(--wp--preset--spacing--50)\">\n<div class=\"wp-block-column is-layout-flow wp-block-column-is-layout-flow\">\n<h1 class=\"wp-block-heading has-text-align-center\">Politique en mati\u00e8re de cookies<\/h1>\n\n\n\n<p><strong><strong>Ce site web est fourni et contr\u00f4l\u00e9 par Oticon Medical AB, Datav\u00e4gen 37B, 436 32 Askim, Su\u00e8de<\/strong><\/strong><\/p>\n\n\n\n<p><\/p>\n\n\n\n<p>Cette politique concerne les cookies, etc. utilis\u00e9s sur nos sites web. Si vous refusez les conditions \u00e9nonc\u00e9es ici, veuillez ne pas utiliser ce site web et supprimer les cookies plac\u00e9s par le site web.<\/p>\n\n\n\n<p><\/p>\n\n\n\n<p>Les informations contenues dans la pr\u00e9sente Politique sur les cookies vous sont fournies de mani\u00e8re ouverte et transparente, afin que vous puissiez comprendre comment les cookies sont utilis\u00e9s pour enrichir votre exp\u00e9rience de visiteur et choisir en connaissance de cause d&rsquo;autoriser leur utilisation. Cependant, si vous souhaitez supprimer les cookies, vous pouvez le faire via les param\u00e8tres de votre navigateur. Vous trouverez ci-dessous de plus amples informations sur l&rsquo;utilisation des cookies par nos sites web.<\/p>\n\n\n\n<p><\/p>\n\n\n\n<h2 class=\"wp-block-heading\">Cookies<\/h2>\n\n\n\n<p>Lorsque vous visitez ce site web, votre appareil re\u00e7oit automatiquement un ou plusieurs cookies, qui sont transf\u00e9r\u00e9s de ce site web ou de domaines de tiers vers votre navigateur internet.<\/p>\n\n\n\n<p><\/p>\n\n\n\n<h2 class=\"wp-block-heading\">Qu\u2018est-ce qu\u2018un cookie\u00a0?<\/h2>\n\n\n\n<p>Un cookie est un petit fichier texte. Deux types de cookies peuvent \u00eatre utilis\u00e9s, \u00ab\u00a0session uniquement\u00a0\u00bb et \u00ab\u00a0permanents\u00a0\u00bb. Les cookies dits de \u00ab session uniquement \u00bb sont supprim\u00e9s lorsque vous terminez votre session sur votre navigateur. Les cookies dits \u00ab permanents \u00bb restent sur votre appareil pendant la p\u00e9riode param\u00e9tr\u00e9e dans le cookie, apr\u00e8s quoi ils se suppriment tout seuls. Cependant, ces cookies peuvent \u00eatre renouvel\u00e9s chaque fois que vous consultez le site Web.<\/p>\n\n\n\n<p><\/p>\n\n\n\n<h2 class=\"wp-block-heading\">Types de cookies<\/h2>\n\n\n\n<p>Il est fr\u00e9quent de faire la distinction entre les cookies internes et les cookies tiers. Les cookies internes sont affect\u00e9s au site Internet que vous consultez tandis que les cookies tiers proviennent d&rsquo;un tiers, comme un programme analytique web par exemple. Ce site Web utilise \u00e0 la fois des cookies internes et des cookies tiers.<\/p>\n\n\n\n<p><\/p>\n\n\n\n<h2 class=\"wp-block-heading\">Pourquoi ce site Web installe-t-il des cookies\u00a0?<\/h2>\n\n\n\n<p>Ce site internet installe trois types de cookies&nbsp;:<\/p>\n\n\n\n<p>1. Des cookies n\u00e9cessaires pour rendre le site Internet utilisable en activant des fonctions \u00e9l\u00e9mentaires tels que la navigation sur les pages et l\u2019acc\u00e8s aux zones s\u00e9curis\u00e9es du site Web.<\/p>\n\n\n\n<p>2. Des cookies statistiques qui nous permettent de comprendre la fa\u00e7on dont les visiteurs interagissent avec le site Web en collectant et en signalant anonymement des informations, et<\/p>\n\n\n\n<p>3. Des cookies marketing qui sont utilis\u00e9s pour suivre les visiteurs sur plusieurs sites Web. L\u2019intention est d\u2019afficher des publicit\u00e9s qui sont pertinentes et motivantes pour l\u2019utilisateur individuel et donc plus importantes pour les \u00e9diteurs et les publicitaires tiers.<\/p>\n\n\n\n<p><\/p>\n\n\n\n<h2 class=\"wp-block-heading\">Pendant combien de temps les cookies seront-ils stock\u00e9s sur mon ordinateur\u00a0?<\/h2>\n\n\n\n<p>La dur\u00e9e de vie d\u2018un cookie varie d\u2018un cookie \u00e0 l\u2018autre.<\/p>\n\n\n\n<p><\/p>\n\n\n\n<h2 class=\"wp-block-heading\">Puis-je continuer \u00e0 consulter le site Web si la fonction de cookies est d\u00e9sactiv\u00e9e\u00a0?<\/h2>\n\n\n\n<p>Oui Si vous choisissez de d\u00e9sactiver les cookies sur votre appareil en ligne, vous continuerez \u00e0 b\u00e9n\u00e9ficier du m\u00eame acc\u00e8s au contenu du site Web que lorsque les cookies \u00e9taient activ\u00e9s. Cependant, certaines fonctions telles que les clips vid\u00e9o et les identifiants de connexion peuvent pr\u00e9senter une fonctionnalit\u00e9 r\u00e9duite, voire ne pas fonctionner du tout.<\/p>\n\n\n\n<p><\/p>\n\n\n\n<h2 class=\"wp-block-heading\">Comment \u00e9viter ou supprimer un cookie\u00a0<\/h2>\n\n\n\n<p>La plupart des navigateurs Web acceptent les cookies par d\u00e9faut. Vous pouvez modifier les param\u00e8tres de votre navigateur afin que celui-ci n\u2018accepte pas les cookies ou les supprime de votre ordinateur. Diff\u00e9rents navigateurs Web peuvent utiliser diff\u00e9rentes m\u00e9thodes de gestion des cookies. Veuillez suivre les instructions ci-dessous, obtenues directement aupr\u00e8s des fabricants de navigateurs Web les plus fr\u00e9quemment utilis\u00e9s, pour configurer vos param\u00e8tres de navigation.*<\/p>\n\n\n\n<p><a href=\"https:\/\/support.microsoft.com\/en-us\/help\/278835\/how-to-delete-cookie-files-in-internet-explorer\" target=\"_blank\" rel=\"noreferrer noopener\">Microsoft Internet Explorer (IE)<\/a><br><a href=\"https:\/\/support.google.com\/chrome\/answer\/95647?co=GENIE.Platform%3DDesktop&amp;hl=en\" target=\"_blank\" rel=\"noreferrer noopener\">Google Chrome<\/a><br><a href=\"https:\/\/support.apple.com\/kb\/ph21411?locale=en_US\" target=\"_blank\" rel=\"noreferrer noopener\">Safari<\/a><br><a href=\"https:\/\/support.mozilla.org\/en-US\/kb\/delete-cookies-remove-info-websites-stored\" target=\"_blank\" rel=\"noreferrer noopener\">Firefox<\/a><\/p>\n\n\n\n<p>*Ces liens dirigent vers des sites tiers sur lesquels nous n\u2019exer\u00e7ons aucun contr\u00f4le. Nous ne saurons aucunement \u00eatre tenus responsables de toute information inexacte.<\/p>\n\n\n\n<p><\/p>\n\n\n\n<h2 class=\"wp-block-heading\">Des questions ou des commentaires\u00a0?<\/h2>\n\n\n\n<p class=\"has-link-color wp-elements-0fb82d48039fe39d10350c66f0bbf411\">Si vous avez des questions ou des commentaires, ou si souhaitez exercer vos droits en vertu d&rsquo;une l\u00e9gislation en vigueur, veuillez contacter notre \u00e9quipe en envoyant un e-mail \u00e0\u00a0<a href=\"mailto:info@oticonmedical.com\">info@oticonmedical.com<\/a>. Vous pouvez \u00e9galement nous appeler au +45 3917 7100.<\/p>\n\n\n\n<div class= \"cky-audit-table-element\"><\/div>\n\n\n\n<h2 class=\"wp-block-heading\">Change cookie settings<\/h2>\n\n\n\n<p>You can click the button in the bottom left corner if you have previously accepted marketing cookies on this site, but would like to only accept the cookies that are required for the website to function.<\/p>\n<\/div>\n<\/div>\n\n<\/div>","protected":false},"excerpt":{"rendered":"","protected":false},"author":5,"featured_media":0,"parent":0,"menu_order":0,"comment_status":"closed","ping_status":"closed","template":"wp-custom-template-professional-pages","meta":{"_acf_changed":false,"footnotes":""},"class_list":["post-6334","page","type-page","status-publish","hentry"],"acf":[],"yoast_head":"<!-- This site is optimized with the Yoast SEO plugin v24.7 - https:\/\/yoast.com\/wordpress\/plugins\/seo\/ -->\n<title>Politique de cookies - BAHS Journey<\/title>\n<meta name=\"robots\" content=\"index, follow, max-snippet:-1, max-image-preview:large, max-video-preview:-1\" \/>\n<link rel=\"canonical\" href=\"https:\/\/bahsjourney.com\/fr\/politique-de-cookies\/\" \/>\n<meta property=\"og:locale\" content=\"fr_FR\" \/>\n<meta property=\"og:type\" content=\"article\" \/>\n<meta property=\"og:title\" content=\"Politique de cookies - BAHS Journey\" \/>\n<meta property=\"og:url\" content=\"https:\/\/bahsjourney.com\/fr\/politique-de-cookies\/\" \/>\n<meta property=\"og:site_name\" content=\"BAHS Journey\" \/>\n<meta property=\"article:modified_time\" content=\"2024-01-23T09:32:42+00:00\" \/>\n<meta name=\"twitter:card\" content=\"summary_large_image\" \/>\n<meta name=\"twitter:label1\" content=\"Dur\u00e9e de lecture estim\u00e9e\" \/>\n\t<meta name=\"twitter:data1\" content=\"4 minutes\" \/>\n<script type=\"application\/ld+json\" class=\"yoast-schema-graph\">{\"@context\":\"https:\/\/schema.org\",\"@graph\":[{\"@type\":\"WebPage\",\"@id\":\"https:\/\/bahsjourney.com\/fr\/politique-de-cookies\/\",\"url\":\"https:\/\/bahsjourney.com\/fr\/politique-de-cookies\/\",\"name\":\"Politique de cookies - BAHS Journey\",\"isPartOf\":{\"@id\":\"https:\/\/bahsjourney.com\/#website\"},\"datePublished\":\"2023-11-17T09:06:01+00:00\",\"dateModified\":\"2024-01-23T09:32:42+00:00\",\"breadcrumb\":{\"@id\":\"https:\/\/bahsjourney.com\/fr\/politique-de-cookies\/#breadcrumb\"},\"inLanguage\":\"fr-FR\",\"potentialAction\":[{\"@type\":\"ReadAction\",\"target\":[\"https:\/\/bahsjourney.com\/fr\/politique-de-cookies\/\"]}]},{\"@type\":\"BreadcrumbList\",\"@id\":\"https:\/\/bahsjourney.com\/fr\/politique-de-cookies\/#breadcrumb\",\"itemListElement\":[{\"@type\":\"ListItem\",\"position\":1,\"name\":\"Home\",\"item\":\"https:\/\/bahsjourney.com\/fr\/\"},{\"@type\":\"ListItem\",\"position\":2,\"name\":\"Politique de cookies\"}]},{\"@type\":\"WebSite\",\"@id\":\"https:\/\/bahsjourney.com\/#website\",\"url\":\"https:\/\/bahsjourney.com\/\",\"name\":\"BAHS Journey\",\"description\":\"\",\"publisher\":{\"@id\":\"https:\/\/bahsjourney.com\/#organization\"},\"potentialAction\":[{\"@type\":\"SearchAction\",\"target\":{\"@type\":\"EntryPoint\",\"urlTemplate\":\"https:\/\/bahsjourney.com\/?s={search_term_string}\"},\"query-input\":{\"@type\":\"PropertyValueSpecification\",\"valueRequired\":true,\"valueName\":\"search_term_string\"}}],\"inLanguage\":\"fr-FR\"},{\"@type\":\"Organization\",\"@id\":\"https:\/\/bahsjourney.com\/#organization\",\"name\":\"BAHS Journey\",\"url\":\"https:\/\/bahsjourney.com\/\",\"logo\":{\"@type\":\"ImageObject\",\"inLanguage\":\"fr-FR\",\"@id\":\"https:\/\/bahsjourney.com\/#\/schema\/logo\/image\/\",\"url\":\"https:\/\/bahsjourney.com\/wp-content\/uploads\/2023\/11\/oticon-Logo.svg\",\"contentUrl\":\"https:\/\/bahsjourney.com\/wp-content\/uploads\/2023\/11\/oticon-Logo.svg\",\"width\":1,\"height\":1,\"caption\":\"BAHS Journey\"},\"image\":{\"@id\":\"https:\/\/bahsjourney.com\/#\/schema\/logo\/image\/\"}}]}<\/script>\n<!-- \/ Yoast SEO plugin. -->","yoast_head_json":{"title":"Politique de cookies - BAHS Journey","robots":{"index":"index","follow":"follow","max-snippet":"max-snippet:-1","max-image-preview":"max-image-preview:large","max-video-preview":"max-video-preview:-1"},"canonical":"https:\/\/bahsjourney.com\/fr\/politique-de-cookies\/","og_locale":"fr_FR","og_type":"article","og_title":"Politique de cookies - BAHS Journey","og_url":"https:\/\/bahsjourney.com\/fr\/politique-de-cookies\/","og_site_name":"BAHS Journey","article_modified_time":"2024-01-23T09:32:42+00:00","twitter_card":"summary_large_image","twitter_misc":{"Dur\u00e9e de lecture estim\u00e9e":"4 minutes"},"schema":{"@context":"https:\/\/schema.org","@graph":[{"@type":"WebPage","@id":"https:\/\/bahsjourney.com\/fr\/politique-de-cookies\/","url":"https:\/\/bahsjourney.com\/fr\/politique-de-cookies\/","name":"Politique de cookies - BAHS Journey","isPartOf":{"@id":"https:\/\/bahsjourney.com\/#website"},"datePublished":"2023-11-17T09:06:01+00:00","dateModified":"2024-01-23T09:32:42+00:00","breadcrumb":{"@id":"https:\/\/bahsjourney.com\/fr\/politique-de-cookies\/#breadcrumb"},"inLanguage":"fr-FR","potentialAction":[{"@type":"ReadAction","target":["https:\/\/bahsjourney.com\/fr\/politique-de-cookies\/"]}]},{"@type":"BreadcrumbList","@id":"https:\/\/bahsjourney.com\/fr\/politique-de-cookies\/#breadcrumb","itemListElement":[{"@type":"ListItem","position":1,"name":"Home","item":"https:\/\/bahsjourney.com\/fr\/"},{"@type":"ListItem","position":2,"name":"Politique de cookies"}]},{"@type":"WebSite","@id":"https:\/\/bahsjourney.com\/#website","url":"https:\/\/bahsjourney.com\/","name":"BAHS Journey","description":"","publisher":{"@id":"https:\/\/bahsjourney.com\/#organization"},"potentialAction":[{"@type":"SearchAction","target":{"@type":"EntryPoint","urlTemplate":"https:\/\/bahsjourney.com\/?s={search_term_string}"},"query-input":{"@type":"PropertyValueSpecification","valueRequired":true,"valueName":"search_term_string"}}],"inLanguage":"fr-FR"},{"@type":"Organization","@id":"https:\/\/bahsjourney.com\/#organization","name":"BAHS Journey","url":"https:\/\/bahsjourney.com\/","logo":{"@type":"ImageObject","inLanguage":"fr-FR","@id":"https:\/\/bahsjourney.com\/#\/schema\/logo\/image\/","url":"https:\/\/bahsjourney.com\/wp-content\/uploads\/2023\/11\/oticon-Logo.svg","contentUrl":"https:\/\/bahsjourney.com\/wp-content\/uploads\/2023\/11\/oticon-Logo.svg","width":1,"height":1,"caption":"BAHS Journey"},"image":{"@id":"https:\/\/bahsjourney.com\/#\/schema\/logo\/image\/"}}]}},"_links":{"self":[{"href":"https:\/\/bahsjourney.com\/fr\/wp-json\/wp\/v2\/pages\/6334"}],"collection":[{"href":"https:\/\/bahsjourney.com\/fr\/wp-json\/wp\/v2\/pages"}],"about":[{"href":"https:\/\/bahsjourney.com\/fr\/wp-json\/wp\/v2\/types\/page"}],"author":[{"embeddable":true,"href":"https:\/\/bahsjourney.com\/fr\/wp-json\/wp\/v2\/users\/5"}],"replies":[{"embeddable":true,"href":"https:\/\/bahsjourney.com\/fr\/wp-json\/wp\/v2\/comments?post=6334"}],"version-history":[{"count":1,"href":"https:\/\/bahsjourney.com\/fr\/wp-json\/wp\/v2\/pages\/6334\/revisions"}],"predecessor-version":[{"id":6335,"href":"https:\/\/bahsjourney.com\/fr\/wp-json\/wp\/v2\/pages\/6334\/revisions\/6335"}],"wp:attachment":[{"href":"https:\/\/bahsjourney.com\/fr\/wp-json\/wp\/v2\/media?parent=6334"}],"curies":[{"name":"wp","href":"https:\/\/api.w.org\/{rel}","templated":true}]}}