{"id":6329,"date":"2023-11-14T11:31:05","date_gmt":"2023-11-14T09:31:05","guid":{"rendered":"https:\/\/bahsjourney.com\/?page_id=6329"},"modified":"2024-09-17T14:26:50","modified_gmt":"2024-09-17T12:26:50","slug":"downloads","status":"publish","type":"page","link":"https:\/\/bahsjourney.com\/fr\/downloads\/","title":{"rendered":"Downloads"},"content":{"rendered":"\n<div class=\"wp-block-columns downloads-intro is-layout-flex wp-container-core-columns-is-layout-1 wp-block-columns-is-layout-flex\" style=\"padding-top:var(--wp--preset--spacing--50);padding-right:0;padding-bottom:var(--wp--preset--spacing--40);padding-left:0\">\n<div class=\"wp-block-column has-global-padding is-layout-constrained wp-block-column-is-layout-constrained\">\n<h1 class=\"wp-block-heading has-text-align-center\" style=\"margin-bottom:16px;font-style:normal;font-weight:400\">T\u00e9l\u00e9chargements<\/h1>\n<\/div>\n<\/div>\n\n\n\n<h2 class=\"wp-block-heading has-text-align-center downloads-dropdown\" id=\"patients-dropdown\" style=\"margin-top:15px;margin-bottom:60px;font-size:clamp(14.642px, 0.915rem + ((1vw - 3.2px) * 0.575), 22px);\"><a href=\"#\">Mat\u00e9riel pour les candidat(e)s<\/a><\/h2>\n\n\n<div id=\"patients-section\" data-block-id=\"ee680a45-288d-4461-bcb4-382e5a103aa3\" data-section-title=\"\" style=\"\" class=\"haj-section haj-relative block-editor-block-list__block wp-block block-editor-block-list__block wp-block wp-block-haj-main-section-dynamic has-transparent-background-color haj-height-auto offset-menu haj-w-small haj-flex-wrap haj-flex-middle haj-height-expand haj-height-expand@m haj-height-expand@s\">\n      \n\n<div class=\"wp-block-columns is-layout-flex wp-container-core-columns-is-layout-4 wp-block-columns-is-layout-flex\" style=\"padding-bottom:var(--wp--preset--spacing--40)\">\n<div class=\"wp-block-column is-layout-flow wp-block-column-is-layout-flow\">\n<p class=\"has-orange-color has-text-color\"><strong>T\u00e9l\u00e9chargements<\/strong><\/p>\n\n\n\n<div class=\"wp-block-columns downloads-list is-layout-flex wp-container-core-columns-is-layout-2 wp-block-columns-is-layout-flex\" style=\"margin-top:16px;margin-bottom:16px\">\n<div class=\"wp-block-column is-layout-flow wp-block-column-is-layout-flow\">\n<p><a href=\"https:\/\/bahsjourney.com\/wp-content\/uploads\/2024\/01\/270472FR_CBR_Candidate-brochure_Version-A_2023.11.pdf\" target=\"_blank\" rel=\"noreferrer noopener\">Brochure du candidat<\/a><\/p>\n\n\n\n<p><a href=\"https:\/\/bahsjourney.com\/wp-content\/uploads\/2024\/01\/270452FR_CBR_Trial-brochure_Version-A_2023.11.pdf\" target=\"_blank\" rel=\"noreferrer noopener\">Brochure d&rsquo;essai<\/a><\/p>\n\n\n\n<p><a href=\"https:\/\/bahsjourney.com\/wp-content\/uploads\/2024\/09\/271491fr_CBR_Patient-Brochure-Sentio-System_Version-B_2024.07_Original-file.pdf\" target=\"_blank\" rel=\"noreferrer noopener\">Brochure patient Sentio<\/a><\/p>\n\n\n\n<p><a href=\"https:\/\/bahsjourney.com\/wp-content\/uploads\/2024\/01\/245251FR_CBR_Ponto_5_SuperPower_2022.02.pdf\" target=\"_blank\" rel=\"noreferrer noopener\">Brochure Ponto 5<\/a><\/p>\n<\/div>\n\n\n\n<div class=\"wp-block-column is-layout-flow wp-block-column-is-layout-flow\">\n<p><a href=\"https:\/\/bahsjourney.com\/wp-content\/uploads\/2024\/01\/271024FR_CBR_BAHS-Childrens-Booklet_Version-A_2023.11.pdf\" target=\"_blank\" rel=\"noreferrer noopener\">Brochure pour enfants<\/a><\/p>\n\n\n\n<p><a href=\"https:\/\/bahsjourney.com\/wp-content\/uploads\/2024\/01\/245269FR-LB_CBR_Ponto_5_SuperPower_Pediatric_Brochure_2022.02.pdf\" target=\"_blank\" rel=\"noreferrer noopener\">Brochure pour enfant Ponto 5<\/a><\/p>\n\n\n\n<p><a href=\"https:\/\/bahsjourney.com\/wp-content\/uploads\/2024\/01\/271545fr_CBR_Ponto-Care-Guide_version-A_2023.11_low-1.pdf\" target=\"_blank\" rel=\"noreferrer noopener\">Guide de soins Ponto<\/a><\/p>\n<\/div>\n<\/div>\n<\/div>\n\n\n\n<div class=\"wp-block-column is-layout-flow wp-block-column-is-layout-flow\">\n<p class=\"has-orange-color has-text-color\"><strong><strong>Liens<\/strong><\/strong><\/p>\n\n\n\n<div class=\"wp-block-columns links-list is-layout-flex wp-container-core-columns-is-layout-3 wp-block-columns-is-layout-flex\" style=\"margin-top:16px;margin-bottom:16px\">\n<div class=\"wp-block-column is-layout-flow wp-block-column-is-layout-flow\">\n<p><a data-type=\"link\" data-id=\"https:\/\/bahsjourney.com\/wp-content\/uploads\/2023\/11\/header-step-1-1.png\" href=\"https:\/\/www.youtube.com\/watch?v=-Z3LRdmedRc\" target=\"_blank\" rel=\"noreferrer noopener\">Exp\u00e9rience des patients &#8211; Adultes<\/a><\/p>\n\n\n\n<p><a href=\"https:\/\/www.youtube.com\/watch?v=elM9deDbi8Y\" target=\"_blank\" rel=\"noreferrer noopener\">Exp\u00e9rience des patients \u2013 Adultes, Sentio<\/a><\/p>\n\n\n\n<p class=\"has-text-align-left\"><a data-type=\"link\" data-id=\"https:\/\/bahsjourney.com\/wp-content\/uploads\/2023\/11\/header-step-1-1.png\" href=\"https:\/\/www.youtube.com\/watch?v=cgjO2UQqH3E\" target=\"_blank\" rel=\"noreferrer noopener\">Exp\u00e9rience des patients \u2013 P\u00e9diatrie<\/a><\/p>\n<\/div>\n<\/div>\n<\/div>\n<\/div>\n\n<\/div>\n\n\n<h2 class=\"wp-block-heading has-text-align-center downloads-dropdown\" id=\"pro-dropdown\" style=\"margin-top:0;margin-bottom:60px;font-size:clamp(14.642px, 0.915rem + ((1vw - 3.2px) * 0.575), 22px);\"><a href=\"#\">Mat\u00e9riel pour les professionnels<\/a><\/h2>\n\n\n<div id=\"pro-section\" data-block-id=\"ee680a45-288d-4461-bcb4-382e5a103aa3\" data-section-title=\"\" style=\"\" class=\"haj-section haj-relative block-editor-block-list__block wp-block block-editor-block-list__block wp-block has-child-selected wp-block-haj-main-section-dynamic has-transparent-background-color haj-height-auto offset-menu haj-w-small haj-flex-wrap haj-flex-middle haj-height-expand haj-height-expand@m haj-height-expand@s\">\n      \n\n<div class=\"wp-block-columns is-layout-flex wp-container-core-columns-is-layout-7 wp-block-columns-is-layout-flex\" style=\"padding-bottom:var(--wp--preset--spacing--40)\">\n<div class=\"wp-block-column is-layout-flow wp-block-column-is-layout-flow\">\n<p class=\"has-orange-color has-text-color\"><strong><strong>T\u00e9l\u00e9chargements<\/strong><\/strong><\/p>\n\n\n\n<div class=\"wp-block-columns downloads-list is-layout-flex wp-container-core-columns-is-layout-5 wp-block-columns-is-layout-flex\" style=\"margin-top:16px;margin-bottom:16px\">\n<div class=\"wp-block-column is-layout-flow wp-block-column-is-layout-flow\">\n<p><a href=\"https:\/\/bahsjourney.com\/wp-content\/uploads\/2024\/09\/275130fr_GUIDE_Sentio-Audiological-Guide_Version-B_2024.07_Original-file.pdf\" target=\"_blank\" rel=\"noreferrer noopener\">Guide audiologique Sentio<\/a><\/p>\n\n\n\n<p><a href=\"https:\/\/bahsjourney.com\/wp-content\/uploads\/2024\/02\/FR_Express-fit-one-pager-v6.pdf\" target=\"_blank\" rel=\"noreferrer noopener\">Guide d\u2019adaptation express pour l\u2019essai<\/a><\/p>\n\n\n\n<p><a href=\"https:\/\/bahsjourney.com\/wp-content\/uploads\/2024\/01\/271545fr_CBR_Ponto-Care-Guide_version-A_2023.11_low-1.pdf\" target=\"_blank\" rel=\"noreferrer noopener\">Guide de soins Ponto<\/a><\/p>\n\n\n\n<p><a href=\"https:\/\/bahsjourney.com\/wp-content\/uploads\/2024\/09\/275111fr_GUIDE_Sentio-Candidacy-Guide_Version-B_2024.07_Original-file.pdf\" target=\"_blank\" rel=\"noreferrer noopener\">Guide du candidat Sentio<\/a><\/p>\n\n\n\n<p><a href=\"https:\/\/bahsjourney.com\/wp-content\/uploads\/2024\/01\/266928fr_GUIDE_Ponto-Candidacy-Guide_2023.03.pdf\" target=\"_blank\" rel=\"noreferrer noopener\">Guide du candidat Ponto<span style=\"color: rgb(0, 0, 0); font-size: medium; white-space-collapse: collapse;\"><\/span><\/a><\/p>\n<\/div>\n\n\n\n<div class=\"wp-block-column is-layout-flow wp-block-column-is-layout-flow\">\n<p><a href=\"https:\/\/bahsjourney.com\/wp-content\/uploads\/2024\/01\/FR_21-257612-15500-0053-Ponto-5-Quick-Fitting-Guide-v7.pdf\" target=\"_blank\" rel=\"noreferrer noopener\">Guide rapide d\u2019adaptation<\/a><\/p>\n\n\n\n<p><a href=\"https:\/\/bahsjourney.com\/wp-content\/uploads\/2024\/09\/275921fr_GUIDE_Candidacy-Quick-Guide-for-Professionals_Version-A_2024.05_Original-file.pdf\" target=\"_blank\" rel=\"noreferrer noopener\">Guide rapide du candidat<\/a><\/p>\n\n\n\n<p><a href=\"https:\/\/bahsjourney.com\/wp-content\/uploads\/2024\/01\/268202fr_GUIDE_Ponto-Audiological-Manual_version-B_2023.06.pdf\" target=\"_blank\" rel=\"noreferrer noopener\">Manuel audiologique Ponto<span style=\"color: rgb(0, 0, 0); font-size: medium; white-space-collapse: collapse;\"><\/span><\/a><\/p>\n\n\n\n<p><a href=\"https:\/\/bahsjourney.com\/wp-content\/uploads\/2024\/01\/239842FR_Surgical_Manual_2021.08.pdf\" target=\"_blank\" rel=\"noreferrer noopener\">Manuel chirurgical Ponto<\/a><\/p>\n\n\n\n<p><a href=\"https:\/\/bahsjourney.com\/wp-content\/uploads\/2024\/01\/FR_06282023US-Surgeon-facing-v10.pdf\" target=\"_blank\" rel=\"noreferrer noopener\">Ponto pour les chirurgiens<\/a><\/p>\n<\/div>\n<\/div>\n<\/div>\n\n\n\n<div class=\"wp-block-column is-layout-flow wp-block-column-is-layout-flow\">\n<p class=\"has-orange-color has-text-color\"><strong><strong><strong>Liens<\/strong><\/strong><\/strong><\/p>\n\n\n\n<div class=\"wp-block-columns links-list is-layout-flex wp-container-core-columns-is-layout-6 wp-block-columns-is-layout-flex\" style=\"margin-top:16px;margin-bottom:16px\">\n<div class=\"wp-block-column is-layout-flow wp-block-column-is-layout-flow\">\n<p><a href=\"https:\/\/www.youtube.com\/watch?v=7lQsaV6GTA8\" target=\"_blank\" rel=\"noreferrer noopener\">Vid\u00e9o de l\u2019incision lin\u00e9aire<\/a><\/p>\n\n\n\n<p><a href=\"https:\/\/www.youtube.com\/watch?v=Z1Ms63YsPQM\" target=\"_blank\" rel=\"noreferrer noopener\">Vid\u00e9o de l\u2019intervention chirurgicale Sentio<\/a><\/p>\n\n\n\n<p><a href=\"https:\/\/www.youtube.com\/watch?v=0KKNH1_gF_o\" target=\"_blank\" rel=\"noreferrer noopener\">Vid\u00e9o de l&rsquo;intervention MIPS<\/a><\/p>\n\n\n\n<p><a href=\"https:\/\/www.youtube.com\/watch?v=RZYHIOeC8Is\" target=\"_blank\" rel=\"noreferrer noopener\">Vid\u00e9o de l&rsquo;intervention MONO<\/a><\/p>\n<\/div>\n<\/div>\n<\/div>\n<\/div>\n\n<\/div>\n\n\n<div style=\"height:43px\" aria-hidden=\"true\" class=\"wp-block-spacer\"><\/div>\n","protected":false},"excerpt":{"rendered":"<p>T\u00e9l\u00e9chargements Mat\u00e9riel pour les candidat(e)s Mat\u00e9riel pour les professionnels<\/p>\n","protected":false},"author":5,"featured_media":0,"parent":0,"menu_order":0,"comment_status":"closed","ping_status":"closed","template":"wp-custom-template-professional-pages","meta":{"_acf_changed":false,"footnotes":""},"class_list":["post-6329","page","type-page","status-publish","hentry"],"acf":[],"yoast_head":"<!-- This site is optimized with the Yoast SEO plugin v24.7 - https:\/\/yoast.com\/wordpress\/plugins\/seo\/ -->\n<title>Downloads - BAHS Journey<\/title>\n<meta name=\"robots\" content=\"index, follow, max-snippet:-1, max-image-preview:large, max-video-preview:-1\" \/>\n<link rel=\"canonical\" href=\"https:\/\/bahsjourney.com\/fr\/downloads\/\" \/>\n<meta property=\"og:locale\" content=\"fr_FR\" \/>\n<meta property=\"og:type\" content=\"article\" \/>\n<meta property=\"og:title\" content=\"Downloads - BAHS Journey\" \/>\n<meta property=\"og:description\" content=\"T\u00e9l\u00e9chargements Mat\u00e9riel pour les candidat(e)s Mat\u00e9riel pour les professionnels\" \/>\n<meta property=\"og:url\" content=\"https:\/\/bahsjourney.com\/fr\/downloads\/\" \/>\n<meta property=\"og:site_name\" content=\"BAHS Journey\" \/>\n<meta property=\"article:modified_time\" content=\"2024-09-17T12:26:50+00:00\" \/>\n<meta name=\"twitter:card\" content=\"summary_large_image\" \/>\n<meta name=\"twitter:label1\" content=\"Dur\u00e9e de lecture estim\u00e9e\" \/>\n\t<meta name=\"twitter:data1\" content=\"1 minute\" \/>\n<script type=\"application\/ld+json\" class=\"yoast-schema-graph\">{\"@context\":\"https:\/\/schema.org\",\"@graph\":[{\"@type\":\"WebPage\",\"@id\":\"https:\/\/bahsjourney.com\/fr\/downloads\/\",\"url\":\"https:\/\/bahsjourney.com\/fr\/downloads\/\",\"name\":\"Downloads - BAHS Journey\",\"isPartOf\":{\"@id\":\"https:\/\/bahsjourney.com\/#website\"},\"datePublished\":\"2023-11-14T09:31:05+00:00\",\"dateModified\":\"2024-09-17T12:26:50+00:00\",\"breadcrumb\":{\"@id\":\"https:\/\/bahsjourney.com\/fr\/downloads\/#breadcrumb\"},\"inLanguage\":\"fr-FR\",\"potentialAction\":[{\"@type\":\"ReadAction\",\"target\":[\"https:\/\/bahsjourney.com\/fr\/downloads\/\"]}]},{\"@type\":\"BreadcrumbList\",\"@id\":\"https:\/\/bahsjourney.com\/fr\/downloads\/#breadcrumb\",\"itemListElement\":[{\"@type\":\"ListItem\",\"position\":1,\"name\":\"Home\",\"item\":\"https:\/\/bahsjourney.com\/fr\/\"},{\"@type\":\"ListItem\",\"position\":2,\"name\":\"Downloads\"}]},{\"@type\":\"WebSite\",\"@id\":\"https:\/\/bahsjourney.com\/#website\",\"url\":\"https:\/\/bahsjourney.com\/\",\"name\":\"BAHS Journey\",\"description\":\"\",\"publisher\":{\"@id\":\"https:\/\/bahsjourney.com\/#organization\"},\"potentialAction\":[{\"@type\":\"SearchAction\",\"target\":{\"@type\":\"EntryPoint\",\"urlTemplate\":\"https:\/\/bahsjourney.com\/?s={search_term_string}\"},\"query-input\":{\"@type\":\"PropertyValueSpecification\",\"valueRequired\":true,\"valueName\":\"search_term_string\"}}],\"inLanguage\":\"fr-FR\"},{\"@type\":\"Organization\",\"@id\":\"https:\/\/bahsjourney.com\/#organization\",\"name\":\"BAHS Journey\",\"url\":\"https:\/\/bahsjourney.com\/\",\"logo\":{\"@type\":\"ImageObject\",\"inLanguage\":\"fr-FR\",\"@id\":\"https:\/\/bahsjourney.com\/#\/schema\/logo\/image\/\",\"url\":\"https:\/\/bahsjourney.com\/wp-content\/uploads\/2023\/11\/oticon-Logo.svg\",\"contentUrl\":\"https:\/\/bahsjourney.com\/wp-content\/uploads\/2023\/11\/oticon-Logo.svg\",\"width\":1,\"height\":1,\"caption\":\"BAHS Journey\"},\"image\":{\"@id\":\"https:\/\/bahsjourney.com\/#\/schema\/logo\/image\/\"}}]}<\/script>\n<!-- \/ Yoast SEO plugin. -->","yoast_head_json":{"title":"Downloads - BAHS Journey","robots":{"index":"index","follow":"follow","max-snippet":"max-snippet:-1","max-image-preview":"max-image-preview:large","max-video-preview":"max-video-preview:-1"},"canonical":"https:\/\/bahsjourney.com\/fr\/downloads\/","og_locale":"fr_FR","og_type":"article","og_title":"Downloads - BAHS Journey","og_description":"T\u00e9l\u00e9chargements Mat\u00e9riel pour les candidat(e)s Mat\u00e9riel pour les professionnels","og_url":"https:\/\/bahsjourney.com\/fr\/downloads\/","og_site_name":"BAHS Journey","article_modified_time":"2024-09-17T12:26:50+00:00","twitter_card":"summary_large_image","twitter_misc":{"Dur\u00e9e de lecture estim\u00e9e":"1 minute"},"schema":{"@context":"https:\/\/schema.org","@graph":[{"@type":"WebPage","@id":"https:\/\/bahsjourney.com\/fr\/downloads\/","url":"https:\/\/bahsjourney.com\/fr\/downloads\/","name":"Downloads - BAHS Journey","isPartOf":{"@id":"https:\/\/bahsjourney.com\/#website"},"datePublished":"2023-11-14T09:31:05+00:00","dateModified":"2024-09-17T12:26:50+00:00","breadcrumb":{"@id":"https:\/\/bahsjourney.com\/fr\/downloads\/#breadcrumb"},"inLanguage":"fr-FR","potentialAction":[{"@type":"ReadAction","target":["https:\/\/bahsjourney.com\/fr\/downloads\/"]}]},{"@type":"BreadcrumbList","@id":"https:\/\/bahsjourney.com\/fr\/downloads\/#breadcrumb","itemListElement":[{"@type":"ListItem","position":1,"name":"Home","item":"https:\/\/bahsjourney.com\/fr\/"},{"@type":"ListItem","position":2,"name":"Downloads"}]},{"@type":"WebSite","@id":"https:\/\/bahsjourney.com\/#website","url":"https:\/\/bahsjourney.com\/","name":"BAHS Journey","description":"","publisher":{"@id":"https:\/\/bahsjourney.com\/#organization"},"potentialAction":[{"@type":"SearchAction","target":{"@type":"EntryPoint","urlTemplate":"https:\/\/bahsjourney.com\/?s={search_term_string}"},"query-input":{"@type":"PropertyValueSpecification","valueRequired":true,"valueName":"search_term_string"}}],"inLanguage":"fr-FR"},{"@type":"Organization","@id":"https:\/\/bahsjourney.com\/#organization","name":"BAHS Journey","url":"https:\/\/bahsjourney.com\/","logo":{"@type":"ImageObject","inLanguage":"fr-FR","@id":"https:\/\/bahsjourney.com\/#\/schema\/logo\/image\/","url":"https:\/\/bahsjourney.com\/wp-content\/uploads\/2023\/11\/oticon-Logo.svg","contentUrl":"https:\/\/bahsjourney.com\/wp-content\/uploads\/2023\/11\/oticon-Logo.svg","width":1,"height":1,"caption":"BAHS Journey"},"image":{"@id":"https:\/\/bahsjourney.com\/#\/schema\/logo\/image\/"}}]}},"_links":{"self":[{"href":"https:\/\/bahsjourney.com\/fr\/wp-json\/wp\/v2\/pages\/6329"}],"collection":[{"href":"https:\/\/bahsjourney.com\/fr\/wp-json\/wp\/v2\/pages"}],"about":[{"href":"https:\/\/bahsjourney.com\/fr\/wp-json\/wp\/v2\/types\/page"}],"author":[{"embeddable":true,"href":"https:\/\/bahsjourney.com\/fr\/wp-json\/wp\/v2\/users\/5"}],"replies":[{"embeddable":true,"href":"https:\/\/bahsjourney.com\/fr\/wp-json\/wp\/v2\/comments?post=6329"}],"version-history":[{"count":8,"href":"https:\/\/bahsjourney.com\/fr\/wp-json\/wp\/v2\/pages\/6329\/revisions"}],"predecessor-version":[{"id":9680,"href":"https:\/\/bahsjourney.com\/fr\/wp-json\/wp\/v2\/pages\/6329\/revisions\/9680"}],"wp:attachment":[{"href":"https:\/\/bahsjourney.com\/fr\/wp-json\/wp\/v2\/media?parent=6329"}],"curies":[{"name":"wp","href":"https:\/\/api.w.org\/{rel}","templated":true}]}}