{"id":6318,"date":"2023-10-19T16:11:11","date_gmt":"2023-10-19T14:11:11","guid":{"rendered":"https:\/\/bahsjourney.com\/?page_id=6318"},"modified":"2024-01-29T15:03:10","modified_gmt":"2024-01-29T13:03:10","slug":"faq","status":"publish","type":"page","link":"https:\/\/bahsjourney.com\/fr\/candidate\/faq\/","title":{"rendered":"FAQ"},"content":{"rendered":"<div id=\"mobile-hero\" data-block-id=\"26608914-038b-44cc-a7dc-d0ed019090b6\" data-section-title=\"\" style=\"\" class=\"haj-section haj-relative block-editor-block-list__block wp-block block-editor-block-list__block wp-block wp-block-haj-main-section-dynamic haj-hidden haj-block@m haj-p-0 has-white-background-color haj-height-auto offset-menu haj-w-full haj-flex-wrap haj-flex-middle haj-height-expand haj-height-expand@m haj-height-expand@s\">\n      \n\n<div class=\"wp-block-columns is-layout-flex wp-container-core-columns-is-layout-1 wp-block-columns-is-layout-flex\" style=\"padding-top:30px;padding-bottom:30px\">\n<div class=\"wp-block-column is-layout-flow wp-block-column-is-layout-flow\">\n<figure class=\"wp-block-image alignright size-full has-custom-border\"><img loading=\"lazy\" decoding=\"async\" width=\"1003\" height=\"722\" src=\"https:\/\/bahsjourney.com\/wp-content\/uploads\/2023\/12\/Herobild-FAQ-Mobile-1.png\" alt=\"\" class=\"wp-image-2221\" style=\"border-top-left-radius:130px;border-bottom-left-radius:130px;object-fit:cover\" srcset=\"https:\/\/bahsjourney.com\/wp-content\/uploads\/2023\/12\/Herobild-FAQ-Mobile-1.png 1003w, https:\/\/bahsjourney.com\/wp-content\/uploads\/2023\/12\/Herobild-FAQ-Mobile-1-300x216.png 300w, https:\/\/bahsjourney.com\/wp-content\/uploads\/2023\/12\/Herobild-FAQ-Mobile-1-768x553.png 768w\" sizes=\"(max-width: 1003px) 100vw, 1003px\" \/><\/figure>\n<\/div>\n<\/div>\n\n<\/div>\n\n<div id=\"hero-section\" data-block-id=\"187a1365-6fa7-4189-9d9d-cca7d90452f5\" data-section-title=\"\" style=\"\" class=\"haj-section haj-relative block-editor-block-list__block wp-block block-editor-block-list__block wp-block wp-block-haj-main-section-dynamic has-white-background-color haj-height-70vh offset-menu haj-height-auto@m haj-height-auto@xs haj-w-large haj-flex-wrap haj-flex-middle haj-height-expand haj-height-expand@m haj-height-expand@s\">\n         <img loading=\"lazy\" decoding=\"async\"\n         src=\"https:\/\/bahsjourney.com\/wp-content\/uploads\/2023\/12\/Herobild-FAQ-1.png\"\n         alt=\"\"\n         height=\"722\"\n         width=\"1321\"\n         style=\"width:46%; top:5vh; bottom:5vh; height:calc(100% - 10vh);\"\n         class=\"haj-background-image haj-right  haj-hidden@s haj-hidden@m\" \/>\n      \n\n<div class=\"wp-block-columns is-layout-flex wp-container-core-columns-is-layout-2 wp-block-columns-is-layout-flex\" style=\"padding-top:var(--wp--preset--spacing--80);padding-right:0;padding-bottom:var(--wp--preset--spacing--80);padding-left:0\">\n<div class=\"wp-block-column is-vertically-aligned-center hero-content is-layout-flow wp-block-column-is-layout-flow\" style=\"padding-right:0;padding-left:0;flex-basis:40%\">\n<div class=\"wp-block-group is-vertical is-layout-flex wp-container-core-group-is-layout-1 wp-block-group-is-layout-flex\" style=\"padding-right:0;padding-left:0\">\n<h1 class=\"wp-block-heading\" style=\"padding-right:0;padding-left:0\">Renseignez-vous aupr\u00e8s de votre professionnels de sant\u00e9 sur\u2026<\/h1>\n<\/div>\n<\/div>\n<\/div>\n\n<\/div>\n\n<div id=\"\" data-block-id=\"f63c4924-ca52-489f-9631-e6fefd6b2766\" data-section-title=\"\" style=\"\" class=\"haj-section haj-relative block-editor-block-list__block wp-block block-editor-block-list__block wp-block has-child-selected wp-block-haj-main-section-dynamic has-white-background-color haj-height-auto offset-menu haj-w-large haj-flex-wrap haj-flex-middle haj-height-expand haj-height-expand@m haj-height-expand@s\">\n      \n\n<div class=\"wp-block-columns faq-wrapper is-layout-flex wp-container-core-columns-is-layout-3 wp-block-columns-is-layout-flex\">\n<div class=\"wp-block-column is-layout-flow wp-block-column-is-layout-flow\">\n<div class=\"wp-block-media-text is-stacked-on-mobile faq-panel\" style=\"margin-top:var(--wp--preset--spacing--30);margin-bottom:var(--wp--preset--spacing--30);padding-right:0;padding-left:0;grid-template-columns:18% auto\"><figure class=\"wp-block-media-text__media\"><img loading=\"lazy\" decoding=\"async\" width=\"200\" height=\"200\" src=\"https:\/\/bahsjourney.com\/wp-content\/uploads\/2023\/11\/faq-1.png\" alt=\"\" class=\"wp-image-528 size-full\" srcset=\"https:\/\/bahsjourney.com\/wp-content\/uploads\/2023\/11\/faq-1.png 200w, https:\/\/bahsjourney.com\/wp-content\/uploads\/2023\/11\/faq-1-150x150.png 150w\" sizes=\"(max-width: 200px) 100vw, 200px\" \/><\/figure><div class=\"wp-block-media-text__content\">\n<h3 class=\"wp-block-heading\" style=\"margin-right:0;margin-left:0\">\u00c0 quoi m&rsquo;attendre avec un BAHS ?<\/h3>\n\n\n\n<p style=\"margin-right:0;margin-left:0\">Avec un BAHS, vous portez l&rsquo;aide auditive derri\u00e8re l&rsquo;oreille et non dans l&rsquo;oreille. Cela peut \u00eatre plus facile si vous trouvez les aides auditives conventionnelles inconfortables ou si vous souffrez r\u00e9guli\u00e8rement d&rsquo;infections de l&rsquo;oreille. Pour certaines personnes, le fait de laisser le conduit auditif ouvert leur permet d&rsquo;obtenir un son plus naturel qu&rsquo;avec des aides auditives conventionnelles.<\/p>\n<\/div><\/div>\n\n\n\n<div class=\"wp-block-media-text has-media-on-the-right is-stacked-on-mobile faq-panel\" style=\"margin-top:var(--wp--preset--spacing--30);margin-bottom:var(--wp--preset--spacing--30);grid-template-columns:auto 18%\"><div class=\"wp-block-media-text__content\">\n<h3 class=\"wp-block-heading has-text-align-right\">Puis-je utiliser un BAHS sur une oreille et une aide auditive conventionnelle sur l&rsquo;autre ?<\/h3>\n\n\n\n<p class=\"has-text-align-right\">Oui c&rsquo;est possible. Dans ce cas, vous devriez envisager d&rsquo;utiliser un BAHS et une aide auditive qui partagent des plateformes technologiques similaires, cela vous permettra de b\u00e9n\u00e9ficier d&rsquo;une exp\u00e9rience plus harmonieuse.<\/p>\n<\/div><figure class=\"wp-block-media-text__media\"><img loading=\"lazy\" decoding=\"async\" width=\"200\" height=\"200\" src=\"https:\/\/bahsjourney.com\/wp-content\/uploads\/2023\/11\/faq-2.png\" alt=\"\" class=\"wp-image-527 size-full\" srcset=\"https:\/\/bahsjourney.com\/wp-content\/uploads\/2023\/11\/faq-2.png 200w, https:\/\/bahsjourney.com\/wp-content\/uploads\/2023\/11\/faq-2-150x150.png 150w\" sizes=\"(max-width: 200px) 100vw, 200px\" \/><\/figure><\/div>\n\n\n\n<div class=\"wp-block-media-text is-stacked-on-mobile faq-panel\" style=\"margin-top:var(--wp--preset--spacing--30);margin-bottom:var(--wp--preset--spacing--30);grid-template-columns:18% auto\"><figure class=\"wp-block-media-text__media\"><img loading=\"lazy\" decoding=\"async\" width=\"200\" height=\"200\" src=\"https:\/\/bahsjourney.com\/wp-content\/uploads\/2023\/11\/faq-3.png\" alt=\"\" class=\"wp-image-526 size-full\" srcset=\"https:\/\/bahsjourney.com\/wp-content\/uploads\/2023\/11\/faq-3.png 200w, https:\/\/bahsjourney.com\/wp-content\/uploads\/2023\/11\/faq-3-150x150.png 150w\" sizes=\"(max-width: 200px) 100vw, 200px\" \/><\/figure><div class=\"wp-block-media-text__content\">\n<h3 class=\"wp-block-heading\">Puis-je connecter un BAHS \u00e0 des appareils \u00e9lectroniques ou \u00e0 mon t\u00e9l\u00e9phone ?<\/h3>\n\n\n\n<p>Oui, les aides auditives d&rsquo;Oticon Medical peuvent se connecter sans fil et transmettre le son \u00e0 partir d&rsquo;une large gamme d&rsquo;appareils \u00e9lectroniques, y compris les t\u00e9l\u00e9phones, les t\u00e9l\u00e9viseurs et les ordinateurs.<\/p>\n<\/div><\/div>\n\n\n\n<div class=\"wp-block-media-text has-media-on-the-right is-stacked-on-mobile faq-panel\" style=\"margin-top:var(--wp--preset--spacing--30);margin-bottom:var(--wp--preset--spacing--30);grid-template-columns:auto 18%\"><div class=\"wp-block-media-text__content\">\n<h3 class=\"wp-block-heading has-text-align-right\">Comment se passe <br>l&rsquo;intervention chirurgicale ?<\/h3>\n\n\n\n<p class=\"has-text-align-right\">La pose d&rsquo;un BAHS est une intervention chirurgicale \u00e9prouv\u00e9e et fiable. Si vous optez pour un implant percutan\u00e9, vous pourrez peut-\u00eatre b\u00e9n\u00e9ficier d&rsquo;une proc\u00e9dure mini-invasive Ponto (MONO ou MIPS). Ces techniques permettent d&rsquo;obtenir l&rsquo;incision la plus petite possible, sans aucune suture, avec une cicatrice minimale et un temps de cicatrisation plus court. Ce type d&rsquo;intervention prend souvent moins de 15 minutes. Dans le cas d&rsquo;un implant transcutan\u00e9 actif, l&rsquo;intervention chirurgicale est un peu plus longue, mais dure g\u00e9n\u00e9ralement moins d&rsquo;une heure, sous anesth\u00e9sie g\u00e9n\u00e9rale.<\/p>\n<\/div><figure class=\"wp-block-media-text__media\"><img loading=\"lazy\" decoding=\"async\" width=\"200\" height=\"200\" src=\"https:\/\/bahsjourney.com\/wp-content\/uploads\/2023\/11\/faq-4.png\" alt=\"\" class=\"wp-image-525 size-full\" srcset=\"https:\/\/bahsjourney.com\/wp-content\/uploads\/2023\/11\/faq-4.png 200w, https:\/\/bahsjourney.com\/wp-content\/uploads\/2023\/11\/faq-4-150x150.png 150w\" sizes=\"(max-width: 200px) 100vw, 200px\" \/><\/figure><\/div>\n\n\n\n<div class=\"wp-block-media-text is-stacked-on-mobile faq-panel\" style=\"margin-top:var(--wp--preset--spacing--30);margin-bottom:var(--wp--preset--spacing--30);grid-template-columns:18% auto\"><figure class=\"wp-block-media-text__media\"><img loading=\"lazy\" decoding=\"async\" width=\"200\" height=\"200\" src=\"https:\/\/bahsjourney.com\/wp-content\/uploads\/2023\/11\/faq-5.png\" alt=\"\" class=\"wp-image-524 size-full\" srcset=\"https:\/\/bahsjourney.com\/wp-content\/uploads\/2023\/11\/faq-5.png 200w, https:\/\/bahsjourney.com\/wp-content\/uploads\/2023\/11\/faq-5-150x150.png 150w\" sizes=\"(max-width: 200px) 100vw, 200px\" \/><\/figure><div class=\"wp-block-media-text__content\">\n<h3 class=\"wp-block-heading\">Que dois-je prendre en compte lors du choix d&rsquo;une aide auditive de type BAHS ?<\/h3>\n\n\n\n<p>Il est important de prendre en compte des facteurs tels que le confort, la facilit\u00e9 d&rsquo;utilisation, la taille et la fiabilit\u00e9. Mais plus important encore&nbsp;: il vous faudra tenir compte de la qualit\u00e9 sonore offerte par l&rsquo;aide auditive BAHS. Elle est con\u00e7ue pour vous offrir le signal vocal le plus clair et le plus intelligible partout o\u00f9 vous allez. Cela permet au cerveau de mieux comprendre les sons et de r\u00e9duire l&rsquo;effort d&rsquo;\u00e9coute. Enfin, il peut \u00eatre n\u00e9cessaire \u00e9galement d\u2019envisager l\u2019\u00e9ventualit\u00e9 de recours \u00e0 un IRM de la t\u00eate dans le futur.<\/p>\n<\/div><\/div>\n\n\n\n<div class=\"wp-block-media-text has-media-on-the-right is-stacked-on-mobile faq-panel\" style=\"margin-top:var(--wp--preset--spacing--30);margin-bottom:var(--wp--preset--spacing--30);grid-template-columns:auto 18%\"><div class=\"wp-block-media-text__content\">\n<h3 class=\"wp-block-heading has-text-align-right\">Puis-je essayer un BAHS sans intervention chirurgical ?<\/h3>\n\n\n\n<p class=\"has-text-align-right\">Oui, vous pouvez essayer une aide auditive BAHS en utilisant un bandeau ou un serre-t\u00eate. En portant l&rsquo;aide auditive sur un bandeau, il est possible de l&rsquo;essayer sans avoir \u00e0 recourir \u00e0 une intervention chirurgicale. Cela vous permettra de prendre une d\u00e9cision \u00e9clair\u00e9e.<\/p>\n<\/div><figure class=\"wp-block-media-text__media\"><img loading=\"lazy\" decoding=\"async\" width=\"200\" height=\"200\" src=\"https:\/\/bahsjourney.com\/wp-content\/uploads\/2023\/11\/faq-6.png\" alt=\"\" class=\"wp-image-523 size-full\" srcset=\"https:\/\/bahsjourney.com\/wp-content\/uploads\/2023\/11\/faq-6.png 200w, https:\/\/bahsjourney.com\/wp-content\/uploads\/2023\/11\/faq-6-150x150.png 150w\" sizes=\"(max-width: 200px) 100vw, 200px\" \/><\/figure><\/div>\n\n\n\n<p class=\"has-text-align-center has-sand-medium-color has-text-color has-link-color wp-elements-59b5b61db51acbfda01e8d99c4be601f\" style=\"margin-top:var(--wp--preset--spacing--40);margin-bottom:0;font-size:14px;font-style:italic;font-weight:100\">*Le choix de la proc\u00e9dure chirurgicale la plus appropri\u00e9e sera effectu\u00e9 par votre audioproth\u00e9siste. La disponibilit\u00e9 et les indications des produits sont soumises \u00e0 l&rsquo;approbation des autorit\u00e9s r\u00e9glementaires et peuvent varier en fonction du march\u00e9.<\/p>\n\n\n\n<p class=\"has-text-align-center has-sand-medium-color has-text-color has-link-color wp-elements-4f6db8b6a86b64c98e72140d431381f5\" style=\"margin-top:var(--wp--preset--spacing--30);margin-bottom:0;font-size:10px;font-style:italic;font-weight:100\">Les syst\u00e8mes auditifs ost\u00e9o-int\u00e9gr\u00e9s (BAHS) d\u2019Oticon Medical sont fabriqu\u00e9s par la soci\u00e9t\u00e9 Oticon Medical AB. Ils sont destin\u00e9s \u00e0 l\u2019am\u00e9lioration de l\u2019audition des personnes atteintes de surdit\u00e9s de transmission, surdit\u00e9s mixtes ou surdit\u00e9s neurosensorielles unilat\u00e9rales au moins s\u00e9v\u00e8res, pour lesquelles l\u2019appareillage conventionnel n\u2019est pas adapt\u00e9. Ces dispositifs m\u00e9dicaux, de classe Iia pour le processeur de son, portent le marquage CE et sont en accord avec les exigences et autres dispositions de la R\u00e9glementation Europ\u00e9enne sur les Dispositifs M\u00e9dicaux \u2013 MDR (EU) 2017\/745. Ils sont pris en charge par les organismes d\u2019assurance maladie et inscrits \u00e0 la LPPR. N\u00b0 LPPR Ponto 5 SuperPower : 2344531 ; N\u00b0 LPPR Ponto 5 Mini : 2384708. Lire attentivement le mode d\u2019emploi avant utilisation. Mise \u00e0 jour : 10\/2022<\/p>\n<\/div>\n<\/div>\n\n<\/div>\n\n<div id=\"\" data-block-id=\"c2116d6a-1a14-4642-99cf-c25ecf523a27\" data-section-title=\"banner-section\" style=\"\" class=\"haj-section haj-relative block-editor-block-list__block wp-block block-editor-block-list__block wp-block wp-block-haj-main-section-dynamic has-light-grey-background-color haj-height-30vh offset-menu haj-w-large haj-flex-wrap haj-flex-middle haj-height-expand haj-height-expand@m haj-height-expand@s\">\n      \n\n<div class=\"wp-block-columns is-layout-flex wp-container-core-columns-is-layout-4 wp-block-columns-is-layout-flex\" style=\"padding-top:50px;padding-bottom:50px\">\n<div class=\"wp-block-column is-layout-flow wp-block-column-is-layout-flow\">\n<h3 class=\"wp-block-heading has-text-align-center\" style=\"margin-bottom:var(--wp--preset--spacing--30)\">Vous avez d&rsquo;autres questions?<\/h3>\n\n\n\n<div class=\"wp-block-buttons is-content-justification-center is-layout-flex wp-container-core-buttons-is-layout-1 wp-block-buttons-is-layout-flex\">\n<div class=\"wp-block-button\"><a class=\"wp-block-button__link has-white-color has-text-color has-link-color wp-element-button\" href=\"https:\/\/www.oticonmedical.com\/FR\/about-oticon-medical\/contact-us\" target=\"_blank\" rel=\"noreferrer noopener\">Nous contacter<\/a><\/div>\n<\/div>\n<\/div>\n<\/div>\n\n<\/div>","protected":false},"excerpt":{"rendered":"","protected":false},"author":5,"featured_media":0,"parent":6301,"menu_order":0,"comment_status":"closed","ping_status":"closed","template":"wp-custom-template-candidate-pages","meta":{"_acf_changed":false,"footnotes":""},"class_list":["post-6318","page","type-page","status-publish","hentry"],"acf":[],"yoast_head":"<!-- This site is optimized with the Yoast SEO plugin v24.7 - https:\/\/yoast.com\/wordpress\/plugins\/seo\/ -->\n<title>FAQ - BAHS Journey<\/title>\n<meta name=\"robots\" content=\"index, follow, max-snippet:-1, max-image-preview:large, max-video-preview:-1\" \/>\n<link rel=\"canonical\" href=\"https:\/\/bahsjourney.com\/fr\/candidate\/faq\/\" \/>\n<meta property=\"og:locale\" content=\"fr_FR\" \/>\n<meta property=\"og:type\" content=\"article\" \/>\n<meta property=\"og:title\" content=\"FAQ - BAHS Journey\" \/>\n<meta property=\"og:url\" content=\"https:\/\/bahsjourney.com\/fr\/candidate\/faq\/\" \/>\n<meta property=\"og:site_name\" content=\"BAHS Journey\" \/>\n<meta property=\"article:modified_time\" content=\"2024-01-29T13:03:10+00:00\" \/>\n<meta property=\"og:image\" content=\"https:\/\/bahsjourney.com\/wp-content\/uploads\/2023\/12\/Herobild-FAQ-Mobile-1.png\" \/>\n<meta name=\"twitter:card\" content=\"summary_large_image\" \/>\n<meta name=\"twitter:label1\" content=\"Dur\u00e9e de lecture estim\u00e9e\" \/>\n\t<meta name=\"twitter:data1\" content=\"5 minutes\" \/>\n<script type=\"application\/ld+json\" class=\"yoast-schema-graph\">{\"@context\":\"https:\/\/schema.org\",\"@graph\":[{\"@type\":\"WebPage\",\"@id\":\"https:\/\/bahsjourney.com\/fr\/candidate\/faq\/\",\"url\":\"https:\/\/bahsjourney.com\/fr\/candidate\/faq\/\",\"name\":\"FAQ - BAHS Journey\",\"isPartOf\":{\"@id\":\"https:\/\/bahsjourney.com\/#website\"},\"primaryImageOfPage\":{\"@id\":\"https:\/\/bahsjourney.com\/fr\/candidate\/faq\/#primaryimage\"},\"image\":{\"@id\":\"https:\/\/bahsjourney.com\/fr\/candidate\/faq\/#primaryimage\"},\"thumbnailUrl\":\"https:\/\/bahsjourney.com\/wp-content\/uploads\/2023\/12\/Herobild-FAQ-Mobile-1.png\",\"datePublished\":\"2023-10-19T14:11:11+00:00\",\"dateModified\":\"2024-01-29T13:03:10+00:00\",\"breadcrumb\":{\"@id\":\"https:\/\/bahsjourney.com\/fr\/candidate\/faq\/#breadcrumb\"},\"inLanguage\":\"fr-FR\",\"potentialAction\":[{\"@type\":\"ReadAction\",\"target\":[\"https:\/\/bahsjourney.com\/fr\/candidate\/faq\/\"]}]},{\"@type\":\"ImageObject\",\"inLanguage\":\"fr-FR\",\"@id\":\"https:\/\/bahsjourney.com\/fr\/candidate\/faq\/#primaryimage\",\"url\":\"https:\/\/bahsjourney.com\/wp-content\/uploads\/2023\/12\/Herobild-FAQ-Mobile-1.png\",\"contentUrl\":\"https:\/\/bahsjourney.com\/wp-content\/uploads\/2023\/12\/Herobild-FAQ-Mobile-1.png\"},{\"@type\":\"BreadcrumbList\",\"@id\":\"https:\/\/bahsjourney.com\/fr\/candidate\/faq\/#breadcrumb\",\"itemListElement\":[{\"@type\":\"ListItem\",\"position\":1,\"name\":\"Home\",\"item\":\"https:\/\/bahsjourney.com\/fr\/\"},{\"@type\":\"ListItem\",\"position\":2,\"name\":\"Candidate\",\"item\":\"https:\/\/bahsjourney.com\/fr\/candidate\/\"},{\"@type\":\"ListItem\",\"position\":3,\"name\":\"FAQ\"}]},{\"@type\":\"WebSite\",\"@id\":\"https:\/\/bahsjourney.com\/#website\",\"url\":\"https:\/\/bahsjourney.com\/\",\"name\":\"BAHS Journey\",\"description\":\"\",\"publisher\":{\"@id\":\"https:\/\/bahsjourney.com\/#organization\"},\"potentialAction\":[{\"@type\":\"SearchAction\",\"target\":{\"@type\":\"EntryPoint\",\"urlTemplate\":\"https:\/\/bahsjourney.com\/?s={search_term_string}\"},\"query-input\":{\"@type\":\"PropertyValueSpecification\",\"valueRequired\":true,\"valueName\":\"search_term_string\"}}],\"inLanguage\":\"fr-FR\"},{\"@type\":\"Organization\",\"@id\":\"https:\/\/bahsjourney.com\/#organization\",\"name\":\"BAHS Journey\",\"url\":\"https:\/\/bahsjourney.com\/\",\"logo\":{\"@type\":\"ImageObject\",\"inLanguage\":\"fr-FR\",\"@id\":\"https:\/\/bahsjourney.com\/#\/schema\/logo\/image\/\",\"url\":\"https:\/\/bahsjourney.com\/wp-content\/uploads\/2023\/11\/oticon-Logo.svg\",\"contentUrl\":\"https:\/\/bahsjourney.com\/wp-content\/uploads\/2023\/11\/oticon-Logo.svg\",\"width\":1,\"height\":1,\"caption\":\"BAHS Journey\"},\"image\":{\"@id\":\"https:\/\/bahsjourney.com\/#\/schema\/logo\/image\/\"}}]}<\/script>\n<!-- \/ Yoast SEO plugin. -->","yoast_head_json":{"title":"FAQ - BAHS Journey","robots":{"index":"index","follow":"follow","max-snippet":"max-snippet:-1","max-image-preview":"max-image-preview:large","max-video-preview":"max-video-preview:-1"},"canonical":"https:\/\/bahsjourney.com\/fr\/candidate\/faq\/","og_locale":"fr_FR","og_type":"article","og_title":"FAQ - BAHS Journey","og_url":"https:\/\/bahsjourney.com\/fr\/candidate\/faq\/","og_site_name":"BAHS Journey","article_modified_time":"2024-01-29T13:03:10+00:00","og_image":[{"url":"https:\/\/bahsjourney.com\/wp-content\/uploads\/2023\/12\/Herobild-FAQ-Mobile-1.png","type":"","width":"","height":""}],"twitter_card":"summary_large_image","twitter_misc":{"Dur\u00e9e de lecture estim\u00e9e":"5 minutes"},"schema":{"@context":"https:\/\/schema.org","@graph":[{"@type":"WebPage","@id":"https:\/\/bahsjourney.com\/fr\/candidate\/faq\/","url":"https:\/\/bahsjourney.com\/fr\/candidate\/faq\/","name":"FAQ - BAHS Journey","isPartOf":{"@id":"https:\/\/bahsjourney.com\/#website"},"primaryImageOfPage":{"@id":"https:\/\/bahsjourney.com\/fr\/candidate\/faq\/#primaryimage"},"image":{"@id":"https:\/\/bahsjourney.com\/fr\/candidate\/faq\/#primaryimage"},"thumbnailUrl":"https:\/\/bahsjourney.com\/wp-content\/uploads\/2023\/12\/Herobild-FAQ-Mobile-1.png","datePublished":"2023-10-19T14:11:11+00:00","dateModified":"2024-01-29T13:03:10+00:00","breadcrumb":{"@id":"https:\/\/bahsjourney.com\/fr\/candidate\/faq\/#breadcrumb"},"inLanguage":"fr-FR","potentialAction":[{"@type":"ReadAction","target":["https:\/\/bahsjourney.com\/fr\/candidate\/faq\/"]}]},{"@type":"ImageObject","inLanguage":"fr-FR","@id":"https:\/\/bahsjourney.com\/fr\/candidate\/faq\/#primaryimage","url":"https:\/\/bahsjourney.com\/wp-content\/uploads\/2023\/12\/Herobild-FAQ-Mobile-1.png","contentUrl":"https:\/\/bahsjourney.com\/wp-content\/uploads\/2023\/12\/Herobild-FAQ-Mobile-1.png"},{"@type":"BreadcrumbList","@id":"https:\/\/bahsjourney.com\/fr\/candidate\/faq\/#breadcrumb","itemListElement":[{"@type":"ListItem","position":1,"name":"Home","item":"https:\/\/bahsjourney.com\/fr\/"},{"@type":"ListItem","position":2,"name":"Candidate","item":"https:\/\/bahsjourney.com\/fr\/candidate\/"},{"@type":"ListItem","position":3,"name":"FAQ"}]},{"@type":"WebSite","@id":"https:\/\/bahsjourney.com\/#website","url":"https:\/\/bahsjourney.com\/","name":"BAHS Journey","description":"","publisher":{"@id":"https:\/\/bahsjourney.com\/#organization"},"potentialAction":[{"@type":"SearchAction","target":{"@type":"EntryPoint","urlTemplate":"https:\/\/bahsjourney.com\/?s={search_term_string}"},"query-input":{"@type":"PropertyValueSpecification","valueRequired":true,"valueName":"search_term_string"}}],"inLanguage":"fr-FR"},{"@type":"Organization","@id":"https:\/\/bahsjourney.com\/#organization","name":"BAHS Journey","url":"https:\/\/bahsjourney.com\/","logo":{"@type":"ImageObject","inLanguage":"fr-FR","@id":"https:\/\/bahsjourney.com\/#\/schema\/logo\/image\/","url":"https:\/\/bahsjourney.com\/wp-content\/uploads\/2023\/11\/oticon-Logo.svg","contentUrl":"https:\/\/bahsjourney.com\/wp-content\/uploads\/2023\/11\/oticon-Logo.svg","width":1,"height":1,"caption":"BAHS Journey"},"image":{"@id":"https:\/\/bahsjourney.com\/#\/schema\/logo\/image\/"}}]}},"_links":{"self":[{"href":"https:\/\/bahsjourney.com\/fr\/wp-json\/wp\/v2\/pages\/6318"}],"collection":[{"href":"https:\/\/bahsjourney.com\/fr\/wp-json\/wp\/v2\/pages"}],"about":[{"href":"https:\/\/bahsjourney.com\/fr\/wp-json\/wp\/v2\/types\/page"}],"author":[{"embeddable":true,"href":"https:\/\/bahsjourney.com\/fr\/wp-json\/wp\/v2\/users\/5"}],"replies":[{"embeddable":true,"href":"https:\/\/bahsjourney.com\/fr\/wp-json\/wp\/v2\/comments?post=6318"}],"version-history":[{"count":6,"href":"https:\/\/bahsjourney.com\/fr\/wp-json\/wp\/v2\/pages\/6318\/revisions"}],"predecessor-version":[{"id":8652,"href":"https:\/\/bahsjourney.com\/fr\/wp-json\/wp\/v2\/pages\/6318\/revisions\/8652"}],"up":[{"embeddable":true,"href":"https:\/\/bahsjourney.com\/fr\/wp-json\/wp\/v2\/pages\/6301"}],"wp:attachment":[{"href":"https:\/\/bahsjourney.com\/fr\/wp-json\/wp\/v2\/media?parent=6318"}],"curies":[{"name":"wp","href":"https:\/\/api.w.org\/{rel}","templated":true}]}}