{"id":6305,"date":"2023-10-31T18:04:34","date_gmt":"2023-10-31T16:04:34","guid":{"rendered":"https:\/\/bahsjourney.com\/?page_id=6305"},"modified":"2024-01-23T11:34:55","modified_gmt":"2024-01-23T09:34:55","slug":"am-i-a-candidate","status":"publish","type":"page","link":"https:\/\/bahsjourney.com\/fr\/candidate\/am-i-a-candidate\/","title":{"rendered":"Am I a candidate?"},"content":{"rendered":"<div id=\"mobile-hero\" data-block-id=\"26608914-038b-44cc-a7dc-d0ed019090b6\" data-section-title=\"\" style=\"\" class=\"haj-section haj-relative block-editor-block-list__block wp-block block-editor-block-list__block wp-block wp-block-haj-main-section-dynamic haj-hidden haj-block@m haj-p-0 has-white-background-color haj-height-auto offset-menu haj-w-full haj-flex-wrap haj-flex-middle haj-height-expand haj-height-expand@m haj-height-expand@s\">\n      \n\n<div class=\"wp-block-columns is-layout-flex wp-container-core-columns-is-layout-1 wp-block-columns-is-layout-flex\" style=\"padding-top:30px;padding-bottom:30px\">\n<div class=\"wp-block-column is-layout-flow wp-block-column-is-layout-flow\">\n<figure class=\"wp-block-image alignright size-full has-custom-border\"><img loading=\"lazy\" decoding=\"async\" width=\"1002\" height=\"722\" src=\"https:\/\/bahsjourney.com\/wp-content\/uploads\/2023\/12\/Herobild-Am-I-a-candidate-mobile.png\" alt=\"\" class=\"wp-image-2215\" style=\"border-top-left-radius:130px;border-bottom-left-radius:130px;object-fit:cover\" srcset=\"https:\/\/bahsjourney.com\/wp-content\/uploads\/2023\/12\/Herobild-Am-I-a-candidate-mobile.png 1002w, https:\/\/bahsjourney.com\/wp-content\/uploads\/2023\/12\/Herobild-Am-I-a-candidate-mobile-300x216.png 300w, https:\/\/bahsjourney.com\/wp-content\/uploads\/2023\/12\/Herobild-Am-I-a-candidate-mobile-768x553.png 768w\" sizes=\"(max-width: 1002px) 100vw, 1002px\" \/><\/figure>\n<\/div>\n<\/div>\n\n<\/div>\n\n<div id=\"hero-section\" data-block-id=\"187a1365-6fa7-4189-9d9d-cca7d90452f5\" data-section-title=\"\" style=\"\" class=\"haj-section haj-relative block-editor-block-list__block wp-block block-editor-block-list__block wp-block has-child-selected wp-block-haj-main-section-dynamic has-white-background-color haj-height-70vh offset-menu haj-height-auto@m haj-height-auto@xs haj-w-large haj-flex-wrap haj-flex-middle haj-height-expand haj-height-expand@m haj-height-expand@s\">\n         <img loading=\"lazy\" decoding=\"async\"\n         src=\"https:\/\/bahsjourney.com\/wp-content\/uploads\/2023\/12\/Herobild-Am-I-a-candidate.png\"\n         alt=\"\"\n         height=\"722\"\n         width=\"1321\"\n         style=\"width:46%; top:5vh; bottom:5vh; height:calc(100% - 10vh);\"\n         class=\"haj-background-image haj-right  haj-hidden@s haj-hidden@m\" \/>\n      \n\n<div class=\"wp-block-columns is-layout-flex wp-container-core-columns-is-layout-2 wp-block-columns-is-layout-flex\" style=\"padding-top:var(--wp--preset--spacing--80);padding-right:0;padding-bottom:var(--wp--preset--spacing--80);padding-left:0\">\n<div class=\"wp-block-column is-vertically-aligned-center hero-content haj-w-1-2 haj-w-full@m is-layout-flow wp-block-column-is-layout-flow\" style=\"padding-right:0;padding-left:0;flex-basis:45%\">\n<div class=\"wp-block-group is-vertical is-layout-flex wp-container-core-group-is-layout-1 wp-block-group-is-layout-flex\" style=\"padding-top:0;padding-right:0;padding-bottom:0;padding-left:0\">\n<h1 class=\"wp-block-heading\" style=\"margin-bottom:16px;font-style:normal;font-weight:300\">Suis-je \u00e9ligible aux BAHS ?<\/h1>\n\n\n\n<p class=\"has-medium-font-size\" style=\"margin-top:0;margin-right:0;margin-bottom:16px;margin-left:0;font-style:normal;font-weight:300\">Un syst\u00e8me auditif ost\u00e9o-int\u00e9gr\u00e9 (BAHS) peut \u00eatre une bonne solution si votre surdit\u00e9 est due \u00e0 des probl\u00e8mes au niveau de l\u2019oreille externe ou moyenne, ou si vous \u00eates sourd d\u2019une oreille. En effet, cette solution contourne ces parties de l\u2019oreille et transmet le son directement \u00e0 l\u2019oreille interne.<\/p>\n\n\n\n<p class=\"has-text-align-left haj-flex haj-flex-middle haj-w-max download-link\"><a href=\"https:\/\/bahsjourney.com\/wp-content\/uploads\/2023\/12\/Lorem-Ipsum.pdf\"><\/a><\/p>\n<\/div>\n<\/div>\n<\/div>\n\n<\/div>\n\n<div id=\"ponto-system\" data-block-id=\"2e899858-fd9e-4e41-9d34-5ac74dc41743\" data-section-title=\"\" style=\"\" class=\"haj-section haj-relative block-editor-block-list__block wp-block block-editor-block-list__block wp-block wp-block-haj-main-section-dynamic has-orange-background-color haj-height-40vh offset-menu haj-height-auto@m haj-height-auto@xs haj-w-medium haj-flex-wrap haj-flex-middle haj-height-expand haj-height-expand@m haj-height-expand@s\">\n      \n\n<div class=\"wp-block-columns banner-section is-layout-flex wp-container-core-columns-is-layout-3 wp-block-columns-is-layout-flex\" style=\"margin-top:0;margin-bottom:0;padding-top:0;padding-bottom:0\">\n<div class=\"wp-block-column has-grey-color has-text-color has-global-padding is-layout-constrained wp-container-core-column-is-layout-3 wp-block-column-is-layout-constrained\" style=\"padding-top:0;padding-right:0;padding-bottom:0;padding-left:0\">\n<h3 class=\"wp-block-heading has-text-align-center has-white-color has-text-color has-link-color wp-elements-9082328180623d0a88a469debc4b7fe7\" style=\"margin-bottom:16px\">D\u00e9couvrez la brochure du candidat \u00e9ligible<\/h3>\n\n\n\n<p class=\"has-text-align-center has-white-color has-text-color has-link-color has-medium-font-size wp-elements-f169a1d19c1dcefe5a65ffe6c004b137\" style=\"margin-bottom:22px\">La brochure du candidat au BAHS vous apporte des informations utiles sur ce que vous devez savoir concernant l&rsquo;audition \u00e0 ancrage osseux et les avantages que celle-ci peut vous apporter.<\/p>\n\n\n\n<p class=\"has-text-align-left haj-flex haj-flex-middle haj-w-max download-link has-white-color has-text-color has-link-color wp-elements-7dea896a98a226a29029ec8c55a5935a\" style=\"text-decoration:none\"><img decoding=\"async\" class=\"wp-image-962\" style=\"width: NaNpx;\" src=\"https:\/\/bahsjourney.com\/wp-content\/uploads\/2023\/11\/download-2.svg\" alt=\"download\"><a href=\"https:\/\/bahsjourney.com\/wp-content\/uploads\/2024\/01\/270472FR_CBR_Candidate-brochure_Version-A_2023.11.pdf\" target=\"_blank\" rel=\"noreferrer noopener\">T\u00e9l\u00e9charger la brochure du candidat \u00e9ligible<\/a><\/p>\n<\/div>\n<\/div>\n\n<\/div>\n\n<div id=\"\" data-block-id=\"dab4f32e-0efd-41da-bca6-a4a9b01cd1ca\" data-section-title=\"\" style=\"\" class=\"haj-section haj-relative block-editor-block-list__block wp-block block-editor-block-list__block wp-block wp-block-haj-main-section-dynamic has-white-background-color haj-height-auto offset-menu haj-w-large haj-flex-wrap haj-flex-middle haj-height-expand haj-height-expand@m haj-height-expand@s\">\n      \n\n<div class=\"wp-block-columns is-layout-flex wp-container-core-columns-is-layout-4 wp-block-columns-is-layout-flex\" style=\"padding-top:60px;padding-bottom:60px\">\n<div class=\"wp-block-column is-vertically-aligned-center haj-height-full left-text-column is-layout-flow wp-block-column-is-layout-flow\" style=\"padding-top:0;padding-right:0;padding-bottom:0;padding-left:0\">\n<div class=\"wp-block-group has-global-padding is-content-justification-left is-layout-constrained wp-container-core-group-is-layout-2 wp-block-group-is-layout-constrained\" style=\"padding-top:0;padding-right:0;padding-bottom:0;padding-left:0\">\n<h2 class=\"wp-block-heading\" style=\"margin-bottom:16px\">D\u00e9couvrez si vous \u00eates un(e) candidat(e) \u00e9ligible<\/h2>\n\n\n\n<p style=\"margin-bottom:var(--wp--preset--spacing--30)\">Les adultes et les enfants peuvent \u00eatre \u00e9quip\u00e9s d&rsquo;un syst\u00e8me BAHS en cas de <strong>pertes auditives de transmission et mixtes<\/strong>, ou en cas de perte auditive profonde unilat\u00e9rale, \u00e9galement connue sous le nom de <strong>surdit\u00e9 unilat\u00e9rale (SSD).&nbsp;<\/strong>La deuxi\u00e8me cat\u00e9gorie d&rsquo;indications concerne les personnes qui pr\u00e9sentent d&rsquo;autres caract\u00e9ristiques physiques ou d&rsquo;autres pathologies qui rendent impossible le port d&rsquo;une aide auditive conventionnelle.<\/p>\n\n\n\n<p>Les enfants qui sont trop jeunes pour recevoir un implant ou qui souffrent d\u2019un probl\u00e8me d\u2019audition temporaire peuvent porter l\u2019aide auditive sur un bandeau souple. Il s\u2019agit d\u2019un bandeau flexible et r\u00e9glable qui s\u2019adapte aux diff\u00e9rentes tailles de t\u00eate.<\/p>\n<\/div>\n<\/div>\n\n\n\n<div class=\"wp-block-column is-vertically-aligned-center haj-height-full is-layout-flow wp-block-column-is-layout-flow\">\n<div class=\"wp-block-group bordered-list has-medium-font-size has-global-padding is-layout-constrained wp-container-core-group-is-layout-3 wp-block-group-is-layout-constrained\" style=\"border-left-color:var(--wp--preset--color--orange);border-left-width:4px;padding-left:26px\">\n<h4 class=\"wp-block-heading\" style=\"margin-bottom:16px\">Un implant auditif ost\u00e9o-int\u00e9gr\u00e9 peut \u00eatre utilis\u00e9 avec succ\u00e8s chez les adultes et les enfants* souffrant de:<\/h4>\n\n\n\n<ul class=\"wp-block-list\" style=\"line-height:1.6\">\n<li>Surdit\u00e9 de transmission<\/li>\n\n\n\n<li>Surdit\u00e9 d&rsquo;origine neuro-sensorielle<\/li>\n\n\n\n<li>Surdit\u00e9 mixte<\/li>\n\n\n\n<li>Surdit\u00e9 unilat\u00e9rale<\/li>\n\n\n\n<li>Probl\u00e8mes li\u00e9s au conduit auditif et \u00e0 l&rsquo;oreille moyenne<\/li>\n\n\n\n<li>Malformations de l&rsquo;oreille externe, telles que l&rsquo;atr\u00e9sie et la microtie<\/li>\n\n\n\n<li>Surdit\u00e9 caus\u00e9e par des infections chroniques de l\u2019oreille<\/li>\n<\/ul>\n<\/div>\n<\/div>\n<\/div>\n\n\n\n<div class=\"wp-block-columns is-layout-flex wp-container-core-columns-is-layout-5 wp-block-columns-is-layout-flex\">\n<div class=\"wp-block-column is-layout-flow wp-block-column-is-layout-flow\">\n<p class=\"has-text-align-center has-sand-medium-color has-text-color has-link-color wp-elements-9ceec6214dfd0df33df51effd0549eb0\" style=\"margin-bottom:var(--wp--preset--spacing--30);font-size:14px;font-style:italic;font-weight:300\">*Aux \u00c9tats-Unis, au Canada et \u00e0 Singapour, la pose d&rsquo;un implant \u00e0 ancrage osseux est contre-indiqu\u00e9e chez les enfants de moins de cinq ans<\/p>\n<\/div>\n<\/div>\n\n<\/div>\n\n<div id=\"ponto-system\" data-block-id=\"2e899858-fd9e-4e41-9d34-5ac74dc41743\" data-section-title=\"\" style=\"\" class=\"haj-section haj-relative block-editor-block-list__block wp-block block-editor-block-list__block wp-block wp-block-haj-main-section-dynamic has-light-grey-background-color haj-height-40vh offset-menu haj-height-auto@m haj-height-auto@xs haj-w-medium haj-flex-wrap haj-flex-middle haj-height-expand haj-height-expand@m haj-height-expand@s\">\n      \n\n<div class=\"wp-block-columns banner-section is-layout-flex wp-container-core-columns-is-layout-6 wp-block-columns-is-layout-flex\" style=\"margin-top:0;margin-bottom:0;padding-top:0;padding-bottom:0\">\n<div class=\"wp-block-column has-grey-color has-text-color has-global-padding is-layout-constrained wp-container-core-column-is-layout-7 wp-block-column-is-layout-constrained\" style=\"padding-top:0;padding-right:0;padding-bottom:0;padding-left:0\">\n<h3 class=\"wp-block-heading has-text-align-center\" style=\"margin-bottom:16px\">Trouvez votre centre auditif le plus proche<\/h3>\n\n\n\n<p class=\"has-text-align-center has-medium-font-size\">Pour savoir si la solution BAHS est adapt\u00e9e dans votre cas, parlez-en \u00e0 votre audioproth\u00e9siste et \u00e0 votre m\u00e9decin ORL. Ils testeront votre audition pour d\u00e9terminer votre \u00e9ligibilit\u00e9. Si c&rsquo;est le cas, vous pourrez essayer une aide auditive Ponto 5 pour d\u00e9couvrir cette fa\u00e7on d&rsquo;entendre et vous aider \u00e0 prendre une d\u00e9cision concernant le syst\u00e8me BAHS. Nous pouvons vous aider \u00e0 trouver les centres d\u2019audition les plus proches de chez vous&nbsp;:<\/p>\n\n\n\n<div class=\"wp-block-buttons is-content-justification-center is-layout-flex wp-container-core-buttons-is-layout-1 wp-block-buttons-is-layout-flex\" style=\"margin-top:27px\">\n<div class=\"wp-block-button\"><a class=\"wp-block-button__link has-white-color has-text-color wp-element-button\" href=\"https:\/\/www.oticonmedical.com\/FR\/about-oticon-medical\/contact-us\" target=\"_blank\" rel=\"noreferrer noopener\">Nous contacter<\/a><\/div>\n<\/div>\n<\/div>\n<\/div>\n\n<\/div>","protected":false},"excerpt":{"rendered":"","protected":false},"author":5,"featured_media":0,"parent":6301,"menu_order":0,"comment_status":"closed","ping_status":"closed","template":"wp-custom-template-candidate-pages","meta":{"_acf_changed":false,"footnotes":""},"class_list":["post-6305","page","type-page","status-publish","hentry"],"acf":[],"yoast_head":"<!-- This site is optimized with the Yoast SEO plugin v24.7 - https:\/\/yoast.com\/wordpress\/plugins\/seo\/ -->\n<title>Am I a candidate? - BAHS Journey<\/title>\n<meta name=\"robots\" content=\"index, follow, max-snippet:-1, max-image-preview:large, max-video-preview:-1\" \/>\n<link rel=\"canonical\" href=\"https:\/\/bahsjourney.com\/fr\/candidate\/am-i-a-candidate\/\" \/>\n<meta property=\"og:locale\" content=\"fr_FR\" \/>\n<meta property=\"og:type\" content=\"article\" \/>\n<meta property=\"og:title\" content=\"Am I a candidate? - BAHS Journey\" \/>\n<meta property=\"og:url\" content=\"https:\/\/bahsjourney.com\/fr\/candidate\/am-i-a-candidate\/\" \/>\n<meta property=\"og:site_name\" content=\"BAHS Journey\" \/>\n<meta property=\"article:modified_time\" content=\"2024-01-23T09:34:55+00:00\" \/>\n<meta property=\"og:image\" content=\"https:\/\/bahsjourney.com\/wp-content\/uploads\/2023\/12\/Herobild-Am-I-a-candidate-mobile.png\" \/>\n<meta name=\"twitter:card\" content=\"summary_large_image\" \/>\n<meta name=\"twitter:label1\" content=\"Dur\u00e9e de lecture estim\u00e9e\" \/>\n\t<meta name=\"twitter:data1\" content=\"3 minutes\" \/>\n<script type=\"application\/ld+json\" class=\"yoast-schema-graph\">{\"@context\":\"https:\/\/schema.org\",\"@graph\":[{\"@type\":\"WebPage\",\"@id\":\"https:\/\/bahsjourney.com\/fr\/candidate\/am-i-a-candidate\/\",\"url\":\"https:\/\/bahsjourney.com\/fr\/candidate\/am-i-a-candidate\/\",\"name\":\"Am I a candidate? - BAHS Journey\",\"isPartOf\":{\"@id\":\"https:\/\/bahsjourney.com\/#website\"},\"primaryImageOfPage\":{\"@id\":\"https:\/\/bahsjourney.com\/fr\/candidate\/am-i-a-candidate\/#primaryimage\"},\"image\":{\"@id\":\"https:\/\/bahsjourney.com\/fr\/candidate\/am-i-a-candidate\/#primaryimage\"},\"thumbnailUrl\":\"https:\/\/bahsjourney.com\/wp-content\/uploads\/2023\/12\/Herobild-Am-I-a-candidate-mobile.png\",\"datePublished\":\"2023-10-31T16:04:34+00:00\",\"dateModified\":\"2024-01-23T09:34:55+00:00\",\"breadcrumb\":{\"@id\":\"https:\/\/bahsjourney.com\/fr\/candidate\/am-i-a-candidate\/#breadcrumb\"},\"inLanguage\":\"fr-FR\",\"potentialAction\":[{\"@type\":\"ReadAction\",\"target\":[\"https:\/\/bahsjourney.com\/fr\/candidate\/am-i-a-candidate\/\"]}]},{\"@type\":\"ImageObject\",\"inLanguage\":\"fr-FR\",\"@id\":\"https:\/\/bahsjourney.com\/fr\/candidate\/am-i-a-candidate\/#primaryimage\",\"url\":\"https:\/\/bahsjourney.com\/wp-content\/uploads\/2023\/12\/Herobild-Am-I-a-candidate-mobile.png\",\"contentUrl\":\"https:\/\/bahsjourney.com\/wp-content\/uploads\/2023\/12\/Herobild-Am-I-a-candidate-mobile.png\"},{\"@type\":\"BreadcrumbList\",\"@id\":\"https:\/\/bahsjourney.com\/fr\/candidate\/am-i-a-candidate\/#breadcrumb\",\"itemListElement\":[{\"@type\":\"ListItem\",\"position\":1,\"name\":\"Home\",\"item\":\"https:\/\/bahsjourney.com\/fr\/\"},{\"@type\":\"ListItem\",\"position\":2,\"name\":\"Candidate\",\"item\":\"https:\/\/bahsjourney.com\/fr\/candidate\/\"},{\"@type\":\"ListItem\",\"position\":3,\"name\":\"Am I a candidate?\"}]},{\"@type\":\"WebSite\",\"@id\":\"https:\/\/bahsjourney.com\/#website\",\"url\":\"https:\/\/bahsjourney.com\/\",\"name\":\"BAHS Journey\",\"description\":\"\",\"publisher\":{\"@id\":\"https:\/\/bahsjourney.com\/#organization\"},\"potentialAction\":[{\"@type\":\"SearchAction\",\"target\":{\"@type\":\"EntryPoint\",\"urlTemplate\":\"https:\/\/bahsjourney.com\/?s={search_term_string}\"},\"query-input\":{\"@type\":\"PropertyValueSpecification\",\"valueRequired\":true,\"valueName\":\"search_term_string\"}}],\"inLanguage\":\"fr-FR\"},{\"@type\":\"Organization\",\"@id\":\"https:\/\/bahsjourney.com\/#organization\",\"name\":\"BAHS Journey\",\"url\":\"https:\/\/bahsjourney.com\/\",\"logo\":{\"@type\":\"ImageObject\",\"inLanguage\":\"fr-FR\",\"@id\":\"https:\/\/bahsjourney.com\/#\/schema\/logo\/image\/\",\"url\":\"https:\/\/bahsjourney.com\/wp-content\/uploads\/2023\/11\/oticon-Logo.svg\",\"contentUrl\":\"https:\/\/bahsjourney.com\/wp-content\/uploads\/2023\/11\/oticon-Logo.svg\",\"width\":1,\"height\":1,\"caption\":\"BAHS Journey\"},\"image\":{\"@id\":\"https:\/\/bahsjourney.com\/#\/schema\/logo\/image\/\"}}]}<\/script>\n<!-- \/ Yoast SEO plugin. -->","yoast_head_json":{"title":"Am I a candidate? - BAHS Journey","robots":{"index":"index","follow":"follow","max-snippet":"max-snippet:-1","max-image-preview":"max-image-preview:large","max-video-preview":"max-video-preview:-1"},"canonical":"https:\/\/bahsjourney.com\/fr\/candidate\/am-i-a-candidate\/","og_locale":"fr_FR","og_type":"article","og_title":"Am I a candidate? - BAHS Journey","og_url":"https:\/\/bahsjourney.com\/fr\/candidate\/am-i-a-candidate\/","og_site_name":"BAHS Journey","article_modified_time":"2024-01-23T09:34:55+00:00","og_image":[{"url":"https:\/\/bahsjourney.com\/wp-content\/uploads\/2023\/12\/Herobild-Am-I-a-candidate-mobile.png","type":"","width":"","height":""}],"twitter_card":"summary_large_image","twitter_misc":{"Dur\u00e9e de lecture estim\u00e9e":"3 minutes"},"schema":{"@context":"https:\/\/schema.org","@graph":[{"@type":"WebPage","@id":"https:\/\/bahsjourney.com\/fr\/candidate\/am-i-a-candidate\/","url":"https:\/\/bahsjourney.com\/fr\/candidate\/am-i-a-candidate\/","name":"Am I a candidate? - BAHS Journey","isPartOf":{"@id":"https:\/\/bahsjourney.com\/#website"},"primaryImageOfPage":{"@id":"https:\/\/bahsjourney.com\/fr\/candidate\/am-i-a-candidate\/#primaryimage"},"image":{"@id":"https:\/\/bahsjourney.com\/fr\/candidate\/am-i-a-candidate\/#primaryimage"},"thumbnailUrl":"https:\/\/bahsjourney.com\/wp-content\/uploads\/2023\/12\/Herobild-Am-I-a-candidate-mobile.png","datePublished":"2023-10-31T16:04:34+00:00","dateModified":"2024-01-23T09:34:55+00:00","breadcrumb":{"@id":"https:\/\/bahsjourney.com\/fr\/candidate\/am-i-a-candidate\/#breadcrumb"},"inLanguage":"fr-FR","potentialAction":[{"@type":"ReadAction","target":["https:\/\/bahsjourney.com\/fr\/candidate\/am-i-a-candidate\/"]}]},{"@type":"ImageObject","inLanguage":"fr-FR","@id":"https:\/\/bahsjourney.com\/fr\/candidate\/am-i-a-candidate\/#primaryimage","url":"https:\/\/bahsjourney.com\/wp-content\/uploads\/2023\/12\/Herobild-Am-I-a-candidate-mobile.png","contentUrl":"https:\/\/bahsjourney.com\/wp-content\/uploads\/2023\/12\/Herobild-Am-I-a-candidate-mobile.png"},{"@type":"BreadcrumbList","@id":"https:\/\/bahsjourney.com\/fr\/candidate\/am-i-a-candidate\/#breadcrumb","itemListElement":[{"@type":"ListItem","position":1,"name":"Home","item":"https:\/\/bahsjourney.com\/fr\/"},{"@type":"ListItem","position":2,"name":"Candidate","item":"https:\/\/bahsjourney.com\/fr\/candidate\/"},{"@type":"ListItem","position":3,"name":"Am I a candidate?"}]},{"@type":"WebSite","@id":"https:\/\/bahsjourney.com\/#website","url":"https:\/\/bahsjourney.com\/","name":"BAHS Journey","description":"","publisher":{"@id":"https:\/\/bahsjourney.com\/#organization"},"potentialAction":[{"@type":"SearchAction","target":{"@type":"EntryPoint","urlTemplate":"https:\/\/bahsjourney.com\/?s={search_term_string}"},"query-input":{"@type":"PropertyValueSpecification","valueRequired":true,"valueName":"search_term_string"}}],"inLanguage":"fr-FR"},{"@type":"Organization","@id":"https:\/\/bahsjourney.com\/#organization","name":"BAHS Journey","url":"https:\/\/bahsjourney.com\/","logo":{"@type":"ImageObject","inLanguage":"fr-FR","@id":"https:\/\/bahsjourney.com\/#\/schema\/logo\/image\/","url":"https:\/\/bahsjourney.com\/wp-content\/uploads\/2023\/11\/oticon-Logo.svg","contentUrl":"https:\/\/bahsjourney.com\/wp-content\/uploads\/2023\/11\/oticon-Logo.svg","width":1,"height":1,"caption":"BAHS Journey"},"image":{"@id":"https:\/\/bahsjourney.com\/#\/schema\/logo\/image\/"}}]}},"_links":{"self":[{"href":"https:\/\/bahsjourney.com\/fr\/wp-json\/wp\/v2\/pages\/6305"}],"collection":[{"href":"https:\/\/bahsjourney.com\/fr\/wp-json\/wp\/v2\/pages"}],"about":[{"href":"https:\/\/bahsjourney.com\/fr\/wp-json\/wp\/v2\/types\/page"}],"author":[{"embeddable":true,"href":"https:\/\/bahsjourney.com\/fr\/wp-json\/wp\/v2\/users\/5"}],"replies":[{"embeddable":true,"href":"https:\/\/bahsjourney.com\/fr\/wp-json\/wp\/v2\/comments?post=6305"}],"version-history":[{"count":3,"href":"https:\/\/bahsjourney.com\/fr\/wp-json\/wp\/v2\/pages\/6305\/revisions"}],"predecessor-version":[{"id":6338,"href":"https:\/\/bahsjourney.com\/fr\/wp-json\/wp\/v2\/pages\/6305\/revisions\/6338"}],"up":[{"embeddable":true,"href":"https:\/\/bahsjourney.com\/fr\/wp-json\/wp\/v2\/pages\/6301"}],"wp:attachment":[{"href":"https:\/\/bahsjourney.com\/fr\/wp-json\/wp\/v2\/media?parent=6305"}],"curies":[{"name":"wp","href":"https:\/\/api.w.org\/{rel}","templated":true}]}}