{"id":8228,"date":"2023-11-14T11:31:05","date_gmt":"2023-11-14T09:31:05","guid":{"rendered":"https:\/\/bahsjourney.com\/?page_id=8228"},"modified":"2024-09-17T14:23:04","modified_gmt":"2024-09-17T12:23:04","slug":"descargas","status":"publish","type":"page","link":"https:\/\/bahsjourney.com\/es\/descargas\/","title":{"rendered":"Descargas"},"content":{"rendered":"\n<div class=\"wp-block-columns downloads-intro is-layout-flex wp-container-core-columns-is-layout-1 wp-block-columns-is-layout-flex\" style=\"padding-top:var(--wp--preset--spacing--50);padding-right:0;padding-bottom:var(--wp--preset--spacing--40);padding-left:0\">\n<div class=\"wp-block-column has-global-padding is-layout-constrained wp-block-column-is-layout-constrained\">\n<h1 class=\"wp-block-heading has-text-align-center\" style=\"margin-bottom:16px;font-style:normal;font-weight:400\">Descargas<\/h1>\n<\/div>\n<\/div>\n\n\n\n<h2 class=\"wp-block-heading has-text-align-center downloads-dropdown\" id=\"patients-dropdown\" style=\"margin-top:15px;margin-bottom:60px;font-size:clamp(14.642px, 0.915rem + ((1vw - 3.2px) * 0.575), 22px);\"><a href=\"#\">Materiales para candidatos<\/a><\/h2>\n\n\n<div id=\"patients-section\" data-block-id=\"ee680a45-288d-4461-bcb4-382e5a103aa3\" data-section-title=\"\" style=\"\" class=\"haj-section haj-relative block-editor-block-list__block wp-block block-editor-block-list__block wp-block wp-block-haj-main-section-dynamic has-transparent-background-color haj-height-auto offset-menu haj-w-small haj-flex-wrap haj-flex-middle haj-height-expand haj-height-expand@m haj-height-expand@s\">\n      \n\n<div class=\"wp-block-columns is-layout-flex wp-container-core-columns-is-layout-4 wp-block-columns-is-layout-flex\" style=\"padding-bottom:var(--wp--preset--spacing--40)\">\n<div class=\"wp-block-column is-layout-flow wp-block-column-is-layout-flow\">\n<p class=\"has-orange-color has-text-color\"><strong>Descargas<\/strong><\/p>\n\n\n\n<div class=\"wp-block-columns downloads-list is-layout-flex wp-container-core-columns-is-layout-2 wp-block-columns-is-layout-flex\" style=\"margin-top:16px;margin-bottom:16px\">\n<div class=\"wp-block-column is-layout-flow wp-block-column-is-layout-flow\">\n<p><a href=\"https:\/\/bahsjourney.com\/wp-content\/uploads\/2024\/01\/245250ES_CBR_Ponto_5_SuperPower_2022.02.pdf\" target=\"_blank\" rel=\"noreferrer noopener\">Folleto de la Familia Ponto 5<\/a><\/p>\n\n\n\n<p><a href=\"https:\/\/bahsjourney.com\/wp-content\/uploads\/2024\/01\/270476ES_CBR_Candidate-brochure_Version-A_2023.11.pdf\" target=\"_blank\" rel=\"noreferrer noopener\">Folleto para el candidato<\/a><\/p>\n\n\n\n<p><a href=\"https:\/\/bahsjourney.com\/wp-content\/uploads\/2024\/01\/271028ES_CBR_BAHS-Childrens-booklet_Version-A_2023.11.pdf\" target=\"_blank\" rel=\"noreferrer noopener\">Folleto para ni\u00f1os<\/a><\/p>\n\n\n\n<p><a href=\"https:\/\/bahsjourney.com\/wp-content\/uploads\/2024\/09\/271490es_CBR_Patient-Brochure-Sentio-System_Version-A_2024.05_Original-file.pdf\" target=\"_blank\" rel=\"noreferrer noopener\">Folleto Sentio<\/a><\/p>\n<\/div>\n\n\n\n<div class=\"wp-block-column is-layout-flow wp-block-column-is-layout-flow\">\n<p><a href=\"https:\/\/bahsjourney.com\/wp-content\/uploads\/2024\/01\/270456ES_CBR_Trial-brochure_Version-A_2023.11.pdf\" target=\"_blank\" rel=\"noreferrer noopener\">Folleto sobre la prueba<\/a><\/p>\n\n\n\n<p><a href=\"https:\/\/bahsjourney.com\/wp-content\/uploads\/2024\/01\/271544es_CBR_Ponto-Care-Guide_version-A_2023.11_low-1.pdf\" target=\"_blank\" rel=\"noreferrer noopener\">Gu\u00eda de Ponto Care<\/a><\/p>\n\n\n\n<p><a href=\"https:\/\/bahsjourney.com\/wp-content\/uploads\/2024\/01\/245267ES_CBR_Ponto_5_SuperPower_Pediatric_Brochure_2022.01.pdf\" target=\"_blank\" rel=\"noreferrer noopener\">Ponto 5 para pacientes pedi\u00e1tricos<\/a><\/p>\n<\/div>\n<\/div>\n<\/div>\n\n\n\n<div class=\"wp-block-column is-layout-flow wp-block-column-is-layout-flow\">\n<p class=\"has-orange-color has-text-color\"><strong>Enlaces<\/strong><\/p>\n\n\n\n<div class=\"wp-block-columns links-list is-layout-flex wp-container-core-columns-is-layout-3 wp-block-columns-is-layout-flex\" style=\"margin-top:16px;margin-bottom:16px\">\n<div class=\"wp-block-column is-layout-flow wp-block-column-is-layout-flow\">\n<p><a data-type=\"link\" data-id=\"https:\/\/bahsjourney.com\/wp-content\/uploads\/2023\/11\/header-step-1-1.png\" href=\"https:\/\/www.youtube.com\/watch?v=-Z3LRdmedRc\" target=\"_blank\" rel=\"noreferrer noopener\">Experiencia del paciente &#8211; Adultos<\/a><\/p>\n\n\n\n<p><a href=\"https:\/\/www.youtube.com\/watch?v=elM9deDbi8Y\" target=\"_blank\" rel=\"noreferrer noopener\">Experiencia del paciente \u2013 Adultos, Sentio<\/a><\/p>\n\n\n\n<p class=\"has-text-align-left\"><a data-type=\"link\" data-id=\"https:\/\/bahsjourney.com\/wp-content\/uploads\/2023\/11\/header-step-1-1.png\" href=\"https:\/\/www.youtube.com\/watch?v=cgjO2UQqH3E\" target=\"_blank\" rel=\"noreferrer noopener\">Experiencia del paciente &#8211; Pediatr\u00eda<\/a><\/p>\n<\/div>\n<\/div>\n<\/div>\n<\/div>\n\n<\/div>\n\n\n<h2 class=\"wp-block-heading has-text-align-center downloads-dropdown\" id=\"pro-dropdown\" style=\"margin-top:0;margin-bottom:60px;font-size:clamp(14.642px, 0.915rem + ((1vw - 3.2px) * 0.575), 22px);\"><a href=\"#\">Materiales para profesionales<\/a><\/h2>\n\n\n<div id=\"pro-section\" data-block-id=\"ee680a45-288d-4461-bcb4-382e5a103aa3\" data-section-title=\"\" style=\"\" class=\"haj-section haj-relative block-editor-block-list__block wp-block block-editor-block-list__block wp-block has-child-selected wp-block-haj-main-section-dynamic has-transparent-background-color haj-height-auto offset-menu haj-w-small haj-flex-wrap haj-flex-middle haj-height-expand haj-height-expand@m haj-height-expand@s\">\n      \n\n<div class=\"wp-block-columns is-layout-flex wp-container-core-columns-is-layout-7 wp-block-columns-is-layout-flex\" style=\"padding-bottom:var(--wp--preset--spacing--40)\">\n<div class=\"wp-block-column is-layout-flow wp-block-column-is-layout-flow\">\n<p class=\"has-orange-color has-text-color\"><strong>Descargas<\/strong><\/p>\n\n\n\n<div class=\"wp-block-columns downloads-list is-layout-flex wp-container-core-columns-is-layout-5 wp-block-columns-is-layout-flex\" style=\"margin-top:16px;margin-bottom:16px\">\n<div class=\"wp-block-column is-layout-flow wp-block-column-is-layout-flow\">\n<p><a href=\"https:\/\/bahsjourney.com\/wp-content\/uploads\/2024\/09\/275128es_GUIDE_Sentio-Audiological-Guide_Version-B_2024.07_Original-file.pdf\" target=\"_blank\" rel=\"noreferrer noopener\">Gu\u00eda audiol\u00f3gica Sentio<\/a><\/p>\n\n\n\n<p><a href=\"https:\/\/bahsjourney.com\/wp-content\/uploads\/2023\/12\/Express-fit-one-pager-v6-1.pdf\" target=\"_blank\" rel=\"noreferrer noopener\">Gu\u00eda de adaptaci\u00f3n expr\u00e9s para la prueba<\/a><\/p>\n\n\n\n<p><a href=\"https:\/\/bahsjourney.com\/wp-content\/uploads\/2024\/01\/271544es_CBR_Ponto-Care-Guide_version-A_2023.11_low-1.pdf\" target=\"_blank\" rel=\"noreferrer noopener\">Gu\u00eda de Ponto Care<\/a><\/p>\n\n\n\n<p><a href=\"https:\/\/bahsjourney.com\/wp-content\/uploads\/2024\/01\/266927es_GUIDE_Ponto-Candidacy-Guide_2023.03.pdf\" target=\"_blank\" rel=\"noreferrer noopener\">Gu\u00eda para candidatos Ponto<span style=\"color: rgb(0, 0, 0); font-size: medium; white-space-collapse: collapse;\"><\/span><\/a><\/p>\n\n\n\n<p><a href=\"https:\/\/bahsjourney.com\/wp-content\/uploads\/2024\/09\/275109es_GUIDE_Sentio-Candidacy-Guide_Version-B_2024.07_Original-file.pdf\" target=\"_blank\" rel=\"noreferrer noopener\">Gu\u00eda para candidatos Sentio<\/a><\/p>\n<\/div>\n\n\n\n<div class=\"wp-block-column is-layout-flow wp-block-column-is-layout-flow\">\n<p><a href=\"https:\/\/bahsjourney.com\/wp-content\/uploads\/2023\/12\/15500-0053-Ponto-5-Quick-Fitting-Guide-1.2022-1-1.pdf\" target=\"_blank\" rel=\"noreferrer noopener\">Gu\u00eda r\u00e1pida de adaptaci\u00f3n<\/a><\/p>\n\n\n\n<p><a href=\"https:\/\/bahsjourney.com\/wp-content\/uploads\/2024\/09\/275920es_GUIDE_Candidacy-Quick-Guide-for-Professionals_Version-A_2024.05_Original-file.pdf\" target=\"_blank\" rel=\"noreferrer noopener\">Gu\u00eda r\u00e1pida para candidatos<\/a><\/p>\n\n\n\n<p><a href=\"https:\/\/bahsjourney.com\/wp-content\/uploads\/2024\/01\/268201es_GUIDE_Ponto-Audiological-Manual_version-B_2023.06.pdf\" target=\"_blank\" rel=\"noreferrer noopener\">Manual Audiol\u00f3gico Ponto<span style=\"color: rgb(0, 0, 0); font-size: medium; white-space-collapse: collapse;\"><\/span><\/a><\/p>\n\n\n\n<p><a href=\"https:\/\/bahsjourney.com\/wp-content\/uploads\/2024\/01\/239838ES_Surgical_Manual_2021.08.pdf\" target=\"_blank\" rel=\"noreferrer noopener\">Manual quir\u00fargico Ponto<\/a><\/p>\n\n\n\n<p><a data-type=\"attachment\" data-id=\"2596\" href=\"https:\/\/bahsjourney.com\/wp-content\/uploads\/2023\/12\/06282023US-Surgeon-Facing.pdf\" target=\"_blank\" rel=\"noreferrer noopener\">Ponto para cirujanos<\/a><\/p>\n<\/div>\n<\/div>\n<\/div>\n\n\n\n<div class=\"wp-block-column is-layout-flow wp-block-column-is-layout-flow\">\n<p class=\"has-orange-color has-text-color\"><strong>Enlaces<\/strong><\/p>\n\n\n\n<div class=\"wp-block-columns links-list is-layout-flex wp-container-core-columns-is-layout-6 wp-block-columns-is-layout-flex\" style=\"margin-top:16px;margin-bottom:16px\">\n<div class=\"wp-block-column is-layout-flow wp-block-column-is-layout-flow\">\n<p><a href=\"https:\/\/www.youtube.com\/watch?v=0KKNH1_gF_o\" target=\"_blank\" rel=\"noreferrer noopener\">V\u00eddeo sobre el sistema quir\u00fargico MIPS<\/a><\/p>\n\n\n\n<p><a href=\"https:\/\/www.youtube.com\/watch?v=RZYHIOeC8Is\" target=\"_blank\" rel=\"noreferrer noopener\">V\u00eddeo sobre el sistema quir\u00fargico MONO<\/a><\/p>\n\n\n\n<p><a href=\"https:\/\/www.youtube.com\/watch?v=Z1Ms63YsPQM\" target=\"_blank\" rel=\"noreferrer noopener\">V\u00eddeo sobre el sistema quir\u00fargico Sentio<\/a><\/p>\n\n\n\n<p><a href=\"https:\/\/www.youtube.com\/watch?v=7lQsaV6GTA8\" target=\"_blank\" rel=\"noreferrer noopener\">V\u00eddeo sobre incisi\u00f3n lineal<\/a><\/p>\n<\/div>\n<\/div>\n<\/div>\n<\/div>\n\n<\/div>\n\n\n<div style=\"height:43px\" aria-hidden=\"true\" class=\"wp-block-spacer\"><\/div>\n","protected":false},"excerpt":{"rendered":"<p>Descargas Materiales para candidatos Materiales para profesionales<\/p>\n","protected":false},"author":5,"featured_media":0,"parent":0,"menu_order":0,"comment_status":"closed","ping_status":"closed","template":"wp-custom-template-professional-pages","meta":{"_acf_changed":false,"footnotes":""},"class_list":["post-8228","page","type-page","status-publish","hentry"],"acf":[],"yoast_head":"<!-- This site is optimized with the Yoast SEO plugin v24.7 - https:\/\/yoast.com\/wordpress\/plugins\/seo\/ -->\n<title>Descargas - BAHS Journey<\/title>\n<meta name=\"robots\" content=\"index, follow, max-snippet:-1, max-image-preview:large, max-video-preview:-1\" \/>\n<link rel=\"canonical\" href=\"https:\/\/bahsjourney.com\/es\/descargas\/\" \/>\n<meta property=\"og:locale\" content=\"es_ES\" \/>\n<meta property=\"og:type\" content=\"article\" \/>\n<meta property=\"og:title\" content=\"Descargas - BAHS Journey\" \/>\n<meta property=\"og:description\" content=\"Descargas Materiales para candidatos Materiales para profesionales\" \/>\n<meta property=\"og:url\" content=\"https:\/\/bahsjourney.com\/es\/descargas\/\" \/>\n<meta property=\"og:site_name\" content=\"BAHS Journey\" \/>\n<meta property=\"article:modified_time\" content=\"2024-09-17T12:23:04+00:00\" \/>\n<meta name=\"twitter:card\" content=\"summary_large_image\" \/>\n<meta name=\"twitter:label1\" content=\"Tiempo de lectura\" \/>\n\t<meta name=\"twitter:data1\" content=\"1 minuto\" \/>\n<script type=\"application\/ld+json\" class=\"yoast-schema-graph\">{\"@context\":\"https:\/\/schema.org\",\"@graph\":[{\"@type\":\"WebPage\",\"@id\":\"https:\/\/bahsjourney.com\/es\/descargas\/\",\"url\":\"https:\/\/bahsjourney.com\/es\/descargas\/\",\"name\":\"Descargas - BAHS Journey\",\"isPartOf\":{\"@id\":\"https:\/\/bahsjourney.com\/#website\"},\"datePublished\":\"2023-11-14T09:31:05+00:00\",\"dateModified\":\"2024-09-17T12:23:04+00:00\",\"breadcrumb\":{\"@id\":\"https:\/\/bahsjourney.com\/es\/descargas\/#breadcrumb\"},\"inLanguage\":\"es\",\"potentialAction\":[{\"@type\":\"ReadAction\",\"target\":[\"https:\/\/bahsjourney.com\/es\/descargas\/\"]}]},{\"@type\":\"BreadcrumbList\",\"@id\":\"https:\/\/bahsjourney.com\/es\/descargas\/#breadcrumb\",\"itemListElement\":[{\"@type\":\"ListItem\",\"position\":1,\"name\":\"Home\",\"item\":\"https:\/\/bahsjourney.com\/es\/\"},{\"@type\":\"ListItem\",\"position\":2,\"name\":\"Descargas\"}]},{\"@type\":\"WebSite\",\"@id\":\"https:\/\/bahsjourney.com\/#website\",\"url\":\"https:\/\/bahsjourney.com\/\",\"name\":\"BAHS Journey\",\"description\":\"\",\"publisher\":{\"@id\":\"https:\/\/bahsjourney.com\/#organization\"},\"potentialAction\":[{\"@type\":\"SearchAction\",\"target\":{\"@type\":\"EntryPoint\",\"urlTemplate\":\"https:\/\/bahsjourney.com\/?s={search_term_string}\"},\"query-input\":{\"@type\":\"PropertyValueSpecification\",\"valueRequired\":true,\"valueName\":\"search_term_string\"}}],\"inLanguage\":\"es\"},{\"@type\":\"Organization\",\"@id\":\"https:\/\/bahsjourney.com\/#organization\",\"name\":\"BAHS Journey\",\"url\":\"https:\/\/bahsjourney.com\/\",\"logo\":{\"@type\":\"ImageObject\",\"inLanguage\":\"es\",\"@id\":\"https:\/\/bahsjourney.com\/#\/schema\/logo\/image\/\",\"url\":\"https:\/\/bahsjourney.com\/wp-content\/uploads\/2023\/11\/oticon-Logo.svg\",\"contentUrl\":\"https:\/\/bahsjourney.com\/wp-content\/uploads\/2023\/11\/oticon-Logo.svg\",\"width\":1,\"height\":1,\"caption\":\"BAHS Journey\"},\"image\":{\"@id\":\"https:\/\/bahsjourney.com\/#\/schema\/logo\/image\/\"}}]}<\/script>\n<!-- \/ Yoast SEO plugin. -->","yoast_head_json":{"title":"Descargas - BAHS Journey","robots":{"index":"index","follow":"follow","max-snippet":"max-snippet:-1","max-image-preview":"max-image-preview:large","max-video-preview":"max-video-preview:-1"},"canonical":"https:\/\/bahsjourney.com\/es\/descargas\/","og_locale":"es_ES","og_type":"article","og_title":"Descargas - BAHS Journey","og_description":"Descargas Materiales para candidatos Materiales para profesionales","og_url":"https:\/\/bahsjourney.com\/es\/descargas\/","og_site_name":"BAHS Journey","article_modified_time":"2024-09-17T12:23:04+00:00","twitter_card":"summary_large_image","twitter_misc":{"Tiempo de lectura":"1 minuto"},"schema":{"@context":"https:\/\/schema.org","@graph":[{"@type":"WebPage","@id":"https:\/\/bahsjourney.com\/es\/descargas\/","url":"https:\/\/bahsjourney.com\/es\/descargas\/","name":"Descargas - BAHS Journey","isPartOf":{"@id":"https:\/\/bahsjourney.com\/#website"},"datePublished":"2023-11-14T09:31:05+00:00","dateModified":"2024-09-17T12:23:04+00:00","breadcrumb":{"@id":"https:\/\/bahsjourney.com\/es\/descargas\/#breadcrumb"},"inLanguage":"es","potentialAction":[{"@type":"ReadAction","target":["https:\/\/bahsjourney.com\/es\/descargas\/"]}]},{"@type":"BreadcrumbList","@id":"https:\/\/bahsjourney.com\/es\/descargas\/#breadcrumb","itemListElement":[{"@type":"ListItem","position":1,"name":"Home","item":"https:\/\/bahsjourney.com\/es\/"},{"@type":"ListItem","position":2,"name":"Descargas"}]},{"@type":"WebSite","@id":"https:\/\/bahsjourney.com\/#website","url":"https:\/\/bahsjourney.com\/","name":"BAHS Journey","description":"","publisher":{"@id":"https:\/\/bahsjourney.com\/#organization"},"potentialAction":[{"@type":"SearchAction","target":{"@type":"EntryPoint","urlTemplate":"https:\/\/bahsjourney.com\/?s={search_term_string}"},"query-input":{"@type":"PropertyValueSpecification","valueRequired":true,"valueName":"search_term_string"}}],"inLanguage":"es"},{"@type":"Organization","@id":"https:\/\/bahsjourney.com\/#organization","name":"BAHS Journey","url":"https:\/\/bahsjourney.com\/","logo":{"@type":"ImageObject","inLanguage":"es","@id":"https:\/\/bahsjourney.com\/#\/schema\/logo\/image\/","url":"https:\/\/bahsjourney.com\/wp-content\/uploads\/2023\/11\/oticon-Logo.svg","contentUrl":"https:\/\/bahsjourney.com\/wp-content\/uploads\/2023\/11\/oticon-Logo.svg","width":1,"height":1,"caption":"BAHS Journey"},"image":{"@id":"https:\/\/bahsjourney.com\/#\/schema\/logo\/image\/"}}]}},"_links":{"self":[{"href":"https:\/\/bahsjourney.com\/es\/wp-json\/wp\/v2\/pages\/8228"}],"collection":[{"href":"https:\/\/bahsjourney.com\/es\/wp-json\/wp\/v2\/pages"}],"about":[{"href":"https:\/\/bahsjourney.com\/es\/wp-json\/wp\/v2\/types\/page"}],"author":[{"embeddable":true,"href":"https:\/\/bahsjourney.com\/es\/wp-json\/wp\/v2\/users\/5"}],"replies":[{"embeddable":true,"href":"https:\/\/bahsjourney.com\/es\/wp-json\/wp\/v2\/comments?post=8228"}],"version-history":[{"count":6,"href":"https:\/\/bahsjourney.com\/es\/wp-json\/wp\/v2\/pages\/8228\/revisions"}],"predecessor-version":[{"id":9675,"href":"https:\/\/bahsjourney.com\/es\/wp-json\/wp\/v2\/pages\/8228\/revisions\/9675"}],"wp:attachment":[{"href":"https:\/\/bahsjourney.com\/es\/wp-json\/wp\/v2\/media?parent=8228"}],"curies":[{"name":"wp","href":"https:\/\/api.w.org\/{rel}","templated":true}]}}