{"id":8226,"date":"2023-11-17T11:06:01","date_gmt":"2023-11-17T09:06:01","guid":{"rendered":"https:\/\/bahsjourney.com\/?page_id=8226"},"modified":"2024-01-25T14:24:53","modified_gmt":"2024-01-25T12:24:53","slug":"politica-de-cookies","status":"publish","type":"page","link":"https:\/\/bahsjourney.com\/es\/politica-de-cookies\/","title":{"rendered":"Pol\u00edtica de cookies"},"content":{"rendered":"<div id=\"cookie-page\" data-block-id=\"958f5280-79be-4ec8-890f-884351e1ac02\" data-section-title=\"\" style=\"\" class=\"haj-section haj-relative block-editor-block-list__block wp-block block-editor-block-list__block wp-block has-child-selected wp-block-haj-main-section-dynamic has-white-background-color haj-height-auto offset-menu haj-w-small haj-flex-wrap haj-flex-middle haj-height-expand haj-height-expand@m haj-height-expand@s\">\n      \n\n<div class=\"wp-block-columns is-layout-flex wp-container-core-columns-is-layout-1 wp-block-columns-is-layout-flex\" style=\"padding-top:var(--wp--preset--spacing--50);padding-bottom:var(--wp--preset--spacing--50)\">\n<div class=\"wp-block-column is-layout-flow wp-block-column-is-layout-flow\">\n<h1 class=\"wp-block-heading has-text-align-center\">Pol\u00edtica de cookies<\/h1>\n\n\n\n<p><strong><strong>\u00a0Oticon Medical AB, Datav\u00e4gen 37B, 436 32 Askim, Suecia facilita y controla este sitio web<\/strong><\/strong>.<\/p>\n\n\n\n<p><\/p>\n\n\n\n<p>Esta pol\u00edtica se refiere a las cookies, etc., usadas en nuestros sitios web. Si no est\u00e1s de acuerdo con los t\u00e9rminos del presente documento, no utilices este sitio web y elimina las cookies colocadas por el sitio web.<\/p>\n\n\n\n<p><\/p>\n\n\n\n<p>La informaci\u00f3n contenida en esta Pol\u00edtica de cookies se te proporciona de una forma abierta y transparente para que puedas ver c\u00f3mo se utilizan las cookies para mejorar tu experiencia como visitante y tomar una decisi\u00f3n informada para permitir su uso. Sin embargo, si deseas eliminar las cookies, puedes hacerlo a trav\u00e9s de los ajustes de tu navegador de Internet. A continuaci\u00f3n puedes leer m\u00e1s sobre el uso de cookies en nuestro sitio web.<\/p>\n\n\n\n<p><\/p>\n\n\n\n<h2 class=\"wp-block-heading\">Cookies<\/h2>\n\n\n\n<p>Cuando visitas este sitio web, tu dispositivo conectado a Internet recibir\u00e1 autom\u00e1ticamente una o varias cookies que se transfieren desde este sitio web o dominios de terceros a tu navegador de Internet.<\/p>\n\n\n\n<p><\/p>\n\n\n\n<h2 class=\"wp-block-heading\">\u00bfQu\u00e9 son las cookies?<\/h2>\n\n\n\n<p>Las cookies son peque\u00f1os archivos de datos que se guardan en su ordenador, tableta o tel\u00e9fono m\u00f3vil. Las cookies no son programas que puedan contener programas da\u00f1inos o virus.<\/p>\n\n\n\n<p><\/p>\n\n\n\n<h2 class=\"wp-block-heading\">\u00bfC\u00f3mo y por qu\u00e9 utiliza cookies la p\u00e1gina de inicio?<\/h2>\n\n\n\n<p>Las cookies son necesarias para que la p\u00e1gina de inicio funcione. Estas nos dan una visi\u00f3n general de su visita a la p\u00e1gina de inicio para que podamos optimizarla continuamente y ajustarla a sus necesidades e intereses. Por ejemplo, las cookies recuerdan los art\u00edculos que pueda haber a\u00f1adido a un carrito de la compra, si ha visitado previamente la p\u00e1gina, si ha iniciado sesi\u00f3n y en qu\u00e9 idioma y moneda quiere ver la p\u00e1gina. Tambi\u00e9n utilizamos las cookies para ofrecerle anuncios dirigidos en otras p\u00e1ginas de inicio. De manera muy general, utilizamos las cookies como parte de nuestros servicios con el fin de mostrar contenido que sea lo m\u00e1s relevante posible para usted.<\/p>\n\n\n\n<p><\/p>\n\n\n\n<h2 class=\"wp-block-heading\">\u00bfDurante cu\u00e1nto tiempo se guardan las cookies?<\/h2>\n\n\n\n<p>El tiempo durante el que se guardan las cookies en su dispositivo puede variar. La hora de caducidad de las cookies se calcula a partir de la fecha en la que visit\u00f3 por \u00faltima vez la p\u00e1gina de inicio. Cuando las cookies caducan, se eliminan autom\u00e1ticamente. A continuaci\u00f3n puede ver una lista completa de cookies.<\/p>\n\n\n\n<p><\/p>\n\n\n\n<h2 class=\"wp-block-heading\">C\u00f3mo rechazar o borrar las cookies<\/h2>\n\n\n\n<p>Las cookies de su ordenador, tableta o tel\u00e9fono se pueden rechazar en todo momento, cambiando la configuraci\u00f3n del navegador. El sitio donde encontrar este configuraci\u00f3n depende del tipo de navegador que est\u00e9 utilizando. Si cambia dicha configuraci\u00f3n, tenga en cuenta que habr\u00e1 algunas funciones y servicios que no podr\u00e1 utilizar, porque dependen de que la p\u00e1gina de inicio pueda recordar las elecciones que usted ha hecho.<br>Se puede optar por no recibir cookies de Google Analytics siguiendo\u00a0<a href=\"https:\/\/tools.google.com\/dlpage\/gaoptout?hl=es\" target=\"_blank\" rel=\"noreferrer noopener\">este enlace<\/a>.<br>Similarmente, se puede optar por no aceptar cookies de ciertas redes publicitarias que comparten informaci\u00f3n a trav\u00e9s de varias redes, siguiendo\u00a0<a href=\"http:\/\/www.youronlinechoices.com\/es\/preferencias\" target=\"_blank\" rel=\"noreferrer noopener\">este enlace<\/a>.<\/p>\n\n\n\n<p><\/p>\n\n\n\n<h2 class=\"wp-block-heading\">C\u00f3mo borrar las cookies<\/h2>\n\n\n\n<p>Se pueden borrar las cookies que se hayan aceptado previamente. Si utiliza un PC con una versi\u00f3n reciente de un navegador, puede borrar las cookies mediante el siguiente atajo de teclado: CTRL + MAY\u00daS + Supr.<\/p>\n\n\n\n<p>Si el atajo de teclado no funciona y\/o est\u00e1 utilizando un Mac, deber\u00e1 averiguar qu\u00e9 navegador est\u00e1 utilizando y, a continuaci\u00f3n, hacer clic en el enlace correspondiente:<\/p>\n\n\n\n<ul class=\"wp-block-list\">\n<li><a href=\"https:\/\/support.microsoft.com\/en-us\/help\/17442\/windows-internet-explorer-delete-manage-cookies#ie=ie-11\" target=\"_blank\" rel=\"noreferrer noopener\">Internet Explorer<\/a><\/li>\n\n\n\n<li><a href=\"https:\/\/support.mozilla.org\/en-US\/kb\/delete-cookies-remove-info-websites-stored\" target=\"_blank\" rel=\"noreferrer noopener\">Mozilla Firefox<\/a><\/li>\n\n\n\n<li><a href=\"https:\/\/support.google.com\/chrome\/answer\/95647?hl=en\" target=\"_blank\" rel=\"noreferrer noopener\">Google Chrome<\/a><\/li>\n\n\n\n<li><a href=\"https:\/\/www.opera.com\/help\/tutorials\/security\/cookies\" target=\"_blank\" rel=\"noreferrer noopener\">Opera<\/a><\/li>\n\n\n\n<li><a href=\"https:\/\/support.apple.com\/en-us\/HT201265\" target=\"_blank\" rel=\"noreferrer noopener\">Safari<\/a><\/li>\n\n\n\n<li><a href=\"https:\/\/www.macromedia.com\/support\/documentation\/en\/flashplayer\/help\/settings_manager07.html\" target=\"_blank\" rel=\"noreferrer noopener\">Flash cookies<\/a><\/li>\n\n\n\n<li><a href=\"https:\/\/support.apple.com\/en-us\/HT1677\" target=\"_blank\" rel=\"noreferrer noopener\">Apple<\/a><\/li>\n\n\n\n<li><a href=\"https:\/\/timeread.hubpages.com\/hub\/How-to-delete-internet-cookies-on-your-Droid-or-any-Android-device\" target=\"_blank\" rel=\"noreferrer noopener\">Android<\/a><\/li>\n\n\n\n<li><a href=\"https:\/\/support.microsoft.com\/en-us\/help\/11696\/windows-phone-7\" target=\"_blank\" rel=\"noreferrer noopener\">Windows 7<\/a><\/li>\n<\/ul>\n\n\n\n<p>Recuerde: si est\u00e1 utilizando varios navegadores diferentes, deber\u00e1 eliminar las cookies de todos ellos.<\/p>\n\n\n\n<p><\/p>\n\n\n\n<h2 class=\"wp-block-heading\">\u00bfAlguna pregunta?<\/h2>\n\n\n\n<p>Si tiene preguntas o comentarios que hacer en relaci\u00f3n con esta informaci\u00f3n y\/o con nuestro tratamiento de datos personales, no dude en ponerse en contacto con nosotros. La propia declaraci\u00f3n de cookies se actualiza cada mes a trav\u00e9s de\u00a0<a href=\"https:\/\/cookieinformation.com\/\" target=\"_blank\" rel=\"noreferrer noopener\">Cookie Information<\/a>. Si tiene preguntas con respecto a la informaci\u00f3n sobre cookies de Cookie Information, puede enviar un correo electr\u00f3nico a info@cookieinformation.com.<\/p>\n\n\n\n<p><\/p>\n\n\n\n<div class= \"cky-audit-table-element\"><\/div>\n\n\n\n<h2 class=\"wp-block-heading\">Change cookie settings<\/h2>\n\n\n\n<p>You can click the button in the bottom left corner if you have previously accepted marketing cookies on this site, but would like to only accept the cookies that are required for the website to function.<\/p>\n<\/div>\n<\/div>\n\n<\/div>","protected":false},"excerpt":{"rendered":"","protected":false},"author":5,"featured_media":0,"parent":0,"menu_order":0,"comment_status":"closed","ping_status":"closed","template":"wp-custom-template-professional-pages","meta":{"_acf_changed":false,"footnotes":""},"class_list":["post-8226","page","type-page","status-publish","hentry"],"acf":[],"yoast_head":"<!-- This site is optimized with the Yoast SEO plugin v24.7 - https:\/\/yoast.com\/wordpress\/plugins\/seo\/ -->\n<title>Pol\u00edtica de cookies - BAHS Journey<\/title>\n<meta name=\"robots\" content=\"index, follow, max-snippet:-1, max-image-preview:large, max-video-preview:-1\" \/>\n<link rel=\"canonical\" href=\"https:\/\/bahsjourney.com\/es\/politica-de-cookies\/\" \/>\n<meta property=\"og:locale\" content=\"es_ES\" \/>\n<meta property=\"og:type\" content=\"article\" \/>\n<meta property=\"og:title\" content=\"Pol\u00edtica de cookies - BAHS Journey\" \/>\n<meta property=\"og:url\" content=\"https:\/\/bahsjourney.com\/es\/politica-de-cookies\/\" \/>\n<meta property=\"og:site_name\" content=\"BAHS Journey\" \/>\n<meta property=\"article:modified_time\" content=\"2024-01-25T12:24:53+00:00\" \/>\n<meta name=\"twitter:card\" content=\"summary_large_image\" \/>\n<meta name=\"twitter:label1\" content=\"Tiempo de lectura\" \/>\n\t<meta name=\"twitter:data1\" content=\"4 minutos\" \/>\n<script type=\"application\/ld+json\" class=\"yoast-schema-graph\">{\"@context\":\"https:\/\/schema.org\",\"@graph\":[{\"@type\":\"WebPage\",\"@id\":\"https:\/\/bahsjourney.com\/es\/politica-de-cookies\/\",\"url\":\"https:\/\/bahsjourney.com\/es\/politica-de-cookies\/\",\"name\":\"Pol\u00edtica de cookies - BAHS Journey\",\"isPartOf\":{\"@id\":\"https:\/\/bahsjourney.com\/#website\"},\"datePublished\":\"2023-11-17T09:06:01+00:00\",\"dateModified\":\"2024-01-25T12:24:53+00:00\",\"breadcrumb\":{\"@id\":\"https:\/\/bahsjourney.com\/es\/politica-de-cookies\/#breadcrumb\"},\"inLanguage\":\"es\",\"potentialAction\":[{\"@type\":\"ReadAction\",\"target\":[\"https:\/\/bahsjourney.com\/es\/politica-de-cookies\/\"]}]},{\"@type\":\"BreadcrumbList\",\"@id\":\"https:\/\/bahsjourney.com\/es\/politica-de-cookies\/#breadcrumb\",\"itemListElement\":[{\"@type\":\"ListItem\",\"position\":1,\"name\":\"Home\",\"item\":\"https:\/\/bahsjourney.com\/es\/\"},{\"@type\":\"ListItem\",\"position\":2,\"name\":\"Pol\u00edtica de cookies\"}]},{\"@type\":\"WebSite\",\"@id\":\"https:\/\/bahsjourney.com\/#website\",\"url\":\"https:\/\/bahsjourney.com\/\",\"name\":\"BAHS Journey\",\"description\":\"\",\"publisher\":{\"@id\":\"https:\/\/bahsjourney.com\/#organization\"},\"potentialAction\":[{\"@type\":\"SearchAction\",\"target\":{\"@type\":\"EntryPoint\",\"urlTemplate\":\"https:\/\/bahsjourney.com\/?s={search_term_string}\"},\"query-input\":{\"@type\":\"PropertyValueSpecification\",\"valueRequired\":true,\"valueName\":\"search_term_string\"}}],\"inLanguage\":\"es\"},{\"@type\":\"Organization\",\"@id\":\"https:\/\/bahsjourney.com\/#organization\",\"name\":\"BAHS Journey\",\"url\":\"https:\/\/bahsjourney.com\/\",\"logo\":{\"@type\":\"ImageObject\",\"inLanguage\":\"es\",\"@id\":\"https:\/\/bahsjourney.com\/#\/schema\/logo\/image\/\",\"url\":\"https:\/\/bahsjourney.com\/wp-content\/uploads\/2023\/11\/oticon-Logo.svg\",\"contentUrl\":\"https:\/\/bahsjourney.com\/wp-content\/uploads\/2023\/11\/oticon-Logo.svg\",\"width\":1,\"height\":1,\"caption\":\"BAHS Journey\"},\"image\":{\"@id\":\"https:\/\/bahsjourney.com\/#\/schema\/logo\/image\/\"}}]}<\/script>\n<!-- \/ Yoast SEO plugin. -->","yoast_head_json":{"title":"Pol\u00edtica de cookies - BAHS Journey","robots":{"index":"index","follow":"follow","max-snippet":"max-snippet:-1","max-image-preview":"max-image-preview:large","max-video-preview":"max-video-preview:-1"},"canonical":"https:\/\/bahsjourney.com\/es\/politica-de-cookies\/","og_locale":"es_ES","og_type":"article","og_title":"Pol\u00edtica de cookies - BAHS Journey","og_url":"https:\/\/bahsjourney.com\/es\/politica-de-cookies\/","og_site_name":"BAHS Journey","article_modified_time":"2024-01-25T12:24:53+00:00","twitter_card":"summary_large_image","twitter_misc":{"Tiempo de lectura":"4 minutos"},"schema":{"@context":"https:\/\/schema.org","@graph":[{"@type":"WebPage","@id":"https:\/\/bahsjourney.com\/es\/politica-de-cookies\/","url":"https:\/\/bahsjourney.com\/es\/politica-de-cookies\/","name":"Pol\u00edtica de cookies - BAHS Journey","isPartOf":{"@id":"https:\/\/bahsjourney.com\/#website"},"datePublished":"2023-11-17T09:06:01+00:00","dateModified":"2024-01-25T12:24:53+00:00","breadcrumb":{"@id":"https:\/\/bahsjourney.com\/es\/politica-de-cookies\/#breadcrumb"},"inLanguage":"es","potentialAction":[{"@type":"ReadAction","target":["https:\/\/bahsjourney.com\/es\/politica-de-cookies\/"]}]},{"@type":"BreadcrumbList","@id":"https:\/\/bahsjourney.com\/es\/politica-de-cookies\/#breadcrumb","itemListElement":[{"@type":"ListItem","position":1,"name":"Home","item":"https:\/\/bahsjourney.com\/es\/"},{"@type":"ListItem","position":2,"name":"Pol\u00edtica de cookies"}]},{"@type":"WebSite","@id":"https:\/\/bahsjourney.com\/#website","url":"https:\/\/bahsjourney.com\/","name":"BAHS Journey","description":"","publisher":{"@id":"https:\/\/bahsjourney.com\/#organization"},"potentialAction":[{"@type":"SearchAction","target":{"@type":"EntryPoint","urlTemplate":"https:\/\/bahsjourney.com\/?s={search_term_string}"},"query-input":{"@type":"PropertyValueSpecification","valueRequired":true,"valueName":"search_term_string"}}],"inLanguage":"es"},{"@type":"Organization","@id":"https:\/\/bahsjourney.com\/#organization","name":"BAHS Journey","url":"https:\/\/bahsjourney.com\/","logo":{"@type":"ImageObject","inLanguage":"es","@id":"https:\/\/bahsjourney.com\/#\/schema\/logo\/image\/","url":"https:\/\/bahsjourney.com\/wp-content\/uploads\/2023\/11\/oticon-Logo.svg","contentUrl":"https:\/\/bahsjourney.com\/wp-content\/uploads\/2023\/11\/oticon-Logo.svg","width":1,"height":1,"caption":"BAHS Journey"},"image":{"@id":"https:\/\/bahsjourney.com\/#\/schema\/logo\/image\/"}}]}},"_links":{"self":[{"href":"https:\/\/bahsjourney.com\/es\/wp-json\/wp\/v2\/pages\/8226"}],"collection":[{"href":"https:\/\/bahsjourney.com\/es\/wp-json\/wp\/v2\/pages"}],"about":[{"href":"https:\/\/bahsjourney.com\/es\/wp-json\/wp\/v2\/types\/page"}],"author":[{"embeddable":true,"href":"https:\/\/bahsjourney.com\/es\/wp-json\/wp\/v2\/users\/5"}],"replies":[{"embeddable":true,"href":"https:\/\/bahsjourney.com\/es\/wp-json\/wp\/v2\/comments?post=8226"}],"version-history":[{"count":1,"href":"https:\/\/bahsjourney.com\/es\/wp-json\/wp\/v2\/pages\/8226\/revisions"}],"predecessor-version":[{"id":8227,"href":"https:\/\/bahsjourney.com\/es\/wp-json\/wp\/v2\/pages\/8226\/revisions\/8227"}],"wp:attachment":[{"href":"https:\/\/bahsjourney.com\/es\/wp-json\/wp\/v2\/media?parent=8226"}],"curies":[{"name":"wp","href":"https:\/\/api.w.org\/{rel}","templated":true}]}}