{"id":7794,"date":"2023-10-19T16:11:11","date_gmt":"2023-10-19T14:11:11","guid":{"rendered":"https:\/\/bahsjourney.com\/?page_id=7794"},"modified":"2024-01-25T12:55:26","modified_gmt":"2024-01-25T10:55:26","slug":"preguntas-frecuentes","status":"publish","type":"page","link":"https:\/\/bahsjourney.com\/es\/candidate\/preguntas-frecuentes\/","title":{"rendered":"Preguntas frecuentes"},"content":{"rendered":"<div id=\"mobile-hero\" data-block-id=\"26608914-038b-44cc-a7dc-d0ed019090b6\" data-section-title=\"\" style=\"\" class=\"haj-section haj-relative block-editor-block-list__block wp-block block-editor-block-list__block wp-block wp-block-haj-main-section-dynamic haj-hidden haj-block@m haj-p-0 has-white-background-color haj-height-auto offset-menu haj-w-full haj-flex-wrap haj-flex-middle haj-height-expand haj-height-expand@m haj-height-expand@s\">\n      \n\n<div class=\"wp-block-columns is-layout-flex wp-container-core-columns-is-layout-1 wp-block-columns-is-layout-flex\" style=\"padding-top:30px;padding-bottom:30px\">\n<div class=\"wp-block-column is-layout-flow wp-block-column-is-layout-flow\">\n<figure class=\"wp-block-image alignright size-full has-custom-border\"><img loading=\"lazy\" decoding=\"async\" width=\"1003\" height=\"722\" src=\"https:\/\/bahsjourney.com\/wp-content\/uploads\/2023\/12\/Herobild-FAQ-Mobile-1.png\" alt=\"\" class=\"wp-image-2221\" style=\"border-top-left-radius:130px;border-bottom-left-radius:130px;object-fit:cover\" srcset=\"https:\/\/bahsjourney.com\/wp-content\/uploads\/2023\/12\/Herobild-FAQ-Mobile-1.png 1003w, https:\/\/bahsjourney.com\/wp-content\/uploads\/2023\/12\/Herobild-FAQ-Mobile-1-300x216.png 300w, https:\/\/bahsjourney.com\/wp-content\/uploads\/2023\/12\/Herobild-FAQ-Mobile-1-768x553.png 768w\" sizes=\"(max-width: 1003px) 100vw, 1003px\" \/><\/figure>\n<\/div>\n<\/div>\n\n<\/div>\n\n<div id=\"hero-section\" data-block-id=\"187a1365-6fa7-4189-9d9d-cca7d90452f5\" data-section-title=\"\" style=\"\" class=\"haj-section haj-relative block-editor-block-list__block wp-block block-editor-block-list__block wp-block wp-block-haj-main-section-dynamic has-white-background-color haj-height-70vh offset-menu haj-height-auto@m haj-height-auto@xs haj-w-large haj-flex-wrap haj-flex-middle haj-height-expand haj-height-expand@m haj-height-expand@s\">\n         <img loading=\"lazy\" decoding=\"async\"\n         src=\"https:\/\/bahsjourney.com\/wp-content\/uploads\/2023\/12\/Herobild-FAQ-1.png\"\n         alt=\"\"\n         height=\"722\"\n         width=\"1321\"\n         style=\"width:46%; top:5vh; bottom:5vh; height:calc(100% - 10vh);\"\n         class=\"haj-background-image haj-right  haj-hidden@s haj-hidden@m\" \/>\n      \n\n<div class=\"wp-block-columns is-layout-flex wp-container-core-columns-is-layout-2 wp-block-columns-is-layout-flex\" style=\"padding-top:var(--wp--preset--spacing--80);padding-right:0;padding-bottom:var(--wp--preset--spacing--80);padding-left:0\">\n<div class=\"wp-block-column is-vertically-aligned-center hero-content is-layout-flow wp-block-column-is-layout-flow\" style=\"padding-right:0;padding-left:0;flex-basis:40%\">\n<div class=\"wp-block-group is-vertical is-layout-flex wp-container-core-group-is-layout-1 wp-block-group-is-layout-flex\" style=\"padding-right:0;padding-left:0\">\n<h1 class=\"wp-block-heading\" style=\"padding-right:0;padding-left:0\">Habla con tu equipo <br>de audioprotesistas sobre\u2026<\/h1>\n<\/div>\n<\/div>\n<\/div>\n\n<\/div>\n\n<div id=\"\" data-block-id=\"f63c4924-ca52-489f-9631-e6fefd6b2766\" data-section-title=\"\" style=\"\" class=\"haj-section haj-relative block-editor-block-list__block wp-block block-editor-block-list__block wp-block wp-block-haj-main-section-dynamic has-white-background-color haj-height-auto offset-menu haj-w-large haj-flex-wrap haj-flex-middle haj-height-expand haj-height-expand@m haj-height-expand@s\">\n      \n\n<div class=\"wp-block-columns faq-wrapper is-layout-flex wp-container-core-columns-is-layout-3 wp-block-columns-is-layout-flex\">\n<div class=\"wp-block-column is-layout-flow wp-block-column-is-layout-flow\">\n<div class=\"wp-block-media-text is-stacked-on-mobile faq-panel\" style=\"margin-top:var(--wp--preset--spacing--30);margin-bottom:var(--wp--preset--spacing--30);padding-right:0;padding-left:0;grid-template-columns:18% auto\"><figure class=\"wp-block-media-text__media\"><img loading=\"lazy\" decoding=\"async\" width=\"200\" height=\"200\" src=\"https:\/\/bahsjourney.com\/wp-content\/uploads\/2023\/11\/faq-1.png\" alt=\"\" class=\"wp-image-528 size-full\" srcset=\"https:\/\/bahsjourney.com\/wp-content\/uploads\/2023\/11\/faq-1.png 200w, https:\/\/bahsjourney.com\/wp-content\/uploads\/2023\/11\/faq-1-150x150.png 150w\" sizes=\"(max-width: 200px) 100vw, 200px\" \/><\/figure><div class=\"wp-block-media-text__content\">\n<h3 class=\"wp-block-heading\" style=\"margin-right:0;margin-left:0\">\u00bfQu\u00e9 puedo esperar de un sistema BAHS?<\/h3>\n\n\n\n<p style=\"margin-right:0;margin-left:0\">Con un BAHS, llevas el procesador de sonido detr\u00e1s del o\u00eddo y no dentro del o\u00eddo. Esto puede ser m\u00e1s f\u00e1cil si los aud\u00edfonos convencionales son inc\u00f3modos para ti o si sufres infecciones de o\u00eddo recurrentes. Para algunas personas dejar el conducto auditivo abierto les da un sonido m\u00e1s natural en comparaci\u00f3n con los aud\u00edfonos convencionales.<\/p>\n<\/div><\/div>\n\n\n\n<div class=\"wp-block-media-text has-media-on-the-right is-stacked-on-mobile faq-panel\" style=\"margin-top:var(--wp--preset--spacing--30);margin-bottom:var(--wp--preset--spacing--30);grid-template-columns:auto 18%\"><div class=\"wp-block-media-text__content\">\n<h3 class=\"wp-block-heading has-text-align-right\">\u00bfPuedo utilizar un sistema BAHS en un o\u00eddo y un aud\u00edfono convencional en el otro?<\/h3>\n\n\n\n<p class=\"has-text-align-right\">S\u00ed, as\u00ed es. Si lo haces, deber\u00edas considerar usar un sistema BAHS y un aud\u00edfono que compartan plataformas tecnol\u00f3gicas similares, ya que esto te ofrecer\u00e1 una mejor experiencia.<\/p>\n<\/div><figure class=\"wp-block-media-text__media\"><img loading=\"lazy\" decoding=\"async\" width=\"200\" height=\"200\" src=\"https:\/\/bahsjourney.com\/wp-content\/uploads\/2023\/11\/faq-2.png\" alt=\"\" class=\"wp-image-527 size-full\" srcset=\"https:\/\/bahsjourney.com\/wp-content\/uploads\/2023\/11\/faq-2.png 200w, https:\/\/bahsjourney.com\/wp-content\/uploads\/2023\/11\/faq-2-150x150.png 150w\" sizes=\"(max-width: 200px) 100vw, 200px\" \/><\/figure><\/div>\n\n\n\n<div class=\"wp-block-media-text is-stacked-on-mobile faq-panel\" style=\"margin-top:var(--wp--preset--spacing--30);margin-bottom:var(--wp--preset--spacing--30);grid-template-columns:18% auto\"><figure class=\"wp-block-media-text__media\"><img loading=\"lazy\" decoding=\"async\" width=\"200\" height=\"200\" src=\"https:\/\/bahsjourney.com\/wp-content\/uploads\/2023\/11\/faq-3.png\" alt=\"\" class=\"wp-image-526 size-full\" srcset=\"https:\/\/bahsjourney.com\/wp-content\/uploads\/2023\/11\/faq-3.png 200w, https:\/\/bahsjourney.com\/wp-content\/uploads\/2023\/11\/faq-3-150x150.png 150w\" sizes=\"(max-width: 200px) 100vw, 200px\" \/><\/figure><div class=\"wp-block-media-text__content\">\n<h3 class=\"wp-block-heading\">\u00bfPuedo conectar un sistema BAHS a dispositivos electr\u00f3nicos o el tel\u00e9fono?<\/h3>\n\n\n\n<p>S\u00ed, los procesadores de sonido de Oticon Medical pueden conectarse de forma inal\u00e1mbrica a dispositivos electr\u00f3nicos y transmitir sonido desde los mismos, incluyendo tel\u00e9fonos, televisores y ordenadores.<\/p>\n<\/div><\/div>\n\n\n\n<div class=\"wp-block-media-text has-media-on-the-right is-stacked-on-mobile faq-panel\" style=\"margin-top:var(--wp--preset--spacing--30);margin-bottom:var(--wp--preset--spacing--30);grid-template-columns:auto 18%\"><div class=\"wp-block-media-text__content\">\n<h3 class=\"wp-block-heading has-text-align-right\">\u00bfC\u00f3mo es la cirug\u00eda?<\/h3>\n\n\n\n<p class=\"has-text-align-right\">Recibir un sistema BAHS es un procedimiento quir\u00fargico probado y seguro. Si te decides por un implante percut\u00e1neo, podr\u00e1s someterte al procedimientos m\u00ednimamente invasivos Ponto (MONO o MIPS). Estas t\u00e9cnicas se realizan con la incisi\u00f3n m\u00e1s peque\u00f1a posible sin suturas, una cicatriz m\u00ednima y un tiempo de cicatrizaci\u00f3n m\u00e1s corto. Dicho procedimiento se realiza en menos de 15 minutos normalmente. Si eliges un implante transcut\u00e1neo activo, la cirug\u00eda ser\u00e1 algo m\u00e1s extensa, pero generalmente se realiza en menos de una hora.<\/p>\n<\/div><figure class=\"wp-block-media-text__media\"><img loading=\"lazy\" decoding=\"async\" width=\"200\" height=\"200\" src=\"https:\/\/bahsjourney.com\/wp-content\/uploads\/2023\/11\/faq-4.png\" alt=\"\" class=\"wp-image-525 size-full\" srcset=\"https:\/\/bahsjourney.com\/wp-content\/uploads\/2023\/11\/faq-4.png 200w, https:\/\/bahsjourney.com\/wp-content\/uploads\/2023\/11\/faq-4-150x150.png 150w\" sizes=\"(max-width: 200px) 100vw, 200px\" \/><\/figure><\/div>\n\n\n\n<div class=\"wp-block-media-text is-stacked-on-mobile faq-panel\" style=\"margin-top:var(--wp--preset--spacing--30);margin-bottom:var(--wp--preset--spacing--30);grid-template-columns:18% auto\"><figure class=\"wp-block-media-text__media\"><img loading=\"lazy\" decoding=\"async\" width=\"200\" height=\"200\" src=\"https:\/\/bahsjourney.com\/wp-content\/uploads\/2023\/11\/faq-5.png\" alt=\"\" class=\"wp-image-524 size-full\" srcset=\"https:\/\/bahsjourney.com\/wp-content\/uploads\/2023\/11\/faq-5.png 200w, https:\/\/bahsjourney.com\/wp-content\/uploads\/2023\/11\/faq-5-150x150.png 150w\" sizes=\"(max-width: 200px) 100vw, 200px\" \/><\/figure><div class=\"wp-block-media-text__content\">\n<h3 class=\"wp-block-heading\">\u00bfQu\u00e9 deber\u00edas tener en cuenta a la hora de elegir un procesador de sonido BAHS?<\/h3>\n\n\n\n<p>Deber\u00edas tener en cuenta factores como la comodidad, facilidad de uso, tama\u00f1o y fiabilidad. Pero sobre todo, deber\u00edas tener en cuenta la calidad del sonido que ofrece el procesador de sonido BAHS. Est\u00e1 dise\u00f1ado para darte la se\u00f1al de habla m\u00e1s clara a inteligible en cualquier lugar. Esto fomentar\u00e1 la capacidad de tu cerebro para interpretar los sonidos y reducir el esfuerzo de escucha. Finalmente, deber\u00edas considerar la futura necesidad potencial de someterte a una resonancia magn\u00e9tica de tu cabeza.<\/p>\n<\/div><\/div>\n\n\n\n<div class=\"wp-block-media-text has-media-on-the-right is-stacked-on-mobile faq-panel\" style=\"margin-top:var(--wp--preset--spacing--30);margin-bottom:var(--wp--preset--spacing--30);grid-template-columns:auto 18%\"><div class=\"wp-block-media-text__content\">\n<h3 class=\"wp-block-heading has-text-align-right\">\u00bfPuedo probar un sistema BAHS sin realizar la cirug\u00eda?<\/h3>\n\n\n\n<p class=\"has-text-align-right\">S\u00ed, puedes probar un procesador de sonido BAHS utilizando una\u00a0cinta\u00a0o diadema. Al llevar el procesador de sonido en una cinta, puedes probarlo sin necesidad de cirug\u00eda. Esto te ayudar\u00e1 a tomar una decisi\u00f3n informada.<\/p>\n<\/div><figure class=\"wp-block-media-text__media\"><img loading=\"lazy\" decoding=\"async\" width=\"200\" height=\"200\" src=\"https:\/\/bahsjourney.com\/wp-content\/uploads\/2023\/11\/faq-6.png\" alt=\"\" class=\"wp-image-523 size-full\" srcset=\"https:\/\/bahsjourney.com\/wp-content\/uploads\/2023\/11\/faq-6.png 200w, https:\/\/bahsjourney.com\/wp-content\/uploads\/2023\/11\/faq-6-150x150.png 150w\" sizes=\"(max-width: 200px) 100vw, 200px\" \/><\/figure><\/div>\n\n\n\n<p class=\"has-text-align-center has-sand-medium-color has-text-color has-link-color wp-elements-17ea38ab2fdc11310334e1566fbafb58\" style=\"margin-top:var(--wp--preset--spacing--40);margin-bottom:var(--wp--preset--spacing--30);font-size:14px;font-style:italic;font-weight:100\">*Tu audioprotesista realizar\u00e1 la selecci\u00f3n del procedimiento quir\u00fargico apropiado. La disponibilidad y las indicaciones del producto est\u00e1n sujetas a la aprobaci\u00f3n normativa y pude variar dependiendo del mercado.<\/p>\n<\/div>\n<\/div>\n\n<\/div>\n\n<div id=\"\" data-block-id=\"c2116d6a-1a14-4642-99cf-c25ecf523a27\" data-section-title=\"banner-section\" style=\"\" class=\"haj-section haj-relative block-editor-block-list__block wp-block block-editor-block-list__block wp-block has-child-selected wp-block-haj-main-section-dynamic has-light-grey-background-color haj-height-30vh offset-menu haj-w-large haj-flex-wrap haj-flex-middle haj-height-expand haj-height-expand@m haj-height-expand@s\">\n      \n\n<div class=\"wp-block-columns is-layout-flex wp-container-core-columns-is-layout-4 wp-block-columns-is-layout-flex\" style=\"padding-top:50px;padding-bottom:50px\">\n<div class=\"wp-block-column is-layout-flow wp-block-column-is-layout-flow\">\n<h3 class=\"wp-block-heading has-text-align-center\" style=\"margin-bottom:var(--wp--preset--spacing--30)\">\u00bfA\u00fan tienes alguna pregunta?<\/h3>\n\n\n\n<div class=\"wp-block-buttons is-content-justification-center is-layout-flex wp-container-core-buttons-is-layout-1 wp-block-buttons-is-layout-flex\">\n<div class=\"wp-block-button\"><a class=\"wp-block-button__link has-white-color has-text-color has-link-color wp-element-button\" href=\"https:\/\/www.oticonmedical.com\/es\/about-oticon-medical\/contact-us?\" target=\"_blank\" rel=\"noreferrer noopener\">Contacta con nosotros<\/a><\/div>\n<\/div>\n<\/div>\n<\/div>\n\n<\/div>","protected":false},"excerpt":{"rendered":"","protected":false},"author":5,"featured_media":0,"parent":4785,"menu_order":0,"comment_status":"closed","ping_status":"closed","template":"wp-custom-template-candidate-pages","meta":{"_acf_changed":false,"footnotes":""},"class_list":["post-7794","page","type-page","status-publish","hentry"],"acf":[],"yoast_head":"<!-- This site is optimized with the Yoast SEO plugin v24.7 - https:\/\/yoast.com\/wordpress\/plugins\/seo\/ -->\n<title>Preguntas frecuentes - BAHS Journey<\/title>\n<meta name=\"robots\" content=\"index, follow, max-snippet:-1, max-image-preview:large, max-video-preview:-1\" \/>\n<link rel=\"canonical\" href=\"https:\/\/bahsjourney.com\/es\/candidate\/preguntas-frecuentes\/\" \/>\n<meta property=\"og:locale\" content=\"es_ES\" \/>\n<meta property=\"og:type\" content=\"article\" \/>\n<meta property=\"og:title\" content=\"Preguntas frecuentes - BAHS Journey\" \/>\n<meta property=\"og:url\" content=\"https:\/\/bahsjourney.com\/es\/candidate\/preguntas-frecuentes\/\" \/>\n<meta property=\"og:site_name\" content=\"BAHS Journey\" \/>\n<meta property=\"article:modified_time\" content=\"2024-01-25T10:55:26+00:00\" \/>\n<meta property=\"og:image\" content=\"https:\/\/bahsjourney.com\/wp-content\/uploads\/2023\/12\/Herobild-FAQ-Mobile-1.png\" \/>\n<meta name=\"twitter:card\" content=\"summary_large_image\" \/>\n<meta name=\"twitter:label1\" content=\"Tiempo de lectura\" \/>\n\t<meta name=\"twitter:data1\" content=\"4 minutos\" \/>\n<script type=\"application\/ld+json\" class=\"yoast-schema-graph\">{\"@context\":\"https:\/\/schema.org\",\"@graph\":[{\"@type\":\"WebPage\",\"@id\":\"https:\/\/bahsjourney.com\/es\/candidate\/preguntas-frecuentes\/\",\"url\":\"https:\/\/bahsjourney.com\/es\/candidate\/preguntas-frecuentes\/\",\"name\":\"Preguntas frecuentes - BAHS Journey\",\"isPartOf\":{\"@id\":\"https:\/\/bahsjourney.com\/#website\"},\"primaryImageOfPage\":{\"@id\":\"https:\/\/bahsjourney.com\/es\/candidate\/preguntas-frecuentes\/#primaryimage\"},\"image\":{\"@id\":\"https:\/\/bahsjourney.com\/es\/candidate\/preguntas-frecuentes\/#primaryimage\"},\"thumbnailUrl\":\"https:\/\/bahsjourney.com\/wp-content\/uploads\/2023\/12\/Herobild-FAQ-Mobile-1.png\",\"datePublished\":\"2023-10-19T14:11:11+00:00\",\"dateModified\":\"2024-01-25T10:55:26+00:00\",\"breadcrumb\":{\"@id\":\"https:\/\/bahsjourney.com\/es\/candidate\/preguntas-frecuentes\/#breadcrumb\"},\"inLanguage\":\"es\",\"potentialAction\":[{\"@type\":\"ReadAction\",\"target\":[\"https:\/\/bahsjourney.com\/es\/candidate\/preguntas-frecuentes\/\"]}]},{\"@type\":\"ImageObject\",\"inLanguage\":\"es\",\"@id\":\"https:\/\/bahsjourney.com\/es\/candidate\/preguntas-frecuentes\/#primaryimage\",\"url\":\"https:\/\/bahsjourney.com\/wp-content\/uploads\/2023\/12\/Herobild-FAQ-Mobile-1.png\",\"contentUrl\":\"https:\/\/bahsjourney.com\/wp-content\/uploads\/2023\/12\/Herobild-FAQ-Mobile-1.png\"},{\"@type\":\"BreadcrumbList\",\"@id\":\"https:\/\/bahsjourney.com\/es\/candidate\/preguntas-frecuentes\/#breadcrumb\",\"itemListElement\":[{\"@type\":\"ListItem\",\"position\":1,\"name\":\"Home\",\"item\":\"https:\/\/bahsjourney.com\/es\/\"},{\"@type\":\"ListItem\",\"position\":2,\"name\":\"Candidato\",\"item\":\"https:\/\/bahsjourney.com\/es\/candidate\/\"},{\"@type\":\"ListItem\",\"position\":3,\"name\":\"Preguntas frecuentes\"}]},{\"@type\":\"WebSite\",\"@id\":\"https:\/\/bahsjourney.com\/#website\",\"url\":\"https:\/\/bahsjourney.com\/\",\"name\":\"BAHS Journey\",\"description\":\"\",\"publisher\":{\"@id\":\"https:\/\/bahsjourney.com\/#organization\"},\"potentialAction\":[{\"@type\":\"SearchAction\",\"target\":{\"@type\":\"EntryPoint\",\"urlTemplate\":\"https:\/\/bahsjourney.com\/?s={search_term_string}\"},\"query-input\":{\"@type\":\"PropertyValueSpecification\",\"valueRequired\":true,\"valueName\":\"search_term_string\"}}],\"inLanguage\":\"es\"},{\"@type\":\"Organization\",\"@id\":\"https:\/\/bahsjourney.com\/#organization\",\"name\":\"BAHS Journey\",\"url\":\"https:\/\/bahsjourney.com\/\",\"logo\":{\"@type\":\"ImageObject\",\"inLanguage\":\"es\",\"@id\":\"https:\/\/bahsjourney.com\/#\/schema\/logo\/image\/\",\"url\":\"https:\/\/bahsjourney.com\/wp-content\/uploads\/2023\/11\/oticon-Logo.svg\",\"contentUrl\":\"https:\/\/bahsjourney.com\/wp-content\/uploads\/2023\/11\/oticon-Logo.svg\",\"width\":1,\"height\":1,\"caption\":\"BAHS Journey\"},\"image\":{\"@id\":\"https:\/\/bahsjourney.com\/#\/schema\/logo\/image\/\"}}]}<\/script>\n<!-- \/ Yoast SEO plugin. -->","yoast_head_json":{"title":"Preguntas frecuentes - BAHS Journey","robots":{"index":"index","follow":"follow","max-snippet":"max-snippet:-1","max-image-preview":"max-image-preview:large","max-video-preview":"max-video-preview:-1"},"canonical":"https:\/\/bahsjourney.com\/es\/candidate\/preguntas-frecuentes\/","og_locale":"es_ES","og_type":"article","og_title":"Preguntas frecuentes - BAHS Journey","og_url":"https:\/\/bahsjourney.com\/es\/candidate\/preguntas-frecuentes\/","og_site_name":"BAHS Journey","article_modified_time":"2024-01-25T10:55:26+00:00","og_image":[{"url":"https:\/\/bahsjourney.com\/wp-content\/uploads\/2023\/12\/Herobild-FAQ-Mobile-1.png","type":"","width":"","height":""}],"twitter_card":"summary_large_image","twitter_misc":{"Tiempo de lectura":"4 minutos"},"schema":{"@context":"https:\/\/schema.org","@graph":[{"@type":"WebPage","@id":"https:\/\/bahsjourney.com\/es\/candidate\/preguntas-frecuentes\/","url":"https:\/\/bahsjourney.com\/es\/candidate\/preguntas-frecuentes\/","name":"Preguntas frecuentes - BAHS Journey","isPartOf":{"@id":"https:\/\/bahsjourney.com\/#website"},"primaryImageOfPage":{"@id":"https:\/\/bahsjourney.com\/es\/candidate\/preguntas-frecuentes\/#primaryimage"},"image":{"@id":"https:\/\/bahsjourney.com\/es\/candidate\/preguntas-frecuentes\/#primaryimage"},"thumbnailUrl":"https:\/\/bahsjourney.com\/wp-content\/uploads\/2023\/12\/Herobild-FAQ-Mobile-1.png","datePublished":"2023-10-19T14:11:11+00:00","dateModified":"2024-01-25T10:55:26+00:00","breadcrumb":{"@id":"https:\/\/bahsjourney.com\/es\/candidate\/preguntas-frecuentes\/#breadcrumb"},"inLanguage":"es","potentialAction":[{"@type":"ReadAction","target":["https:\/\/bahsjourney.com\/es\/candidate\/preguntas-frecuentes\/"]}]},{"@type":"ImageObject","inLanguage":"es","@id":"https:\/\/bahsjourney.com\/es\/candidate\/preguntas-frecuentes\/#primaryimage","url":"https:\/\/bahsjourney.com\/wp-content\/uploads\/2023\/12\/Herobild-FAQ-Mobile-1.png","contentUrl":"https:\/\/bahsjourney.com\/wp-content\/uploads\/2023\/12\/Herobild-FAQ-Mobile-1.png"},{"@type":"BreadcrumbList","@id":"https:\/\/bahsjourney.com\/es\/candidate\/preguntas-frecuentes\/#breadcrumb","itemListElement":[{"@type":"ListItem","position":1,"name":"Home","item":"https:\/\/bahsjourney.com\/es\/"},{"@type":"ListItem","position":2,"name":"Candidato","item":"https:\/\/bahsjourney.com\/es\/candidate\/"},{"@type":"ListItem","position":3,"name":"Preguntas frecuentes"}]},{"@type":"WebSite","@id":"https:\/\/bahsjourney.com\/#website","url":"https:\/\/bahsjourney.com\/","name":"BAHS Journey","description":"","publisher":{"@id":"https:\/\/bahsjourney.com\/#organization"},"potentialAction":[{"@type":"SearchAction","target":{"@type":"EntryPoint","urlTemplate":"https:\/\/bahsjourney.com\/?s={search_term_string}"},"query-input":{"@type":"PropertyValueSpecification","valueRequired":true,"valueName":"search_term_string"}}],"inLanguage":"es"},{"@type":"Organization","@id":"https:\/\/bahsjourney.com\/#organization","name":"BAHS Journey","url":"https:\/\/bahsjourney.com\/","logo":{"@type":"ImageObject","inLanguage":"es","@id":"https:\/\/bahsjourney.com\/#\/schema\/logo\/image\/","url":"https:\/\/bahsjourney.com\/wp-content\/uploads\/2023\/11\/oticon-Logo.svg","contentUrl":"https:\/\/bahsjourney.com\/wp-content\/uploads\/2023\/11\/oticon-Logo.svg","width":1,"height":1,"caption":"BAHS Journey"},"image":{"@id":"https:\/\/bahsjourney.com\/#\/schema\/logo\/image\/"}}]}},"_links":{"self":[{"href":"https:\/\/bahsjourney.com\/es\/wp-json\/wp\/v2\/pages\/7794"}],"collection":[{"href":"https:\/\/bahsjourney.com\/es\/wp-json\/wp\/v2\/pages"}],"about":[{"href":"https:\/\/bahsjourney.com\/es\/wp-json\/wp\/v2\/types\/page"}],"author":[{"embeddable":true,"href":"https:\/\/bahsjourney.com\/es\/wp-json\/wp\/v2\/users\/5"}],"replies":[{"embeddable":true,"href":"https:\/\/bahsjourney.com\/es\/wp-json\/wp\/v2\/comments?post=7794"}],"version-history":[{"count":1,"href":"https:\/\/bahsjourney.com\/es\/wp-json\/wp\/v2\/pages\/7794\/revisions"}],"predecessor-version":[{"id":7795,"href":"https:\/\/bahsjourney.com\/es\/wp-json\/wp\/v2\/pages\/7794\/revisions\/7795"}],"up":[{"embeddable":true,"href":"https:\/\/bahsjourney.com\/es\/wp-json\/wp\/v2\/pages\/4785"}],"wp:attachment":[{"href":"https:\/\/bahsjourney.com\/es\/wp-json\/wp\/v2\/media?parent=7794"}],"curies":[{"name":"wp","href":"https:\/\/api.w.org\/{rel}","templated":true}]}}