{"id":5851,"date":"2023-11-17T11:06:01","date_gmt":"2023-11-17T09:06:01","guid":{"rendered":"https:\/\/bahsjourney.com\/?page_id=5851"},"modified":"2024-01-22T14:35:49","modified_gmt":"2024-01-22T12:35:49","slug":"cookie-richtlinie","status":"publish","type":"page","link":"https:\/\/bahsjourney.com\/de\/cookie-richtlinie\/","title":{"rendered":"Cookie-Richtlinie"},"content":{"rendered":"<div id=\"cookie-page\" data-block-id=\"958f5280-79be-4ec8-890f-884351e1ac02\" data-section-title=\"\" style=\"\" class=\"haj-section haj-relative block-editor-block-list__block wp-block block-editor-block-list__block wp-block has-child-selected wp-block-haj-main-section-dynamic has-white-background-color haj-height-auto offset-menu haj-w-small haj-flex-wrap haj-flex-middle haj-height-expand haj-height-expand@m haj-height-expand@s\">\n      \n\n<div class=\"wp-block-columns is-layout-flex wp-container-core-columns-is-layout-1 wp-block-columns-is-layout-flex\" style=\"padding-top:var(--wp--preset--spacing--50);padding-bottom:var(--wp--preset--spacing--50)\">\n<div class=\"wp-block-column is-layout-flow wp-block-column-is-layout-flow\">\n<h1 class=\"wp-block-heading has-text-align-center\">Cookie-Richtlinie<\/h1>\n\n\n\n<p><strong><strong>Diese Website wird von Oticon Medical\u00a0AB, Datav\u00e4gen 37B, 436 32 Askim, Schweden bereitgestellt und betrieben.<\/strong><\/strong><\/p>\n\n\n\n<p><\/p>\n\n\n\n<p>Diese Richtlinie gilt f\u00fcr Cookies usw., die \u00fcber unsere Website genutzt werden. Wenn Sie den hier dargelegten Bedingungen nicht zustimmen, nutzen Sie bitte diese Website nicht und l\u00f6schen Sie die Cookies, die diese platziert hat.<\/p>\n\n\n\n<p><\/p>\n\n\n\n<p>Die Informationen in dieser Cookie-Richtlinie werden Ihnen auf offene und transparente Weise zur Verf\u00fcgung gestellt. So k\u00f6nnen Sie sehen, wie Cookies f\u00fcr eine bessere Benutzererfahrung verwendet werden, und eine fundierte Entscheidung treffen, ob Sie deren Verwendung zustimmen. Wenn Sie jedoch Cookies l\u00f6schen m\u00f6chten, k\u00f6nnen Sie dies \u00fcber die Einstellungen in Ihrem Webbrowser tun. Nachstehend k\u00f6nnen Sie mehr \u00fcber die Verwendung von Cookies auf unserer Website lesen.<\/p>\n\n\n\n<p><\/p>\n\n\n\n<h2 class=\"wp-block-heading\">Cookies<\/h2>\n\n\n\n<p>Beim Besuch dieser Website empf\u00e4ngt Ihr Online-Ger\u00e4t automatisch ein oder mehrere Cookies, die von dieser Website oder von Domains Dritter an Ihren Internetbrowser \u00fcbertragen werden.<\/p>\n\n\n\n<p><\/p>\n\n\n\n<h2 class=\"wp-block-heading\">Was sind Cookies?<\/h2>\n\n\n\n<p>Ein Cookie ist eine kleine Datei, die auf Ihrem Computer, Tablet oder Mobiltelefon gespeichert wird. Ein Cookie ist kein Programm, das sch\u00e4dliche Software oder einen Virus enthalten kann.<\/p>\n\n\n\n<p><\/p>\n\n\n\n<h2 class=\"wp-block-heading\">Verwendung von Cookies auf dieser Webseite<\/h2>\n\n\n\n<p>Cookies dienen dazu, dass die Webseite funktioniert. Cookies helfen uns, einen \u00dcberblick \u00fcber Ihren Besuch der Webseite zu erhalten, sodass wir unsere Seite optimieren und an Ihre Bed\u00fcrfnisse und Interessen anpassen k\u00f6nnen. Cookies speichern z. B. welche Waren Sie Ihrem Einkaufskorb hinzugef\u00fcgt haben, ob Sie die Seite fr\u00fcher bereits besucht haben, ob Sie sich angemeldet haben und in welcher Sprache und mit welcher W\u00e4hrung Sie die Seite gerne anschauen m\u00f6chten. Wir verwenden Cookies auch dazu, um Ihnen auf anderen Webseiten ma\u00dfgeschneiderte Werbeanzeigen anzeigen lassen zu k\u00f6nnen. Ganz allgemein verwenden wir Cookies als Teil unseres Services, Ihnen die Inhalte anzeigen zu k\u00f6nnen, die f\u00fcr Sie am relevantesten sind.<\/p>\n\n\n\n<p><\/p>\n\n\n\n<h2 class=\"wp-block-heading\">Wie lange werden Cookies gespeichert?<\/h2>\n\n\n\n<p>Wie lange Cookies auf Ihrem Ger\u00e4t gespeichert werden ist ganz unterschiedlich. Die Dauer wird immer ab dem letzten Besuch unserer Webseite gerechnet. Wenn ein Cookie erlischt, wird dieses automatisch gel\u00f6scht. Unten finden Sie eine vollst\u00e4ndige Liste mit allen Cookies.<\/p>\n\n\n\n<p><\/p>\n\n\n\n<h2 class=\"wp-block-heading\">So lehnen Sie Cookies ab oder l\u00f6schen diese<\/h2>\n\n\n\n<p>Sie k\u00f6nnen Cookies jederzeit auf Ihrem Computer, Tablet oder Mobiltelefon ablehnen, indem Sie die Einstellungen Ihres Browsers \u00e4ndern. Wo Sie die Einstellungen \u00e4ndern k\u00f6nnen, h\u00e4ngt von Ihrem verwendeten Browser ab. Wenn Sie die Einstellungen \u00e4ndern, achten Sie bitte darauf, dass es Funktionen und Dienste gibt, die Sie nicht mehr nutzen k\u00f6nnen, da diese voraussetzen, dass die Webseite die von Ihnen getroffene Auswahl speichern kann.<br>Cookies von Google Analytics k\u00f6nnen Sie\u00a0<a href=\"https:\/\/tools.google.com\/dlpage\/gaoptout\" target=\"_blank\" rel=\"noreferrer noopener\">hier<\/a>\u00a0deaktivieren.<br>Sie k\u00f6nnen\u00a0<a href=\"http:\/\/www.youronlinechoices.com\/uk\/your-ad-choices\" target=\"_blank\" rel=\"noreferrer noopener\">hier<\/a>\u00a0auch Werbeeinstellungen \u00e4ndern, \u00fcber die Informationen in verschiedenen Netzwerken geteilt werden.<\/p>\n\n\n\n<p><\/p>\n\n\n\n<h2 class=\"wp-block-heading\">Cookies l\u00f6schen<\/h2>\n\n\n\n<p>Cookies, die Sie bereits akzeptiert haben, k\u00f6nnen Sie nachtr\u00e4glich l\u00f6schen. Wenn Sie einen PC mit einem neueren Browser nutzen, k\u00f6nnen Sie Cookies \u00fcber folgende Tastenkombination l\u00f6schen: STRG + UMSCHALT + ENTF.<\/p>\n\n\n\n<p>Sollte die Tastenkombination nicht funktionieren und\/oder wenn Sie einen MAC nutzen, m\u00fcssen Sie pr\u00fcfen, welchen Browser Sie verwenden und anschlie\u00dfend auf den folgenden Link klicken:<\/p>\n\n\n\n<ul class=\"wp-block-list\">\n<li><a href=\"https:\/\/support.microsoft.com\/en-us\/help\/17442\/windows-internet-explorer-delete-manage-cookies#ie=ie-11\" target=\"_blank\" rel=\"noreferrer noopener\">Internet Explorer<\/a><\/li>\n\n\n\n<li><a href=\"https:\/\/support.mozilla.org\/en-US\/kb\/delete-cookies-remove-info-websites-stored\" target=\"_blank\" rel=\"noreferrer noopener\">Mozilla Firefox<\/a><\/li>\n\n\n\n<li><a href=\"https:\/\/support.google.com\/chrome\/answer\/95647?hl=en\" target=\"_blank\" rel=\"noreferrer noopener\">Google Chrome<\/a><\/li>\n\n\n\n<li><a href=\"https:\/\/www.opera.com\/help\/tutorials\/security\/cookies\" target=\"_blank\" rel=\"noreferrer noopener\">Opera<\/a><\/li>\n\n\n\n<li><a href=\"https:\/\/support.apple.com\/en-us\/HT201265\" target=\"_blank\" rel=\"noreferrer noopener\">Safari<\/a><\/li>\n\n\n\n<li><a href=\"https:\/\/www.macromedia.com\/support\/documentation\/en\/flashplayer\/help\/settings_manager07.html\" target=\"_blank\" rel=\"noreferrer noopener\">Flash cookies<\/a><\/li>\n\n\n\n<li><a href=\"https:\/\/support.apple.com\/en-us\/HT1677\" target=\"_blank\" rel=\"noreferrer noopener\">Apple<\/a><\/li>\n\n\n\n<li><a href=\"https:\/\/timeread.hubpages.com\/hub\/How-to-delete-internet-cookies-on-your-Droid-or-any-Android-device\" target=\"_blank\" rel=\"noreferrer noopener\">Android<\/a><\/li>\n\n\n\n<li><a href=\"https:\/\/support.microsoft.com\/en-us\/help\/11696\/windows-phone-7\" target=\"_blank\" rel=\"noreferrer noopener\">Windows 7<\/a><\/li>\n<\/ul>\n\n\n\n<p>Bitte beachten: Wenn Sie mehrere Internetbrowser verwenden, sollten Sie in jedem Browser die Cookies l\u00f6schen.<\/p>\n\n\n\n<p><\/p>\n\n\n\n<h2 class=\"wp-block-heading\">Haben Sie Fragen?<\/h2>\n\n\n\n<p>Wenn Sie Anmerkungen oder Fragen zu unseren Informationen und\/oder der Verarbeitung pers\u00f6nlicher Daten haben, stehen wir Ihnen jederzeit gern zur Verf\u00fcgung. Diese Cookie-Richtlinie wird monatlich von\u00a0<a href=\"https:\/\/cookieinformation.com\/\" target=\"_blank\" rel=\"noreferrer noopener\">Cookie Information<\/a>\u00a0aktualisiert. Bei Fragen zu dieser Richtlinie wenden Sie sich bitte an info@cookieinformation.com.<\/p>\n\n\n\n<p><\/p>\n\n\n\n<div class= \"cky-audit-table-element\"><\/div>\n\n\n\n<h2 class=\"wp-block-heading\">Change cookie settings<\/h2>\n\n\n\n<p>You can click the button in the bottom left corner if you have previously accepted marketing cookies on this site, but would like to only accept the cookies that are required for the website to function.<\/p>\n<\/div>\n<\/div>\n\n<\/div>","protected":false},"excerpt":{"rendered":"","protected":false},"author":5,"featured_media":0,"parent":0,"menu_order":0,"comment_status":"closed","ping_status":"closed","template":"wp-custom-template-professional-pages","meta":{"_acf_changed":false,"footnotes":""},"class_list":["post-5851","page","type-page","status-publish","hentry"],"acf":[],"yoast_head":"<!-- This site is optimized with the Yoast SEO plugin v24.7 - https:\/\/yoast.com\/wordpress\/plugins\/seo\/ -->\n<title>Cookie-Richtlinie - BAHS Journey<\/title>\n<meta name=\"robots\" content=\"index, follow, max-snippet:-1, max-image-preview:large, max-video-preview:-1\" \/>\n<link rel=\"canonical\" href=\"https:\/\/bahsjourney.com\/de\/cookie-richtlinie\/\" \/>\n<meta property=\"og:locale\" content=\"de_DE\" \/>\n<meta property=\"og:type\" content=\"article\" \/>\n<meta property=\"og:title\" content=\"Cookie-Richtlinie - BAHS Journey\" \/>\n<meta property=\"og:url\" content=\"https:\/\/bahsjourney.com\/de\/cookie-richtlinie\/\" \/>\n<meta property=\"og:site_name\" content=\"BAHS Journey\" \/>\n<meta property=\"article:modified_time\" content=\"2024-01-22T12:35:49+00:00\" \/>\n<meta name=\"twitter:card\" content=\"summary_large_image\" \/>\n<meta name=\"twitter:label1\" content=\"Gesch\u00e4tzte Lesezeit\" \/>\n\t<meta name=\"twitter:data1\" content=\"3\u00a0Minuten\" \/>\n<script type=\"application\/ld+json\" class=\"yoast-schema-graph\">{\"@context\":\"https:\/\/schema.org\",\"@graph\":[{\"@type\":\"WebPage\",\"@id\":\"https:\/\/bahsjourney.com\/de\/cookie-richtlinie\/\",\"url\":\"https:\/\/bahsjourney.com\/de\/cookie-richtlinie\/\",\"name\":\"Cookie-Richtlinie - BAHS Journey\",\"isPartOf\":{\"@id\":\"https:\/\/bahsjourney.com\/#website\"},\"datePublished\":\"2023-11-17T09:06:01+00:00\",\"dateModified\":\"2024-01-22T12:35:49+00:00\",\"breadcrumb\":{\"@id\":\"https:\/\/bahsjourney.com\/de\/cookie-richtlinie\/#breadcrumb\"},\"inLanguage\":\"de\",\"potentialAction\":[{\"@type\":\"ReadAction\",\"target\":[\"https:\/\/bahsjourney.com\/de\/cookie-richtlinie\/\"]}]},{\"@type\":\"BreadcrumbList\",\"@id\":\"https:\/\/bahsjourney.com\/de\/cookie-richtlinie\/#breadcrumb\",\"itemListElement\":[{\"@type\":\"ListItem\",\"position\":1,\"name\":\"Home\",\"item\":\"https:\/\/bahsjourney.com\/de\/\"},{\"@type\":\"ListItem\",\"position\":2,\"name\":\"Cookie-Richtlinie\"}]},{\"@type\":\"WebSite\",\"@id\":\"https:\/\/bahsjourney.com\/#website\",\"url\":\"https:\/\/bahsjourney.com\/\",\"name\":\"BAHS Journey\",\"description\":\"\",\"publisher\":{\"@id\":\"https:\/\/bahsjourney.com\/#organization\"},\"potentialAction\":[{\"@type\":\"SearchAction\",\"target\":{\"@type\":\"EntryPoint\",\"urlTemplate\":\"https:\/\/bahsjourney.com\/?s={search_term_string}\"},\"query-input\":{\"@type\":\"PropertyValueSpecification\",\"valueRequired\":true,\"valueName\":\"search_term_string\"}}],\"inLanguage\":\"de\"},{\"@type\":\"Organization\",\"@id\":\"https:\/\/bahsjourney.com\/#organization\",\"name\":\"BAHS Journey\",\"url\":\"https:\/\/bahsjourney.com\/\",\"logo\":{\"@type\":\"ImageObject\",\"inLanguage\":\"de\",\"@id\":\"https:\/\/bahsjourney.com\/#\/schema\/logo\/image\/\",\"url\":\"https:\/\/bahsjourney.com\/wp-content\/uploads\/2023\/11\/oticon-Logo.svg\",\"contentUrl\":\"https:\/\/bahsjourney.com\/wp-content\/uploads\/2023\/11\/oticon-Logo.svg\",\"width\":1,\"height\":1,\"caption\":\"BAHS Journey\"},\"image\":{\"@id\":\"https:\/\/bahsjourney.com\/#\/schema\/logo\/image\/\"}}]}<\/script>\n<!-- \/ Yoast SEO plugin. -->","yoast_head_json":{"title":"Cookie-Richtlinie - BAHS Journey","robots":{"index":"index","follow":"follow","max-snippet":"max-snippet:-1","max-image-preview":"max-image-preview:large","max-video-preview":"max-video-preview:-1"},"canonical":"https:\/\/bahsjourney.com\/de\/cookie-richtlinie\/","og_locale":"de_DE","og_type":"article","og_title":"Cookie-Richtlinie - BAHS Journey","og_url":"https:\/\/bahsjourney.com\/de\/cookie-richtlinie\/","og_site_name":"BAHS Journey","article_modified_time":"2024-01-22T12:35:49+00:00","twitter_card":"summary_large_image","twitter_misc":{"Gesch\u00e4tzte Lesezeit":"3\u00a0Minuten"},"schema":{"@context":"https:\/\/schema.org","@graph":[{"@type":"WebPage","@id":"https:\/\/bahsjourney.com\/de\/cookie-richtlinie\/","url":"https:\/\/bahsjourney.com\/de\/cookie-richtlinie\/","name":"Cookie-Richtlinie - BAHS Journey","isPartOf":{"@id":"https:\/\/bahsjourney.com\/#website"},"datePublished":"2023-11-17T09:06:01+00:00","dateModified":"2024-01-22T12:35:49+00:00","breadcrumb":{"@id":"https:\/\/bahsjourney.com\/de\/cookie-richtlinie\/#breadcrumb"},"inLanguage":"de","potentialAction":[{"@type":"ReadAction","target":["https:\/\/bahsjourney.com\/de\/cookie-richtlinie\/"]}]},{"@type":"BreadcrumbList","@id":"https:\/\/bahsjourney.com\/de\/cookie-richtlinie\/#breadcrumb","itemListElement":[{"@type":"ListItem","position":1,"name":"Home","item":"https:\/\/bahsjourney.com\/de\/"},{"@type":"ListItem","position":2,"name":"Cookie-Richtlinie"}]},{"@type":"WebSite","@id":"https:\/\/bahsjourney.com\/#website","url":"https:\/\/bahsjourney.com\/","name":"BAHS Journey","description":"","publisher":{"@id":"https:\/\/bahsjourney.com\/#organization"},"potentialAction":[{"@type":"SearchAction","target":{"@type":"EntryPoint","urlTemplate":"https:\/\/bahsjourney.com\/?s={search_term_string}"},"query-input":{"@type":"PropertyValueSpecification","valueRequired":true,"valueName":"search_term_string"}}],"inLanguage":"de"},{"@type":"Organization","@id":"https:\/\/bahsjourney.com\/#organization","name":"BAHS Journey","url":"https:\/\/bahsjourney.com\/","logo":{"@type":"ImageObject","inLanguage":"de","@id":"https:\/\/bahsjourney.com\/#\/schema\/logo\/image\/","url":"https:\/\/bahsjourney.com\/wp-content\/uploads\/2023\/11\/oticon-Logo.svg","contentUrl":"https:\/\/bahsjourney.com\/wp-content\/uploads\/2023\/11\/oticon-Logo.svg","width":1,"height":1,"caption":"BAHS Journey"},"image":{"@id":"https:\/\/bahsjourney.com\/#\/schema\/logo\/image\/"}}]}},"_links":{"self":[{"href":"https:\/\/bahsjourney.com\/de\/wp-json\/wp\/v2\/pages\/5851"}],"collection":[{"href":"https:\/\/bahsjourney.com\/de\/wp-json\/wp\/v2\/pages"}],"about":[{"href":"https:\/\/bahsjourney.com\/de\/wp-json\/wp\/v2\/types\/page"}],"author":[{"embeddable":true,"href":"https:\/\/bahsjourney.com\/de\/wp-json\/wp\/v2\/users\/5"}],"replies":[{"embeddable":true,"href":"https:\/\/bahsjourney.com\/de\/wp-json\/wp\/v2\/comments?post=5851"}],"version-history":[{"count":1,"href":"https:\/\/bahsjourney.com\/de\/wp-json\/wp\/v2\/pages\/5851\/revisions"}],"predecessor-version":[{"id":5852,"href":"https:\/\/bahsjourney.com\/de\/wp-json\/wp\/v2\/pages\/5851\/revisions\/5852"}],"wp:attachment":[{"href":"https:\/\/bahsjourney.com\/de\/wp-json\/wp\/v2\/media?parent=5851"}],"curies":[{"name":"wp","href":"https:\/\/api.w.org\/{rel}","templated":true}]}}