{"id":5812,"date":"2023-11-03T16:40:49","date_gmt":"2023-11-03T14:40:49","guid":{"rendered":"https:\/\/bahsjourney.com\/?page_id=5812"},"modified":"2024-09-17T10:47:34","modified_gmt":"2024-09-17T08:47:34","slug":"professional","status":"publish","type":"page","link":"https:\/\/bahsjourney.com\/de\/professional\/","title":{"rendered":"Professional"},"content":{"rendered":"<div id=\"mobile-hero\" data-block-id=\"26608914-038b-44cc-a7dc-d0ed019090b6\" data-section-title=\"\" style=\"\" class=\"haj-section haj-relative block-editor-block-list__block wp-block block-editor-block-list__block wp-block haj-hidden haj-block@m haj-p-0 wp-block-haj-main-section-dynamic has-white-background-color haj-height-auto offset-menu haj-w-full haj-flex-wrap haj-flex-middle haj-height-expand haj-height-expand@m haj-height-expand@s\">\n      \n\n<div class=\"wp-block-columns is-layout-flex wp-container-core-columns-is-layout-1 wp-block-columns-is-layout-flex\" style=\"padding-top:30px;padding-bottom:30px\">\n<div class=\"wp-block-column is-layout-flow wp-block-column-is-layout-flow\">\n<figure class=\"wp-block-image alignright size-full has-custom-border\"><img loading=\"lazy\" decoding=\"async\" width=\"1002\" height=\"722\" src=\"https:\/\/bahsjourney.com\/wp-content\/uploads\/2023\/12\/Herobild-Professional-Mobile.png\" alt=\"\" class=\"wp-image-2207\" style=\"border-top-left-radius:130px;border-bottom-left-radius:130px;object-fit:cover\" srcset=\"https:\/\/bahsjourney.com\/wp-content\/uploads\/2023\/12\/Herobild-Professional-Mobile.png 1002w, https:\/\/bahsjourney.com\/wp-content\/uploads\/2023\/12\/Herobild-Professional-Mobile-300x216.png 300w, https:\/\/bahsjourney.com\/wp-content\/uploads\/2023\/12\/Herobild-Professional-Mobile-768x553.png 768w\" sizes=\"(max-width: 1002px) 100vw, 1002px\" \/><\/figure>\n<\/div>\n<\/div>\n\n<\/div>\n\n<div id=\"hero-section\" data-block-id=\"187a1365-6fa7-4189-9d9d-cca7d90452f5\" data-section-title=\"\" style=\"\" class=\"haj-section haj-relative block-editor-block-list__block wp-block block-editor-block-list__block wp-block wp-block-haj-main-section-dynamic has-white-background-color haj-height-70vh offset-menu haj-height-auto@m haj-height-auto@xs haj-w-large haj-flex-wrap haj-flex-middle haj-height-expand haj-height-expand@m haj-height-expand@s\">\n         <img loading=\"lazy\" decoding=\"async\"\n         src=\"https:\/\/bahsjourney.com\/wp-content\/uploads\/2023\/12\/Herobild-Professional.png\"\n         alt=\"\"\n         height=\"722\"\n         width=\"1321\"\n         style=\"width:46%; top:5vh; bottom:5vh; height:calc(100% - 10vh);\"\n         class=\"haj-background-image haj-right  haj-hidden@s haj-hidden@m\" \/>\n      \n\n<div class=\"wp-block-columns is-layout-flex wp-container-core-columns-is-layout-2 wp-block-columns-is-layout-flex\" style=\"padding-top:var(--wp--preset--spacing--80);padding-right:0;padding-bottom:var(--wp--preset--spacing--80);padding-left:0\">\n<div class=\"wp-block-column is-vertically-aligned-center is-layout-flow wp-block-column-is-layout-flow\" style=\"padding-right:0;padding-left:0;flex-basis:45%\">\n<div class=\"wp-block-group is-vertical is-layout-flex wp-container-core-group-is-layout-1 wp-block-group-is-layout-flex\" style=\"padding-right:0;padding-left:0\">\n<h1 class=\"wp-block-heading\" style=\"margin-bottom:22px\">Unterst\u00fctzen Sie auf dem Weg zu besserem H\u00f6ren<\/h1>\n\n\n\n<p style=\"margin-bottom:22px\">Mithilfe dieses Online-Tools begleiten Sie Ihre Patienten auf dem Weg zu besserem H\u00f6ren mit einem Knochenverankerten H\u00f6rsystem (BAHS). Nutzen Sie unser Tool, um den gesamten Weg zu besserem H\u00f6ren darzustellen, oder konzentrieren Sie sich nur auf einen oder zwei Schritte. Nutzen Sie dabei erg\u00e4nzende Materialien und zus\u00e4tzliche Lekt\u00fcre, die direkt zug\u00e4nglich sind.<\/p>\n\n\n\n<div class=\"wp-block-buttons is-layout-flex wp-block-buttons-is-layout-flex\">\n<div class=\"wp-block-button has-custom-font-size open-journey\" style=\"font-size:clamp(14.642px, 0.915rem + ((1vw - 3.2px) * 0.575), 22px);\"><a class=\"wp-block-button__link wp-element-button\">Beginn der Beratung<\/a><\/div>\n<\/div>\n<\/div>\n<\/div>\n<\/div>\n\n<\/div>\n\n<div id=\"\" data-block-id=\"2e899858-fd9e-4e41-9d34-5ac74dc41743\" data-section-title=\"\" style=\"\" class=\"haj-section haj-relative block-editor-block-list__block wp-block block-editor-block-list__block wp-block haj-hidden wp-block-haj-main-section-dynamic has-orange-background-color haj-height-30vh offset-menu haj-w-full haj-flex-wrap haj-flex-middle haj-height-expand haj-height-expand@m haj-height-expand@s\">\n      \n\n<div class=\"wp-block-columns banner-section is-layout-flex wp-container-core-columns-is-layout-3 wp-block-columns-is-layout-flex\" style=\"padding-top:99px;padding-bottom:99px\">\n<div class=\"wp-block-column has-global-padding is-layout-constrained wp-container-core-column-is-layout-3 wp-block-column-is-layout-constrained\" style=\"padding-top:0px;padding-right:0;padding-bottom:0px;padding-left:0\">\n<h2 class=\"wp-block-heading has-text-align-center has-white-color has-text-color\" style=\"margin-top:0px;margin-bottom:6px;font-style:normal;font-weight:500\">400 000+<\/h2>\n\n\n\n<p class=\"has-text-align-center has-white-color has-text-color has-medium-font-size\">Users around the world benefit from a bone anchored hearing system like the Ponto sound processor.<\/p>\n<\/div>\n<\/div>\n\n<\/div>\n\n<div id=\"mobile-hero\" data-block-id=\"26608914-038b-44cc-a7dc-d0ed019090b6\" data-section-title=\"\" style=\"\" class=\"haj-section haj-relative block-editor-block-list__block wp-block block-editor-block-list__block wp-block haj-hidden haj-block@m haj-p-0 wp-block-haj-main-section-dynamic has-white-background-color haj-height-auto offset-menu haj-w-full haj-flex-wrap haj-flex-middle haj-height-expand haj-height-expand@m haj-height-expand@s\">\n      \n\n<div class=\"wp-block-columns is-layout-flex wp-container-core-columns-is-layout-4 wp-block-columns-is-layout-flex\" style=\"padding-top:0;padding-bottom:0\">\n<div class=\"wp-block-column is-layout-flow wp-block-column-is-layout-flow\">\n<figure class=\"wp-block-image alignright size-full has-custom-border haj-w-full\"><img decoding=\"async\" src=\"https:\/\/bahsjourney.com\/wp-content\/uploads\/2023\/11\/Frame-sdfasdfs319.png\" alt=\"\" class=\"wp-image-1663\" style=\"border-top-left-radius:130px;border-bottom-left-radius:130px;object-fit:cover\"\/><\/figure>\n<\/div>\n<\/div>\n\n<\/div>\n\n<div id=\"start-journey-section\" data-block-id=\"187a1365-6fa7-4189-9d9d-cca7d90452f5\" data-section-title=\"\" style=\"\" class=\"haj-section haj-relative block-editor-block-list__block wp-block block-editor-block-list__block wp-block haj-hidden wp-block-haj-main-section-dynamic has-white-background-color haj-height-50vh offset-menu haj-height-auto@m haj-height-auto@xs haj-w-large haj-flex-wrap haj-flex-middle haj-height-expand haj-height-expand@m haj-height-expand@s\">\n         <img loading=\"lazy\" decoding=\"async\"\n         src=\"https:\/\/bahsjourney.com\/wp-content\/uploads\/2023\/11\/Frame-sdfasdfs319-e1701701784296.png\"\n         alt=\"\"\n         height=\"1497\"\n         width=\"5760\"\n         style=\"   \"\n         class=\"haj-background-image   haj-hidden@s haj-hidden@m\" \/>\n      \n\n<div class=\"wp-block-columns are-vertically-aligned-center haj-height-full mobile-reverse is-layout-flex wp-container-core-columns-is-layout-5 wp-block-columns-is-layout-flex\" style=\"padding-top:80px;padding-right:0;padding-bottom:60px\">\n<div class=\"wp-block-column is-vertically-aligned-center is-layout-flow wp-block-column-is-layout-flow\" style=\"padding-top:var(--wp--preset--spacing--30);padding-right:0;padding-bottom:var(--wp--preset--spacing--30);padding-left:0\">\n<div class=\"wp-block-group is-vertical is-layout-flex wp-container-core-group-is-layout-2 wp-block-group-is-layout-flex\">\n<h2 class=\"wp-block-heading\" style=\"margin-bottom:16px\">Start the journey to <br>better hearing with BAHS<\/h2>\n\n\n\n<p class=\"has-medium-font-size\" style=\"margin-top:0;margin-bottom:22px\">Lorem ipsum dolor sit amet consectetur. Malesuada felis odio at volutpat libero maecenas. Pretium amet quis etiam a nulla sem tincidunt diam.<\/p>\n\n\n\n<div class=\"wp-block-buttons is-layout-flex wp-block-buttons-is-layout-flex\">\n<div class=\"wp-block-button open-journey\"><a class=\"wp-block-button__link wp-element-button\">Explore the Hearing Journey<\/a><\/div>\n<\/div>\n<\/div>\n<\/div>\n\n\n\n<div class=\"wp-block-column is-vertically-aligned-center right-image-column is-layout-flow wp-block-column-is-layout-flow\"><\/div>\n<\/div>\n\n<\/div>\n\n<div id=\"ponto-system\" data-block-id=\"2e899858-fd9e-4e41-9d34-5ac74dc41743\" data-section-title=\"\" style=\"\" class=\"haj-section haj-relative block-editor-block-list__block wp-block block-editor-block-list__block wp-block wp-block-haj-main-section-dynamic has-light-grey-background-color haj-height-30vh offset-menu haj-w-medium haj-flex-wrap haj-flex-middle haj-height-expand haj-height-expand@m haj-height-expand@s\">\n      \n\n<div class=\"wp-block-columns banner-section is-layout-flex wp-container-core-columns-is-layout-6 wp-block-columns-is-layout-flex\" style=\"padding-top:90px;padding-bottom:90px\">\n<div class=\"wp-block-column has-grey-color has-text-color has-global-padding is-layout-constrained wp-container-core-column-is-layout-7 wp-block-column-is-layout-constrained\" style=\"padding-top:0;padding-right:0;padding-bottom:0;padding-left:0\">\n<h3 class=\"wp-block-heading has-text-align-center\" style=\"margin-bottom:16px\">Weil der Klang wichtig ist<\/h3>\n\n\n\n<p class=\"has-text-align-center\">Wir bei Oticon Medical sind der Meinung, dass Patienten und H\u00f6rakustiker in der Lage sein sollten, jederzeit die bestm\u00f6gliche L\u00f6sung f\u00fcr sich bzw. ihre Patienten zu w\u00e4hlen. Wir nennen das die \u201eFreiheit der Wahl\u201c, was f\u00fcr Oticon Medical schon immer das Wichtigste ist. Aus diesem Grund werden unsere L\u00f6sungen so entwickelt, dass sie nach M\u00f6glichkeit kompatibel sind. Daher ist ein Implantat von Oticon Medical ein echtes Zeugnis f\u00fcr unsere unbedingte und lebenslange Unterst\u00fctzung.<\/p>\n<\/div>\n<\/div>\n\n<\/div>\n\n<div id=\"\" data-block-id=\"6c6b7c1f-4c5e-432e-aa6d-617c4f6c9d59\" data-section-title=\"\" style=\"\" class=\"haj-section haj-relative block-editor-block-list__block wp-block block-editor-block-list__block wp-block has-child-selected wp-block-haj-main-section-dynamic has-white-background-color haj-height-auto offset-menu haj-w-small haj-flex-wrap haj-flex-middle haj-height-expand haj-height-expand@m haj-height-expand@s\">\n      \n\n<div class=\"wp-block-columns is-layout-flex wp-container-core-columns-is-layout-7 wp-block-columns-is-layout-flex\" style=\"padding-top:0px;padding-bottom:60px\">\n<div class=\"wp-block-column is-layout-flow wp-block-column-is-layout-flow\"><div id=\"6620169f-0d94-449d-a94e-872a3d44edd8\" class=\"panel-slider frontend-panel-slider\">\n   <swiper-container class=\"item-slider\" init=\"false\" autoplay=\"true\" autoplay-delay=\"5000\" slides-per-view=\"1\" space-between=\"0\" loop=\"true\" speed=\"1000\" pagination=\"true\" pagination-bullet-class=\"swiper-pagination-bullet\" pagination-clickable=\"true\">\n               <swiper-slide index=\"0\" class=\"swiper-slide\">\n            <div class=\"slide-item-container\">\n               <div>\n                                       <img loading=\"lazy\" decoding=\"async\" src=\"https:\/\/bahsjourney.com\/wp-content\/uploads\/2024\/09\/Sentio-System_Soundprocessor_with_implant.png\" alt=\"The soundprocessor Sentio Mini next to implant Sentio Ti\" width=\"1920\" height=\"1920\" \/>\n                                    <div class=\"panel-item-type-wrapper\">\n                     <span class=\"panel-item-type\">\n                        Knochenleitung                     <\/span>\n                  <\/div>\n                  <div class=\"panel-item-title-wrapper\">\n                     <h3 class=\"panel-item-title\">\n                        Sentio\u2122 System                     <\/h3>\n                  <\/div>\n                  <div class=\"panel-item-desc-wrapper\">\n                     <p class=\"panel-item-desc\">\n                        Kleines, leichtes und leistungsstarkes transkutanes System mit bemerkenswerter Klangqualit\u00e4t.                     <\/p>\n                  <\/div>\n                  <div class=\"panel-item-button-wrapper\">\n                     <div class=\"panel-item-button\">\n                        <a href=\"https:\/\/sentio.oticonmedical.com\/de\" target=\"_blank\" rel=\"noreferrer noopener\">Erfahren Sie mehr<\/a>                     <\/div>\n                  <\/div>\n               <\/div>\n            <\/div>\n         <\/swiper-slide>\n               <swiper-slide index=\"1\" class=\"swiper-slide\">\n            <div class=\"slide-item-container\">\n               <div>\n                                       <img loading=\"lazy\" decoding=\"async\" src=\"https:\/\/bahsjourney.com\/wp-content\/uploads\/2023\/12\/Ponto-5.png\" alt=\"Two sound processors next to each other. Ponto 5 Superpower and Ponto 5 Mini.\" width=\"514\" height=\"514\" \/>\n                                    <div class=\"panel-item-type-wrapper\">\n                     <span class=\"panel-item-type\">\n                        Knochenleitung                     <\/span>\n                  <\/div>\n                  <div class=\"panel-item-title-wrapper\">\n                     <h3 class=\"panel-item-title\">\n                        Starker Klang f\u00fcr das Gehirn                     <\/h3>\n                  <\/div>\n                  <div class=\"panel-item-desc-wrapper\">\n                     <p class=\"panel-item-desc\">\n                        Der weltweit kleinste H\u00f6rprozessor hei\u00dft nach wie vor Ponto.<br>Der Ponto\u00a05 ist steckt voller neuer Technologie, die Sie in erstklassigen Klang eintauchen l\u00e4sst.                     <\/p>\n                  <\/div>\n                  <div class=\"panel-item-button-wrapper\">\n                     <div class=\"panel-item-button\">\n                        <a href=\"https:\/\/www.oticonmedical.com\/de\/solutions\/bone-conduction\/ponto-5\" target=\"_blank\" rel=\"noreferrer noopener\">Entdecken Sie den Ponto\u00a05<\/a>                     <\/div>\n                  <\/div>\n               <\/div>\n            <\/div>\n         <\/swiper-slide>\n               <swiper-slide index=\"2\" class=\"swiper-slide\">\n            <div class=\"slide-item-container\">\n               <div>\n                                       <img loading=\"lazy\" decoding=\"async\" src=\"https:\/\/bahsjourney.com\/wp-content\/uploads\/2023\/12\/MONO.png\" alt=\"The MONO drill that uses for the one-step drilling procedure.\" width=\"514\" height=\"514\" \/>\n                                    <div class=\"panel-item-type-wrapper\">\n                     <span class=\"panel-item-type\">\n                        Knochenleitung                     <\/span>\n                  <\/div>\n                  <div class=\"panel-item-title-wrapper\">\n                     <h3 class=\"panel-item-title\">\n                        MONO-Verfahren                     <\/h3>\n                  <\/div>\n                  <div class=\"panel-item-desc-wrapper\">\n                     <p class=\"panel-item-desc\">\n                        Das weltweit erste einstufige Bohrverfahren.                     <\/p>\n                  <\/div>\n                  <div class=\"panel-item-button-wrapper\">\n                     <div class=\"panel-item-button\">\n                        <a href=\"https:\/\/www.oticonmedical.com\/de\/for-professionals\/bone-anchored\/mono-drill-procedure\" target=\"_blank\" rel=\"noreferrer noopener\">Lesen Sie mehr<\/a>                     <\/div>\n                  <\/div>\n               <\/div>\n            <\/div>\n         <\/swiper-slide>\n         <\/swiper-container>\n<\/div><\/div>\n<\/div>\n\n<\/div>","protected":false},"excerpt":{"rendered":"","protected":false},"author":5,"featured_media":0,"parent":0,"menu_order":0,"comment_status":"closed","ping_status":"closed","template":"wp-custom-template-professional-pages","meta":{"_acf_changed":false,"footnotes":""},"class_list":["post-5812","page","type-page","status-publish","hentry"],"acf":[],"yoast_head":"<!-- This site is optimized with the Yoast SEO plugin v24.7 - https:\/\/yoast.com\/wordpress\/plugins\/seo\/ -->\n<title>Professional - BAHS Journey<\/title>\n<meta name=\"robots\" content=\"index, follow, max-snippet:-1, max-image-preview:large, max-video-preview:-1\" \/>\n<link rel=\"canonical\" href=\"https:\/\/bahsjourney.com\/de\/professional\/\" \/>\n<meta property=\"og:locale\" content=\"de_DE\" \/>\n<meta property=\"og:type\" content=\"article\" \/>\n<meta property=\"og:title\" content=\"Professional - BAHS Journey\" \/>\n<meta property=\"og:url\" content=\"https:\/\/bahsjourney.com\/de\/professional\/\" \/>\n<meta property=\"og:site_name\" content=\"BAHS Journey\" \/>\n<meta property=\"article:modified_time\" content=\"2024-09-17T08:47:34+00:00\" \/>\n<meta property=\"og:image\" content=\"https:\/\/bahsjourney.com\/wp-content\/uploads\/2023\/12\/Herobild-Professional-Mobile.png\" \/>\n<meta name=\"twitter:card\" content=\"summary_large_image\" \/>\n<meta name=\"twitter:label1\" content=\"Gesch\u00e4tzte Lesezeit\" \/>\n\t<meta name=\"twitter:data1\" content=\"2\u00a0Minuten\" \/>\n<script type=\"application\/ld+json\" class=\"yoast-schema-graph\">{\"@context\":\"https:\/\/schema.org\",\"@graph\":[{\"@type\":\"WebPage\",\"@id\":\"https:\/\/bahsjourney.com\/de\/professional\/\",\"url\":\"https:\/\/bahsjourney.com\/de\/professional\/\",\"name\":\"Professional - BAHS Journey\",\"isPartOf\":{\"@id\":\"https:\/\/bahsjourney.com\/#website\"},\"primaryImageOfPage\":{\"@id\":\"https:\/\/bahsjourney.com\/de\/professional\/#primaryimage\"},\"image\":{\"@id\":\"https:\/\/bahsjourney.com\/de\/professional\/#primaryimage\"},\"thumbnailUrl\":\"https:\/\/bahsjourney.com\/wp-content\/uploads\/2023\/12\/Herobild-Professional-Mobile.png\",\"datePublished\":\"2023-11-03T14:40:49+00:00\",\"dateModified\":\"2024-09-17T08:47:34+00:00\",\"breadcrumb\":{\"@id\":\"https:\/\/bahsjourney.com\/de\/professional\/#breadcrumb\"},\"inLanguage\":\"de\",\"potentialAction\":[{\"@type\":\"ReadAction\",\"target\":[\"https:\/\/bahsjourney.com\/de\/professional\/\"]}]},{\"@type\":\"ImageObject\",\"inLanguage\":\"de\",\"@id\":\"https:\/\/bahsjourney.com\/de\/professional\/#primaryimage\",\"url\":\"https:\/\/bahsjourney.com\/wp-content\/uploads\/2023\/12\/Herobild-Professional-Mobile.png\",\"contentUrl\":\"https:\/\/bahsjourney.com\/wp-content\/uploads\/2023\/12\/Herobild-Professional-Mobile.png\"},{\"@type\":\"BreadcrumbList\",\"@id\":\"https:\/\/bahsjourney.com\/de\/professional\/#breadcrumb\",\"itemListElement\":[{\"@type\":\"ListItem\",\"position\":1,\"name\":\"Home\",\"item\":\"https:\/\/bahsjourney.com\/de\/\"},{\"@type\":\"ListItem\",\"position\":2,\"name\":\"Professional\"}]},{\"@type\":\"WebSite\",\"@id\":\"https:\/\/bahsjourney.com\/#website\",\"url\":\"https:\/\/bahsjourney.com\/\",\"name\":\"BAHS Journey\",\"description\":\"\",\"publisher\":{\"@id\":\"https:\/\/bahsjourney.com\/#organization\"},\"potentialAction\":[{\"@type\":\"SearchAction\",\"target\":{\"@type\":\"EntryPoint\",\"urlTemplate\":\"https:\/\/bahsjourney.com\/?s={search_term_string}\"},\"query-input\":{\"@type\":\"PropertyValueSpecification\",\"valueRequired\":true,\"valueName\":\"search_term_string\"}}],\"inLanguage\":\"de\"},{\"@type\":\"Organization\",\"@id\":\"https:\/\/bahsjourney.com\/#organization\",\"name\":\"BAHS Journey\",\"url\":\"https:\/\/bahsjourney.com\/\",\"logo\":{\"@type\":\"ImageObject\",\"inLanguage\":\"de\",\"@id\":\"https:\/\/bahsjourney.com\/#\/schema\/logo\/image\/\",\"url\":\"https:\/\/bahsjourney.com\/wp-content\/uploads\/2023\/11\/oticon-Logo.svg\",\"contentUrl\":\"https:\/\/bahsjourney.com\/wp-content\/uploads\/2023\/11\/oticon-Logo.svg\",\"width\":1,\"height\":1,\"caption\":\"BAHS Journey\"},\"image\":{\"@id\":\"https:\/\/bahsjourney.com\/#\/schema\/logo\/image\/\"}}]}<\/script>\n<!-- \/ Yoast SEO plugin. -->","yoast_head_json":{"title":"Professional - BAHS Journey","robots":{"index":"index","follow":"follow","max-snippet":"max-snippet:-1","max-image-preview":"max-image-preview:large","max-video-preview":"max-video-preview:-1"},"canonical":"https:\/\/bahsjourney.com\/de\/professional\/","og_locale":"de_DE","og_type":"article","og_title":"Professional - BAHS Journey","og_url":"https:\/\/bahsjourney.com\/de\/professional\/","og_site_name":"BAHS Journey","article_modified_time":"2024-09-17T08:47:34+00:00","og_image":[{"url":"https:\/\/bahsjourney.com\/wp-content\/uploads\/2023\/12\/Herobild-Professional-Mobile.png","type":"","width":"","height":""}],"twitter_card":"summary_large_image","twitter_misc":{"Gesch\u00e4tzte Lesezeit":"2\u00a0Minuten"},"schema":{"@context":"https:\/\/schema.org","@graph":[{"@type":"WebPage","@id":"https:\/\/bahsjourney.com\/de\/professional\/","url":"https:\/\/bahsjourney.com\/de\/professional\/","name":"Professional - BAHS Journey","isPartOf":{"@id":"https:\/\/bahsjourney.com\/#website"},"primaryImageOfPage":{"@id":"https:\/\/bahsjourney.com\/de\/professional\/#primaryimage"},"image":{"@id":"https:\/\/bahsjourney.com\/de\/professional\/#primaryimage"},"thumbnailUrl":"https:\/\/bahsjourney.com\/wp-content\/uploads\/2023\/12\/Herobild-Professional-Mobile.png","datePublished":"2023-11-03T14:40:49+00:00","dateModified":"2024-09-17T08:47:34+00:00","breadcrumb":{"@id":"https:\/\/bahsjourney.com\/de\/professional\/#breadcrumb"},"inLanguage":"de","potentialAction":[{"@type":"ReadAction","target":["https:\/\/bahsjourney.com\/de\/professional\/"]}]},{"@type":"ImageObject","inLanguage":"de","@id":"https:\/\/bahsjourney.com\/de\/professional\/#primaryimage","url":"https:\/\/bahsjourney.com\/wp-content\/uploads\/2023\/12\/Herobild-Professional-Mobile.png","contentUrl":"https:\/\/bahsjourney.com\/wp-content\/uploads\/2023\/12\/Herobild-Professional-Mobile.png"},{"@type":"BreadcrumbList","@id":"https:\/\/bahsjourney.com\/de\/professional\/#breadcrumb","itemListElement":[{"@type":"ListItem","position":1,"name":"Home","item":"https:\/\/bahsjourney.com\/de\/"},{"@type":"ListItem","position":2,"name":"Professional"}]},{"@type":"WebSite","@id":"https:\/\/bahsjourney.com\/#website","url":"https:\/\/bahsjourney.com\/","name":"BAHS Journey","description":"","publisher":{"@id":"https:\/\/bahsjourney.com\/#organization"},"potentialAction":[{"@type":"SearchAction","target":{"@type":"EntryPoint","urlTemplate":"https:\/\/bahsjourney.com\/?s={search_term_string}"},"query-input":{"@type":"PropertyValueSpecification","valueRequired":true,"valueName":"search_term_string"}}],"inLanguage":"de"},{"@type":"Organization","@id":"https:\/\/bahsjourney.com\/#organization","name":"BAHS Journey","url":"https:\/\/bahsjourney.com\/","logo":{"@type":"ImageObject","inLanguage":"de","@id":"https:\/\/bahsjourney.com\/#\/schema\/logo\/image\/","url":"https:\/\/bahsjourney.com\/wp-content\/uploads\/2023\/11\/oticon-Logo.svg","contentUrl":"https:\/\/bahsjourney.com\/wp-content\/uploads\/2023\/11\/oticon-Logo.svg","width":1,"height":1,"caption":"BAHS Journey"},"image":{"@id":"https:\/\/bahsjourney.com\/#\/schema\/logo\/image\/"}}]}},"_links":{"self":[{"href":"https:\/\/bahsjourney.com\/de\/wp-json\/wp\/v2\/pages\/5812"}],"collection":[{"href":"https:\/\/bahsjourney.com\/de\/wp-json\/wp\/v2\/pages"}],"about":[{"href":"https:\/\/bahsjourney.com\/de\/wp-json\/wp\/v2\/types\/page"}],"author":[{"embeddable":true,"href":"https:\/\/bahsjourney.com\/de\/wp-json\/wp\/v2\/users\/5"}],"replies":[{"embeddable":true,"href":"https:\/\/bahsjourney.com\/de\/wp-json\/wp\/v2\/comments?post=5812"}],"version-history":[{"count":6,"href":"https:\/\/bahsjourney.com\/de\/wp-json\/wp\/v2\/pages\/5812\/revisions"}],"predecessor-version":[{"id":9658,"href":"https:\/\/bahsjourney.com\/de\/wp-json\/wp\/v2\/pages\/5812\/revisions\/9658"}],"wp:attachment":[{"href":"https:\/\/bahsjourney.com\/de\/wp-json\/wp\/v2\/media?parent=5812"}],"curies":[{"name":"wp","href":"https:\/\/api.w.org\/{rel}","templated":true}]}}