{"id":5810,"date":"2023-10-19T16:11:11","date_gmt":"2023-10-19T14:11:11","guid":{"rendered":"https:\/\/bahsjourney.com\/?page_id=5810"},"modified":"2024-01-22T12:42:07","modified_gmt":"2024-01-22T10:42:07","slug":"faq","status":"publish","type":"page","link":"https:\/\/bahsjourney.com\/de\/candidate\/faq\/","title":{"rendered":"FAQ"},"content":{"rendered":"<div id=\"mobile-hero\" data-block-id=\"26608914-038b-44cc-a7dc-d0ed019090b6\" data-section-title=\"\" style=\"\" class=\"haj-section haj-relative block-editor-block-list__block wp-block block-editor-block-list__block wp-block wp-block-haj-main-section-dynamic haj-hidden haj-block@m haj-p-0 has-white-background-color haj-height-auto offset-menu haj-w-full haj-flex-wrap haj-flex-middle haj-height-expand haj-height-expand@m haj-height-expand@s\">\n      \n\n<div class=\"wp-block-columns is-layout-flex wp-container-core-columns-is-layout-1 wp-block-columns-is-layout-flex\" style=\"padding-top:30px;padding-bottom:30px\">\n<div class=\"wp-block-column is-layout-flow wp-block-column-is-layout-flow\">\n<figure class=\"wp-block-image alignright size-full has-custom-border\"><img loading=\"lazy\" decoding=\"async\" width=\"1003\" height=\"722\" src=\"https:\/\/bahsjourney.com\/wp-content\/uploads\/2023\/12\/Herobild-FAQ-Mobile-1.png\" alt=\"\" class=\"wp-image-2221\" style=\"border-top-left-radius:130px;border-bottom-left-radius:130px;object-fit:cover\" srcset=\"https:\/\/bahsjourney.com\/wp-content\/uploads\/2023\/12\/Herobild-FAQ-Mobile-1.png 1003w, https:\/\/bahsjourney.com\/wp-content\/uploads\/2023\/12\/Herobild-FAQ-Mobile-1-300x216.png 300w, https:\/\/bahsjourney.com\/wp-content\/uploads\/2023\/12\/Herobild-FAQ-Mobile-1-768x553.png 768w\" sizes=\"(max-width: 1003px) 100vw, 1003px\" \/><\/figure>\n<\/div>\n<\/div>\n\n<\/div>\n\n<div id=\"hero-section\" data-block-id=\"187a1365-6fa7-4189-9d9d-cca7d90452f5\" data-section-title=\"\" style=\"\" class=\"haj-section haj-relative block-editor-block-list__block wp-block block-editor-block-list__block wp-block wp-block-haj-main-section-dynamic has-white-background-color haj-height-70vh offset-menu haj-height-auto@m haj-height-auto@xs haj-w-large haj-flex-wrap haj-flex-middle haj-height-expand haj-height-expand@m haj-height-expand@s\">\n         <img loading=\"lazy\" decoding=\"async\"\n         src=\"https:\/\/bahsjourney.com\/wp-content\/uploads\/2023\/12\/Herobild-FAQ-1.png\"\n         alt=\"\"\n         height=\"722\"\n         width=\"1321\"\n         style=\"width:46%; top:5vh; bottom:5vh; height:calc(100% - 10vh);\"\n         class=\"haj-background-image haj-right  haj-hidden@s haj-hidden@m\" \/>\n      \n\n<div class=\"wp-block-columns is-layout-flex wp-container-core-columns-is-layout-2 wp-block-columns-is-layout-flex\" style=\"padding-top:var(--wp--preset--spacing--80);padding-right:0;padding-bottom:var(--wp--preset--spacing--80);padding-left:0\">\n<div class=\"wp-block-column is-vertically-aligned-center hero-content is-layout-flow wp-block-column-is-layout-flow\" style=\"padding-right:0;padding-left:0;flex-basis:40%\">\n<div class=\"wp-block-group is-vertical is-layout-flex wp-container-core-group-is-layout-1 wp-block-group-is-layout-flex\" style=\"padding-right:0;padding-left:0\">\n<h1 class=\"wp-block-heading\" style=\"padding-right:0;padding-left:0\">Sprechen Sie mit Ihrem H\u00f6rakustiker \u00fcber\u2026<\/h1>\n<\/div>\n<\/div>\n<\/div>\n\n<\/div>\n\n<div id=\"\" data-block-id=\"f63c4924-ca52-489f-9631-e6fefd6b2766\" data-section-title=\"\" style=\"\" class=\"haj-section haj-relative block-editor-block-list__block wp-block block-editor-block-list__block wp-block wp-block-haj-main-section-dynamic has-white-background-color haj-height-auto offset-menu haj-w-large haj-flex-wrap haj-flex-middle haj-height-expand haj-height-expand@m haj-height-expand@s\">\n      \n\n<div class=\"wp-block-columns faq-wrapper is-layout-flex wp-container-core-columns-is-layout-3 wp-block-columns-is-layout-flex\">\n<div class=\"wp-block-column is-layout-flow wp-block-column-is-layout-flow\">\n<div class=\"wp-block-media-text is-stacked-on-mobile faq-panel\" style=\"margin-top:var(--wp--preset--spacing--30);margin-bottom:var(--wp--preset--spacing--30);padding-right:0;padding-left:0;grid-template-columns:18% auto\"><figure class=\"wp-block-media-text__media\"><img loading=\"lazy\" decoding=\"async\" width=\"200\" height=\"200\" src=\"https:\/\/bahsjourney.com\/wp-content\/uploads\/2023\/11\/faq-1.png\" alt=\"\" class=\"wp-image-528 size-full\" srcset=\"https:\/\/bahsjourney.com\/wp-content\/uploads\/2023\/11\/faq-1.png 200w, https:\/\/bahsjourney.com\/wp-content\/uploads\/2023\/11\/faq-1-150x150.png 150w\" sizes=\"(max-width: 200px) 100vw, 200px\" \/><\/figure><div class=\"wp-block-media-text__content\">\n<h3 class=\"wp-block-heading\" style=\"margin-right:0;margin-left:0\">Was kann ich von einem Knochenverankerten H\u00f6rsystem (BAHS) erwarten?<\/h3>\n\n\n\n<p style=\"margin-right:0;margin-left:0\">Bei einem Knochenverankerten H\u00f6rsystem (BAHS) tragen Sie den H\u00f6rprozessor hinter dem Ohr und nicht im Ohr. Dies kann eine Erleichterung f\u00fcr Sie sein, wenn Sie herk\u00f6mmliche H\u00f6rger\u00e4te als unangenehm empfinden oder regelm\u00e4\u00dfig unter Ohrentz\u00fcndungen leiden. Manche Menschen haben au\u00dferdem das Gef\u00fchl, dass ein offener Geh\u00f6rgang im Vergleich zu herk\u00f6mmlichen H\u00f6rger\u00e4ten einen nat\u00fcrlicheren Klang liefert.<\/p>\n<\/div><\/div>\n\n\n\n<div class=\"wp-block-media-text has-media-on-the-right is-stacked-on-mobile faq-panel\" style=\"margin-top:var(--wp--preset--spacing--30);margin-bottom:var(--wp--preset--spacing--30);grid-template-columns:auto 18%\"><div class=\"wp-block-media-text__content\">\n<h3 class=\"wp-block-heading has-text-align-right\">Kann ich ein Knochenverankertes H\u00f6rsystem (BAHS) f\u00fcr ein Ohr und ein herk\u00f6mmliches H\u00f6rger\u00e4t f\u00fcr das andere Ohr nutzen?<\/h3>\n\n\n\n<p class=\"has-text-align-right\">Ja, das ist m\u00f6glich. In diesem Fall sollten Sie dar\u00fcber nachdenken, ein Knochenverankertes H\u00f6rsystem (BAHS) und ein H\u00f6rsystem zu verwenden, die \u00e4hnliche technologische Plattformen nutzen, da dies ein reibungsloseres H\u00f6rerlebnis erm\u00f6glichen kann.<\/p>\n<\/div><figure class=\"wp-block-media-text__media\"><img loading=\"lazy\" decoding=\"async\" width=\"200\" height=\"200\" src=\"https:\/\/bahsjourney.com\/wp-content\/uploads\/2023\/11\/faq-2.png\" alt=\"\" class=\"wp-image-527 size-full\" srcset=\"https:\/\/bahsjourney.com\/wp-content\/uploads\/2023\/11\/faq-2.png 200w, https:\/\/bahsjourney.com\/wp-content\/uploads\/2023\/11\/faq-2-150x150.png 150w\" sizes=\"(max-width: 200px) 100vw, 200px\" \/><\/figure><\/div>\n\n\n\n<div class=\"wp-block-media-text is-stacked-on-mobile faq-panel\" style=\"margin-top:var(--wp--preset--spacing--30);margin-bottom:var(--wp--preset--spacing--30);grid-template-columns:18% auto\"><figure class=\"wp-block-media-text__media\"><img loading=\"lazy\" decoding=\"async\" width=\"200\" height=\"200\" src=\"https:\/\/bahsjourney.com\/wp-content\/uploads\/2023\/11\/faq-3.png\" alt=\"\" class=\"wp-image-526 size-full\" srcset=\"https:\/\/bahsjourney.com\/wp-content\/uploads\/2023\/11\/faq-3.png 200w, https:\/\/bahsjourney.com\/wp-content\/uploads\/2023\/11\/faq-3-150x150.png 150w\" sizes=\"(max-width: 200px) 100vw, 200px\" \/><\/figure><div class=\"wp-block-media-text__content\">\n<h3 class=\"wp-block-heading\">Kann ich ein Knochenverankertes H\u00f6rsystem (BAHS) mit elektronischen Ger\u00e4ten oder dem Telefon verbinden?<\/h3>\n\n\n\n<p>Ja, die H\u00f6rprozessoren von Oticon Medical k\u00f6nnen kabellos mit einer Vielzahl elektronischer Ger\u00e4te wie Telefonen, Fernsehern und Computern verbunden werden und deren Sound \u00fcbertragen.<\/p>\n<\/div><\/div>\n\n\n\n<div class=\"wp-block-media-text has-media-on-the-right is-stacked-on-mobile faq-panel\" style=\"margin-top:var(--wp--preset--spacing--30);margin-bottom:var(--wp--preset--spacing--30);grid-template-columns:auto 18%\"><div class=\"wp-block-media-text__content\">\n<h3 class=\"wp-block-heading has-text-align-right\">Wie l\u00e4uft die Operation ab?<\/h3>\n\n\n\n<p class=\"has-text-align-right\">Das Einsetzen eines Knochenverankertes H\u00f6rsystems (BAHS) ist ein bew\u00e4hrtes und sicheres chirurgisches Verfahren. Wenn Sie sich f\u00fcr ein perkutanes Implantat entscheiden, steht Ihnen m\u00f6glicherweise das minimalinvasive Ponto-Verfahren (MONO bzw. MIPS) zur Verf\u00fcgung. Diese Verfahren erm\u00f6glichen den kleinstm\u00f6glichen Eingriff ohne N\u00e4hte bei minimaler Narbenbildung und einer k\u00fcrzeren Heilungszeit. H\u00e4ufig dauert ein solcher Eingriff weniger als 15\u00a0Minuten. Wenn Sie sich f\u00fcr ein aktives transkutanes Implantat entscheiden, ist der Eingriff etwas umfangreicher, dauert aber in der Regel weniger als eine Stunde.<\/p>\n<\/div><figure class=\"wp-block-media-text__media\"><img loading=\"lazy\" decoding=\"async\" width=\"200\" height=\"200\" src=\"https:\/\/bahsjourney.com\/wp-content\/uploads\/2023\/11\/faq-4.png\" alt=\"\" class=\"wp-image-525 size-full\" srcset=\"https:\/\/bahsjourney.com\/wp-content\/uploads\/2023\/11\/faq-4.png 200w, https:\/\/bahsjourney.com\/wp-content\/uploads\/2023\/11\/faq-4-150x150.png 150w\" sizes=\"(max-width: 200px) 100vw, 200px\" \/><\/figure><\/div>\n\n\n\n<div class=\"wp-block-media-text is-stacked-on-mobile faq-panel\" style=\"margin-top:var(--wp--preset--spacing--30);margin-bottom:var(--wp--preset--spacing--30);grid-template-columns:18% auto\"><figure class=\"wp-block-media-text__media\"><img loading=\"lazy\" decoding=\"async\" width=\"200\" height=\"200\" src=\"https:\/\/bahsjourney.com\/wp-content\/uploads\/2023\/11\/faq-5.png\" alt=\"\" class=\"wp-image-524 size-full\" srcset=\"https:\/\/bahsjourney.com\/wp-content\/uploads\/2023\/11\/faq-5.png 200w, https:\/\/bahsjourney.com\/wp-content\/uploads\/2023\/11\/faq-5-150x150.png 150w\" sizes=\"(max-width: 200px) 100vw, 200px\" \/><\/figure><div class=\"wp-block-media-text__content\">\n<h3 class=\"wp-block-heading\">Was muss ich bei der Auswahl eines Knochenverankerten H\u00f6rprozessors (BAHS-H\u00f6rprozessor) beachten?<\/h3>\n\n\n\n<p>Sie sollten Faktoren wie Komfort, Benutzerfreundlichkeit, Gr\u00f6\u00dfe und Zuverl\u00e4ssigkeit ber\u00fccksichtigen. Am wichtigsten ist jedoch die Klangqualit\u00e4t, die der BAHS-H\u00f6rprozessor Ihnen bietet. Er wurde entwickelt, um Ihnen unabh\u00e4ngig von Ihrer Umgebung das klarste und verst\u00e4ndlichste Sprachsignal zu liefern. Dies unterst\u00fctzt die F\u00e4higkeit Ihres Gehirns, Kl\u00e4nge zu verarbeiten und verringert die Anstrengung beim H\u00f6ren. Schlie\u00dflich sollten Sie auch eine m\u00f6glicherweise in Zukunft erforderliche MRT-Untersuchung Ihres Kopfes in Betracht ziehen.<\/p>\n<\/div><\/div>\n\n\n\n<div class=\"wp-block-media-text has-media-on-the-right is-stacked-on-mobile faq-panel\" style=\"margin-top:var(--wp--preset--spacing--30);margin-bottom:var(--wp--preset--spacing--30);grid-template-columns:auto 18%\"><div class=\"wp-block-media-text__content\">\n<h3 class=\"wp-block-heading has-text-align-right\">Kann ich ein Knochenverankertes H\u00f6rsystem (BAHS) ohne Operation testen?<\/h3>\n\n\n\n<p class=\"has-text-align-right\">Ja, Sie k\u00f6nnen einen BAHS-H\u00f6rprozessor an einem Softband oder Kopfb\u00fcgel testen. Indem Sie den H\u00f6rprozessor an einem Band oder B\u00fcgel tragen, k\u00f6nnen Sie ihn ohne Operation testen. Dadurch k\u00f6nnen Sie eine fundierte Entscheidung treffen.<\/p>\n<\/div><figure class=\"wp-block-media-text__media\"><img loading=\"lazy\" decoding=\"async\" width=\"200\" height=\"200\" src=\"https:\/\/bahsjourney.com\/wp-content\/uploads\/2023\/11\/faq-6.png\" alt=\"\" class=\"wp-image-523 size-full\" srcset=\"https:\/\/bahsjourney.com\/wp-content\/uploads\/2023\/11\/faq-6.png 200w, https:\/\/bahsjourney.com\/wp-content\/uploads\/2023\/11\/faq-6-150x150.png 150w\" sizes=\"(max-width: 200px) 100vw, 200px\" \/><\/figure><\/div>\n\n\n\n<p class=\"has-text-align-center has-sand-medium-color has-text-color has-link-color wp-elements-657fdc9cf396fff8d2bb142b3c28ea36\" style=\"margin-top:var(--wp--preset--spacing--40);margin-bottom:var(--wp--preset--spacing--30);font-size:14px;font-style:italic;font-weight:100\">*Die Auswahl des geeigneten chirurgischen Verfahrens erfolgt durch Ihren H\u00f6rakustiker. Produktverf\u00fcgbarkeit und -bezeichnungen unterliegen der beh\u00f6rdlichen Genehmigung und k\u00f6nnen je nach Markt variieren.<\/p>\n<\/div>\n<\/div>\n\n<\/div>\n\n<div id=\"\" data-block-id=\"c2116d6a-1a14-4642-99cf-c25ecf523a27\" data-section-title=\"banner-section\" style=\"\" class=\"haj-section haj-relative block-editor-block-list__block wp-block block-editor-block-list__block wp-block has-child-selected wp-block-haj-main-section-dynamic has-light-grey-background-color haj-height-30vh offset-menu haj-w-large haj-flex-wrap haj-flex-middle haj-height-expand haj-height-expand@m haj-height-expand@s\">\n      \n\n<div class=\"wp-block-columns is-layout-flex wp-container-core-columns-is-layout-4 wp-block-columns-is-layout-flex\" style=\"padding-top:50px;padding-bottom:50px\">\n<div class=\"wp-block-column is-layout-flow wp-block-column-is-layout-flow\">\n<h3 class=\"wp-block-heading has-text-align-center\" style=\"margin-bottom:var(--wp--preset--spacing--30)\">Haben Sie noch Fragen?<\/h3>\n\n\n\n<div class=\"wp-block-buttons is-content-justification-center is-layout-flex wp-container-core-buttons-is-layout-1 wp-block-buttons-is-layout-flex\">\n<div class=\"wp-block-button\"><a class=\"wp-block-button__link has-white-color has-text-color has-link-color wp-element-button\" href=\"https:\/\/www.oticonmedical.com\/de\/about-oticon-medical\/contact-us\" target=\"_blank\" rel=\"noreferrer noopener\">Kontaktieren Sie uns<\/a><\/div>\n<\/div>\n<\/div>\n<\/div>\n\n<\/div>","protected":false},"excerpt":{"rendered":"","protected":false},"author":5,"featured_media":0,"parent":5803,"menu_order":0,"comment_status":"closed","ping_status":"closed","template":"wp-custom-template-candidate-pages","meta":{"_acf_changed":false,"footnotes":""},"class_list":["post-5810","page","type-page","status-publish","hentry"],"acf":[],"yoast_head":"<!-- This site is optimized with the Yoast SEO plugin v24.7 - https:\/\/yoast.com\/wordpress\/plugins\/seo\/ -->\n<title>FAQ - BAHS Journey<\/title>\n<meta name=\"robots\" content=\"index, follow, max-snippet:-1, max-image-preview:large, max-video-preview:-1\" \/>\n<link rel=\"canonical\" href=\"https:\/\/bahsjourney.com\/de\/candidate\/faq\/\" \/>\n<meta property=\"og:locale\" content=\"de_DE\" \/>\n<meta property=\"og:type\" content=\"article\" \/>\n<meta property=\"og:title\" content=\"FAQ - BAHS Journey\" \/>\n<meta property=\"og:url\" content=\"https:\/\/bahsjourney.com\/de\/candidate\/faq\/\" \/>\n<meta property=\"og:site_name\" content=\"BAHS Journey\" \/>\n<meta property=\"article:modified_time\" content=\"2024-01-22T10:42:07+00:00\" \/>\n<meta property=\"og:image\" content=\"https:\/\/bahsjourney.com\/wp-content\/uploads\/2023\/12\/Herobild-FAQ-Mobile-1.png\" \/>\n<meta name=\"twitter:card\" content=\"summary_large_image\" \/>\n<meta name=\"twitter:label1\" content=\"Gesch\u00e4tzte Lesezeit\" \/>\n\t<meta name=\"twitter:data1\" content=\"4\u00a0Minuten\" \/>\n<script type=\"application\/ld+json\" class=\"yoast-schema-graph\">{\"@context\":\"https:\/\/schema.org\",\"@graph\":[{\"@type\":\"WebPage\",\"@id\":\"https:\/\/bahsjourney.com\/de\/candidate\/faq\/\",\"url\":\"https:\/\/bahsjourney.com\/de\/candidate\/faq\/\",\"name\":\"FAQ - BAHS Journey\",\"isPartOf\":{\"@id\":\"https:\/\/bahsjourney.com\/#website\"},\"primaryImageOfPage\":{\"@id\":\"https:\/\/bahsjourney.com\/de\/candidate\/faq\/#primaryimage\"},\"image\":{\"@id\":\"https:\/\/bahsjourney.com\/de\/candidate\/faq\/#primaryimage\"},\"thumbnailUrl\":\"https:\/\/bahsjourney.com\/wp-content\/uploads\/2023\/12\/Herobild-FAQ-Mobile-1.png\",\"datePublished\":\"2023-10-19T14:11:11+00:00\",\"dateModified\":\"2024-01-22T10:42:07+00:00\",\"breadcrumb\":{\"@id\":\"https:\/\/bahsjourney.com\/de\/candidate\/faq\/#breadcrumb\"},\"inLanguage\":\"de\",\"potentialAction\":[{\"@type\":\"ReadAction\",\"target\":[\"https:\/\/bahsjourney.com\/de\/candidate\/faq\/\"]}]},{\"@type\":\"ImageObject\",\"inLanguage\":\"de\",\"@id\":\"https:\/\/bahsjourney.com\/de\/candidate\/faq\/#primaryimage\",\"url\":\"https:\/\/bahsjourney.com\/wp-content\/uploads\/2023\/12\/Herobild-FAQ-Mobile-1.png\",\"contentUrl\":\"https:\/\/bahsjourney.com\/wp-content\/uploads\/2023\/12\/Herobild-FAQ-Mobile-1.png\"},{\"@type\":\"BreadcrumbList\",\"@id\":\"https:\/\/bahsjourney.com\/de\/candidate\/faq\/#breadcrumb\",\"itemListElement\":[{\"@type\":\"ListItem\",\"position\":1,\"name\":\"Home\",\"item\":\"https:\/\/bahsjourney.com\/de\/\"},{\"@type\":\"ListItem\",\"position\":2,\"name\":\"Candidate\",\"item\":\"https:\/\/bahsjourney.com\/de\/candidate\/\"},{\"@type\":\"ListItem\",\"position\":3,\"name\":\"FAQ\"}]},{\"@type\":\"WebSite\",\"@id\":\"https:\/\/bahsjourney.com\/#website\",\"url\":\"https:\/\/bahsjourney.com\/\",\"name\":\"BAHS Journey\",\"description\":\"\",\"publisher\":{\"@id\":\"https:\/\/bahsjourney.com\/#organization\"},\"potentialAction\":[{\"@type\":\"SearchAction\",\"target\":{\"@type\":\"EntryPoint\",\"urlTemplate\":\"https:\/\/bahsjourney.com\/?s={search_term_string}\"},\"query-input\":{\"@type\":\"PropertyValueSpecification\",\"valueRequired\":true,\"valueName\":\"search_term_string\"}}],\"inLanguage\":\"de\"},{\"@type\":\"Organization\",\"@id\":\"https:\/\/bahsjourney.com\/#organization\",\"name\":\"BAHS Journey\",\"url\":\"https:\/\/bahsjourney.com\/\",\"logo\":{\"@type\":\"ImageObject\",\"inLanguage\":\"de\",\"@id\":\"https:\/\/bahsjourney.com\/#\/schema\/logo\/image\/\",\"url\":\"https:\/\/bahsjourney.com\/wp-content\/uploads\/2023\/11\/oticon-Logo.svg\",\"contentUrl\":\"https:\/\/bahsjourney.com\/wp-content\/uploads\/2023\/11\/oticon-Logo.svg\",\"width\":1,\"height\":1,\"caption\":\"BAHS Journey\"},\"image\":{\"@id\":\"https:\/\/bahsjourney.com\/#\/schema\/logo\/image\/\"}}]}<\/script>\n<!-- \/ Yoast SEO plugin. -->","yoast_head_json":{"title":"FAQ - BAHS Journey","robots":{"index":"index","follow":"follow","max-snippet":"max-snippet:-1","max-image-preview":"max-image-preview:large","max-video-preview":"max-video-preview:-1"},"canonical":"https:\/\/bahsjourney.com\/de\/candidate\/faq\/","og_locale":"de_DE","og_type":"article","og_title":"FAQ - BAHS Journey","og_url":"https:\/\/bahsjourney.com\/de\/candidate\/faq\/","og_site_name":"BAHS Journey","article_modified_time":"2024-01-22T10:42:07+00:00","og_image":[{"url":"https:\/\/bahsjourney.com\/wp-content\/uploads\/2023\/12\/Herobild-FAQ-Mobile-1.png","type":"","width":"","height":""}],"twitter_card":"summary_large_image","twitter_misc":{"Gesch\u00e4tzte Lesezeit":"4\u00a0Minuten"},"schema":{"@context":"https:\/\/schema.org","@graph":[{"@type":"WebPage","@id":"https:\/\/bahsjourney.com\/de\/candidate\/faq\/","url":"https:\/\/bahsjourney.com\/de\/candidate\/faq\/","name":"FAQ - BAHS Journey","isPartOf":{"@id":"https:\/\/bahsjourney.com\/#website"},"primaryImageOfPage":{"@id":"https:\/\/bahsjourney.com\/de\/candidate\/faq\/#primaryimage"},"image":{"@id":"https:\/\/bahsjourney.com\/de\/candidate\/faq\/#primaryimage"},"thumbnailUrl":"https:\/\/bahsjourney.com\/wp-content\/uploads\/2023\/12\/Herobild-FAQ-Mobile-1.png","datePublished":"2023-10-19T14:11:11+00:00","dateModified":"2024-01-22T10:42:07+00:00","breadcrumb":{"@id":"https:\/\/bahsjourney.com\/de\/candidate\/faq\/#breadcrumb"},"inLanguage":"de","potentialAction":[{"@type":"ReadAction","target":["https:\/\/bahsjourney.com\/de\/candidate\/faq\/"]}]},{"@type":"ImageObject","inLanguage":"de","@id":"https:\/\/bahsjourney.com\/de\/candidate\/faq\/#primaryimage","url":"https:\/\/bahsjourney.com\/wp-content\/uploads\/2023\/12\/Herobild-FAQ-Mobile-1.png","contentUrl":"https:\/\/bahsjourney.com\/wp-content\/uploads\/2023\/12\/Herobild-FAQ-Mobile-1.png"},{"@type":"BreadcrumbList","@id":"https:\/\/bahsjourney.com\/de\/candidate\/faq\/#breadcrumb","itemListElement":[{"@type":"ListItem","position":1,"name":"Home","item":"https:\/\/bahsjourney.com\/de\/"},{"@type":"ListItem","position":2,"name":"Candidate","item":"https:\/\/bahsjourney.com\/de\/candidate\/"},{"@type":"ListItem","position":3,"name":"FAQ"}]},{"@type":"WebSite","@id":"https:\/\/bahsjourney.com\/#website","url":"https:\/\/bahsjourney.com\/","name":"BAHS Journey","description":"","publisher":{"@id":"https:\/\/bahsjourney.com\/#organization"},"potentialAction":[{"@type":"SearchAction","target":{"@type":"EntryPoint","urlTemplate":"https:\/\/bahsjourney.com\/?s={search_term_string}"},"query-input":{"@type":"PropertyValueSpecification","valueRequired":true,"valueName":"search_term_string"}}],"inLanguage":"de"},{"@type":"Organization","@id":"https:\/\/bahsjourney.com\/#organization","name":"BAHS Journey","url":"https:\/\/bahsjourney.com\/","logo":{"@type":"ImageObject","inLanguage":"de","@id":"https:\/\/bahsjourney.com\/#\/schema\/logo\/image\/","url":"https:\/\/bahsjourney.com\/wp-content\/uploads\/2023\/11\/oticon-Logo.svg","contentUrl":"https:\/\/bahsjourney.com\/wp-content\/uploads\/2023\/11\/oticon-Logo.svg","width":1,"height":1,"caption":"BAHS Journey"},"image":{"@id":"https:\/\/bahsjourney.com\/#\/schema\/logo\/image\/"}}]}},"_links":{"self":[{"href":"https:\/\/bahsjourney.com\/de\/wp-json\/wp\/v2\/pages\/5810"}],"collection":[{"href":"https:\/\/bahsjourney.com\/de\/wp-json\/wp\/v2\/pages"}],"about":[{"href":"https:\/\/bahsjourney.com\/de\/wp-json\/wp\/v2\/types\/page"}],"author":[{"embeddable":true,"href":"https:\/\/bahsjourney.com\/de\/wp-json\/wp\/v2\/users\/5"}],"replies":[{"embeddable":true,"href":"https:\/\/bahsjourney.com\/de\/wp-json\/wp\/v2\/comments?post=5810"}],"version-history":[{"count":1,"href":"https:\/\/bahsjourney.com\/de\/wp-json\/wp\/v2\/pages\/5810\/revisions"}],"predecessor-version":[{"id":5811,"href":"https:\/\/bahsjourney.com\/de\/wp-json\/wp\/v2\/pages\/5810\/revisions\/5811"}],"up":[{"embeddable":true,"href":"https:\/\/bahsjourney.com\/de\/wp-json\/wp\/v2\/pages\/5803"}],"wp:attachment":[{"href":"https:\/\/bahsjourney.com\/de\/wp-json\/wp\/v2\/media?parent=5810"}],"curies":[{"name":"wp","href":"https:\/\/api.w.org\/{rel}","templated":true}]}}