{"id":5805,"date":"2023-10-31T18:04:34","date_gmt":"2023-10-31T16:04:34","guid":{"rendered":"https:\/\/bahsjourney.com\/?page_id=5805"},"modified":"2024-01-23T09:25:25","modified_gmt":"2024-01-23T07:25:25","slug":"am-i-a-candidate","status":"publish","type":"page","link":"https:\/\/bahsjourney.com\/de\/candidate\/am-i-a-candidate\/","title":{"rendered":"Am I a candidate?"},"content":{"rendered":"<div id=\"mobile-hero\" data-block-id=\"26608914-038b-44cc-a7dc-d0ed019090b6\" data-section-title=\"\" style=\"\" class=\"haj-section haj-relative block-editor-block-list__block wp-block block-editor-block-list__block wp-block wp-block-haj-main-section-dynamic haj-hidden haj-block@m haj-p-0 has-white-background-color haj-height-auto offset-menu haj-w-full haj-flex-wrap haj-flex-middle haj-height-expand haj-height-expand@m haj-height-expand@s\">\n      \n\n<div class=\"wp-block-columns is-layout-flex wp-container-core-columns-is-layout-1 wp-block-columns-is-layout-flex\" style=\"padding-top:30px;padding-bottom:30px\">\n<div class=\"wp-block-column is-layout-flow wp-block-column-is-layout-flow\">\n<figure class=\"wp-block-image alignright size-full has-custom-border\"><img loading=\"lazy\" decoding=\"async\" width=\"1002\" height=\"722\" src=\"https:\/\/bahsjourney.com\/wp-content\/uploads\/2023\/12\/Herobild-Am-I-a-candidate-mobile.png\" alt=\"\" class=\"wp-image-2215\" style=\"border-top-left-radius:130px;border-bottom-left-radius:130px;object-fit:cover\" srcset=\"https:\/\/bahsjourney.com\/wp-content\/uploads\/2023\/12\/Herobild-Am-I-a-candidate-mobile.png 1002w, https:\/\/bahsjourney.com\/wp-content\/uploads\/2023\/12\/Herobild-Am-I-a-candidate-mobile-300x216.png 300w, https:\/\/bahsjourney.com\/wp-content\/uploads\/2023\/12\/Herobild-Am-I-a-candidate-mobile-768x553.png 768w\" sizes=\"(max-width: 1002px) 100vw, 1002px\" \/><\/figure>\n<\/div>\n<\/div>\n\n<\/div>\n\n<div id=\"hero-section\" data-block-id=\"187a1365-6fa7-4189-9d9d-cca7d90452f5\" data-section-title=\"\" style=\"\" class=\"haj-section haj-relative block-editor-block-list__block wp-block block-editor-block-list__block wp-block wp-block-haj-main-section-dynamic has-white-background-color haj-height-70vh offset-menu haj-height-auto@m haj-height-auto@xs haj-w-large haj-flex-wrap haj-flex-middle haj-height-expand haj-height-expand@m haj-height-expand@s\">\n         <img loading=\"lazy\" decoding=\"async\"\n         src=\"https:\/\/bahsjourney.com\/wp-content\/uploads\/2023\/12\/Herobild-Am-I-a-candidate.png\"\n         alt=\"\"\n         height=\"722\"\n         width=\"1321\"\n         style=\"width:46%; top:5vh; bottom:5vh; height:calc(100% - 10vh);\"\n         class=\"haj-background-image haj-right  haj-hidden@s haj-hidden@m\" \/>\n      \n\n<div class=\"wp-block-columns is-layout-flex wp-container-core-columns-is-layout-2 wp-block-columns-is-layout-flex\" style=\"padding-top:var(--wp--preset--spacing--80);padding-right:0;padding-bottom:var(--wp--preset--spacing--80);padding-left:0\">\n<div class=\"wp-block-column is-vertically-aligned-center hero-content haj-w-1-2 haj-w-full@m is-layout-flow wp-block-column-is-layout-flow\" style=\"padding-right:0;padding-left:0;flex-basis:45%\">\n<div class=\"wp-block-group is-vertical is-layout-flex wp-container-core-group-is-layout-1 wp-block-group-is-layout-flex\" style=\"padding-top:0;padding-right:0;padding-bottom:0;padding-left:0\">\n<h1 class=\"wp-block-heading\" style=\"margin-bottom:16px;font-style:normal;font-weight:300\">Ist ein Knochenverankertes H\u00f6rsystem (BAHS) f\u00fcr mich geeignet?<\/h1>\n\n\n\n<p class=\"has-medium-font-size\" style=\"margin-top:0;margin-right:0;margin-bottom:16px;margin-left:0;font-style:normal;font-weight:300\">Ein teilimplantiertes und im Knochen verankertes H\u00f6rsystem (BAHS) kann eine gute L\u00f6sung sein, wenn Ihre H\u00f6rminderung von Problemen im Au\u00dfen- oder Mittelohr herr\u00fchrt. Grund daf\u00fcr ist, dass diese H\u00f6rhilfen diese Teile des Ohrs umgehen und Kl\u00e4nge direkt an das Innenohr \u00fcbertragen.<\/p>\n\n\n\n<p class=\"has-text-align-left haj-flex haj-flex-middle haj-w-max download-link\"><a href=\"https:\/\/bahsjourney.com\/wp-content\/uploads\/2023\/12\/Lorem-Ipsum.pdf\"><\/a><\/p>\n<\/div>\n<\/div>\n<\/div>\n\n<\/div>\n\n<div id=\"ponto-system\" data-block-id=\"2e899858-fd9e-4e41-9d34-5ac74dc41743\" data-section-title=\"\" style=\"\" class=\"haj-section haj-relative block-editor-block-list__block wp-block block-editor-block-list__block wp-block has-child-selected wp-block-haj-main-section-dynamic has-orange-background-color haj-height-40vh offset-menu haj-height-auto@m haj-height-auto@xs haj-w-medium haj-flex-wrap haj-flex-middle haj-height-expand haj-height-expand@m haj-height-expand@s\">\n      \n\n<div class=\"wp-block-columns banner-section is-layout-flex wp-container-core-columns-is-layout-3 wp-block-columns-is-layout-flex\" style=\"margin-top:0;margin-bottom:0;padding-top:0;padding-bottom:0\">\n<div class=\"wp-block-column has-grey-color has-text-color has-global-padding is-layout-constrained wp-container-core-column-is-layout-3 wp-block-column-is-layout-constrained\" style=\"padding-top:0;padding-right:0;padding-bottom:0;padding-left:0\">\n<h3 class=\"wp-block-heading has-text-align-center has-white-color has-text-color has-link-color wp-elements-65ed96b35fca21e068d8e3d8963bba34\" style=\"margin-bottom:16px\">Lesen Sie die Patientenbrosch\u00fcre<\/h3>\n\n\n\n<p class=\"has-text-align-center has-white-color has-text-color has-link-color has-medium-font-size wp-elements-488c308232839cfc923a48b706ae476d\" style=\"margin-bottom:22px\">Die BAHS-Patientenbrosch\u00fcre enth\u00e4lt n\u00fctzliche Informationen \u00fcber knochenverankertes H\u00f6ren und wie Sie davon profitieren k\u00f6nnen.<\/p>\n\n\n\n<p class=\"has-text-align-left haj-flex haj-flex-middle haj-w-max download-link has-white-color has-text-color has-link-color wp-elements-9192c5edcb44d0cad0f38b24c98d4ac7\" style=\"text-decoration:none\"><img decoding=\"async\" class=\"wp-image-962\" style=\"width: NaNpx;\" src=\"https:\/\/bahsjourney.com\/wp-content\/uploads\/2023\/11\/download-2.svg\" alt=\"download\"><a href=\"https:\/\/bahsjourney.com\/wp-content\/uploads\/2024\/01\/270471DE_CBR_Candidate-brochure_Version-A_2024.01.pdf\" target=\"_blank\" rel=\"noreferrer noopener\">Patientenbrosch\u00fcre herunterladen<\/a><\/p>\n<\/div>\n<\/div>\n\n<\/div>\n\n<div id=\"\" data-block-id=\"dab4f32e-0efd-41da-bca6-a4a9b01cd1ca\" data-section-title=\"\" style=\"\" class=\"haj-section haj-relative block-editor-block-list__block wp-block block-editor-block-list__block wp-block wp-block-haj-main-section-dynamic has-white-background-color haj-height-auto offset-menu haj-w-large haj-flex-wrap haj-flex-middle haj-height-expand haj-height-expand@m haj-height-expand@s\">\n      \n\n<div class=\"wp-block-columns is-layout-flex wp-container-core-columns-is-layout-4 wp-block-columns-is-layout-flex\" style=\"padding-top:60px;padding-bottom:60px\">\n<div class=\"wp-block-column is-vertically-aligned-bottom haj-height-full left-text-column is-layout-flow wp-block-column-is-layout-flow\" style=\"padding-top:0;padding-right:0;padding-bottom:0;padding-left:0\">\n<div class=\"wp-block-group has-global-padding is-content-justification-left is-layout-constrained wp-container-core-group-is-layout-2 wp-block-group-is-layout-constrained\" style=\"padding-top:0;padding-right:0;padding-bottom:0;padding-left:0\">\n<h2 class=\"wp-block-heading\" style=\"margin-bottom:16px\">Finden Sie heraus, ob Sie in Frage kommen<\/h2>\n\n\n\n<p style=\"margin-bottom:var(--wp--preset--spacing--30)\">Erwachsene und Kinder k\u00f6nnen ein Knochenverankertes H\u00f6rsystem (BAHS) erhalten, wenn sie an&nbsp;<strong>Schallleitungs- und kombinierter Schwerh\u00f6rigkeit<\/strong> leiden oder wenn sie eine einseitige hochgradige H\u00f6rminderung haben, auch bekannt als&nbsp;<strong>einseitige Taubheit (SSD)<\/strong>.Die sekund\u00e4re Indikationskategorie umfasst Menschen, die andere k\u00f6rperliche Merkmale oder andere medizinische Bedingungen aufweisen, die das Tragen eines herk\u00f6mmlichen H\u00f6rger\u00e4ts unm\u00f6glich machen.<\/p>\n\n\n\n<p>Kinder, die zu jung f\u00fcr ein Implantat sind oder tempor\u00e4re H\u00f6rprobleme haben, k\u00f6nnen den H\u00f6rprozessor mit einem Softband tragen. Das ist ein flexibles und anpassbares Band, das f\u00fcr verschiedenste Kopfgr\u00f6\u00dfen verf\u00fcgbar ist.<\/p>\n<\/div>\n<\/div>\n\n\n\n<div class=\"wp-block-column is-vertically-aligned-bottom haj-height-full is-layout-flow wp-block-column-is-layout-flow\">\n<div class=\"wp-block-group bordered-list has-medium-font-size has-global-padding is-layout-constrained wp-container-core-group-is-layout-3 wp-block-group-is-layout-constrained\" style=\"border-left-color:var(--wp--preset--color--orange);border-left-width:4px;padding-left:26px\">\n<h4 class=\"wp-block-heading\" style=\"margin-bottom:16px\">Ein Knochenverankertes H\u00f6rsystem (BAHS) kann erfolgreich von Erwachsenen und Kindern* getragen werden, die an Folgendem leiden:<\/h4>\n\n\n\n<ul class=\"wp-block-list\" style=\"line-height:1.6\">\n<li>Schallleitungsschwerh\u00f6rigkeit<\/li>\n\n\n\n<li>Sensorineuraler H\u00f6rverlust<\/li>\n\n\n\n<li>Kombinierte Schwerh\u00f6rigkeit<\/li>\n\n\n\n<li>Einseitige Taubheit<\/li>\n\n\n\n<li>Probleme mit Geh\u00f6rgang und Mittelohr<\/li>\n\n\n\n<li>Fehlbildungen des Au\u00dfenohrs, wie Atresie und Mikrotie<\/li>\n\n\n\n<li>H\u00f6rminderung aufgrund von chronischen Ohrentz\u00fcndungen<\/li>\n<\/ul>\n<\/div>\n<\/div>\n<\/div>\n\n\n\n<div class=\"wp-block-columns is-layout-flex wp-container-core-columns-is-layout-5 wp-block-columns-is-layout-flex\">\n<div class=\"wp-block-column is-layout-flow wp-block-column-is-layout-flow\">\n<p class=\"has-text-align-center has-sand-medium-color has-text-color has-link-color wp-elements-6b7a63f75d388b3c5207af694d4ae1ab\" style=\"margin-bottom:var(--wp--preset--spacing--30);font-size:14px;font-style:italic;font-weight:300\">*In den USA, Kanada und Singapur ist der Einsatz eines im Knochen verankerten Implantats bei Kindern unter f\u00fcnf Jahren kontraindiziert.<\/p>\n<\/div>\n<\/div>\n\n<\/div>\n\n<div id=\"ponto-system\" data-block-id=\"2e899858-fd9e-4e41-9d34-5ac74dc41743\" data-section-title=\"\" style=\"\" class=\"haj-section haj-relative block-editor-block-list__block wp-block block-editor-block-list__block wp-block wp-block-haj-main-section-dynamic has-light-grey-background-color haj-height-50vh offset-menu haj-height-auto@m haj-height-auto@xs haj-w-medium haj-flex-wrap haj-flex-middle haj-height-expand haj-height-expand@m haj-height-expand@s\">\n      \n\n<div class=\"wp-block-columns banner-section is-layout-flex wp-container-core-columns-is-layout-6 wp-block-columns-is-layout-flex\" style=\"margin-top:0;margin-bottom:0;padding-top:0;padding-bottom:0\">\n<div class=\"wp-block-column has-grey-color has-text-color has-global-padding is-layout-constrained wp-container-core-column-is-layout-7 wp-block-column-is-layout-constrained\" style=\"padding-top:0;padding-right:0;padding-bottom:0;padding-left:0\">\n<h3 class=\"wp-block-heading has-text-align-center\" style=\"margin-bottom:16px\">Finden Sie eine Klinik in Ihrer N\u00e4he<\/h3>\n\n\n\n<p class=\"has-text-align-center has-medium-font-size\">Um herauszufinden, ob ein Knochenverankertes H\u00f6rsystem (BAHS) die richtige L\u00f6sung f\u00fcr Sie ist, sprechen Sie mit Ihrem Akustiker und Ihrem Arzt. Hier kann Ihr Geh\u00f6r getestet und bewertet werden und festgestellt, ob Sie f\u00fcr ein H\u00f6rsystem dieser Art geeignet sind. Wenn ja, k\u00f6nnen Sie einen Ponto&nbsp;5 H\u00f6rprozessor ausprobieren, um diese Art des H\u00f6rens kennenzulernen und Sie bei Ihrer Entscheidung f\u00fcr ein Knochenverankertes H\u00f6rsystem (BAHS) zu unterst\u00fctzen. Wir helfen Ihnen gern, die richtige Klinik zu finden.<\/p>\n\n\n\n<div class=\"wp-block-buttons is-content-justification-center is-layout-flex wp-container-core-buttons-is-layout-1 wp-block-buttons-is-layout-flex\" style=\"margin-top:27px\">\n<div class=\"wp-block-button\"><a class=\"wp-block-button__link has-white-color has-text-color wp-element-button\" href=\"https:\/\/www.oticonmedical.com\/de\/about-oticon-medical\/contact-us\" target=\"_blank\" rel=\"noreferrer noopener\">Kontaktieren Sie uns<\/a><\/div>\n<\/div>\n<\/div>\n<\/div>\n\n<\/div>","protected":false},"excerpt":{"rendered":"","protected":false},"author":5,"featured_media":0,"parent":5803,"menu_order":0,"comment_status":"closed","ping_status":"closed","template":"wp-custom-template-candidate-pages","meta":{"_acf_changed":false,"footnotes":""},"class_list":["post-5805","page","type-page","status-publish","hentry"],"acf":[],"yoast_head":"<!-- This site is optimized with the Yoast SEO plugin v24.7 - https:\/\/yoast.com\/wordpress\/plugins\/seo\/ -->\n<title>Am I a candidate? - BAHS Journey<\/title>\n<meta name=\"robots\" content=\"index, follow, max-snippet:-1, max-image-preview:large, max-video-preview:-1\" \/>\n<link rel=\"canonical\" href=\"https:\/\/bahsjourney.com\/de\/candidate\/am-i-a-candidate\/\" \/>\n<meta property=\"og:locale\" content=\"de_DE\" \/>\n<meta property=\"og:type\" content=\"article\" \/>\n<meta property=\"og:title\" content=\"Am I a candidate? - BAHS Journey\" \/>\n<meta property=\"og:url\" content=\"https:\/\/bahsjourney.com\/de\/candidate\/am-i-a-candidate\/\" \/>\n<meta property=\"og:site_name\" content=\"BAHS Journey\" \/>\n<meta property=\"article:modified_time\" content=\"2024-01-23T07:25:25+00:00\" \/>\n<meta property=\"og:image\" content=\"https:\/\/bahsjourney.com\/wp-content\/uploads\/2023\/12\/Herobild-Am-I-a-candidate-mobile.png\" \/>\n<meta name=\"twitter:card\" content=\"summary_large_image\" \/>\n<meta name=\"twitter:label1\" content=\"Gesch\u00e4tzte Lesezeit\" \/>\n\t<meta name=\"twitter:data1\" content=\"2\u00a0Minuten\" \/>\n<script type=\"application\/ld+json\" class=\"yoast-schema-graph\">{\"@context\":\"https:\/\/schema.org\",\"@graph\":[{\"@type\":\"WebPage\",\"@id\":\"https:\/\/bahsjourney.com\/de\/candidate\/am-i-a-candidate\/\",\"url\":\"https:\/\/bahsjourney.com\/de\/candidate\/am-i-a-candidate\/\",\"name\":\"Am I a candidate? - BAHS Journey\",\"isPartOf\":{\"@id\":\"https:\/\/bahsjourney.com\/#website\"},\"primaryImageOfPage\":{\"@id\":\"https:\/\/bahsjourney.com\/de\/candidate\/am-i-a-candidate\/#primaryimage\"},\"image\":{\"@id\":\"https:\/\/bahsjourney.com\/de\/candidate\/am-i-a-candidate\/#primaryimage\"},\"thumbnailUrl\":\"https:\/\/bahsjourney.com\/wp-content\/uploads\/2023\/12\/Herobild-Am-I-a-candidate-mobile.png\",\"datePublished\":\"2023-10-31T16:04:34+00:00\",\"dateModified\":\"2024-01-23T07:25:25+00:00\",\"breadcrumb\":{\"@id\":\"https:\/\/bahsjourney.com\/de\/candidate\/am-i-a-candidate\/#breadcrumb\"},\"inLanguage\":\"de\",\"potentialAction\":[{\"@type\":\"ReadAction\",\"target\":[\"https:\/\/bahsjourney.com\/de\/candidate\/am-i-a-candidate\/\"]}]},{\"@type\":\"ImageObject\",\"inLanguage\":\"de\",\"@id\":\"https:\/\/bahsjourney.com\/de\/candidate\/am-i-a-candidate\/#primaryimage\",\"url\":\"https:\/\/bahsjourney.com\/wp-content\/uploads\/2023\/12\/Herobild-Am-I-a-candidate-mobile.png\",\"contentUrl\":\"https:\/\/bahsjourney.com\/wp-content\/uploads\/2023\/12\/Herobild-Am-I-a-candidate-mobile.png\"},{\"@type\":\"BreadcrumbList\",\"@id\":\"https:\/\/bahsjourney.com\/de\/candidate\/am-i-a-candidate\/#breadcrumb\",\"itemListElement\":[{\"@type\":\"ListItem\",\"position\":1,\"name\":\"Home\",\"item\":\"https:\/\/bahsjourney.com\/de\/\"},{\"@type\":\"ListItem\",\"position\":2,\"name\":\"Candidate\",\"item\":\"https:\/\/bahsjourney.com\/de\/candidate\/\"},{\"@type\":\"ListItem\",\"position\":3,\"name\":\"Am I a candidate?\"}]},{\"@type\":\"WebSite\",\"@id\":\"https:\/\/bahsjourney.com\/#website\",\"url\":\"https:\/\/bahsjourney.com\/\",\"name\":\"BAHS Journey\",\"description\":\"\",\"publisher\":{\"@id\":\"https:\/\/bahsjourney.com\/#organization\"},\"potentialAction\":[{\"@type\":\"SearchAction\",\"target\":{\"@type\":\"EntryPoint\",\"urlTemplate\":\"https:\/\/bahsjourney.com\/?s={search_term_string}\"},\"query-input\":{\"@type\":\"PropertyValueSpecification\",\"valueRequired\":true,\"valueName\":\"search_term_string\"}}],\"inLanguage\":\"de\"},{\"@type\":\"Organization\",\"@id\":\"https:\/\/bahsjourney.com\/#organization\",\"name\":\"BAHS Journey\",\"url\":\"https:\/\/bahsjourney.com\/\",\"logo\":{\"@type\":\"ImageObject\",\"inLanguage\":\"de\",\"@id\":\"https:\/\/bahsjourney.com\/#\/schema\/logo\/image\/\",\"url\":\"https:\/\/bahsjourney.com\/wp-content\/uploads\/2023\/11\/oticon-Logo.svg\",\"contentUrl\":\"https:\/\/bahsjourney.com\/wp-content\/uploads\/2023\/11\/oticon-Logo.svg\",\"width\":1,\"height\":1,\"caption\":\"BAHS Journey\"},\"image\":{\"@id\":\"https:\/\/bahsjourney.com\/#\/schema\/logo\/image\/\"}}]}<\/script>\n<!-- \/ Yoast SEO plugin. -->","yoast_head_json":{"title":"Am I a candidate? - BAHS Journey","robots":{"index":"index","follow":"follow","max-snippet":"max-snippet:-1","max-image-preview":"max-image-preview:large","max-video-preview":"max-video-preview:-1"},"canonical":"https:\/\/bahsjourney.com\/de\/candidate\/am-i-a-candidate\/","og_locale":"de_DE","og_type":"article","og_title":"Am I a candidate? - BAHS Journey","og_url":"https:\/\/bahsjourney.com\/de\/candidate\/am-i-a-candidate\/","og_site_name":"BAHS Journey","article_modified_time":"2024-01-23T07:25:25+00:00","og_image":[{"url":"https:\/\/bahsjourney.com\/wp-content\/uploads\/2023\/12\/Herobild-Am-I-a-candidate-mobile.png","type":"","width":"","height":""}],"twitter_card":"summary_large_image","twitter_misc":{"Gesch\u00e4tzte Lesezeit":"2\u00a0Minuten"},"schema":{"@context":"https:\/\/schema.org","@graph":[{"@type":"WebPage","@id":"https:\/\/bahsjourney.com\/de\/candidate\/am-i-a-candidate\/","url":"https:\/\/bahsjourney.com\/de\/candidate\/am-i-a-candidate\/","name":"Am I a candidate? - BAHS Journey","isPartOf":{"@id":"https:\/\/bahsjourney.com\/#website"},"primaryImageOfPage":{"@id":"https:\/\/bahsjourney.com\/de\/candidate\/am-i-a-candidate\/#primaryimage"},"image":{"@id":"https:\/\/bahsjourney.com\/de\/candidate\/am-i-a-candidate\/#primaryimage"},"thumbnailUrl":"https:\/\/bahsjourney.com\/wp-content\/uploads\/2023\/12\/Herobild-Am-I-a-candidate-mobile.png","datePublished":"2023-10-31T16:04:34+00:00","dateModified":"2024-01-23T07:25:25+00:00","breadcrumb":{"@id":"https:\/\/bahsjourney.com\/de\/candidate\/am-i-a-candidate\/#breadcrumb"},"inLanguage":"de","potentialAction":[{"@type":"ReadAction","target":["https:\/\/bahsjourney.com\/de\/candidate\/am-i-a-candidate\/"]}]},{"@type":"ImageObject","inLanguage":"de","@id":"https:\/\/bahsjourney.com\/de\/candidate\/am-i-a-candidate\/#primaryimage","url":"https:\/\/bahsjourney.com\/wp-content\/uploads\/2023\/12\/Herobild-Am-I-a-candidate-mobile.png","contentUrl":"https:\/\/bahsjourney.com\/wp-content\/uploads\/2023\/12\/Herobild-Am-I-a-candidate-mobile.png"},{"@type":"BreadcrumbList","@id":"https:\/\/bahsjourney.com\/de\/candidate\/am-i-a-candidate\/#breadcrumb","itemListElement":[{"@type":"ListItem","position":1,"name":"Home","item":"https:\/\/bahsjourney.com\/de\/"},{"@type":"ListItem","position":2,"name":"Candidate","item":"https:\/\/bahsjourney.com\/de\/candidate\/"},{"@type":"ListItem","position":3,"name":"Am I a candidate?"}]},{"@type":"WebSite","@id":"https:\/\/bahsjourney.com\/#website","url":"https:\/\/bahsjourney.com\/","name":"BAHS Journey","description":"","publisher":{"@id":"https:\/\/bahsjourney.com\/#organization"},"potentialAction":[{"@type":"SearchAction","target":{"@type":"EntryPoint","urlTemplate":"https:\/\/bahsjourney.com\/?s={search_term_string}"},"query-input":{"@type":"PropertyValueSpecification","valueRequired":true,"valueName":"search_term_string"}}],"inLanguage":"de"},{"@type":"Organization","@id":"https:\/\/bahsjourney.com\/#organization","name":"BAHS Journey","url":"https:\/\/bahsjourney.com\/","logo":{"@type":"ImageObject","inLanguage":"de","@id":"https:\/\/bahsjourney.com\/#\/schema\/logo\/image\/","url":"https:\/\/bahsjourney.com\/wp-content\/uploads\/2023\/11\/oticon-Logo.svg","contentUrl":"https:\/\/bahsjourney.com\/wp-content\/uploads\/2023\/11\/oticon-Logo.svg","width":1,"height":1,"caption":"BAHS Journey"},"image":{"@id":"https:\/\/bahsjourney.com\/#\/schema\/logo\/image\/"}}]}},"_links":{"self":[{"href":"https:\/\/bahsjourney.com\/de\/wp-json\/wp\/v2\/pages\/5805"}],"collection":[{"href":"https:\/\/bahsjourney.com\/de\/wp-json\/wp\/v2\/pages"}],"about":[{"href":"https:\/\/bahsjourney.com\/de\/wp-json\/wp\/v2\/types\/page"}],"author":[{"embeddable":true,"href":"https:\/\/bahsjourney.com\/de\/wp-json\/wp\/v2\/users\/5"}],"replies":[{"embeddable":true,"href":"https:\/\/bahsjourney.com\/de\/wp-json\/wp\/v2\/comments?post=5805"}],"version-history":[{"count":4,"href":"https:\/\/bahsjourney.com\/de\/wp-json\/wp\/v2\/pages\/5805\/revisions"}],"predecessor-version":[{"id":6186,"href":"https:\/\/bahsjourney.com\/de\/wp-json\/wp\/v2\/pages\/5805\/revisions\/6186"}],"up":[{"embeddable":true,"href":"https:\/\/bahsjourney.com\/de\/wp-json\/wp\/v2\/pages\/5803"}],"wp:attachment":[{"href":"https:\/\/bahsjourney.com\/de\/wp-json\/wp\/v2\/media?parent=5805"}],"curies":[{"name":"wp","href":"https:\/\/api.w.org\/{rel}","templated":true}]}}