{"id":5188,"date":"2023-11-17T11:06:01","date_gmt":"2023-11-17T09:06:01","guid":{"rendered":"https:\/\/bahsjourney.com\/?page_id=5188"},"modified":"2024-01-19T11:02:48","modified_gmt":"2024-01-19T09:02:48","slug":"coockiepolitik","status":"publish","type":"page","link":"https:\/\/bahsjourney.com\/da\/coockiepolitik\/","title":{"rendered":"Coockiepolitik"},"content":{"rendered":"<div id=\"cookie-page\" data-block-id=\"958f5280-79be-4ec8-890f-884351e1ac02\" data-section-title=\"\" style=\"\" class=\"haj-section haj-relative block-editor-block-list__block wp-block block-editor-block-list__block wp-block has-child-selected wp-block-haj-main-section-dynamic has-white-background-color haj-height-auto offset-menu haj-w-small haj-flex-wrap haj-flex-middle haj-height-expand haj-height-expand@m haj-height-expand@s\">\n      \n\n<div class=\"wp-block-columns is-layout-flex wp-container-core-columns-is-layout-1 wp-block-columns-is-layout-flex\" style=\"padding-top:var(--wp--preset--spacing--50);padding-bottom:var(--wp--preset--spacing--50)\">\n<div class=\"wp-block-column is-layout-flow wp-block-column-is-layout-flow\">\n<h1 class=\"wp-block-heading has-text-align-center\">Coockiepolitik<\/h1>\n\n\n\n<p><strong><strong>Dette websted stilles til r\u00e5dighed og drives af Oticon Medical AB, Datav\u00e4gen 37B, 436 32 Askim, Sverige<\/strong><\/strong><\/p>\n\n\n\n<p><\/p>\n\n\n\n<p>Denne politik g\u00e6lder for cookies osv., der bruges via vores websteder. Hvis du ikke er enig med begreberne heri, skal du ikke bruge dette websted, og du skal slette de cookies, som webstedet har overf\u00f8rt til din enhed.<\/p>\n\n\n\n<p><\/p>\n\n\n\n<p>Oplysningerne i denne cookiepolitik f\u00e5r du p\u00e5 en \u00e5ben og transparent m\u00e5de, s\u00e5 du kan se, hvordan cookies anvendes for at \u00f8ge din brugeroplevelse p\u00e5 siden, og s\u00e5 du kan tr\u00e6ffe et informeret valg for at tillade brugen af cookies. Hvis du imidlertid gerne vil slette cookies, kan du g\u00f8re dette via indstillingerne i din browser. Nedenfor kan du l\u00e6se mere om vores websteders brug af cookies.<\/p>\n\n\n\n<p><\/p>\n\n\n\n<h2 class=\"wp-block-heading\">Cookies<\/h2>\n\n\n\n<p>N\u00e5r du bes\u00f8ger dette websted, vil din onlineenhed automatisk modtage \u00e9n eller flere cookies, der overf\u00f8res fra dette websted eller tredjepartsdom\u00e6ne til din internetbrowser.<\/p>\n\n\n\n<p><\/p>\n\n\n\n<h2 class=\"wp-block-heading\">Hvad er en cookie?<\/h2>\n\n\n\n<p>En cookie er en lille datafil, som bliver gemt p\u00e5 din computer, tablet eller mobiltelefon. En cookie er ikke et program, der kan indeholde skadelige programmer eller virus.<\/p>\n\n\n\n<p><\/p>\n\n\n\n<h2 class=\"wp-block-heading\">Hjemmesidens brug af cookies<\/h2>\n\n\n\n<p>Cookies er n\u00f8dvendige for at f\u00e5 hjemmesiden til at fungere. Cookies hj\u00e6lper os desuden med at f\u00e5 overblik over dit bes\u00f8g p\u00e5 hjemmesiden, s\u00e5 vi l\u00f8bende kan optimere og m\u00e5lrette hjemmesiden til dine behov og interesser. Cookies husker f.eks., hvad du har lagt i en eventuel indk\u00f8bskurv, om du tidligere har bes\u00f8gt siden, om du er logget ind og hvilket sprog og valuta, du gerne vil have vist p\u00e5 hjemmesiden. Vi bruger ogs\u00e5 cookies til at m\u00e5lrette vores annoncer over for dig p\u00e5 andre hjemmesider. Helt overordnet anvendes cookies s\u00e5ledes som del af vores service til at vise indhold, der er s\u00e5 relevant som muligt for dig.<\/p>\n\n\n\n<p><\/p>\n\n\n\n<h2 class=\"wp-block-heading\">Hvor l\u00e6nge opbevares cookies?<\/h2>\n\n\n\n<p>Det er varierende, hvor l\u00e6nge cookies opbevares p\u00e5 dit udstyr. Tiden regnes fra den seneste gang, du var inden p\u00e5 hjemmesiden. Efter udl\u00f8b vil cookies automatisk blive slettet. Du kan se en fuldendt liste nedenfor.<\/p>\n\n\n\n<p><\/p>\n\n\n\n<h2 class=\"wp-block-heading\">S\u00e5dan afviser eller sletter du dine cookies<\/h2>\n\n\n\n<p>Du kan altid afvise cookies p\u00e5 din computer, tablet eller telefon ved at \u00e6ndre indstillingerne i din browser. Hvor du finder indstillingerne afh\u00e6nger af, hvilken browser du anvender. Du skal dog v\u00e6re opm\u00e6rksom p\u00e5, at hvis du g\u00f8r det, er der mange funktioner og services, du ikke kan bruge, fordi de foruds\u00e6tter, at hjemmesiden kan huske de valg, du foretager.<br>Du kan frav\u00e6lge cookies fra Google Analytics\u00a0<a href=\"https:\/\/tools.google.com\/dlpage\/gaoptout\" target=\"_blank\" rel=\"noreferrer noopener\">her<\/a>.<br>Det er muligt at frav\u00e6lge nogle annoncenetv\u00e6rk, der deler oplysninger p\u00e5 tv\u00e6rs af forskellige netv\u00e6rk\u00a0<a href=\"http:\/\/www.youronlinechoices.com\/uk\/your-ad-choices\" target=\"_blank\" rel=\"noreferrer noopener\">her<\/a>.<\/p>\n\n\n\n<p><\/p>\n\n\n\n<h2 class=\"wp-block-heading\">Sletning af cookies<\/h2>\n\n\n\n<p>Cookies som du tidligere har accepteret, kan efterf\u00f8lgende slettes nemt. Benytter du en PC med en nyere browser, kan du slette dine cookies ved at bruge genvejstasterne: CTRL + SHIFT + Delete.<\/p>\n\n\n\n<p>Virker genvejstasterne ikke, og\/eller benytter du en MAC, skal du starte med at finde ud af, hvilken browser du bruger og herefter klikke p\u00e5 det relevante link:<\/p>\n\n\n\n<ul class=\"wp-block-list\">\n<li><a href=\"https:\/\/support.microsoft.com\/en-us\/help\/17442\/windows-internet-explorer-delete-manage-cookies#ie=ie-11\" target=\"_blank\" rel=\"noreferrer noopener\">Internet Explorer<\/a><\/li>\n\n\n\n<li><a href=\"https:\/\/support.mozilla.org\/en-US\/kb\/delete-cookies-remove-info-websites-stored\" target=\"_blank\" rel=\"noreferrer noopener\">Mozilla Firefox<\/a><\/li>\n\n\n\n<li><a href=\"https:\/\/support.google.com\/chrome\/answer\/95647?hl=en\" target=\"_blank\" rel=\"noreferrer noopener\">Google Chrome<\/a><\/li>\n\n\n\n<li><a href=\"https:\/\/www.opera.com\/help\/tutorials\/security\/cookies\" target=\"_blank\" rel=\"noreferrer noopener\">Opera<\/a><\/li>\n\n\n\n<li><a href=\"https:\/\/support.apple.com\/en-us\/HT201265\" target=\"_blank\" rel=\"noreferrer noopener\">Safari<\/a><\/li>\n\n\n\n<li><a href=\"https:\/\/www.macromedia.com\/support\/documentation\/en\/flashplayer\/help\/settings_manager07.html\" target=\"_blank\" rel=\"noreferrer noopener\">Flash cookies<\/a><\/li>\n\n\n\n<li><a href=\"https:\/\/support.apple.com\/en-us\/HT1677\" target=\"_blank\" rel=\"noreferrer noopener\">Apple<\/a><\/li>\n\n\n\n<li><a href=\"https:\/\/timeread.hubpages.com\/hub\/How-to-delete-internet-cookies-on-your-Droid-or-any-Android-device\" target=\"_blank\" rel=\"noreferrer noopener\">Android<\/a><\/li>\n\n\n\n<li><a href=\"https:\/\/support.microsoft.com\/en-us\/help\/11696\/windows-phone-7\" target=\"_blank\" rel=\"noreferrer noopener\">Windows 7<\/a><\/li>\n<\/ul>\n\n\n\n<p>Husk: Bruger du flere Internet-browsere, skal du slette cookies i dem alle.<\/p>\n\n\n\n<p><\/p>\n\n\n\n<h2 class=\"wp-block-heading\">Har du sp\u00f8rgsm\u00e5l?<\/h2>\n\n\n\n<p class=\"has-link-color wp-elements-27492ada03afd76f98d6fc48290a85b6\">Har du kommentarer eller sp\u00f8rgsm\u00e5l i forbindelse med vores information og\/eller behandling af personlige oplysninger, er du velkommen til at kontakte os. Selve cookiedeklarationen bliver opdateret hver m\u00e5ned af\u00a0<a href=\"https:\/\/cookieinformation.com\/\" target=\"_blank\" rel=\"noreferrer noopener\">Cookie Information<\/a>\u00a0og hvis du har nogen sp\u00f8rgsm\u00e5l til den, s\u00e5 kan du skrive til\u00a0<a href=\"mailto:info@cookieinformation.com\">info@cookieinformation.com<\/a>.<\/p>\n\n\n\n<div class= \"cky-audit-table-element\"><\/div>\n<\/div>\n<\/div>\n\n<\/div>","protected":false},"excerpt":{"rendered":"","protected":false},"author":5,"featured_media":0,"parent":0,"menu_order":0,"comment_status":"closed","ping_status":"closed","template":"wp-custom-template-professional-pages","meta":{"_acf_changed":false,"footnotes":""},"class_list":["post-5188","page","type-page","status-publish","hentry"],"acf":[],"yoast_head":"<!-- This site is optimized with the Yoast SEO plugin v24.7 - https:\/\/yoast.com\/wordpress\/plugins\/seo\/ -->\n<title>Coockiepolitik - BAHS Journey<\/title>\n<meta name=\"robots\" content=\"index, follow, max-snippet:-1, max-image-preview:large, max-video-preview:-1\" \/>\n<link rel=\"canonical\" href=\"https:\/\/bahsjourney.com\/da\/coockiepolitik\/\" \/>\n<meta property=\"og:locale\" content=\"da_DK\" \/>\n<meta property=\"og:type\" content=\"article\" \/>\n<meta property=\"og:title\" content=\"Coockiepolitik - BAHS Journey\" \/>\n<meta property=\"og:url\" content=\"https:\/\/bahsjourney.com\/da\/coockiepolitik\/\" \/>\n<meta property=\"og:site_name\" content=\"BAHS Journey\" \/>\n<meta property=\"article:modified_time\" content=\"2024-01-19T09:02:48+00:00\" \/>\n<meta name=\"twitter:card\" content=\"summary_large_image\" \/>\n<meta name=\"twitter:label1\" content=\"Estimeret l\u00e6setid\" \/>\n\t<meta name=\"twitter:data1\" content=\"3 minutter\" \/>\n<script type=\"application\/ld+json\" class=\"yoast-schema-graph\">{\"@context\":\"https:\/\/schema.org\",\"@graph\":[{\"@type\":\"WebPage\",\"@id\":\"https:\/\/bahsjourney.com\/da\/coockiepolitik\/\",\"url\":\"https:\/\/bahsjourney.com\/da\/coockiepolitik\/\",\"name\":\"Coockiepolitik - BAHS Journey\",\"isPartOf\":{\"@id\":\"https:\/\/bahsjourney.com\/#website\"},\"datePublished\":\"2023-11-17T09:06:01+00:00\",\"dateModified\":\"2024-01-19T09:02:48+00:00\",\"breadcrumb\":{\"@id\":\"https:\/\/bahsjourney.com\/da\/coockiepolitik\/#breadcrumb\"},\"inLanguage\":\"da-DK\",\"potentialAction\":[{\"@type\":\"ReadAction\",\"target\":[\"https:\/\/bahsjourney.com\/da\/coockiepolitik\/\"]}]},{\"@type\":\"BreadcrumbList\",\"@id\":\"https:\/\/bahsjourney.com\/da\/coockiepolitik\/#breadcrumb\",\"itemListElement\":[{\"@type\":\"ListItem\",\"position\":1,\"name\":\"Home\",\"item\":\"https:\/\/bahsjourney.com\/da\/\"},{\"@type\":\"ListItem\",\"position\":2,\"name\":\"Coockiepolitik\"}]},{\"@type\":\"WebSite\",\"@id\":\"https:\/\/bahsjourney.com\/#website\",\"url\":\"https:\/\/bahsjourney.com\/\",\"name\":\"BAHS Journey\",\"description\":\"\",\"publisher\":{\"@id\":\"https:\/\/bahsjourney.com\/#organization\"},\"potentialAction\":[{\"@type\":\"SearchAction\",\"target\":{\"@type\":\"EntryPoint\",\"urlTemplate\":\"https:\/\/bahsjourney.com\/?s={search_term_string}\"},\"query-input\":{\"@type\":\"PropertyValueSpecification\",\"valueRequired\":true,\"valueName\":\"search_term_string\"}}],\"inLanguage\":\"da-DK\"},{\"@type\":\"Organization\",\"@id\":\"https:\/\/bahsjourney.com\/#organization\",\"name\":\"BAHS Journey\",\"url\":\"https:\/\/bahsjourney.com\/\",\"logo\":{\"@type\":\"ImageObject\",\"inLanguage\":\"da-DK\",\"@id\":\"https:\/\/bahsjourney.com\/#\/schema\/logo\/image\/\",\"url\":\"https:\/\/bahsjourney.com\/wp-content\/uploads\/2023\/11\/oticon-Logo.svg\",\"contentUrl\":\"https:\/\/bahsjourney.com\/wp-content\/uploads\/2023\/11\/oticon-Logo.svg\",\"width\":1,\"height\":1,\"caption\":\"BAHS Journey\"},\"image\":{\"@id\":\"https:\/\/bahsjourney.com\/#\/schema\/logo\/image\/\"}}]}<\/script>\n<!-- \/ Yoast SEO plugin. -->","yoast_head_json":{"title":"Coockiepolitik - BAHS Journey","robots":{"index":"index","follow":"follow","max-snippet":"max-snippet:-1","max-image-preview":"max-image-preview:large","max-video-preview":"max-video-preview:-1"},"canonical":"https:\/\/bahsjourney.com\/da\/coockiepolitik\/","og_locale":"da_DK","og_type":"article","og_title":"Coockiepolitik - BAHS Journey","og_url":"https:\/\/bahsjourney.com\/da\/coockiepolitik\/","og_site_name":"BAHS Journey","article_modified_time":"2024-01-19T09:02:48+00:00","twitter_card":"summary_large_image","twitter_misc":{"Estimeret l\u00e6setid":"3 minutter"},"schema":{"@context":"https:\/\/schema.org","@graph":[{"@type":"WebPage","@id":"https:\/\/bahsjourney.com\/da\/coockiepolitik\/","url":"https:\/\/bahsjourney.com\/da\/coockiepolitik\/","name":"Coockiepolitik - BAHS Journey","isPartOf":{"@id":"https:\/\/bahsjourney.com\/#website"},"datePublished":"2023-11-17T09:06:01+00:00","dateModified":"2024-01-19T09:02:48+00:00","breadcrumb":{"@id":"https:\/\/bahsjourney.com\/da\/coockiepolitik\/#breadcrumb"},"inLanguage":"da-DK","potentialAction":[{"@type":"ReadAction","target":["https:\/\/bahsjourney.com\/da\/coockiepolitik\/"]}]},{"@type":"BreadcrumbList","@id":"https:\/\/bahsjourney.com\/da\/coockiepolitik\/#breadcrumb","itemListElement":[{"@type":"ListItem","position":1,"name":"Home","item":"https:\/\/bahsjourney.com\/da\/"},{"@type":"ListItem","position":2,"name":"Coockiepolitik"}]},{"@type":"WebSite","@id":"https:\/\/bahsjourney.com\/#website","url":"https:\/\/bahsjourney.com\/","name":"BAHS Journey","description":"","publisher":{"@id":"https:\/\/bahsjourney.com\/#organization"},"potentialAction":[{"@type":"SearchAction","target":{"@type":"EntryPoint","urlTemplate":"https:\/\/bahsjourney.com\/?s={search_term_string}"},"query-input":{"@type":"PropertyValueSpecification","valueRequired":true,"valueName":"search_term_string"}}],"inLanguage":"da-DK"},{"@type":"Organization","@id":"https:\/\/bahsjourney.com\/#organization","name":"BAHS Journey","url":"https:\/\/bahsjourney.com\/","logo":{"@type":"ImageObject","inLanguage":"da-DK","@id":"https:\/\/bahsjourney.com\/#\/schema\/logo\/image\/","url":"https:\/\/bahsjourney.com\/wp-content\/uploads\/2023\/11\/oticon-Logo.svg","contentUrl":"https:\/\/bahsjourney.com\/wp-content\/uploads\/2023\/11\/oticon-Logo.svg","width":1,"height":1,"caption":"BAHS Journey"},"image":{"@id":"https:\/\/bahsjourney.com\/#\/schema\/logo\/image\/"}}]}},"_links":{"self":[{"href":"https:\/\/bahsjourney.com\/da\/wp-json\/wp\/v2\/pages\/5188"}],"collection":[{"href":"https:\/\/bahsjourney.com\/da\/wp-json\/wp\/v2\/pages"}],"about":[{"href":"https:\/\/bahsjourney.com\/da\/wp-json\/wp\/v2\/types\/page"}],"author":[{"embeddable":true,"href":"https:\/\/bahsjourney.com\/da\/wp-json\/wp\/v2\/users\/5"}],"replies":[{"embeddable":true,"href":"https:\/\/bahsjourney.com\/da\/wp-json\/wp\/v2\/comments?post=5188"}],"version-history":[{"count":1,"href":"https:\/\/bahsjourney.com\/da\/wp-json\/wp\/v2\/pages\/5188\/revisions"}],"predecessor-version":[{"id":5189,"href":"https:\/\/bahsjourney.com\/da\/wp-json\/wp\/v2\/pages\/5188\/revisions\/5189"}],"wp:attachment":[{"href":"https:\/\/bahsjourney.com\/da\/wp-json\/wp\/v2\/media?parent=5188"}],"curies":[{"name":"wp","href":"https:\/\/api.w.org\/{rel}","templated":true}]}}