{"id":5058,"date":"2023-10-31T18:04:34","date_gmt":"2023-10-31T16:04:34","guid":{"rendered":"https:\/\/bahsjourney.com\/?page_id=5058"},"modified":"2024-01-19T10:23:06","modified_gmt":"2024-01-19T08:23:06","slug":"am-i-a-candidate","status":"publish","type":"page","link":"https:\/\/bahsjourney.com\/da\/candidate\/am-i-a-candidate\/","title":{"rendered":"Er jeg egnet?"},"content":{"rendered":"<div id=\"mobile-hero\" data-block-id=\"26608914-038b-44cc-a7dc-d0ed019090b6\" data-section-title=\"\" style=\"\" class=\"haj-section haj-relative block-editor-block-list__block wp-block block-editor-block-list__block wp-block wp-block-haj-main-section-dynamic haj-hidden haj-block@m haj-p-0 has-white-background-color haj-height-auto offset-menu haj-w-full haj-flex-wrap haj-flex-middle haj-height-expand haj-height-expand@m haj-height-expand@s\">\n      \n\n<div class=\"wp-block-columns is-layout-flex wp-container-core-columns-is-layout-1 wp-block-columns-is-layout-flex\" style=\"padding-top:30px;padding-bottom:30px\">\n<div class=\"wp-block-column is-layout-flow wp-block-column-is-layout-flow\">\n<figure class=\"wp-block-image alignright size-full has-custom-border\"><img loading=\"lazy\" decoding=\"async\" width=\"1002\" height=\"722\" src=\"https:\/\/bahsjourney.com\/wp-content\/uploads\/2023\/12\/Herobild-Am-I-a-candidate-mobile.png\" alt=\"\" class=\"wp-image-2215\" style=\"border-top-left-radius:130px;border-bottom-left-radius:130px;object-fit:cover\" srcset=\"https:\/\/bahsjourney.com\/wp-content\/uploads\/2023\/12\/Herobild-Am-I-a-candidate-mobile.png 1002w, https:\/\/bahsjourney.com\/wp-content\/uploads\/2023\/12\/Herobild-Am-I-a-candidate-mobile-300x216.png 300w, https:\/\/bahsjourney.com\/wp-content\/uploads\/2023\/12\/Herobild-Am-I-a-candidate-mobile-768x553.png 768w\" sizes=\"(max-width: 1002px) 100vw, 1002px\" \/><\/figure>\n<\/div>\n<\/div>\n\n<\/div>\n\n<div id=\"hero-section\" data-block-id=\"187a1365-6fa7-4189-9d9d-cca7d90452f5\" data-section-title=\"\" style=\"\" class=\"haj-section haj-relative block-editor-block-list__block wp-block block-editor-block-list__block wp-block wp-block-haj-main-section-dynamic has-white-background-color haj-height-70vh offset-menu haj-height-auto@m haj-height-auto@xs haj-w-large haj-flex-wrap haj-flex-middle haj-height-expand haj-height-expand@m haj-height-expand@s\">\n         <img loading=\"lazy\" decoding=\"async\"\n         src=\"https:\/\/bahsjourney.com\/wp-content\/uploads\/2023\/12\/Herobild-Am-I-a-candidate.png\"\n         alt=\"\"\n         height=\"722\"\n         width=\"1321\"\n         style=\"width:46%; top:5vh; bottom:5vh; height:calc(100% - 10vh);\"\n         class=\"haj-background-image haj-right  haj-hidden@s haj-hidden@m\" \/>\n      \n\n<div class=\"wp-block-columns is-layout-flex wp-container-core-columns-is-layout-2 wp-block-columns-is-layout-flex\" style=\"padding-top:var(--wp--preset--spacing--80);padding-right:0;padding-bottom:var(--wp--preset--spacing--80);padding-left:0\">\n<div class=\"wp-block-column is-vertically-aligned-center hero-content haj-w-1-2 haj-w-full@m is-layout-flow wp-block-column-is-layout-flow\" style=\"padding-right:0;padding-left:0;flex-basis:45%\">\n<div class=\"wp-block-group is-vertical is-layout-flex wp-container-core-group-is-layout-1 wp-block-group-is-layout-flex\" style=\"padding-top:0;padding-right:0;padding-bottom:0;padding-left:0\">\n<h1 class=\"wp-block-heading\" style=\"margin-bottom:16px;font-style:normal;font-weight:300\">Er jeg kandidat til BAHS?<\/h1>\n\n\n\n<p class=\"has-medium-font-size\" style=\"margin-top:0;margin-right:0;margin-bottom:16px;margin-left:0;font-style:normal;font-weight:300\">Et benforankret h\u00f8resystem (BAHS) kan v\u00e6re en god l\u00f8sning, hvis dit h\u00f8retab skyldes problemer i dit ydre \u00f8re eller mellem\u00f8ret, eller hvis du er d\u00f8v i den ene side. Dette skyldes, at det omg\u00e5r disse dele af \u00f8ret og sender lyd direkte til dit indre \u00f8re.<\/p>\n\n\n\n<p class=\"has-text-align-left haj-flex haj-flex-middle haj-w-max download-link\"><a href=\"https:\/\/bahsjourney.com\/wp-content\/uploads\/2023\/12\/Lorem-Ipsum.pdf\"><\/a><\/p>\n<\/div>\n<\/div>\n<\/div>\n\n<\/div>\n\n<div id=\"ponto-system\" data-block-id=\"2e899858-fd9e-4e41-9d34-5ac74dc41743\" data-section-title=\"\" style=\"\" class=\"haj-section haj-relative block-editor-block-list__block wp-block block-editor-block-list__block wp-block wp-block-haj-main-section-dynamic has-orange-background-color haj-height-40vh offset-menu haj-height-auto@m haj-height-auto@xs haj-w-medium haj-flex-wrap haj-flex-middle haj-height-expand haj-height-expand@m haj-height-expand@s\">\n      \n\n<div class=\"wp-block-columns banner-section is-layout-flex wp-container-core-columns-is-layout-3 wp-block-columns-is-layout-flex\" style=\"margin-top:0;margin-bottom:0;padding-top:0;padding-bottom:0\">\n<div class=\"wp-block-column has-grey-color has-text-color has-global-padding is-layout-constrained wp-container-core-column-is-layout-3 wp-block-column-is-layout-constrained\" style=\"padding-top:0;padding-right:0;padding-bottom:0;padding-left:0\">\n<h3 class=\"wp-block-heading has-text-align-center has-white-color has-text-color has-link-color wp-elements-056acbe7832c69a1d786423a3018b3a8\" style=\"margin-bottom:16px\">L\u00e6s kandidatbrochuren<\/h3>\n\n\n\n<p class=\"has-text-align-center has-white-color has-text-color has-link-color has-medium-font-size wp-elements-ff475c5aab52fb533325f0a638058a42\" style=\"margin-bottom:22px\">I BAHS-kandidatbrochuren finder du nyttige oplysninger om alt, hvad du beh\u00f8ver at vide, om benforankrede h\u00f8rel\u00f8sninger, og hvordan de kan gavne dig.<\/p>\n\n\n\n<p class=\"has-text-align-left haj-flex haj-flex-middle haj-w-max download-link has-white-color has-text-color has-link-color wp-elements-0f02c843078ef8722d8d98b11306c143\" style=\"text-decoration:none\"><img decoding=\"async\" class=\"wp-image-962\" style=\"width: NaNpx;\" src=\"https:\/\/bahsjourney.com\/wp-content\/uploads\/2023\/11\/download-2.svg\" alt=\"download\"><a href=\"https:\/\/bahsjourney.com\/wp-content\/uploads\/2024\/01\/270469DA_CBR_Candidate-brochure_Version-A_2024.01.pdf\" target=\"_blank\" rel=\"noreferrer noopener\">Download kandidatbrochuren<\/a><\/p>\n<\/div>\n<\/div>\n\n<\/div>\n\n<div id=\"\" data-block-id=\"dab4f32e-0efd-41da-bca6-a4a9b01cd1ca\" data-section-title=\"\" style=\"\" class=\"haj-section haj-relative block-editor-block-list__block wp-block block-editor-block-list__block wp-block wp-block-haj-main-section-dynamic has-white-background-color haj-height-auto offset-menu haj-w-large haj-flex-wrap haj-flex-middle haj-height-expand haj-height-expand@m haj-height-expand@s\">\n      \n\n<div class=\"wp-block-columns is-layout-flex wp-container-core-columns-is-layout-4 wp-block-columns-is-layout-flex\" style=\"padding-top:60px;padding-bottom:60px\">\n<div class=\"wp-block-column is-vertically-aligned-center haj-height-full left-text-column is-layout-flow wp-block-column-is-layout-flow\" style=\"padding-top:0;padding-right:0;padding-bottom:0;padding-left:0\">\n<div class=\"wp-block-group has-global-padding is-content-justification-left is-layout-constrained wp-container-core-group-is-layout-2 wp-block-group-is-layout-constrained\" style=\"padding-top:0;padding-right:0;padding-bottom:0;padding-left:0\">\n<h2 class=\"wp-block-heading\" style=\"margin-bottom:16px\">Find ud af, om du er egnet<\/h2>\n\n\n\n<p style=\"margin-bottom:var(--wp--preset--spacing--30)\">B\u00e5de b\u00f8rn og voksne kan f\u00e5 et BAHS-system, hvis de har&nbsp;<strong>konduktivt og blandet h\u00f8retab<\/strong>, eller hvis de har en unilateralt, sv\u00e6rt h\u00f8retab, ogs\u00e5 kendt som&nbsp;<strong>ensidig d\u00f8vhed (SSD).&nbsp;<\/strong>Den anden indikationskategori omfatter personer, der har andre fysiske karakteristika eller andre medicinske tilstande, der g\u00f8r det umuligt at b\u00e6re et konventionelt h\u00f8reapparat.<\/p>\n\n\n\n<p>B\u00f8rn, der enten er for unge til et implantat, eller som har et midlertidigt h\u00f8reproblem, kan b\u00e6re lydprocessoren p\u00e5 et pandeb\u00e5nd. Dette er et fleksibelt og justerbart b\u00e5nd, der passer til forskellige hovedst\u00f8rrelser.<\/p>\n<\/div>\n<\/div>\n\n\n\n<div class=\"wp-block-column is-vertically-aligned-center haj-height-full is-layout-flow wp-block-column-is-layout-flow\">\n<div class=\"wp-block-group bordered-list has-medium-font-size has-global-padding is-layout-constrained wp-container-core-group-is-layout-3 wp-block-group-is-layout-constrained\" style=\"border-left-color:var(--wp--preset--color--orange);border-left-width:4px;padding-left:26px\">\n<h4 class=\"wp-block-heading\" style=\"margin-bottom:16px\">Et benforankret h\u00f8resystem kan med fordel benyttes af b\u00e5de b\u00f8rn og voksne* med:<\/h4>\n\n\n\n<ul class=\"wp-block-list\" style=\"line-height:1.6\">\n<li>Konduktivt h\u00f8retab<\/li>\n\n\n\n<li>Perceptivt h\u00f8retab<\/li>\n\n\n\n<li>Blandet h\u00f8retab<\/li>\n\n\n\n<li>SSD (ensidig d\u00f8vhed)<\/li>\n\n\n\n<li>Problemer i \u00f8regangen og mellem\u00f8ret<\/li>\n\n\n\n<li>Misdannelser af det ydre \u00f8re som f.eks. atresi og mikroti<\/li>\n\n\n\n<li>H\u00f8retab som f\u00f8lge af kroniske \u00f8reinfektioner<\/li>\n<\/ul>\n<\/div>\n<\/div>\n<\/div>\n\n\n\n<div class=\"wp-block-columns is-layout-flex wp-container-core-columns-is-layout-5 wp-block-columns-is-layout-flex\">\n<div class=\"wp-block-column is-layout-flow wp-block-column-is-layout-flow\">\n<p class=\"has-text-align-center has-sand-medium-color has-text-color has-link-color wp-elements-76b977b3adc115162b1acc98adeb4aff\" style=\"margin-bottom:var(--wp--preset--spacing--30);font-size:14px;font-style:italic;font-weight:300\">*I USA, Canada og Singapore er brug af et benforankret implantat kontraindiceret for b\u00f8rn under fem \u00e5r.<\/p>\n<\/div>\n<\/div>\n\n<\/div>\n\n<div id=\"ponto-system\" data-block-id=\"2e899858-fd9e-4e41-9d34-5ac74dc41743\" data-section-title=\"\" style=\"\" class=\"haj-section haj-relative block-editor-block-list__block wp-block block-editor-block-list__block wp-block wp-block-haj-main-section-dynamic has-light-grey-background-color haj-height-40vh offset-menu haj-height-auto@m haj-height-auto@xs haj-w-medium haj-flex-wrap haj-flex-middle haj-height-expand haj-height-expand@m haj-height-expand@s\">\n      \n\n<div class=\"wp-block-columns banner-section is-layout-flex wp-container-core-columns-is-layout-6 wp-block-columns-is-layout-flex\" style=\"margin-top:0;margin-bottom:0;padding-top:0;padding-bottom:0\">\n<div class=\"wp-block-column has-grey-color has-text-color has-global-padding is-layout-constrained wp-container-core-column-is-layout-7 wp-block-column-is-layout-constrained\" style=\"padding-top:0;padding-right:0;padding-bottom:0;padding-left:0\">\n<h3 class=\"wp-block-heading has-text-align-center\" style=\"margin-bottom:16px\">Find din n\u00e6rmeste h\u00f8reklinik<\/h3>\n\n\n\n<p class=\"has-text-align-center has-medium-font-size\">For at finde ud af om BAHS er den rigtige l\u00f8sning for dig, skal du tale med din h\u00f8respecialist og l\u00e6ge. De vil teste din h\u00f8relse for at se, om du er en egnet kandidat. Hvis du anses for at v\u00e6re en egnet kandidat, kan du pr\u00f8ve en Ponto 5-lydprocessor for at opleve denne form for h\u00f8relse og for at hj\u00e6lpe dig med at tr\u00e6ffe en beslutning om BAHS. Lad os hj\u00e6lpe dig med at finde den rigtige klinik.<\/p>\n\n\n\n<div class=\"wp-block-buttons is-content-justification-center is-layout-flex wp-container-core-buttons-is-layout-1 wp-block-buttons-is-layout-flex\" style=\"margin-top:27px\">\n<div class=\"wp-block-button\"><a class=\"wp-block-button__link has-white-color has-text-color wp-element-button\" href=\"https:\/\/www.oticonmedical.com\/dk\/about-oticon-medical\/contact-us\" target=\"_blank\" rel=\"noreferrer noopener\">Kontakt os<\/a><\/div>\n<\/div>\n<\/div>\n<\/div>\n\n<\/div>","protected":false},"excerpt":{"rendered":"","protected":false},"author":5,"featured_media":0,"parent":4967,"menu_order":0,"comment_status":"closed","ping_status":"closed","template":"wp-custom-template-candidate-pages","meta":{"_acf_changed":false,"footnotes":""},"class_list":["post-5058","page","type-page","status-publish","hentry"],"acf":[],"yoast_head":"<!-- This site is optimized with the Yoast SEO plugin v24.7 - https:\/\/yoast.com\/wordpress\/plugins\/seo\/ -->\n<title>Er jeg egnet? - BAHS Journey<\/title>\n<meta name=\"robots\" content=\"index, follow, max-snippet:-1, max-image-preview:large, max-video-preview:-1\" \/>\n<link rel=\"canonical\" href=\"https:\/\/bahsjourney.com\/da\/candidate\/am-i-a-candidate\/\" \/>\n<meta property=\"og:locale\" content=\"da_DK\" \/>\n<meta property=\"og:type\" content=\"article\" \/>\n<meta property=\"og:title\" content=\"Er jeg egnet? - BAHS Journey\" \/>\n<meta property=\"og:url\" content=\"https:\/\/bahsjourney.com\/da\/candidate\/am-i-a-candidate\/\" \/>\n<meta property=\"og:site_name\" content=\"BAHS Journey\" \/>\n<meta property=\"article:modified_time\" content=\"2024-01-19T08:23:06+00:00\" \/>\n<meta property=\"og:image\" content=\"https:\/\/bahsjourney.com\/wp-content\/uploads\/2023\/12\/Herobild-Am-I-a-candidate-mobile.png\" \/>\n<meta name=\"twitter:card\" content=\"summary_large_image\" \/>\n<meta name=\"twitter:label1\" content=\"Estimeret l\u00e6setid\" \/>\n\t<meta name=\"twitter:data1\" content=\"2 minutter\" \/>\n<script type=\"application\/ld+json\" class=\"yoast-schema-graph\">{\"@context\":\"https:\/\/schema.org\",\"@graph\":[{\"@type\":\"WebPage\",\"@id\":\"https:\/\/bahsjourney.com\/da\/candidate\/am-i-a-candidate\/\",\"url\":\"https:\/\/bahsjourney.com\/da\/candidate\/am-i-a-candidate\/\",\"name\":\"Er jeg egnet? - BAHS Journey\",\"isPartOf\":{\"@id\":\"https:\/\/bahsjourney.com\/#website\"},\"primaryImageOfPage\":{\"@id\":\"https:\/\/bahsjourney.com\/da\/candidate\/am-i-a-candidate\/#primaryimage\"},\"image\":{\"@id\":\"https:\/\/bahsjourney.com\/da\/candidate\/am-i-a-candidate\/#primaryimage\"},\"thumbnailUrl\":\"https:\/\/bahsjourney.com\/wp-content\/uploads\/2023\/12\/Herobild-Am-I-a-candidate-mobile.png\",\"datePublished\":\"2023-10-31T16:04:34+00:00\",\"dateModified\":\"2024-01-19T08:23:06+00:00\",\"breadcrumb\":{\"@id\":\"https:\/\/bahsjourney.com\/da\/candidate\/am-i-a-candidate\/#breadcrumb\"},\"inLanguage\":\"da-DK\",\"potentialAction\":[{\"@type\":\"ReadAction\",\"target\":[\"https:\/\/bahsjourney.com\/da\/candidate\/am-i-a-candidate\/\"]}]},{\"@type\":\"ImageObject\",\"inLanguage\":\"da-DK\",\"@id\":\"https:\/\/bahsjourney.com\/da\/candidate\/am-i-a-candidate\/#primaryimage\",\"url\":\"https:\/\/bahsjourney.com\/wp-content\/uploads\/2023\/12\/Herobild-Am-I-a-candidate-mobile.png\",\"contentUrl\":\"https:\/\/bahsjourney.com\/wp-content\/uploads\/2023\/12\/Herobild-Am-I-a-candidate-mobile.png\"},{\"@type\":\"BreadcrumbList\",\"@id\":\"https:\/\/bahsjourney.com\/da\/candidate\/am-i-a-candidate\/#breadcrumb\",\"itemListElement\":[{\"@type\":\"ListItem\",\"position\":1,\"name\":\"Home\",\"item\":\"https:\/\/bahsjourney.com\/da\/\"},{\"@type\":\"ListItem\",\"position\":2,\"name\":\"Kandidat\",\"item\":\"https:\/\/bahsjourney.com\/da\/candidate\/\"},{\"@type\":\"ListItem\",\"position\":3,\"name\":\"Er jeg egnet?\"}]},{\"@type\":\"WebSite\",\"@id\":\"https:\/\/bahsjourney.com\/#website\",\"url\":\"https:\/\/bahsjourney.com\/\",\"name\":\"BAHS Journey\",\"description\":\"\",\"publisher\":{\"@id\":\"https:\/\/bahsjourney.com\/#organization\"},\"potentialAction\":[{\"@type\":\"SearchAction\",\"target\":{\"@type\":\"EntryPoint\",\"urlTemplate\":\"https:\/\/bahsjourney.com\/?s={search_term_string}\"},\"query-input\":{\"@type\":\"PropertyValueSpecification\",\"valueRequired\":true,\"valueName\":\"search_term_string\"}}],\"inLanguage\":\"da-DK\"},{\"@type\":\"Organization\",\"@id\":\"https:\/\/bahsjourney.com\/#organization\",\"name\":\"BAHS Journey\",\"url\":\"https:\/\/bahsjourney.com\/\",\"logo\":{\"@type\":\"ImageObject\",\"inLanguage\":\"da-DK\",\"@id\":\"https:\/\/bahsjourney.com\/#\/schema\/logo\/image\/\",\"url\":\"https:\/\/bahsjourney.com\/wp-content\/uploads\/2023\/11\/oticon-Logo.svg\",\"contentUrl\":\"https:\/\/bahsjourney.com\/wp-content\/uploads\/2023\/11\/oticon-Logo.svg\",\"width\":1,\"height\":1,\"caption\":\"BAHS Journey\"},\"image\":{\"@id\":\"https:\/\/bahsjourney.com\/#\/schema\/logo\/image\/\"}}]}<\/script>\n<!-- \/ Yoast SEO plugin. -->","yoast_head_json":{"title":"Er jeg egnet? - BAHS Journey","robots":{"index":"index","follow":"follow","max-snippet":"max-snippet:-1","max-image-preview":"max-image-preview:large","max-video-preview":"max-video-preview:-1"},"canonical":"https:\/\/bahsjourney.com\/da\/candidate\/am-i-a-candidate\/","og_locale":"da_DK","og_type":"article","og_title":"Er jeg egnet? - BAHS Journey","og_url":"https:\/\/bahsjourney.com\/da\/candidate\/am-i-a-candidate\/","og_site_name":"BAHS Journey","article_modified_time":"2024-01-19T08:23:06+00:00","og_image":[{"url":"https:\/\/bahsjourney.com\/wp-content\/uploads\/2023\/12\/Herobild-Am-I-a-candidate-mobile.png","type":"","width":"","height":""}],"twitter_card":"summary_large_image","twitter_misc":{"Estimeret l\u00e6setid":"2 minutter"},"schema":{"@context":"https:\/\/schema.org","@graph":[{"@type":"WebPage","@id":"https:\/\/bahsjourney.com\/da\/candidate\/am-i-a-candidate\/","url":"https:\/\/bahsjourney.com\/da\/candidate\/am-i-a-candidate\/","name":"Er jeg egnet? - BAHS Journey","isPartOf":{"@id":"https:\/\/bahsjourney.com\/#website"},"primaryImageOfPage":{"@id":"https:\/\/bahsjourney.com\/da\/candidate\/am-i-a-candidate\/#primaryimage"},"image":{"@id":"https:\/\/bahsjourney.com\/da\/candidate\/am-i-a-candidate\/#primaryimage"},"thumbnailUrl":"https:\/\/bahsjourney.com\/wp-content\/uploads\/2023\/12\/Herobild-Am-I-a-candidate-mobile.png","datePublished":"2023-10-31T16:04:34+00:00","dateModified":"2024-01-19T08:23:06+00:00","breadcrumb":{"@id":"https:\/\/bahsjourney.com\/da\/candidate\/am-i-a-candidate\/#breadcrumb"},"inLanguage":"da-DK","potentialAction":[{"@type":"ReadAction","target":["https:\/\/bahsjourney.com\/da\/candidate\/am-i-a-candidate\/"]}]},{"@type":"ImageObject","inLanguage":"da-DK","@id":"https:\/\/bahsjourney.com\/da\/candidate\/am-i-a-candidate\/#primaryimage","url":"https:\/\/bahsjourney.com\/wp-content\/uploads\/2023\/12\/Herobild-Am-I-a-candidate-mobile.png","contentUrl":"https:\/\/bahsjourney.com\/wp-content\/uploads\/2023\/12\/Herobild-Am-I-a-candidate-mobile.png"},{"@type":"BreadcrumbList","@id":"https:\/\/bahsjourney.com\/da\/candidate\/am-i-a-candidate\/#breadcrumb","itemListElement":[{"@type":"ListItem","position":1,"name":"Home","item":"https:\/\/bahsjourney.com\/da\/"},{"@type":"ListItem","position":2,"name":"Kandidat","item":"https:\/\/bahsjourney.com\/da\/candidate\/"},{"@type":"ListItem","position":3,"name":"Er jeg egnet?"}]},{"@type":"WebSite","@id":"https:\/\/bahsjourney.com\/#website","url":"https:\/\/bahsjourney.com\/","name":"BAHS Journey","description":"","publisher":{"@id":"https:\/\/bahsjourney.com\/#organization"},"potentialAction":[{"@type":"SearchAction","target":{"@type":"EntryPoint","urlTemplate":"https:\/\/bahsjourney.com\/?s={search_term_string}"},"query-input":{"@type":"PropertyValueSpecification","valueRequired":true,"valueName":"search_term_string"}}],"inLanguage":"da-DK"},{"@type":"Organization","@id":"https:\/\/bahsjourney.com\/#organization","name":"BAHS Journey","url":"https:\/\/bahsjourney.com\/","logo":{"@type":"ImageObject","inLanguage":"da-DK","@id":"https:\/\/bahsjourney.com\/#\/schema\/logo\/image\/","url":"https:\/\/bahsjourney.com\/wp-content\/uploads\/2023\/11\/oticon-Logo.svg","contentUrl":"https:\/\/bahsjourney.com\/wp-content\/uploads\/2023\/11\/oticon-Logo.svg","width":1,"height":1,"caption":"BAHS Journey"},"image":{"@id":"https:\/\/bahsjourney.com\/#\/schema\/logo\/image\/"}}]}},"_links":{"self":[{"href":"https:\/\/bahsjourney.com\/da\/wp-json\/wp\/v2\/pages\/5058"}],"collection":[{"href":"https:\/\/bahsjourney.com\/da\/wp-json\/wp\/v2\/pages"}],"about":[{"href":"https:\/\/bahsjourney.com\/da\/wp-json\/wp\/v2\/types\/page"}],"author":[{"embeddable":true,"href":"https:\/\/bahsjourney.com\/da\/wp-json\/wp\/v2\/users\/5"}],"replies":[{"embeddable":true,"href":"https:\/\/bahsjourney.com\/da\/wp-json\/wp\/v2\/comments?post=5058"}],"version-history":[{"count":4,"href":"https:\/\/bahsjourney.com\/da\/wp-json\/wp\/v2\/pages\/5058\/revisions"}],"predecessor-version":[{"id":5123,"href":"https:\/\/bahsjourney.com\/da\/wp-json\/wp\/v2\/pages\/5058\/revisions\/5123"}],"up":[{"embeddable":true,"href":"https:\/\/bahsjourney.com\/da\/wp-json\/wp\/v2\/pages\/4967"}],"wp:attachment":[{"href":"https:\/\/bahsjourney.com\/da\/wp-json\/wp\/v2\/media?parent=5058"}],"curies":[{"name":"wp","href":"https:\/\/api.w.org\/{rel}","templated":true}]}}